{"id":9557,"date":"2024-09-26T16:09:19","date_gmt":"2024-09-26T21:09:19","guid":{"rendered":"https:\/\/virgiliogalvis.com\/?page_id=9557"},"modified":"2024-09-26T16:09:19","modified_gmt":"2024-09-26T21:09:19","slug":"aplicacion-de-gotas","status":"publish","type":"page","link":"https:\/\/virgiliogalvis.com\/en\/aplicacion-de-gotas\/","title":{"rendered":"Aplicaci\u00f3n de Gotas"},"content":{"rendered":"<p>[vc_row][vc_column][inwave_heading style=&#8221;style2&#8243; preview_style_2=&#8221;&#8221; preview_style_2_1=&#8221;&#8221; title=&#8221;REALIZA UN ADECUADO LAVADO DE MANOS&#8221;][\/vc_column][\/vc_row][vc_row][vc_column width=&#8221;1\/6&#8243;][vc_single_image image=&#8221;9566&#8243;][\/vc_column][vc_column width=&#8221;5\/6&#8243;][vc_column_text]<\/p>\n<p class=\"p1\"><strong>\u2022<\/strong> Mojar las manos con agua. Deposita una cantidad suficiente de jab\u00f3n para realizar el lavado.<\/p>\n<p><strong>\u2022<\/strong> Frota las manos entre si, en palmas, dorso y dedos durante 30 segundos como m\u00ednimo.<\/p>\n<p><strong>\u2022<\/strong> Enjuaga las manos para retirar el jab\u00f3n utilizado.<\/p>\n<p><strong>\u2022<\/strong> Seca las manos con una toalla (de papel, idealmente).[\/vc_column_text][vc_empty_space height=&#8221;50&#8243;][\/vc_column][\/vc_row][vc_row][vc_column][inwave_heading style=&#8221;style2&#8243; preview_style_2=&#8221;&#8221; preview_style_2_1=&#8221;&#8221; title=&#8221;VERIFICA QUE SEA EL MEDICAMENTO CORRECTO&#8221;][\/vc_column][\/vc_row][vc_row][vc_column width=&#8221;1\/6&#8243;][vc_single_image image=&#8221;9572&#8243;][\/vc_column][vc_column width=&#8221;5\/6&#8243;][vc_column_text]<\/p>\n<p class=\"p1\">Revisa que el medicamento en presentaci\u00f3n para administraci\u00f3n oft\u00e1lmica sea:<\/p>\n<p><strong>\u2713<\/strong> Nombre Completo<\/p>\n<p><strong>\u2713<\/strong> Paciente Correcto<\/p>\n<p><strong>\u2713<\/strong> Hora y Dosis Correcta[\/vc_column_text][vc_empty_space height=&#8221;50&#8243;][\/vc_column][\/vc_row][vc_row][vc_column][inwave_heading style=&#8221;style2&#8243; preview_style_2=&#8221;&#8221; preview_style_2_1=&#8221;&#8221; title=&#8221;UBICA LA CABEZA EN POSICI\u00d3N ADECUADA&#8221;][\/vc_column][\/vc_row][vc_row][vc_column width=&#8221;1\/6&#8243;][vc_single_image image=&#8221;9580&#8243;][\/vc_column][vc_column width=&#8221;5\/6&#8243;][vc_column_text]<\/p>\n<p class=\"p1\">Inclina la cabeza hacia atr\u00e1s y dirige la mirada hacia arriba.<\/p>\n<p class=\"p1\"><b>Puedes realizar esta acci\u00f3n estando sentado<\/b><\/p>\n<p>[\/vc_column_text][vc_empty_space height=&#8221;50&#8243;][\/vc_column][\/vc_row][vc_row][vc_column][inwave_heading style=&#8221;style2&#8243; preview_style_2=&#8221;&#8221; preview_style_2_1=&#8221;&#8221; title=&#8221;APLICA CORRECTAMENTE EL MEDICAMENTO&#8221;][\/vc_column][\/vc_row][vc_row][vc_column width=&#8221;1\/6&#8243;][vc_single_image image=&#8221;9584&#8243;][\/vc_column][vc_column width=&#8221;1\/6&#8243;][vc_single_image image=&#8221;9585&#8243;][\/vc_column][vc_column width=&#8221;4\/6&#8243;][vc_column_text]<\/p>\n<p class=\"p1\"><strong>\u2022<\/strong> Separa suavemente el p\u00e1rpado inferior con un dedo, hasta que se forme un bolsillo, en el que deber\u00e1 caer la gota.<\/p>\n<p class=\"p1\"><strong>\u2022 <\/strong>Acerca la punta del gotero al ojo sin tocarlo y presiona suavemente el frasco.<\/p>\n<p class=\"p1\"><strong>\u2022 <\/strong>Cuando haya ca\u00eddo la gota, cierra los ojos suavemente y mantenlos as\u00ed durante 5 minutos.<\/p>\n<p class=\"p1\"><strong>\u2022 <\/strong>Cierra bien el frasco inmediatamente despu\u00e9s de utilizarlo.<\/p>\n<p>[\/vc_column_text][vc_empty_space height=&#8221;50&#8243;][\/vc_column][\/vc_row][vc_row][vc_column][inwave_accordions layout=&#8221;accordion2&#8243; preview_style2=&#8221;&#8221; item_active=&#8221;0&#8243;][inwave_accordion_item title=&#8221;RECOMENDACIONES&#8221;]<\/p>\n<p class=\"p1\">Para mejorar el efecto del medicamento y disminuir la presencia de alg\u00fan efecto secundario, se recomienda presionar con el dedo el borde del ojo junto a la nariz para cerrar el conducto lagrimal.<\/p>\n<p>[\/inwave_accordion_item][inwave_accordion_item title=&#8221;TEN EN CUENTA&#8221;]<strong>\u2022<\/strong> Si se te olvid\u00f3 aplicar el medicamento cuando te corresponda, aplica una gota cuando te des cuenta y luego contin\u00faa su r\u00e9gimen habitual de tratamiento.<\/p>\n<p><strong>\u2022 <\/strong>No apliques una dosis doble para compensar.<\/p>\n<p><strong>\u2022 <\/strong>Si est\u00e1s usando otras gotas oft\u00e1lmicas, espera por lo menos 5 minutos entre la aplicaci\u00f3n de cada uno.<\/p>\n<p><strong>\u2022 <\/strong>Aunque alguas gotas oft\u00e1lmicas pueden usarse con lentes de contacto puestos, es recomendable retir\u00e1rlos antes de aplicar las gotas y esperar de 10 a 15 minutos antes de la cirug\u00eda.[\/inwave_accordion_item][inwave_accordion_item title=&#8221;ALMACENAMIENTO CORRECTO&#8221;]<strong>\u2022 <\/strong>Mant\u00e9n el envase bien cerrado en un sitio fresco (menor a 25 grados de temperatura), limpio y seco.<\/p>\n<p><strong>\u2022<\/strong> Evita la exposici\u00f3n del frasco ante la luz, el calor y la humedad.<\/p>\n<p><strong>\u2022 <\/strong>Una vez abierto, se recomienda utilizar en un per\u00edodo m\u00e1ximo de 4 semanas.[\/inwave_accordion_item][\/inwave_accordions][vc_empty_space height=&#8221;50&#8243;][\/vc_column][\/vc_row]<\/p>\n","protected":false},"excerpt":{"rendered":"<p>[vc_row][vc_column][inwave_heading style=&#8221;style2&#8243; preview_style_2=&#8221;&#8221; preview_style_2_1=&#8221;&#8221; title=&#8221;REALIZA UN ADECUADO LAVADO DE MANOS&#8221;][\/vc_column][\/vc_row][vc_row][vc_column width=&#8221;1\/6&#8243;][vc_single_image image=&#8221;9566&#8243;][\/vc_column][vc_column width=&#8221;5\/6&#8243;][vc_column_text] \u2022 Mojar las manos con agua. Deposita una cantidad suficiente de jab\u00f3n para realizar el lavado. \u2022 Frota las manos entre si, en palmas, dorso y dedos durante 30 segundos como m\u00ednimo. \u2022 Enjuaga las manos para retirar el jab\u00f3n utilizado. \u2022&#8230;<\/p>\n","protected":false},"author":2,"featured_media":0,"parent":0,"menu_order":0,"comment_status":"closed","ping_status":"closed","template":"","meta":{"_acf_changed":false,"inline_featured_image":false,"footnotes":""},"class_list":["post-9557","page","type-page","status-publish","hentry"],"acf":[],"_links":{"self":[{"href":"https:\/\/virgiliogalvis.com\/en\/wp-json\/wp\/v2\/pages\/9557","targetHints":{"allow":["GET"]}}],"collection":[{"href":"https:\/\/virgiliogalvis.com\/en\/wp-json\/wp\/v2\/pages"}],"about":[{"href":"https:\/\/virgiliogalvis.com\/en\/wp-json\/wp\/v2\/types\/page"}],"author":[{"embeddable":true,"href":"https:\/\/virgiliogalvis.com\/en\/wp-json\/wp\/v2\/users\/2"}],"replies":[{"embeddable":true,"href":"https:\/\/virgiliogalvis.com\/en\/wp-json\/wp\/v2\/comments?post=9557"}],"version-history":[{"count":0,"href":"https:\/\/virgiliogalvis.com\/en\/wp-json\/wp\/v2\/pages\/9557\/revisions"}],"wp:attachment":[{"href":"https:\/\/virgiliogalvis.com\/en\/wp-json\/wp\/v2\/media?parent=9557"}],"curies":[{"name":"wp","href":"https:\/\/api.w.org\/{rel}","templated":true}]}}