{"id":7509,"date":"2023-04-17T15:05:44","date_gmt":"2023-04-17T20:05:44","guid":{"rendered":"https:\/\/virgiliogalvis.com\/?page_id=7509"},"modified":"2023-04-17T15:05:44","modified_gmt":"2023-04-17T20:05:44","slug":"seguridad-del-paciente","status":"publish","type":"page","link":"https:\/\/virgiliogalvis.com\/en\/seguridad-del-paciente\/","title":{"rendered":"Patient Safety"},"content":{"rendered":"<p>[vc_row][vc_column][vc_column_text]<\/p>\n<h1 style=\"text-align: center;\"><span style=\"color: #b7c341;\"><strong>PR\u00d3XIMAMENTE<\/strong><\/span><\/h1>\n<p>&nbsp;<\/p>\n<h3 style=\"text-align: center;\">Sitio en construcci\u00f3n<\/h3>\n<h3><\/h3>\n<h3 style=\"text-align: center;\">Gracias por confiar en nosotros<\/h3>\n<h3 style=\"text-align: center;\">Centro Oftalmol\u00f3gico Virgilio Galvis San Gil<\/h3>\n<h3 style=\"text-align: center;\">\u00a1Te esperamos!<\/h3>\n<p>[\/vc_column_text][\/vc_column][\/vc_row][vc_row][vc_column][vc_empty_space height=&#8221;50px&#8221;][\/vc_column][\/vc_row][vc_row][vc_column width=&#8221;1\/4&#8243;][\/vc_column][vc_column width=&#8221;1\/2&#8243;][vc_column_text]<\/p>\n<h4>Nuestro\u00a0<strong>Centro Oftalmol\u00f3gico<\/strong> Cuenta con un \u00e1rea de\u00a0<strong>500 mts <\/strong>distribuidos de la siguiente manera:<\/h4>\n<section id=\"sp-main-body\">\n<div class=\"row\">\n<div id=\"sp-component\" class=\"col-sm-12 col-md-12\">\n<div class=\"sp-column \">\n<div id=\"sp-page-builder\" class=\"sp-page-builder page-10\">\n<div class=\"page-content\">\n<section class=\"sppb-section \">\n<div class=\"sppb-row\">\n<div class=\"sppb-col-sm-12\">\n<div class=\"sppb-addon-container \">\n<div class=\"sppb-addon sppb-addon-module \">\n<div class=\"sppb-addon-content\">\n<div class=\"custom\">\n<table>\n<tbody>\n<tr>\n<td>\n<h4>\u2714\u00a0Dos consultorios de Oftalmolog\u00eda.<\/h4>\n<h4 class=\"_mce_tagged_br\">\u2714\u00a0Tres consultorios de Optometr\u00eda.<\/h4>\n<h4>\u2714\u00a0Personal Altamente Calificado.<\/h4>\n<h4>\u2714\u00a0Salas de cirug\u00eda D\u00faplex especializadas Catarata.<\/h4>\n<h4>\u2714Sala de procedimientos especiales<\/h4>\n<h4>\u00a0 \u00a0 (Campimetr\u00eda, Paquimetr\u00eda, Biometr\u00eda).<\/h4>\n<\/td>\n<td>\n<h4>\u2714\u00a0\u00d3ptica &#8211; Vioptica<\/h4>\n<h4 class=\"_mce_tagged_br\">\u2714\u00a0Sala para Laser Yag.<\/h4>\n<h4 class=\"_mce_tagged_br\">\u2714\u00a0Equipos de \u00daltima Generaci\u00f3n<\/h4>\n<h4>\u2714 Confortables salas de espera<\/h4>\n<h4>\u2714\u00a0Zona de recuperaci\u00f3n posquir\u00fargica.<\/h4>\n<\/td>\n<\/tr>\n<\/tbody>\n<\/table>\n<\/div>\n<\/div>\n<\/div>\n<\/div>\n<\/div>\n<\/div>\n<\/section>\n<\/div>\n<\/div>\n<\/div>\n<\/div>\n<\/div>\n<\/section>\n<section id=\"sp-bottom\">\n<div class=\"container\">\n<div class=\"row\">\n<div id=\"sp-bottom1\" class=\"col-sm-6 col-md-12\">\n<div class=\"sp-column \">\n<div class=\"sp-module \">\n<div class=\"sp-module-content\">\n<h4 class=\"custom\"><\/h4>\n<\/div>\n<\/div>\n<\/div>\n<\/div>\n<\/div>\n<\/div>\n<\/section>\n<p>[\/vc_column_text][\/vc_column][vc_column width=&#8221;1\/4&#8243;][\/vc_column][\/vc_row]<\/p>\n","protected":false},"excerpt":{"rendered":"<p>[vc_row][vc_column][vc_column_text] PR\u00d3XIMAMENTE &nbsp; Sitio en construcci\u00f3n Gracias por confiar en nosotros Centro Oftalmol\u00f3gico Virgilio Galvis San Gil \u00a1Te esperamos! [\/vc_column_text][\/vc_column][\/vc_row][vc_row][vc_column][vc_empty_space height=&#8221;50px&#8221;][\/vc_column][\/vc_row][vc_row][vc_column width=&#8221;1\/4&#8243;][\/vc_column][vc_column width=&#8221;1\/2&#8243;][vc_column_text] Nuestro\u00a0Centro Oftalmol\u00f3gico Cuenta con un \u00e1rea de\u00a0500 mts distribuidos de la siguiente manera: \u2714\u00a0Dos consultorios de Oftalmolog\u00eda. \u2714\u00a0Tres consultorios de Optometr\u00eda. \u2714\u00a0Personal Altamente Calificado. \u2714\u00a0Salas de cirug\u00eda D\u00faplex especializadas Catarata. \u2714Sala de&#8230;<\/p>\n","protected":false},"author":2,"featured_media":0,"parent":0,"menu_order":0,"comment_status":"closed","ping_status":"closed","template":"page-templates\/full-width-page.php","meta":{"_acf_changed":false,"inline_featured_image":false,"footnotes":""},"class_list":["post-7509","page","type-page","status-publish","hentry"],"acf":[],"_links":{"self":[{"href":"https:\/\/virgiliogalvis.com\/en\/wp-json\/wp\/v2\/pages\/7509","targetHints":{"allow":["GET"]}}],"collection":[{"href":"https:\/\/virgiliogalvis.com\/en\/wp-json\/wp\/v2\/pages"}],"about":[{"href":"https:\/\/virgiliogalvis.com\/en\/wp-json\/wp\/v2\/types\/page"}],"author":[{"embeddable":true,"href":"https:\/\/virgiliogalvis.com\/en\/wp-json\/wp\/v2\/users\/2"}],"replies":[{"embeddable":true,"href":"https:\/\/virgiliogalvis.com\/en\/wp-json\/wp\/v2\/comments?post=7509"}],"version-history":[{"count":0,"href":"https:\/\/virgiliogalvis.com\/en\/wp-json\/wp\/v2\/pages\/7509\/revisions"}],"wp:attachment":[{"href":"https:\/\/virgiliogalvis.com\/en\/wp-json\/wp\/v2\/media?parent=7509"}],"curies":[{"name":"wp","href":"https:\/\/api.w.org\/{rel}","templated":true}]}}