{"id":7476,"date":"2023-04-17T14:07:16","date_gmt":"2023-04-17T19:07:16","guid":{"rendered":"https:\/\/virgiliogalvis.com\/?page_id=7476"},"modified":"2025-08-11T11:33:56","modified_gmt":"2025-08-11T16:33:56","slug":"solicitud-de-citas","status":"publish","type":"page","link":"https:\/\/virgiliogalvis.com\/en\/solicitud-de-citas\/","title":{"rendered":"Appointment Request"},"content":{"rendered":"<p>\u00a0<\/p>\n<h3 style=\"text-align: center;\">To request your appointment, you can call us at our landline numbers:<\/h3>\n<div class=\"sppb-addon-content\">\n<h2 style=\"text-align: center;\"><strong>607 639 2929\u00a0<\/strong><\/h2>\n<\/div>\n<h1 style=\"text-align: center;\"><span style=\"color: #b7c341;\"><strong>OUR DIGITAL HELPLINE<\/strong><\/span><\/h1>\n<h3 style=\"text-align: center;\">Check out our new Contact and WhatsApp numbers.<\/h3>\n<h2 style=\"text-align: center;\"><strong>300 840 9433<\/strong><\/h2>\n<h4>\u00a0<\/h4>\n<section id=\"sp-main-body\">\n<div class=\"row\">\n<div id=\"sp-component\" class=\"col-sm-12 col-md-12\">\n<div class=\"sp-column\">\n<div id=\"sp-page-builder\" class=\"sp-page-builder page-10\">\n<div class=\"page-content\">\n<section class=\"sppb-section\">\n<div class=\"sppb-row\">\n<div class=\"sppb-col-sm-12\">\n<div class=\"sppb-addon-container\">\n<div class=\"sppb-addon sppb-addon-module\">\n<div class=\"sppb-addon-content\">\n<div class=\"custom\">\n<table>\n<tbody>\n<tr>\n<td>\n<h4>\u2714 Two Ophthalmology offices.<\/h4>\n<h4 class=\"_mce_tagged_br\">\u2714 Three Optometry offices.<\/h4>\n<h4>\u2714 Highly Qualified Staff.<\/h4>\n<h4>\u2714 Specialized Duplex Cataract Surgery Rooms.<\/h4>\n<h4>\u2714Special procedures room<\/h4>\n<h4>\u00a0 \u00a0 (Campimetry, Pachymetry, Biometry).<\/h4>\n<\/td>\n<td>\n<h4>\u2714 Optics \u2013 Vioptica<\/h4>\n<h4 class=\"_mce_tagged_br\">\u2714 Yag Laser Room.<\/h4>\n<h4 class=\"_mce_tagged_br\">\u2714 Latest Generation Equipment<\/h4>\n<h4>\u2714 Comfortable waiting rooms<\/h4>\n<h4>\u2714 Post-surgical recovery area.<\/h4>\n<\/td>\n<\/tr>\n<\/tbody>\n<\/table>\n<\/div>\n<\/div>\n<\/div>\n<\/div>\n<\/div>\n<\/div>\n<\/section>\n<\/div>\n<\/div>\n<\/div>\n<\/div>\n<\/div>\n<\/section>\n<section id=\"sp-bottom\">\n<div class=\"container\">\n<div class=\"row\">\n<div id=\"sp-bottom1\" class=\"col-sm-6 col-md-12\">\n<div class=\"sp-column\">\n<div class=\"sp-module\">\n<div class=\"sp-module-content\">\n<h4 class=\"custom\">\u00a0<\/h4>\n<\/div>\n<\/div>\n<\/div>\n<\/div>\n<\/div>\n<\/div>\n<\/section>\n<p>\u00a0<\/p>\n\n\n<p><\/p>","protected":false},"excerpt":{"rendered":"<p>\u00a0 Para solicitar tu cita puedes llamarnos a nuestros tel\u00e9fonos de atenci\u00f3n fija: 607 639 2929\u00a0 NUESTRA L\u00cdNEA DE ATENCI\u00d3N DIGITAL Conoce nuestro nuevo n\u00famero de Contacto y WhatsApp 300 840 9433 \u00a0 \u2714\u00a0Dos consultorios de Oftalmolog\u00eda. \u2714\u00a0Tres consultorios de Optometr\u00eda. \u2714\u00a0Personal Altamente Calificado. \u2714\u00a0Salas de cirug\u00eda D\u00faplex especializadas Catarata. \u2714Sala de procedimientos especiales \u00a0&#8230;<\/p>","protected":false},"author":2,"featured_media":0,"parent":0,"menu_order":0,"comment_status":"closed","ping_status":"closed","template":"","meta":{"_acf_changed":false,"inline_featured_image":false,"footnotes":""},"class_list":["post-7476","page","type-page","status-publish","hentry"],"acf":[],"_links":{"self":[{"href":"https:\/\/virgiliogalvis.com\/en\/wp-json\/wp\/v2\/pages\/7476","targetHints":{"allow":["GET"]}}],"collection":[{"href":"https:\/\/virgiliogalvis.com\/en\/wp-json\/wp\/v2\/pages"}],"about":[{"href":"https:\/\/virgiliogalvis.com\/en\/wp-json\/wp\/v2\/types\/page"}],"author":[{"embeddable":true,"href":"https:\/\/virgiliogalvis.com\/en\/wp-json\/wp\/v2\/users\/2"}],"replies":[{"embeddable":true,"href":"https:\/\/virgiliogalvis.com\/en\/wp-json\/wp\/v2\/comments?post=7476"}],"version-history":[{"count":2,"href":"https:\/\/virgiliogalvis.com\/en\/wp-json\/wp\/v2\/pages\/7476\/revisions"}],"predecessor-version":[{"id":44741,"href":"https:\/\/virgiliogalvis.com\/en\/wp-json\/wp\/v2\/pages\/7476\/revisions\/44741"}],"wp:attachment":[{"href":"https:\/\/virgiliogalvis.com\/en\/wp-json\/wp\/v2\/media?parent=7476"}],"curies":[{"name":"wp","href":"https:\/\/api.w.org\/{rel}","templated":true}]}}