{"id":7403,"date":"2023-04-04T11:14:20","date_gmt":"2023-04-04T16:14:20","guid":{"rendered":"https:\/\/virgiliogalvis.com\/?page_id=7403"},"modified":"2023-04-04T11:14:20","modified_gmt":"2023-04-04T16:14:20","slug":"asociacion-de-usuarios","status":"publish","type":"page","link":"https:\/\/virgiliogalvis.com\/en\/asociacion-de-usuarios\/","title":{"rendered":"Users Association"},"content":{"rendered":"<p>[vc_row][vc_column width=&#8221;1\/4&#8243;][\/vc_column][vc_column width=&#8221;1\/4&#8243;][vc_single_image image=&#8221;7369&#8243; img_size=&#8221;full&#8221; alignment=&#8221;right&#8221;][\/vc_column][vc_column width=&#8221;1\/4&#8243;][vc_empty_space][vc_column_text]<\/p>\n<h4 style=\"padding-left: 40px;\">En el Centro Oftalmol\u00f3gico<strong>\u00a0San Gi<\/strong>l estamos comprometidos con el campo de la salud visual principalmente orientados a fomentar actividades de\u00a0<strong>car\u00e1cter educativo<\/strong>\u00a0de promoci\u00f3n y prevenci\u00f3n que permitan intervenir oportunamente sobre enfermedades graves y comunes promoviendo una<strong>\u00a0buena calidad de vida.<\/strong><\/h4>\n<p>[\/vc_column_text][\/vc_column][vc_column width=&#8221;1\/4&#8243;][\/vc_column][\/vc_row][vc_row][vc_column][vc_empty_space height=&#8221;50px&#8221;][inwave_heading preview_style_1=&#8221;&#8221; title=&#8221;{\u00bfQU\u00c9 SON LAS ASOCIACIONES DE USUARIOS?}&#8221; align=&#8221;center&#8221;][vc_empty_space height=&#8221;10px&#8221;][vc_column_text]<\/p>\n<h4 style=\"text-align: left; padding-left: 40px;\">Alianzas o Asociaciones de\u00a0<strong>Usuarios<\/strong>: La alianza o asociaci\u00f3n de usuario es una agrupaci\u00f3n de\u00a0<strong>afiliados del r\u00e9gimen contributivo y subsidiado<\/strong>, del Sistema General de Seguridad Social en Salud, que tiene derecho a utilizar unos servicios de salud, de acuerdo con su\u00a0<strong>sistema de afiliaci\u00f3n<\/strong>, que velar\u00e1 por la calidad del servicio y la defensa del\u00a0<strong>usuario.<\/strong><\/h4>\n<h4 style=\"text-align: left; padding-left: 40px;\">Las Asociaciones de Usuarios se constituir\u00e1n con un n\u00famero plural de usuarios, mediante convocatoria p\u00fablica para periodo de dos (2) a\u00f1os. Decreto 1757 de 1994 articulo 10.<\/h4>\n<p>[\/vc_column_text][\/vc_column][\/vc_row][vc_row][vc_column][vc_empty_space height=&#8221;50px&#8221;][inwave_heading preview_style_1=&#8221;&#8221; title=&#8221;{\u00bfCUALES SON LAS FUNCIONES DE LAS ASOCIACIONES DE USUARIOS?}&#8221; align=&#8221;center&#8221;][vc_column_text]<\/p>\n<h4 style=\"padding-left: 40px;\">Algunas de la funciones son las siguientes:<\/h4>\n<h4 style=\"padding-left: 40px;\">1. Participar en reuniones de las instituciones prestatarias de servicios de salud para proponer y concertar las medidas necesarias para mantener y mejorar la calidad de vida, los servicios y la atenci\u00f3n del usuario<\/h4>\n<h4 style=\"padding-left: 40px;\">2. Mantener canales de comunicaci\u00f3n con los afiliados que permitan conocer sus inquietudes y demandas para hacer propuestas ante reuniones de la instituci\u00f3n prestataria de servicios de salud.<\/h4>\n<h4 style=\"padding-left: 40px;\">3. Informar a las instancias que correspondan y a las instituciones prestatarias y empresas promotoras, si la calidad de servicio prestado no satisface la necesidad de sus afiliados.<\/h4>\n<h4 style=\"padding-left: 40px;\">4. Divulgaci\u00f3n de sus derechos y deberes<\/h4>\n<h4 style=\"padding-left: 40px;\">5. Trabajar en la b\u00fasqueda de estrategias para garantizar al paciente una experiencia satisfactoria dentro de las instalaciones de Centro Oftalmol\u00f3gico Virgilio Galvis Sede San Gil.<\/h4>\n<p>[\/vc_column_text][\/vc_column][\/vc_row][vc_row][vc_column][vc_empty_space height=&#8221;100px&#8221;][vc_single_image image=&#8221;7392&#8243; img_size=&#8221;full&#8221; alignment=&#8221;center&#8221;][vc_empty_space][inwave_heading preview_style_1=&#8221;&#8221; title=&#8221;{CONTAMOS CON LOS MEJORES EXPERTOS DISPUESTOS A AYUDARTE}&#8221; align=&#8221;center&#8221;][\/vc_column][\/vc_row]<\/p>\n","protected":false},"excerpt":{"rendered":"<p>[vc_row][vc_column width=&#8221;1\/4&#8243;][\/vc_column][vc_column width=&#8221;1\/4&#8243;][vc_single_image image=&#8221;7369&#8243; img_size=&#8221;full&#8221; alignment=&#8221;right&#8221;][\/vc_column][vc_column width=&#8221;1\/4&#8243;][vc_empty_space][vc_column_text] En el Centro Oftalmol\u00f3gico\u00a0San Gil estamos comprometidos con el campo de la salud visual principalmente orientados a fomentar actividades de\u00a0car\u00e1cter educativo\u00a0de promoci\u00f3n y prevenci\u00f3n que permitan intervenir oportunamente sobre enfermedades graves y comunes promoviendo una\u00a0buena calidad de vida. [\/vc_column_text][\/vc_column][vc_column width=&#8221;1\/4&#8243;][\/vc_column][\/vc_row][vc_row][vc_column][vc_empty_space height=&#8221;50px&#8221;][inwave_heading preview_style_1=&#8221;&#8221; title=&#8221;{\u00bfQU\u00c9 SON LAS ASOCIACIONES DE USUARIOS?}&#8221;&#8230;<\/p>\n","protected":false},"author":2,"featured_media":0,"parent":0,"menu_order":0,"comment_status":"closed","ping_status":"closed","template":"page-templates\/full-width-page.php","meta":{"_acf_changed":false,"inline_featured_image":false,"footnotes":""},"class_list":["post-7403","page","type-page","status-publish","hentry"],"acf":[],"_links":{"self":[{"href":"https:\/\/virgiliogalvis.com\/en\/wp-json\/wp\/v2\/pages\/7403","targetHints":{"allow":["GET"]}}],"collection":[{"href":"https:\/\/virgiliogalvis.com\/en\/wp-json\/wp\/v2\/pages"}],"about":[{"href":"https:\/\/virgiliogalvis.com\/en\/wp-json\/wp\/v2\/types\/page"}],"author":[{"embeddable":true,"href":"https:\/\/virgiliogalvis.com\/en\/wp-json\/wp\/v2\/users\/2"}],"replies":[{"embeddable":true,"href":"https:\/\/virgiliogalvis.com\/en\/wp-json\/wp\/v2\/comments?post=7403"}],"version-history":[{"count":0,"href":"https:\/\/virgiliogalvis.com\/en\/wp-json\/wp\/v2\/pages\/7403\/revisions"}],"wp:attachment":[{"href":"https:\/\/virgiliogalvis.com\/en\/wp-json\/wp\/v2\/media?parent=7403"}],"curies":[{"name":"wp","href":"https:\/\/api.w.org\/{rel}","templated":true}]}}