{"id":7267,"date":"2023-03-30T09:43:11","date_gmt":"2023-03-30T14:43:11","guid":{"rendered":"https:\/\/virgiliogalvis.com\/?page_id=7267"},"modified":"2023-03-30T09:43:11","modified_gmt":"2023-03-30T14:43:11","slug":"vioptica-san-gil","status":"publish","type":"page","link":"https:\/\/virgiliogalvis.com\/en\/vioptica-san-gil\/","title":{"rendered":"Vioptica San Gil"},"content":{"rendered":"<p>[vc_row][vc_column][inwave_heading preview_style_1=&#8221;&#8221; title=&#8221;{NUESTRA \u00d3PTICA &#8211; MONTURAS, LENTES Y ACCESORIOS}&#8221; align=&#8221;center&#8221;][vc_empty_space][\/vc_column][vc_column width=&#8221;1\/2&#8243;][vc_empty_space][vc_video link=&#8221;https:\/\/youtu.be\/XELPU4_qtvI&#8221; el_width=&#8221;60&#8243; align=&#8221;right&#8221;][\/vc_column][vc_column width=&#8221;1\/3&#8243;][vc_column_text css_animation=&#8221;none&#8221;]<\/p>\n<h1 class=\"sppb-addon-title\" style=\"padding-left: 40px;\"><strong><span style=\"color: #eb5c29;\">VIOPTICA \u00a1VEAMONOS BIEN!<\/span><\/strong><\/h1>\n<p>[\/vc_column_text][vc_column_text css_animation=&#8221;none&#8221;]<\/p>\n<h4><\/h4>\n<h4 class=\"p1\" style=\"padding-left: 40px;\"><span class=\"s1\"><strong>Las Gafas<\/strong>, tambi\u00e9n conocidas como lentes, gafas o anteojos, son un instrumento\u00a0<strong>\u00f3ptico<\/strong>\u00a0utilizado para corregir defectos visuales como la miop\u00eda, Hipermetrop\u00eda, Astigmatismo y presbicia.<\/span><\/h4>\n<h4 class=\"p2\" style=\"padding-left: 40px;\"><span class=\"s1\">Nuestras \u00f3pticas cumplen con las\u00a0<strong>caracter\u00edsticas y est\u00e1ndares<\/strong>\u00a0de\u00a0<strong>calidad<\/strong>\u00a0requeridos por el\u00a0<strong>especialista.<\/strong><span class=\"Apple-converted-space\">\u00a0<\/span>En el mercado existen diferentes tipos de materiales, armazones y filtros para que el uso de gafas sea un accesorio que a su cara le da mayor belleza y confort.<\/span><\/h4>\n<h4 style=\"padding-left: 40px;\"><strong>\u00a1Veamonos bien!<\/strong><\/h4>\n<p>[\/vc_column_text][\/vc_column][\/vc_row][vc_row][vc_column][vc_empty_space][vc_column_text]<\/p>\n<h1 style=\"text-align: center;\"><strong><span style=\"color: #eb5c29;\">MATERIAL DE LOS LENTES<\/span><\/strong><\/h1>\n<p>[\/vc_column_text][\/vc_column][\/vc_row][vc_row][vc_column width=&#8221;1\/2&#8243;][vc_empty_space][vc_video link=&#8221;https:\/\/youtu.be\/voVXDfu2Jvs&#8221; el_width=&#8221;60&#8243; align=&#8221;right&#8221;][\/vc_column][vc_column width=&#8221;1\/3&#8243;][vc_column_text][\/vc_column_text][vc_column_text css_animation=&#8221;none&#8221;]<\/p>\n<h4 style=\"padding-left: 40px;\">Nuestro centro se ha convertido en\u00a0<strong>referencia nacional<\/strong>\u00a0e internacional gracias en gran medida a la experiencia de nuestro equipo m\u00e9dico, dirigido por el\u00a0<strong>Dr. Virgilio Galvis Ramirez<\/strong>, que coordina a prestigiosos profesionales de cada\u00a0<strong>especialidad oftalmol\u00f3gica.<\/strong><\/h4>\n<h4 style=\"padding-left: 40px;\">El personal que\u00a0<strong>colabora<\/strong>\u00a0con este equipo, est\u00e1 conformado por profesionales en\u00a0<strong>\u00f3ptica y optometr\u00eda<\/strong>, t\u00e9cnicos, universitarios y un grupo de trabajo de manera asistencial que dedica un continuado esfuerzo a la atenci\u00f3n y cuidado de todos nuestros pacientes con el objetivo de garantizar su\u00a0<strong>satisfacci\u00f3n.<\/strong><\/h4>\n<p>[\/vc_column_text][\/vc_column][\/vc_row][vc_row][vc_column][vc_empty_space height=&#8221;50px&#8221;][\/vc_column][\/vc_row][vc_row][vc_column width=&#8221;1\/2&#8243;][vc_empty_space][vc_single_image image=&#8221;7346&#8243; img_size=&#8221;full&#8221; alignment=&#8221;right&#8221;][\/vc_column][vc_column width=&#8221;1\/2&#8243;][vc_empty_space height=&#8221;65px&#8221;][vc_column_text]<\/p>\n<h1 class=\"sppb-addon-title\" style=\"padding-left: 40px;\"><span style=\"color: #eb5c29;\"><strong>Vioptica \u2013 San Gil<\/strong><\/span><\/h1>\n<p>[\/vc_column_text][vc_column_text]<\/p>\n<h3 class=\"sppb-addon-title\" style=\"padding-left: 40px;\"><strong><span class=\"s1\">Horario de\u00a0<\/span>Atenci\u00f3n<\/strong><\/h3>\n<h4 class=\"p1\" style=\"padding-left: 40px;\"><strong>Lunes a Viernes:<\/strong>\u00a07:00 a.m. 1:00 p.m. \u2013 2:00 p.m. &#8211; 6:00 p.m.<\/h4>\n<h4 style=\"padding-left: 40px;\"><strong>Sabados:<\/strong>\u00a08:00 a.m. \u2013 1:30 p.m.<\/h4>\n<h4 class=\"p1\" style=\"padding-left: 40px;\"><span class=\"s1\"><strong>Direcci\u00f3n:<\/strong> Cra 9 # 13-41 Piso 1 \/ <\/span><span class=\"s1\">Edificio Coopcentral<\/span><\/h4>\n<h4 class=\"p1\" style=\"padding-left: 40px;\"><span class=\"s1\"><strong>Tel\u00e9fono:<\/strong>\u00a0300 840 9433 &#8211; 6911080<\/span><\/h4>\n<h4 class=\"p3\" style=\"padding-left: 40px;\"><span class=\"s2\"><strong>Correo:<\/strong>\u00a0<a href=\"mailto:servicioalclienteoptica@virgiliogalvis.com\"><span class=\"s3\">optica.sangil@vioptica.com<\/span><\/a><\/span><\/h4>\n<p>[\/vc_column_text][\/vc_column][\/vc_row][vc_row][vc_column][vc_empty_space height=&#8221;70px&#8221;][\/vc_column][\/vc_row][vc_row][vc_column][inwave_heading preview_style_1=&#8221;&#8221; title=&#8221;{\u00a1TE ESPERAMOS!}&#8221; description=&#8221;Direcci\u00f3n: Cra 9 # 13 &#8211; 41 Piso 2 Edif Coopcentral &#8211; San Gil \/ Tel\u00e9fono: 607 6 911 080&#8243; align=&#8221;center&#8221;][\/vc_column][\/vc_row]<\/p>\n","protected":false},"excerpt":{"rendered":"<p>[vc_row][vc_column][inwave_heading preview_style_1=&#8221;&#8221; title=&#8221;{NUESTRA \u00d3PTICA &#8211; MONTURAS, LENTES Y ACCESORIOS}&#8221; align=&#8221;center&#8221;][vc_empty_space][\/vc_column][vc_column width=&#8221;1\/2&#8243;][vc_empty_space][vc_video link=&#8221;https:\/\/youtu.be\/XELPU4_qtvI&#8221; el_width=&#8221;60&#8243; align=&#8221;right&#8221;][\/vc_column][vc_column width=&#8221;1\/3&#8243;][vc_column_text css_animation=&#8221;none&#8221;] VIOPTICA \u00a1VEAMONOS BIEN! [\/vc_column_text][vc_column_text css_animation=&#8221;none&#8221;] Las Gafas, tambi\u00e9n conocidas como lentes, gafas o anteojos, son un instrumento\u00a0\u00f3ptico\u00a0utilizado para corregir defectos visuales como la miop\u00eda, Hipermetrop\u00eda, Astigmatismo y presbicia. Nuestras \u00f3pticas cumplen con las\u00a0caracter\u00edsticas y est\u00e1ndares\u00a0de\u00a0calidad\u00a0requeridos por el\u00a0especialista.\u00a0En el mercado&#8230;<\/p>\n","protected":false},"author":2,"featured_media":0,"parent":0,"menu_order":0,"comment_status":"closed","ping_status":"closed","template":"page-templates\/full-width-page.php","meta":{"_acf_changed":false,"inline_featured_image":false,"footnotes":""},"class_list":["post-7267","page","type-page","status-publish","hentry"],"acf":[],"_links":{"self":[{"href":"https:\/\/virgiliogalvis.com\/en\/wp-json\/wp\/v2\/pages\/7267","targetHints":{"allow":["GET"]}}],"collection":[{"href":"https:\/\/virgiliogalvis.com\/en\/wp-json\/wp\/v2\/pages"}],"about":[{"href":"https:\/\/virgiliogalvis.com\/en\/wp-json\/wp\/v2\/types\/page"}],"author":[{"embeddable":true,"href":"https:\/\/virgiliogalvis.com\/en\/wp-json\/wp\/v2\/users\/2"}],"replies":[{"embeddable":true,"href":"https:\/\/virgiliogalvis.com\/en\/wp-json\/wp\/v2\/comments?post=7267"}],"version-history":[{"count":0,"href":"https:\/\/virgiliogalvis.com\/en\/wp-json\/wp\/v2\/pages\/7267\/revisions"}],"wp:attachment":[{"href":"https:\/\/virgiliogalvis.com\/en\/wp-json\/wp\/v2\/media?parent=7267"}],"curies":[{"name":"wp","href":"https:\/\/api.w.org\/{rel}","templated":true}]}}