{"id":6764,"date":"2021-10-29T13:32:26","date_gmt":"2021-10-29T18:32:26","guid":{"rendered":"https:\/\/virgiliogalvis.com\/?page_id=6764"},"modified":"2021-10-29T13:32:26","modified_gmt":"2021-10-29T18:32:26","slug":"aberrometria-peramis","status":"publish","type":"page","link":"https:\/\/virgiliogalvis.com\/en\/examenes-especializados-oftalmologia\/aberrometria-peramis\/","title":{"rendered":"Peramis Aberrometry"},"content":{"rendered":"<p>[vc_row iw_layout=&#8221;wide-bg&#8221;][vc_column width=&#8221;1\/2&#8243;][vc_single_image image=&#8221;6324&#8243; img_size=&#8221;full&#8221; alignment=&#8221;center&#8221;][vc_raw_js]JTNDc2NyaXB0JTIwdHlwZSUzRCUyMnRleHQlMkZqYXZhc2NyaXB0JTIyJTNFJTBBaXRlbXMlMjAlM0QlMjBkb2N1bWVudC5nZXRFbGVtZW50c0J5Q2xhc3NOYW1lJTI4JTIyZG9jdG9yLW5hbWUlMjIlMjklM0IlMEFmb3IlMjh2YXIlMjBpJTNEMCUzQiUyMGklM0NpdGVtcy5sZW5ndGglM0IlMjBpJTJCJTJCJTI5JTdCJTBBdmFyJTIwaW1nJTIwJTNEJTIwZG9jdW1lbnQuY3JlYXRlRWxlbWVudCUyOCUyMklNRyUyMiUyOSUzQiUwQWltZy5zcmMlMjAlM0QlMjAlMjJodHRwcyUzQSUyRiUyRnZpcmdpbGlvZ2FsdmlzLnNpbXBlY2Fkby5jb20lMkZ3cC1jb250ZW50JTJGdXBsb2FkcyUyRjIwMTklMkYwNyUyRklDT04ucG5nJTIyJTNCJTBBaW1nLndpZHRoJTIwJTNEJTIwJTIyNDAlMjIlM0IlMjAlMEFpdGVtcyU1QmklNUQuaW5zZXJ0QWRqYWNlbnRFbGVtZW50JTI4JTIyYmVmb3JlYmVnaW4lMjIlMkMlMjBpbWclMjklM0IlMjAlMEElN0QlMjAlM0MlMkZzY3JpcHQlM0U=[\/vc_raw_js][\/vc_column][vc_column width=&#8221;1\/2&#8243;][inwave_heading preview_style_1=&#8221;&#8221; title=&#8221;{SCHWIND PERAMIS}&#8221; sub_title=&#8221;Marca: TOPCON&#8221;][vc_empty_space][inwave_accordions layout=&#8221;accordion2&#8243; preview_style2=&#8221;&#8221; item_active=&#8221;-1&#8243;][inwave_accordion_item title=&#8221;Examen&#8221;]Aberrometr\u00eda[\/inwave_accordion_item][inwave_accordion_item title=&#8221;\u00bfQu\u00e9 hace?&#8221;]<\/p>\n<p class=\"p1\"><span class=\"s1\">SCHWIND PARAMUS eval\u00faa las aberraciones del frente de onda ocular con un r\u00e9cord de 45.000 puntos de medici\u00f3n \u2013 sin ning\u00fan solapamiento y con una clara asignaci\u00f3n de cada punto. Junto con la medici\u00f3n en tiempo real, esto asegura un nuevo nivel de resoluci\u00f3n detalle y precisi\u00f3n. El dispositivo de topograf\u00eda identifica incluso las m\u00e1s peque\u00f1as irregularidades de la c\u00f3rnea a una muy alta resoluci\u00f3n de un micr\u00f3metro. El resultado: un diagn\u00f3stico muy preciso de aberraciones corneales y oculares.<\/span><\/p>\n<p>[\/inwave_accordion_item][inwave_accordion_item title=&#8221;\u00bfPara qu\u00e9 sirve?&#8221;]Permite realizar un completo an\u00e1lisis de la cornea y del segmento anterior en un solo paso.[\/inwave_accordion_item][\/inwave_accordions][\/vc_column][\/vc_row]<\/p>\n","protected":false},"excerpt":{"rendered":"<p>[vc_row iw_layout=&#8221;wide-bg&#8221;][vc_column width=&#8221;1\/2&#8243;][vc_single_image image=&#8221;6324&#8243; img_size=&#8221;full&#8221; alignment=&#8221;center&#8221;][vc_raw_js]JTNDc2NyaXB0JTIwdHlwZSUzRCUyMnRleHQlMkZqYXZhc2NyaXB0JTIyJTNFJTBBaXRlbXMlMjAlM0QlMjBkb2N1bWVudC5nZXRFbGVtZW50c0J5Q2xhc3NOYW1lJTI4JTIyZG9jdG9yLW5hbWUlMjIlMjklM0IlMEFmb3IlMjh2YXIlMjBpJTNEMCUzQiUyMGklM0NpdGVtcy5sZW5ndGglM0IlMjBpJTJCJTJCJTI5JTdCJTBBdmFyJTIwaW1nJTIwJTNEJTIwZG9jdW1lbnQuY3JlYXRlRWxlbWVudCUyOCUyMklNRyUyMiUyOSUzQiUwQWltZy5zcmMlMjAlM0QlMjAlMjJodHRwcyUzQSUyRiUyRnZpcmdpbGlvZ2FsdmlzLnNpbXBlY2Fkby5jb20lMkZ3cC1jb250ZW50JTJGdXBsb2FkcyUyRjIwMTklMkYwNyUyRklDT04ucG5nJTIyJTNCJTBBaW1nLndpZHRoJTIwJTNEJTIwJTIyNDAlMjIlM0IlMjAlMEFpdGVtcyU1QmklNUQuaW5zZXJ0QWRqYWNlbnRFbGVtZW50JTI4JTIyYmVmb3JlYmVnaW4lMjIlMkMlMjBpbWclMjklM0IlMjAlMEElN0QlMjAlM0MlMkZzY3JpcHQlM0U=[\/vc_raw_js][\/vc_column][vc_column width=&#8221;1\/2&#8243;][inwave_heading preview_style_1=&#8221;&#8221; title=&#8221;{SCHWIND PERAMIS}&#8221; sub_title=&#8221;Marca: TOPCON&#8221;][vc_empty_space][inwave_accordions layout=&#8221;accordion2&#8243; preview_style2=&#8221;&#8221; item_active=&#8221;-1&#8243;][inwave_accordion_item title=&#8221;Examen&#8221;]Aberrometr\u00eda[\/inwave_accordion_item][inwave_accordion_item title=&#8221;\u00bfQu\u00e9 hace?&#8221;] SCHWIND PARAMUS eval\u00faa las aberraciones del frente de onda ocular con un r\u00e9cord de 45.000 puntos de medici\u00f3n \u2013 sin ning\u00fan solapamiento y con una clara asignaci\u00f3n de cada punto. Junto con la medici\u00f3n en tiempo real,&#8230;<\/p>\n","protected":false},"author":2,"featured_media":0,"parent":2653,"menu_order":0,"comment_status":"closed","ping_status":"closed","template":"page-templates\/full-width-page.php","meta":{"_acf_changed":false,"inline_featured_image":false,"footnotes":""},"class_list":["post-6764","page","type-page","status-publish","hentry"],"acf":[],"_links":{"self":[{"href":"https:\/\/virgiliogalvis.com\/en\/wp-json\/wp\/v2\/pages\/6764","targetHints":{"allow":["GET"]}}],"collection":[{"href":"https:\/\/virgiliogalvis.com\/en\/wp-json\/wp\/v2\/pages"}],"about":[{"href":"https:\/\/virgiliogalvis.com\/en\/wp-json\/wp\/v2\/types\/page"}],"author":[{"embeddable":true,"href":"https:\/\/virgiliogalvis.com\/en\/wp-json\/wp\/v2\/users\/2"}],"replies":[{"embeddable":true,"href":"https:\/\/virgiliogalvis.com\/en\/wp-json\/wp\/v2\/comments?post=6764"}],"version-history":[{"count":0,"href":"https:\/\/virgiliogalvis.com\/en\/wp-json\/wp\/v2\/pages\/6764\/revisions"}],"up":[{"embeddable":true,"href":"https:\/\/virgiliogalvis.com\/en\/wp-json\/wp\/v2\/pages\/2653"}],"wp:attachment":[{"href":"https:\/\/virgiliogalvis.com\/en\/wp-json\/wp\/v2\/media?parent=6764"}],"curies":[{"name":"wp","href":"https:\/\/api.w.org\/{rel}","templated":true}]}}