{"id":6674,"date":"2021-09-09T11:35:50","date_gmt":"2021-09-09T16:35:50","guid":{"rendered":"https:\/\/virgiliogalvis.com\/?page_id=6674"},"modified":"2021-09-09T11:35:50","modified_gmt":"2021-09-09T16:35:50","slug":"asociacion-de-usuarios","status":"publish","type":"page","link":"https:\/\/virgiliogalvis.com\/en\/proceso-de-admision\/proceso-de-admision\/asociacion-de-usuarios\/","title":{"rendered":"Users Association"},"content":{"rendered":"<p>[vc_row gap=&#8221;35&#8243; equal_height=&#8221;yes&#8221; content_placement=&#8221;middle&#8221; css=&#8221;.vc_custom_1631205398958{padding-top: 40px !important;padding-right: 40px !important;padding-bottom: 40px !important;padding-left: 40px !important;background-color: #ffffff !important;}&#8221;][vc_column width=&#8221;1\/2&#8243;][vc_single_image image=&#8221;6161&#8243; img_size=&#8221;full&#8221; alignment=&#8221;center&#8221;][\/vc_column][vc_column width=&#8221;1\/2&#8243;][inwave_heading style=&#8221;style2&#8243; preview_style_2=&#8221;&#8221; preview_style_2_1=&#8221;&#8221; title=&#8221;{ASOCIACI\u00d3N DE USUARIOS}&#8221;][vc_column_text]En el Centro Oftalmol\u00f3gico Virgilio Galvis estamos comprometidos con la salud visual principalmente orientados a fomentar actividades de <strong>car\u00e1cter educativo<\/strong>\u00a0de promoci\u00f3n y prevenci\u00f3n que permitan intervenir oportunamente sobre enfermedades graves y comunes promoviendo una<strong>\u00a0buena calidad de vida.<\/strong>[\/vc_column_text][vc_btn title=&#8221;INVITACION ASOCIACION DE USUARIOS&#8221; shape=&#8221;round&#8221; align=&#8221;center&#8221; link=&#8221;url:https%3A%2F%2Fvirgiliogalvis.com%2Fwp-content%2Fuploads%2F2020%2F04%2FPOLITICA-DE-PRIVACIDAD-Y-TRATAMIENTO-DE-DATOS-PERSONALES-COVGR-V1.pdf|title:Politica%20tratamiento%20de%20datos||&#8221;][\/vc_column][\/vc_row]<\/p>\n","protected":false},"excerpt":{"rendered":"<p>[vc_row gap=&#8221;35&#8243; equal_height=&#8221;yes&#8221; content_placement=&#8221;middle&#8221; css=&#8221;.vc_custom_1631205398958{padding-top: 40px !important;padding-right: 40px !important;padding-bottom: 40px !important;padding-left: 40px !important;background-color: #ffffff !important;}&#8221;][vc_column width=&#8221;1\/2&#8243;][vc_single_image image=&#8221;6161&#8243; img_size=&#8221;full&#8221; alignment=&#8221;center&#8221;][\/vc_column][vc_column width=&#8221;1\/2&#8243;][inwave_heading style=&#8221;style2&#8243; preview_style_2=&#8221;&#8221; preview_style_2_1=&#8221;&#8221; title=&#8221;{ASOCIACI\u00d3N DE USUARIOS}&#8221;][vc_column_text]En el Centro Oftalmol\u00f3gico Virgilio Galvis estamos comprometidos con la salud visual principalmente orientados a fomentar actividades de car\u00e1cter educativo\u00a0de promoci\u00f3n y prevenci\u00f3n que permitan intervenir oportunamente sobre enfermedades graves&#8230;<\/p>\n","protected":false},"author":2,"featured_media":0,"parent":5321,"menu_order":0,"comment_status":"closed","ping_status":"closed","template":"page-templates\/full-width-page.php","meta":{"_acf_changed":false,"inline_featured_image":false,"footnotes":""},"class_list":["post-6674","page","type-page","status-publish","hentry"],"acf":[],"_links":{"self":[{"href":"https:\/\/virgiliogalvis.com\/en\/wp-json\/wp\/v2\/pages\/6674","targetHints":{"allow":["GET"]}}],"collection":[{"href":"https:\/\/virgiliogalvis.com\/en\/wp-json\/wp\/v2\/pages"}],"about":[{"href":"https:\/\/virgiliogalvis.com\/en\/wp-json\/wp\/v2\/types\/page"}],"author":[{"embeddable":true,"href":"https:\/\/virgiliogalvis.com\/en\/wp-json\/wp\/v2\/users\/2"}],"replies":[{"embeddable":true,"href":"https:\/\/virgiliogalvis.com\/en\/wp-json\/wp\/v2\/comments?post=6674"}],"version-history":[{"count":0,"href":"https:\/\/virgiliogalvis.com\/en\/wp-json\/wp\/v2\/pages\/6674\/revisions"}],"up":[{"embeddable":true,"href":"https:\/\/virgiliogalvis.com\/en\/wp-json\/wp\/v2\/pages\/5321"}],"wp:attachment":[{"href":"https:\/\/virgiliogalvis.com\/en\/wp-json\/wp\/v2\/media?parent=6674"}],"curies":[{"name":"wp","href":"https:\/\/api.w.org\/{rel}","templated":true}]}}