{"id":6516,"date":"2021-08-05T14:35:47","date_gmt":"2021-08-05T19:35:47","guid":{"rendered":"https:\/\/virgiliogalvis.com\/?page_id=6516"},"modified":"2021-08-05T14:35:47","modified_gmt":"2021-08-05T19:35:47","slug":"lente-icl","status":"publish","type":"page","link":"https:\/\/virgiliogalvis.com\/en\/cirugias-y-procedimientos\/cirugia-excimer-laser-virgilio-galvis\/lente-icl\/","title":{"rendered":"EVO Visian ICL lenses"},"content":{"rendered":"<p>[vc_row content_placement=&#8221;middle&#8221; iw_layout=&#8221;wide-bg&#8221; css=&#8221;.vc_custom_1628192411207{margin-top: 5px !important;margin-right: 5px !important;margin-bottom: 5px !important;margin-left: 5px !important;}&#8221;][vc_column width=&#8221;1\/2&#8243; offset=&#8221;vc_hidden-xs&#8221;][vc_video link=&#8221;https:\/\/www.youtube.com\/watch?v=L9LBDV7WI1A&#8221;][\/vc_column][vc_column width=&#8221;1\/2&#8243;][inwave_heading preview_style_1=&#8221;&#8221; title=&#8221;{\u00bfQu\u00e9 son los lentes EVO Visian ICL\u00ae? }&#8221;][vc_column_text]Los <strong>Lentes EVO Visian ICL\u00ae<\/strong>, tambi\u00e9n conocidos como <strong>Lente Implantable de Col\u00e1mero<\/strong>, son la nueva generaci\u00f3n en correcci\u00f3n de defectos refractivos como la miopia, hipermetrop\u00eda y astigmatismo, con m\u00e1s de 20 a\u00f1os en el mercado y mas de 1 mill\u00f3n de lentes implantados en todo el mundo.<\/p>\n<p>Funciona naturalmente con el ojo, proporciona una excelente calidad visual y una gran satisfacci\u00f3n del paciente, liber\u00e1ndolos de los anteojos y lentes de contacto.<\/p>\n<p>Permite ampliar el rango quir\u00fargico de aquellos pacientes que antes no pod\u00edan ser operados con cirugia laser. Puede ser utilizada sola o en combinaci\u00f3n con t\u00e9cnicas l\u00e1ser. Es un procedimiento indoloro y de una corta recuperaci\u00f3n con una mejor\u00eda inmediata en la calidad de la visi\u00f3n.[\/vc_column_text][\/vc_column][\/vc_row][vc_row equal_height=&#8221;yes&#8221; content_placement=&#8221;middle&#8221; css=&#8221;.vc_custom_1591922541592{margin-top: 5px !important;margin-right: 5px !important;margin-bottom: 5px !important;margin-left: 5px !important;}&#8221;][vc_column offset=&#8221;vc_hidden-md vc_hidden-sm vc_hidden-xs&#8221;][vc_empty_space][\/vc_column][\/vc_row][vc_row content_placement=&#8221;middle&#8221; iw_layout=&#8221;wide-bg&#8221; css=&#8221;.vc_custom_1628192411207{margin-top: 5px !important;margin-right: 5px !important;margin-bottom: 5px !important;margin-left: 5px !important;}&#8221;][vc_column width=&#8221;1\/2&#8243; offset=&#8221;vc_hidden-xs&#8221;][inwave_heading preview_style_1=&#8221;&#8221; title=&#8221;{Una evoluci\u00f3n hacia la libertad visual}&#8221;][vc_column_text]Estos lentes son ideales para aquellos pacientes con un estilo de vida activo que desean una visi\u00f3n de m\u00e1xima calidad. Los lentes <strong>EVO VISAN<\/strong> ICL se colocan directamente detr\u00e1s del iris (la parte coloreada del ojo) y delante del cristalino, lo que ayuda a crear una visi\u00f3n clara y de alta definici\u00f3n.<\/p>\n<p>En el <strong>Centro Oftalmol\u00f3gico Virgilio Galvis<\/strong> contamos con profesionales altamente capacitados para asesorarte si este es el mejor procedimiento para t\u00ed.<\/p>\n<p>Las lentes ICL est\u00e1n elaboradas con Collamer\u00ae, un material tecnol\u00f3gicamente avanzado y exclusivo de STAAR Surgical, compa\u00f1\u00eda de origen suizo. Las lentes ICL contienen col\u00e1geno, que es una prote\u00edna que se genera de manera natural en nuestro organismo; lo que hace que este lente sea 100% biocompatible sin posibilidades de rechazo o alergias.[\/vc_column_text][\/vc_column][vc_column width=&#8221;1\/2&#8243;][vc_video link=&#8221;https:\/\/youtu.be\/KkraI18wtnQ&#8221;][\/vc_column][\/vc_row][vc_row equal_height=&#8221;yes&#8221; content_placement=&#8221;middle&#8221; css=&#8221;.vc_custom_1591922541592{margin-top: 5px !important;margin-right: 5px !important;margin-bottom: 5px !important;margin-left: 5px !important;}&#8221;][vc_column offset=&#8221;vc_hidden-md vc_hidden-sm vc_hidden-xs&#8221;][vc_empty_space][\/vc_column][\/vc_row][vc_row content_placement=&#8221;middle&#8221; iw_layout=&#8221;wide-bg&#8221; css=&#8221;.vc_custom_1628192411207{margin-top: 5px !important;margin-right: 5px !important;margin-bottom: 5px !important;margin-left: 5px !important;}&#8221;][vc_column offset=&#8221;vc_hidden-xs&#8221;][inwave_accordions preview_style1=&#8221;&#8221;][inwave_accordion_item title=&#8221;\u00bfQui\u00e9nes son candidatos para Lentes EVO VISIAN ICL?&#8221;]<\/p>\n<ul>\n<li>Pacientes mayores de 21 a\u00f1os.<\/li>\n<li>Pacientes con miop\u00eda (-0.5D a -18D).<\/li>\n<li>Pacientes con hipermetrop\u00eda (+0.5 a +10.0D).<\/li>\n<li>Pacientes con astigmatismo entre 0.5 y 6.0D.<\/li>\n<li>No deben haber tenido cambios en su graduaci\u00f3n de m\u00e1s de 0.5D en un a\u00f1o.<\/li>\n<li>Pacientes que busquen un procedimiento que no produzca ojo seco.<\/li>\n<li>Pacientes con c\u00f3rneas delgadas.<\/li>\n<li>Pacientes Post Queratocono.<\/li>\n<\/ul>\n<p>[\/inwave_accordion_item][\/inwave_accordions][\/vc_column][\/vc_row][vc_row content_placement=&#8221;middle&#8221; iw_layout=&#8221;wide-bg&#8221; css=&#8221;.vc_custom_1628192411207{margin-top: 5px !important;margin-right: 5px !important;margin-bottom: 5px !important;margin-left: 5px !important;}&#8221;][vc_column width=&#8221;1\/3&#8243; offset=&#8221;vc_hidden-xs&#8221;][inwave_item_info style=&#8221;style4&#8243; preview_style7=&#8221;&#8221; title=&#8221;{Biocompatibilidad}&#8221; description=&#8221;El col\u00e1mero se compone de col\u00e1geno, lo que significa que las lentes estar\u00e1n naturalmente en armon\u00eda con su ojo.&#8221; link=&#8221;&#8221; icon_size=&#8221;280&#8243; align=&#8221;center&#8221; img=&#8221;6570&#8243;][\/vc_column][vc_column width=&#8221;1\/3&#8243;][inwave_item_info style=&#8221;style4&#8243; preview_style7=&#8221;&#8221; title=&#8221;{Ausencia del Ojo Seco}&#8221; description=&#8221;Al no remover ni remodelar el tejido corneal, no se produce la ablaci\u00f3n de las terminaciones nerviosas de la c\u00f3rnea, por lo que la intervenci\u00f3n con las ICL no provoca ojo seco.&#8221; link=&#8221;&#8221; readmore_text=&#8221;&#8221; icon_size=&#8221;280&#8243; align=&#8221;center&#8221; img=&#8221;6580&#8243;][\/vc_column][vc_column width=&#8221;1\/3&#8243;][inwave_item_info style=&#8221;style4&#8243; preview_style7=&#8221;&#8221; title=&#8221;{Removible y Reversible}&#8221; description=&#8221;Aunque los Lentes EVO VISIAN ICL pueden corregir los defectos refractivos de forma permanente, en caso de un cambio importante de graduaci\u00f3n en el futuro o en cualquier nueva necesidad que pueda surgir, el lente EVO VISIAN ICL se puede retirar o reemplazar.&#8221; link=&#8221;&#8221; readmore_text=&#8221;&#8221; icon_size=&#8221;280&#8243; align=&#8221;center&#8221; img=&#8221;6582&#8243;][\/vc_column][\/vc_row][vc_row content_placement=&#8221;middle&#8221; iw_layout=&#8221;wide-bg&#8221; css=&#8221;.vc_custom_1628192411207{margin-top: 5px !important;margin-right: 5px !important;margin-bottom: 5px !important;margin-left: 5px !important;}&#8221;][vc_column width=&#8221;1\/3&#8243; offset=&#8221;vc_hidden-xs&#8221;][inwave_item_info style=&#8221;style4&#8243; preview_style7=&#8221;&#8221; title=&#8221;{Protecci\u00f3n contra rayos UV}&#8221; description=&#8221;El col\u00e1mero proporciona protecci\u00f3n contra los rayos UV, ya que tiene propiedades \u00fanicas que deja pasar la luz natural sin alterarla.&#8221; link=&#8221;&#8221; readmore_text=&#8221;&#8221; icon_size=&#8221;280&#8243; align=&#8221;center&#8221; img=&#8221;6590&#8243;][\/vc_column][vc_column width=&#8221;1\/3&#8243;][inwave_item_info style=&#8221;style4&#8243; preview_style7=&#8221;&#8221; title=&#8221;{Procedimiento y recuperaci\u00f3n}&#8221; description=&#8221;El procedimiento es indoloro y demora 15 minutos. La mayor\u00eda de las personas pueden retomar sus actividades diarias en s\u00f3lo unos d\u00edas.&#8221; link=&#8221;&#8221; readmore_text=&#8221;&#8221; icon_size=&#8221;280&#8243; align=&#8221;center&#8221; img=&#8221;6592&#8243;][\/vc_column][vc_column width=&#8221;1\/3&#8243;][inwave_item_info style=&#8221;style4&#8243; preview_style7=&#8221;&#8221; title=&#8221;{Blandas y flexibles}&#8221; description=&#8221;El material de los Lentes EVO VISIAN ICL permite una inserci\u00f3n suave y sencilla, gracias a su estructura que es blanda y flexible, lo cual permite una mejor adaptaci\u00f3n a la anatom\u00eda ocular.&#8221; link=&#8221;&#8221; readmore_text=&#8221;&#8221; icon_size=&#8221;280&#8243; align=&#8221;center&#8221; img=&#8221;6588&#8243;][\/vc_column][\/vc_row][vc_row equal_height=&#8221;yes&#8221; content_placement=&#8221;middle&#8221; css=&#8221;.vc_custom_1591922541592{margin-top: 5px !important;margin-right: 5px !important;margin-bottom: 5px !important;margin-left: 5px !important;}&#8221;][vc_column offset=&#8221;vc_hidden-md vc_hidden-sm vc_hidden-xs&#8221;][vc_empty_space][\/vc_column][\/vc_row][vc_row equal_height=&#8221;yes&#8221; content_placement=&#8221;middle&#8221; iw_layout=&#8221;wide-bg&#8221; css=&#8221;.vc_custom_1628194815704{margin-top: 5px !important;margin-right: 5px !important;margin-bottom: 5px !important;margin-left: 5px !important;}&#8221;][vc_column width=&#8221;1\/2&#8243; offset=&#8221;vc_hidden-md vc_hidden-sm vc_hidden-xs&#8221;][vc_single_image image=&#8221;3083&#8243; img_size=&#8221;full&#8221;][\/vc_column][vc_column width=&#8221;1\/2&#8243;][contact-form-7 id=&#8221;6542&#8243;][\/vc_column][\/vc_row][vc_row][vc_column offset=&#8221;vc_hidden-md vc_hidden-sm vc_hidden-xs&#8221;][vc_btn title=&#8221;Descargar Folleto Lentes Evo Visian ICL&#8221; align=&#8221;center&#8221; link=&#8221;url:https%3A%2F%2Fvirgiliogalvis.com%2Fwp-content%2Fuploads%2F2021%2F09%2Fbrochure-Evo-Visian-ICL-2021-Vertical-baja.pdf|title:Brochure%20Evo%20Visian|target:%20_blank|&#8221;][vc_empty_space][\/vc_column][\/vc_row]<\/p>\n","protected":false},"excerpt":{"rendered":"<p>[vc_row content_placement=&#8221;middle&#8221; iw_layout=&#8221;wide-bg&#8221; css=&#8221;.vc_custom_1628192411207{margin-top: 5px !important;margin-right: 5px !important;margin-bottom: 5px !important;margin-left: 5px !important;}&#8221;][vc_column width=&#8221;1\/2&#8243; offset=&#8221;vc_hidden-xs&#8221;][vc_video link=&#8221;https:\/\/www.youtube.com\/watch?v=L9LBDV7WI1A&#8221;][\/vc_column][vc_column width=&#8221;1\/2&#8243;][inwave_heading preview_style_1=&#8221;&#8221; title=&#8221;{\u00bfQu\u00e9 son los lentes EVO Visian ICL\u00ae? }&#8221;][vc_column_text]Los Lentes EVO Visian ICL\u00ae, tambi\u00e9n conocidos como Lente Implantable de Col\u00e1mero, son la nueva generaci\u00f3n en correcci\u00f3n de defectos refractivos como la miopia, hipermetrop\u00eda y astigmatismo, con m\u00e1s de 20&#8230;<\/p>\n","protected":false},"author":2,"featured_media":0,"parent":3191,"menu_order":0,"comment_status":"closed","ping_status":"closed","template":"page-templates\/full-width-page.php","meta":{"_acf_changed":false,"inline_featured_image":false,"footnotes":""},"class_list":["post-6516","page","type-page","status-publish","hentry"],"acf":[],"_links":{"self":[{"href":"https:\/\/virgiliogalvis.com\/en\/wp-json\/wp\/v2\/pages\/6516","targetHints":{"allow":["GET"]}}],"collection":[{"href":"https:\/\/virgiliogalvis.com\/en\/wp-json\/wp\/v2\/pages"}],"about":[{"href":"https:\/\/virgiliogalvis.com\/en\/wp-json\/wp\/v2\/types\/page"}],"author":[{"embeddable":true,"href":"https:\/\/virgiliogalvis.com\/en\/wp-json\/wp\/v2\/users\/2"}],"replies":[{"embeddable":true,"href":"https:\/\/virgiliogalvis.com\/en\/wp-json\/wp\/v2\/comments?post=6516"}],"version-history":[{"count":0,"href":"https:\/\/virgiliogalvis.com\/en\/wp-json\/wp\/v2\/pages\/6516\/revisions"}],"up":[{"embeddable":true,"href":"https:\/\/virgiliogalvis.com\/en\/wp-json\/wp\/v2\/pages\/3191"}],"wp:attachment":[{"href":"https:\/\/virgiliogalvis.com\/en\/wp-json\/wp\/v2\/media?parent=6516"}],"curies":[{"name":"wp","href":"https:\/\/api.w.org\/{rel}","templated":true}]}}