{"id":6351,"date":"2021-04-20T08:43:39","date_gmt":"2021-04-20T13:43:39","guid":{"rendered":"https:\/\/virgiliogalvis.com\/?page_id=6351"},"modified":"2021-04-20T08:43:39","modified_gmt":"2021-04-20T13:43:39","slug":"plegables-informativos","status":"publish","type":"page","link":"https:\/\/virgiliogalvis.com\/en\/plegables-informativos\/","title":{"rendered":"Information leaflets"},"content":{"rendered":"<p>[vc_row iw_layout=&#8221;wide-bg&#8221;][vc_column][inwave_heading preview_style_1=&#8221;&#8221; title=&#8221;{Plegables Informativos}&#8221; align=&#8221;center&#8221;][vc_empty_space][vc_column_text]<\/p>\n<p style=\"text-align: center;\">El Centro Oftalmol\u00f3gico Virgilio Galvis comparte plegables informativos con el proposito de informar nuestros procedimientos, cirug\u00edas, tratamientos e informaci\u00f3n valiosa para nuestros pacientes.<\/p>\n<p>[\/vc_column_text][\/vc_column][\/vc_row][vc_row content_placement=&#8221;middle&#8221; iw_layout=&#8221;wide-bg&#8221;][vc_column][vc_empty_space][inwave_accordions layout=&#8221;accordion2&#8243; preview_style2=&#8221;&#8221; item_active=&#8221;-1&#8243; class=&#8221;display:none&#8221;][inwave_accordion_item title=&#8221;Cirug\u00eda Refractiva&#8221; class=&#8221;-1&#8243;]<\/p>\n<ul>\n<li><a href=\"https:\/\/virgiliogalvis.com\/wp-content\/uploads\/2021\/04\/brochure-excimer-laser-Vertical.pdf\" target=\"_blank\" rel=\"noopener noreferrer\">Cirug\u00eda de Excimer Laser<\/a><\/li>\n<\/ul>\n<p>[\/inwave_accordion_item][inwave_accordion_item title=&#8221;Catarata&#8221; class=&#8221;-1&#8243;]<\/p>\n<ul>\n<li><a href=\"https:\/\/virgiliogalvis.com\/wp-content\/uploads\/2021\/04\/Catarata-vertical.pdf\" target=\"_blank\" rel=\"noopener noreferrer\">Cirug\u00eda de Catarata<\/a><\/li>\n<\/ul>\n<p>[\/inwave_accordion_item][inwave_accordion_item title=&#8221;Queratocono&#8221; class=&#8221;-1&#8243;]<\/p>\n<ul>\n<li><a href=\"https:\/\/virgiliogalvis.com\/wp-content\/uploads\/2021\/04\/Queratocono-vertical.pdf\" target=\"_blank\" rel=\"noopener noreferrer\">Cirug\u00eda para el Queratocono<\/a><\/li>\n<\/ul>\n<p>[\/inwave_accordion_item][inwave_accordion_item title=&#8221;Glaucoma&#8221; class=&#8221;-1&#8243;]<\/p>\n<ul>\n<li><a href=\"https:\/\/virgiliogalvis.com\/wp-content\/uploads\/2021\/04\/Glaucoma-vertical.pdf\">Tratamiento para el Glaucoma<\/a><\/li>\n<\/ul>\n<p>[\/inwave_accordion_item][inwave_accordion_item title=&#8221;Trasplante de C\u00f3rnea&#8221; class=&#8221;-1&#8243;]<\/p>\n<ul>\n<li><a href=\"https:\/\/virgiliogalvis.com\/wp-content\/uploads\/2021\/04\/Trasplante-de-Cornea-vertical.pdf\" target=\"_blank\" rel=\"noopener noreferrer\">Cirug\u00eda de Trasplante de C\u00f3rnea<\/a><\/li>\n<\/ul>\n<p>[\/inwave_accordion_item][inwave_accordion_item title=&#8221;Solicitud Historia Cl\u00ednica&#8221; class=&#8221;-1&#8243;]<\/p>\n<ul>\n<li><a href=\"https:\/\/virgiliogalvis.com\/wp-content\/uploads\/2021\/04\/COMO-SOLICITAR-COPIA-DE-HISTORIA-CLINICA-Vertical-baja.pdf\" target=\"_blank\" rel=\"noopener noreferrer\">C\u00f3mo solicitar la Historia Cl\u00ednica<\/a><\/li>\n<\/ul>\n<p>[\/inwave_accordion_item][inwave_accordion_item title=&#8221;Paciente Alergico&#8221; class=&#8221;-1&#8243;]<\/p>\n<ul>\n<li><a href=\"https:\/\/virgiliogalvis.com\/wp-content\/uploads\/2021\/08\/Paciente-Alergico-baja-vertical.pdf\" target=\"_blank\" rel=\"noopener noreferrer\">Paciente Alergico<\/a><\/li>\n<\/ul>\n<p>[\/inwave_accordion_item][inwave_accordion_item title=&#8221;Conjuntivitis&#8221; class=&#8221;-1&#8243;]<\/p>\n<ul>\n<li><a href=\"https:\/\/virgiliogalvis.com\/wp-content\/uploads\/2021\/08\/Conjuntivitis-alta-vertical.pdf\" target=\"_blank\" rel=\"noopener noreferrer\">Conjuntivitis<\/a><\/li>\n<\/ul>\n<p>[\/inwave_accordion_item][inwave_accordion_item title=&#8221;Tratamiento Demodex&#8221; class=&#8221;-1&#8243;]<\/p>\n<ul>\n<li><a href=\"https:\/\/virgiliogalvis.com\/wp-content\/uploads\/2022\/02\/DEMODEX-corregido-Vertical.pdf\" target=\"_blank\" rel=\"noopener noreferrer\">Tratamiento Demodex<\/a><\/li>\n<\/ul>\n<p>[\/inwave_accordion_item][\/inwave_accordions][\/vc_column][\/vc_row][vc_row][vc_column][vc_raw_js]JTNDc2NyaXB0JTIwdHlwZSUzRCUyMnRleHQlMkZqYXZhc2NyaXB0JTIyJTNFJTBBaXRlbXMlMjAlM0QlMjBkb2N1bWVudC5nZXRFbGVtZW50c0J5Q2xhc3NOYW1lJTI4JTIyZG9jdG9yLW5hbWUlMjIlMjklM0IlMEFmb3IlMjh2YXIlMjBpJTNEMCUzQiUyMGklM0NpdGVtcy5sZW5ndGglM0IlMjBpJTJCJTJCJTI5JTdCJTBBdmFyJTIwaW1nJTIwJTNEJTIwZG9jdW1lbnQuY3JlYXRlRWxlbWVudCUyOCUyMklNRyUyMiUyOSUzQiUwQWltZy5zcmMlMjAlM0QlMjAlMjJodHRwcyUzQSUyRiUyRnZpcmdpbGlvZ2FsdmlzLmNvbSUyRndwLWNvbnRlbnQlMkZ1cGxvYWRzJTJGMjAxOSUyRjA3JTJGSUNPTi5wbmclMjIlM0IlMEFpbWcud2lkdGglMjAlM0QlMjAlMjI0MCUyMiUzQiUyMCUwQWltZy5oZWlnaHQlMjAlM0QlMjAlMjI0MCUyMiUzQiUyMCUwQWl0ZW1zJTVCaSU1RC5pbnNlcnRBZGphY2VudEVsZW1lbnQlMjglMjJiZWZvcmViZWdpbiUyMiUyQyUyMGltZyUyOSUzQiUyMCUwQSU3RCUyMCUzQyUyRnNjcmlwdCUzRQ==[\/vc_raw_js][\/vc_column][\/vc_row]<\/p>\n","protected":false},"excerpt":{"rendered":"<p>[vc_row iw_layout=&#8221;wide-bg&#8221;][vc_column][inwave_heading preview_style_1=&#8221;&#8221; title=&#8221;{Plegables Informativos}&#8221; align=&#8221;center&#8221;][vc_empty_space][vc_column_text] El Centro Oftalmol\u00f3gico Virgilio Galvis comparte plegables informativos con el proposito de informar nuestros procedimientos, cirug\u00edas, tratamientos e informaci\u00f3n valiosa para nuestros pacientes. [\/vc_column_text][\/vc_column][\/vc_row][vc_row content_placement=&#8221;middle&#8221; iw_layout=&#8221;wide-bg&#8221;][vc_column][vc_empty_space][inwave_accordions layout=&#8221;accordion2&#8243; preview_style2=&#8221;&#8221; item_active=&#8221;-1&#8243; class=&#8221;display:none&#8221;][inwave_accordion_item title=&#8221;Cirug\u00eda Refractiva&#8221; class=&#8221;-1&#8243;] Cirug\u00eda de Excimer Laser [\/inwave_accordion_item][inwave_accordion_item title=&#8221;Catarata&#8221; class=&#8221;-1&#8243;] Cirug\u00eda de Catarata [\/inwave_accordion_item][inwave_accordion_item title=&#8221;Queratocono&#8221; class=&#8221;-1&#8243;] Cirug\u00eda para el&#8230;<\/p>\n","protected":false},"author":2,"featured_media":0,"parent":0,"menu_order":0,"comment_status":"closed","ping_status":"closed","template":"page-templates\/full-width-page.php","meta":{"_acf_changed":false,"inline_featured_image":false,"footnotes":""},"class_list":["post-6351","page","type-page","status-publish","hentry"],"acf":[],"_links":{"self":[{"href":"https:\/\/virgiliogalvis.com\/en\/wp-json\/wp\/v2\/pages\/6351","targetHints":{"allow":["GET"]}}],"collection":[{"href":"https:\/\/virgiliogalvis.com\/en\/wp-json\/wp\/v2\/pages"}],"about":[{"href":"https:\/\/virgiliogalvis.com\/en\/wp-json\/wp\/v2\/types\/page"}],"author":[{"embeddable":true,"href":"https:\/\/virgiliogalvis.com\/en\/wp-json\/wp\/v2\/users\/2"}],"replies":[{"embeddable":true,"href":"https:\/\/virgiliogalvis.com\/en\/wp-json\/wp\/v2\/comments?post=6351"}],"version-history":[{"count":0,"href":"https:\/\/virgiliogalvis.com\/en\/wp-json\/wp\/v2\/pages\/6351\/revisions"}],"wp:attachment":[{"href":"https:\/\/virgiliogalvis.com\/en\/wp-json\/wp\/v2\/media?parent=6351"}],"curies":[{"name":"wp","href":"https:\/\/api.w.org\/{rel}","templated":true}]}}