{"id":6037,"date":"2021-01-06T12:07:12","date_gmt":"2021-01-06T17:07:12","guid":{"rendered":"https:\/\/virgiliogalvis.com\/?page_id=6037"},"modified":"2021-01-06T12:07:12","modified_gmt":"2021-01-06T17:07:12","slug":"neurooftalmologia","status":"publish","type":"page","link":"https:\/\/virgiliogalvis.com\/en\/enfermedades-oculares\/neurooftalmologia\/","title":{"rendered":"Neuro-ophthalmology"},"content":{"rendered":"<p>[vc_row iw_layout=&#8221;wide-bg&#8221;][vc_column][vc_row_inner equal_height=&#8221;yes&#8221; gap=&#8221;35&#8243;][vc_column_inner width=&#8221;1\/4&#8243;][vc_wp_custommenu nav_menu=&#8221;41&#8243; title=&#8221;ENFERMEDADES OCULARES&#8221; el_class=&#8221;enfermedades_oculares&#8221;][\/vc_column_inner][vc_column_inner width=&#8221;3\/4&#8243;][inwave_heading preview_style_1=&#8221;&#8221; title=&#8221;{LA NEUROOFTALMOLOG\u00cdA}&#8221;][vc_column_text]La neurooftalmolog\u00eda es la parte de la oftalmologia que se encarga de las enfermedades que afectan a la v\u00eda \u00f3ptica, es decir, de todo lo que se relaciona con la\u00a0 transmisi\u00f3n de \u00a0la se\u00f1al luminosa desde la retina hasta el cerebro, hasta su procesamiento en la corteza cerebral\u00a0 y hasta que nosotros entendemos qu\u00e9 es lo que estamos viendo.<\/p>\n<p>Hay un espectro muy amplio de enfermedades y muy diversas seg\u00fan a qu\u00e9 nivel est\u00e9 afectando cada una de \u00e9llas, y por tanto, tambi\u00e9n es muy diverso el espectro de pacientes que pueden\u00a0 consultar.<\/p>\n<p>En la neurooftalmolog\u00eda, podemos tener desde pacientes j\u00f3venes con una Esclerosis M\u00faltiple, que es una enfermedad Sist\u00e9mica, generalizada, que as\u00ed como puede producir un brote de inflamacion en el Sistema Nervioso Central,\u00a0 tambi\u00e9n \u00a0puede provocar una inflamaci\u00f3n en el nervio \u00f3ptico y eso se traduce en una p\u00e9rdida de visi\u00f3n, con lo cual pueden consultar inicialmente un oftalmologo.<\/p>\n<p>Hasta \u00a0pacientes de mayor edad \u00a0con otras enfermedades diversas como podrian ser algunos tumores con un crecimiento lento, que pueden afectar tanto a la via \u00f3ptica, al nervio \u00f3ptico , as\u00ed como a las zonas del cerebro que se encargan de la visi\u00f3n.[\/vc_column_text][\/vc_column_inner][\/vc_row_inner][vc_empty_space][vc_row_inner][vc_column_inner][inwave_heading preview_style_1=&#8221;&#8221; title=&#8221;{Enfermedades relacionadas con la Neurooftalmolog\u00eda}&#8221; sub_title=&#8221;Los m\u00e1s frecuentes son:&#8221; align=&#8221;center&#8221;][\/vc_column_inner][\/vc_row_inner][vc_empty_space][vc_row_inner gap=&#8221;35&#8243;][vc_column_inner width=&#8221;1\/3&#8243;][inwave_item_info style=&#8221;style1_4&#8243; preview_style4=&#8221;&#8221; title=&#8221;{Alteraciones Pupilares}&#8221; description=&#8221;De diferente origen,en el tama\u00f1o, en la forma y tambi\u00e9n pueden ser notadas de manera brusca o aveces son desapercibidas por el paciente.&#8221; icon_size=&#8221;100&#8243; align=&#8221;center&#8221; img=&#8221;3143&#8243;][\/vc_column_inner][vc_column_inner width=&#8221;1\/3&#8243;][inwave_item_info style=&#8221;style1_4&#8243; preview_style4=&#8221;&#8221; title=&#8221;{Dolor ocular con perdida de visi\u00f3n}&#8221; description=&#8221;Hay muchas causas que son diagn\u00f3sticadas por el Neurooftalm\u00f3logo y que producen este problema&#8221; icon_size=&#8221;100&#8243; align=&#8221;center&#8221; img=&#8221;3144&#8243;][\/vc_column_inner][vc_column_inner width=&#8221;1\/3&#8243;][inwave_item_info style=&#8221;style1_4&#8243; preview_style4=&#8221;&#8221; title=&#8221;{Alteraciones en los movimiento del Ojo}&#8221; description=&#8221;Pueden ser cong\u00e9nitos o adquiridos, par\u00e1lisis en el movimiento de los ojos.&#8221; icon_size=&#8221;100&#8243; align=&#8221;center&#8221; img=&#8221;3145&#8243;][\/vc_column_inner][\/vc_row_inner][vc_row_inner gap=&#8221;35&#8243;][vc_column_inner width=&#8221;1\/3&#8243;][inwave_item_info style=&#8221;style1_4&#8243; preview_style4=&#8221;&#8221; title=&#8221;{Perdida visual inexplicada}&#8221; description=&#8221;No hay una causa evidente de por qu\u00e9 el paciente se queja de mala visi\u00f3n&#8221; icon_size=&#8221;100&#8243; align=&#8221;center&#8221; img=&#8221;3140&#8243;][\/vc_column_inner][vc_column_inner width=&#8221;1\/3&#8243;][inwave_item_info style=&#8221;style1_4&#8243; preview_style4=&#8221;&#8221; title=&#8221;{Defectos del Campo Visual}&#8221; description=&#8221;Hay p\u00e9rdidas de campo visual,no relacionadas con glaucoma y que se confunden con esta otra enfermedad&#8221; icon_size=&#8221;100&#8243; align=&#8221;center&#8221; img=&#8221;3141&#8243;][\/vc_column_inner][vc_column_inner width=&#8221;1\/3&#8243;][inwave_item_info style=&#8221;style1_4&#8243; preview_style4=&#8221;&#8221; title=&#8221;{Diplopia o Visi\u00f3n Doble}&#8221; description=&#8221;Esta condici\u00f3n puede ser de inicio brusco o instauraci\u00f3n progresiva&#8221; icon_size=&#8221;100&#8243; align=&#8221;center&#8221; img=&#8221;3142&#8243;][\/vc_column_inner][\/vc_row_inner][vc_empty_space][vc_row_inner][vc_column_inner][inwave_heading preview_style_1=&#8221;&#8221; title=&#8221;{Enfermedades relacionadas con Neurooftalmolog\u00eda}&#8221; sub_title=&#8221;Hay muchas enfermedades propias de la c\u00f3rnea, tanto hereditarias como adquiridas. Por su importancia podemos destacar las siguientes:&#8221; align=&#8221;center&#8221;][vc_empty_space][\/vc_column_inner][\/vc_row_inner][vc_tta_accordion active_section=&#8221;-1&#8243; collapsible_all=&#8221;true&#8221;][vc_tta_section title=&#8221;NEURITIS \u00d3PTICA&#8221; tab_id=&#8221;1563493174473-3f64095d-e7b6&#8243;][vc_row_inner gap=&#8221;35&#8243;][vc_column_inner width=&#8221;1\/2&#8243;][vc_video link=&#8221;https:\/\/youtu.be\/MQFkg6K40b0&#8243;][\/vc_column_inner][vc_column_inner width=&#8221;1\/2&#8243;][vc_column_text]La neuritis \u00f3ptica se produce cuando la hinchaz\u00f3n da\u00f1a el nervio \u00f3ptico, un conjunto de fibras nerviosas que transmite la informaci\u00f3n visual del ojo al cerebro. Los s\u00edntomas comunes de la neuritis \u00f3ptica incluyen dolor con el movimiento del ojo y p\u00e9rdida temporal de la visi\u00f3n en un ojo.<\/p>\n<p>Los signos y s\u00edntomas de la neuritis \u00f3ptica pueden ser la primera indicaci\u00f3n de esclerosis m\u00faltiple, o pueden aparecer m\u00e1s tarde<abbr title=\"esclerosis m\u00faltiple\"><\/abbr>. La esclerosis m\u00faltiple es una enfermedad que causa inflamaci\u00f3n y da\u00f1o a los nervios del cerebro y del nervio \u00f3ptico.[\/vc_column_text][inwave_accordions layout=&#8221;accordion2&#8243; preview_style2=&#8221;&#8221; item_active=&#8221;-1&#8243;][inwave_accordion_item title=&#8221;S\u00edntomas&#8221;]La neuritis \u00f3ptica suele afectar un solo ojo, los sintomas pueden ser:<\/p>\n<p><strong>Dolor.<\/strong> La mayor\u00eda de las personas que presentan neuritis \u00f3ptica sienten dolor ocular que empeora con el movimiento del ojo. A veces, esto se percibe como un dolor sordo detr\u00e1s del ojo.<\/p>\n<p><strong>P\u00e9rdida de la visi\u00f3n en un ojo.<\/strong> La mayor\u00eda de las personas tienen al menos una reducci\u00f3n temporal de la visi\u00f3n, pero el grado de p\u00e9rdida var\u00eda. La p\u00e9rdida evidente de la visi\u00f3n generalmente se presenta con el paso de las horas o los d\u00edas, y mejora en el transcurso de varias semanas o meses. La p\u00e9rdida de la visi\u00f3n es permanente en algunas personas.<\/p>\n<p><strong>P\u00e9rdida del campo visual.<\/strong> La p\u00e9rdida de visi\u00f3n lateral puede ocurrir en cualquier patr\u00f3n, como la p\u00e9rdida de visi\u00f3n central o la p\u00e9rdida de visi\u00f3n perif\u00e9rica.<\/p>\n<p><strong>P\u00e9rdida de la visi\u00f3n del color (crom\u00e1tica).<\/strong> La neuritis \u00f3ptica a menudo afecta la percepci\u00f3n del color. Puedes notar que los colores parecen menos v\u00edvidos de lo normal.<\/p>\n<p><strong>R\u00e1fagas de luz.<\/strong> Algunas personas con neuritis \u00f3ptica dicen ver r\u00e1fagas de luz o luces centelleantes con los movimientos oculares.[\/inwave_accordion_item][inwave_accordion_item title=&#8221;Tratamiento&#8221;]La neuritis \u00f3ptica generalmente mejora por s\u00ed sola. En algunos casos, se utilizan medicamentos esteroides para reducir la inflamaci\u00f3n del nervio \u00f3ptico. Los posibles efectos secundarios del tratamiento con esteroides incluyen aumento de peso, cambios del estado de \u00e1nimo, enrojecimiento facial, malestar estomacal e insomnio.<\/p>\n<p>El tratamiento con esteroides generalmente se administra por v\u00eda intravenosa. La terapia con esteroides intravenosos acelera la recuperaci\u00f3n de la visi\u00f3n, pero no parece afectar la cantidad de visi\u00f3n que se recuperar\u00e1 para la t\u00edpica neuritis \u00f3ptica.<\/p>\n<p>Cuando la terapia con esteroides fracasa y persiste la p\u00e9rdida grave de la visi\u00f3n, un tratamiento llamado terapia de intercambio plasm\u00e1tico podr\u00eda ayudar a algunas personas a recuperar la visi\u00f3n.[\/inwave_accordion_item][\/inwave_accordions][\/vc_column_inner][\/vc_row_inner][\/vc_tta_section][vc_tta_section title=&#8221;DIPLOPIA &#8211; VISI\u00d3N DOBLE&#8221; tab_id=&#8221;1563492533238-371fe378-974d&#8221;][vc_row_inner gap=&#8221;35&#8243;][vc_column_inner width=&#8221;1\/2&#8243;][vc_video link=&#8221;https:\/\/youtu.be\/Qs0xSQRK1DA&#8221;][\/vc_column_inner][vc_column_inner width=&#8221;1\/2&#8243;][vc_column_text]La diplop\u00eda, tambi\u00e9n llamada visi\u00f3n doble, es una enfermedad de la visi\u00f3n en la cual las im\u00e1genes percibidas por los ojos no se procesan en el cerebro como una sola imagen espacial, sino que se genera visi\u00f3n doble. Seg\u00fan su origen, puede ser de dos tipos:<\/p>\n<p><strong>Binocular<\/strong>: es el tipo m\u00e1s com\u00fan. Ocurre cuando los ojos no se alinean entre ellos correctamente.<\/p>\n<p><strong>Monocular<\/strong>: es mucho menos com\u00fan que la anterior. Se caracteriza por la visi\u00f3n doble generara s\u00f3lo por un ojo. Est\u00e1 relacionada con una anormalidad del ojo.<\/p>\n<p>Seg\u00fan su resultado, la diplop\u00eda puede ser de tres tipos:<\/p>\n<p><strong>Horizontal<\/strong>: las im\u00e1genes aparecen una al lado de la otra.<\/p>\n<p><strong>Vertical<\/strong>: las im\u00e1genes aparecen una encima de la otra.<\/p>\n<p><strong>Diagonal<\/strong>: las im\u00e1genes aparecen tanto de forma horizontal como vertical.[\/vc_column_text][inwave_accordions layout=&#8221;accordion2&#8243; preview_style2=&#8221;&#8221; item_active=&#8221;-1&#8243;][inwave_accordion_item title=&#8221;S\u00edntomas&#8221;]Aparte de la visi\u00f3n doble, otros s\u00edntomas que pueden aparecer son:<\/p>\n<p>Desalineaci\u00f3n de uno o ambos ojos<\/p>\n<p>Dolor alrededor de los ojos<\/p>\n<p>Dolor durante los movimientos oculares en uno o ambos ojos<\/p>\n<p>Dolor de cabeza<\/p>\n<p>Debilidad, generalmente en los ojos<\/p>\n<p>N\u00e1useas<\/p>\n<p>P\u00e1rpados ca\u00eddos[\/inwave_accordion_item][inwave_accordion_item title=&#8221;Tratamiento&#8221;].[\/inwave_accordion_item][\/inwave_accordions][\/vc_column_inner][\/vc_row_inner][\/vc_tta_section][vc_tta_section title=&#8221;EDEMA DEL DISCO \u00d3PTICO&#8221; tab_id=&#8221;1563493188432-2d063c36-f5fc&#8221;][vc_row_inner gap=&#8221;35&#8243;][vc_column_inner width=&#8221;1\/2&#8243;][vc_video link=&#8221;https:\/\/youtu.be\/cT5nkeT9IQg&#8221;][\/vc_column_inner][vc_column_inner width=&#8221;1\/2&#8243;][vc_column_text]<span class=\"Textos\">El edema de papila o de nervio \u00f3ptico es una inflamaci\u00f3n o &#8220;hinchaz\u00f3n&#8221; que ocurre en ese nervio. El nervio \u00f3ptico va desde el ojo o globo ocular hasta el cerebro, para transmitir la informaci\u00f3n visual al lugar donde se la procesa. El edema de papila podr\u00eda implicar un da\u00f1o en el nervio \u00f3ptico, aunque esto no siempre es as\u00ed.<\/span>[\/vc_column_text][inwave_accordions layout=&#8221;accordion2&#8243; preview_style2=&#8221;&#8221; item_active=&#8221;-1&#8243;][inwave_accordion_item title=&#8221;S\u00edntomas&#8221;]<span class=\"Textos\">El nervio \u00f3ptico es un \u00f3rgano redondeado, plano, de bordes bien definidos, que se encuentra detr\u00e1s del globo ocular. El edema de papila, como consecuencia de la inflamaci\u00f3n de ese nervio, produce una disminuci\u00f3n de la visi\u00f3n o visi\u00f3n &#8220;borrosa&#8221;. Esa disminuci\u00f3n puede ser leve, moderada o severa. <\/span><\/p>\n<p><span class=\"Textos\">En ocasiones, se da as\u00ed mismo una disminuci\u00f3n de la visi\u00f3n perif\u00e9rica o del campo visual. Tambi\u00e9n pueden aparecer puntos blanquecinos y rojos que s\u00f3lo es capaz de advertir el m\u00e9dico oftalm\u00f3logo.<\/span>[\/inwave_accordion_item][inwave_accordion_item title=&#8221;Tratamiento&#8221;]<span class=\"Textos\">El tratamiento depende de la causa que lo produjo. En el edema de papila por arteritis temporal de origen inflamatorio, se indican corticoides. En el edema por enfermedades neurol\u00f3gicas como la esclerosis m\u00faltiple, se indican corticoides endovenosos o interfer\u00f3n.<\/span><\/p>\n<p>En el edema por pseudotumor cerebri se indica una reducci\u00f3n de peso, diur\u00e9ticos o cirug\u00edas del nervio \u00f3ptico en los casos en que ambas opciones no generen resultados. En otros, como el edema de origen vascular y la neuropat\u00eda \u00f3ptica anterior isqu\u00e9mica, se tratan las enfermedades generales que predisponen a esta afecci\u00f3n como son la hipertensi\u00f3n arterial y la diabetes.[\/inwave_accordion_item][\/inwave_accordions][\/vc_column_inner][\/vc_row_inner][\/vc_tta_section][vc_tta_section title=&#8221;NEUROPAT\u00cdA \u00d3PTICA ISQUEMICA&#8221; tab_id=&#8221;1563492533292-53eb00b1-ee75&#8243;][vc_row_inner gap=&#8221;35&#8243;][vc_column_inner width=&#8221;1\/2&#8243;][vc_video link=&#8221;https:\/\/youtu.be\/DTL_5oZrIaI&#8221;][\/vc_column_inner][vc_column_inner width=&#8221;1\/2&#8243;][vc_column_text]La neuropat\u00eda \u00f3ptica isqu\u00e9mica se produce cuando la sangre no fluye adecuadamente al nervio \u00f3ptico del ojo, lo cual ocasiona da\u00f1os duraderos al nervio, de repente se pierde la visi\u00f3n en uno o ambos ojos.<\/p>\n<p>El nervio \u00f3ptico lleva se\u00f1ales de los ojos al cerebro. Luego, el cerebro convierte estas se\u00f1ales en las im\u00e1genes que usted ve. Cuando el flujo sangu\u00edneo al nervio \u00f3ptico se reduce o se bloquea, \u00e9ste no obtiene suficiente ox\u00edgeno o nutrici\u00f3n. Entonces, deja de funcionar de forma adecuada y, finalmente, muere.<\/p>\n<p>Esta condici\u00f3n puede afectar la visi\u00f3n central, la lateral (perif\u00e9rica) o ambas. Como el nervio \u00f3ptico da\u00f1ado no se puede reparar, cualquier p\u00e9rdida de visi\u00f3n producida suele ser permanente. Por lo general, las personas con esta condici\u00f3n grave conservan parte de la visi\u00f3n perif\u00e9rica.<\/p>\n<p>[\/vc_column_text][inwave_accordions layout=&#8221;accordion2&#8243; preview_style2=&#8221;&#8221; item_active=&#8221;-1&#8243;][inwave_accordion_item title=&#8221;S\u00edntomas&#8221;]<\/p>\n<p class=\"p1\"><span class=\"s1\">Si se reduce el flujo sangu\u00edneo al nervio \u00f3ptico, la visi\u00f3n se oscurecer\u00e1 durante unos segundos o minutos y, luego, volver\u00e1 a la normalidad. Esto se denomina accidente isqu\u00e9mico transitorio. <\/span><\/p>\n<p class=\"p1\"><span class=\"s1\">Este tipo de accidente vascular puede suceder antes de que comience. Si tiene s\u00edntomas, llame a su oftalm\u00f3logo o m\u00e9dico de atenci\u00f3n primaria inmediatamente. <\/span><\/p>\n<p class=\"p1\"><span class=\"s1\">Descubrir y tratar el problema tan pronto como sea posible puede ayudar a evitar una mayor p\u00e9rdida de la visi\u00f3n causada por la Neuropat\u00eda \u00f3ptica isquemica.<br \/>\n<\/span><\/p>\n<p>[\/inwave_accordion_item][inwave_accordion_item title=&#8221;Tratamiento&#8221;]Si la causa de la Neuropat\u00eda es la hinchaz\u00f3n de las arterias de la cabeza (arteritis temporal), su oftalm\u00f3logo podr\u00eda pedirle que tome pastillas de esteroides (prednisona). Este medicamento puede evitar que la Neuropat\u00eda se manifieste en el otro ojo.<\/p>\n<p>Puede que su m\u00e9dico desee tratar cualquier otro problema de salud que usted tenga y que lo ponga en riesgo de tener. Puede recetarle medicamentos para tratar la presi\u00f3n arterial alta, la diabetes, la obstrucci\u00f3n de las arterias, las\u00a0migra\u00f1as u otros problemas de salud.<\/p>\n<p>No existe ning\u00fan tratamiento para mejorar la p\u00e9rdida de la visi\u00f3n producida por la Neuropat\u00eda. Sin embargo, su oftalm\u00f3logo le puede sugerir materiales y recursos \u00fatiles para ayudarlo a ver con baja visi\u00f3n.[\/inwave_accordion_item][\/inwave_accordions][\/vc_column_inner][\/vc_row_inner][\/vc_tta_section][\/vc_tta_accordion][vc_row_inner][vc_column_inner][vc_btn title=&#8221;SOLICITE SU CITA&#8221; shape=&#8221;round&#8221; align=&#8221;center&#8221; el_class=&#8221;popmake-3281 pum-trigger&#8221;][\/vc_column_inner][\/vc_row_inner][\/vc_column][\/vc_row]<\/p>\n","protected":false},"excerpt":{"rendered":"<p>[vc_row iw_layout=&#8221;wide-bg&#8221;][vc_column][vc_row_inner equal_height=&#8221;yes&#8221; gap=&#8221;35&#8243;][vc_column_inner width=&#8221;1\/4&#8243;][vc_wp_custommenu nav_menu=&#8221;41&#8243; title=&#8221;ENFERMEDADES OCULARES&#8221; el_class=&#8221;enfermedades_oculares&#8221;][\/vc_column_inner][vc_column_inner width=&#8221;3\/4&#8243;][inwave_heading preview_style_1=&#8221;&#8221; title=&#8221;{LA NEUROOFTALMOLOG\u00cdA}&#8221;][vc_column_text]La neurooftalmolog\u00eda es la parte de la oftalmologia que se encarga de las enfermedades que afectan a la v\u00eda \u00f3ptica, es decir, de todo lo que se relaciona con la\u00a0 transmisi\u00f3n de \u00a0la se\u00f1al luminosa desde la retina hasta el cerebro, hasta su&#8230;<\/p>\n","protected":false},"author":2,"featured_media":0,"parent":3003,"menu_order":0,"comment_status":"closed","ping_status":"closed","template":"page-templates\/full-width-page.php","meta":{"_acf_changed":false,"inline_featured_image":false,"footnotes":""},"class_list":["post-6037","page","type-page","status-publish","hentry"],"acf":[],"_links":{"self":[{"href":"https:\/\/virgiliogalvis.com\/en\/wp-json\/wp\/v2\/pages\/6037","targetHints":{"allow":["GET"]}}],"collection":[{"href":"https:\/\/virgiliogalvis.com\/en\/wp-json\/wp\/v2\/pages"}],"about":[{"href":"https:\/\/virgiliogalvis.com\/en\/wp-json\/wp\/v2\/types\/page"}],"author":[{"embeddable":true,"href":"https:\/\/virgiliogalvis.com\/en\/wp-json\/wp\/v2\/users\/2"}],"replies":[{"embeddable":true,"href":"https:\/\/virgiliogalvis.com\/en\/wp-json\/wp\/v2\/comments?post=6037"}],"version-history":[{"count":0,"href":"https:\/\/virgiliogalvis.com\/en\/wp-json\/wp\/v2\/pages\/6037\/revisions"}],"up":[{"embeddable":true,"href":"https:\/\/virgiliogalvis.com\/en\/wp-json\/wp\/v2\/pages\/3003"}],"wp:attachment":[{"href":"https:\/\/virgiliogalvis.com\/en\/wp-json\/wp\/v2\/media?parent=6037"}],"curies":[{"name":"wp","href":"https:\/\/api.w.org\/{rel}","templated":true}]}}