{"id":5796,"date":"2020-09-17T09:13:31","date_gmt":"2020-09-17T14:13:31","guid":{"rendered":"https:\/\/virgiliogalvis.com\/?page_id=5796"},"modified":"2020-09-17T09:13:31","modified_gmt":"2020-09-17T14:13:31","slug":"estrabismo","status":"publish","type":"page","link":"https:\/\/virgiliogalvis.com\/en\/enfermedades-oculares\/estrabismo\/","title":{"rendered":"Strabismus in Adults and Children"},"content":{"rendered":"<p>[vc_row iw_layout=&#8221;wide-bg&#8221;][vc_column][vc_row_inner equal_height=&#8221;yes&#8221; gap=&#8221;35&#8243;][vc_column_inner width=&#8221;1\/4&#8243;][vc_wp_custommenu title=&#8221;ENFERMEDADES OCULARES&#8221; nav_menu=&#8221;41&#8243;][\/vc_column_inner][vc_column_inner width=&#8221;3\/4&#8243;][inwave_heading preview_style_1=&#8221;&#8221; title=&#8221;{EL ESTRABISMO}&#8221;][vc_column_text]<\/p>\n<p class=\"p1\" style=\"line-height: 1.5 !important;\"><span class=\"s1\">En el centro oftalmol\u00f3gico Virgilio Galvis nos ocupamos del tratamiento para adultos y ni\u00f1os del estrabismo. <\/span>El estrabismo es una desviaci\u00f3n de la l\u00ednea visual de uno de los dos ojos, lo que conlleva que \u00e9stos no se encuentren ubicados en la misma direcci\u00f3n con respecto al eje visual ni sean paralelos. De este modo, mientras un ojo dirige su mirada hacia un determinado objeto, el otro se dirige hacia otra direcci\u00f3n. Esto supone un problema tanto visual como est\u00e9tico.<\/p>\n<p>Si se toma como referencia la clasificaci\u00f3n de los estrabismos en funci\u00f3n de la direcci\u00f3n en la que se desplaza el ojo desviado podemos diferenciar estos tipos de estrabismo:[\/vc_column_text][inwave_item_info style=&#8221;style1_4&#8243; preview_style4=&#8221;&#8221; title=&#8221;{Estrabismo convergente}&#8221; description=&#8221;Se produce cuando el ojo se desv\u00eda hacia dentro.&#8221; icon_size=&#8221;50&#8243; align=&#8221;center&#8221; img=&#8221;3144&#8243;][inwave_item_info style=&#8221;style1_4&#8243; preview_style4=&#8221;&#8221; title=&#8221;{Estrabismo divergente}&#8221; description=&#8221;Se produce cuando el ojo se desv\u00eda hacia fuera.&#8221; icon_size=&#8221;50&#8243; align=&#8221;center&#8221; img=&#8221;3143&#8243;][\/vc_column_inner][\/vc_row_inner][vc_row_inner][vc_column_inner width=&#8221;1\/2&#8243;][vc_video link=&#8221;https:\/\/youtu.be\/wVd1LB9927k?list=PLh6eMCfKx_WymVU9CGnDODispeRNqRXPS&#8221;][\/vc_column_inner][vc_column_inner width=&#8221;1\/2&#8243;][vc_column_text]<\/p>\n<p class=\"p1\"><span class=\"s1\">En ni\u00f1os el tratamiento se hace con la correcci\u00f3n \u00f3ptica ya sea con gafas o con lentes de contacto o inclusive cirug\u00eda. La elecci\u00f3n de uno u otro m\u00e9todo depender\u00e1 del defecto, la diferencia en cada ojo, la edad del paciente y las necesidades del paciente.<\/span><\/p>\n<p>En adultos se debe realizar una cirug\u00eda; todos los casos de estrabismo pueden ser\u00a0 operables y en aquellos en los que la patolog\u00eda haya aparecido durante la infancia, la intervenci\u00f3n quirurgica puede realizarse a cualquier edad.<\/p>\n<p>Esta se considera una cirug\u00eda reconstructiva que permite a los pacientes sentirse muy satisfechos con el resultado y experimentar una mejor\u00eda evidente a nivel social.[\/vc_column_text][vc_btn title=&#8221;SOLICITE SU CITA&#8221; shape=&#8221;round&#8221; align=&#8221;center&#8221; el_class=&#8221;popmake-3281 pum-trigger&#8221;][\/vc_column_inner][\/vc_row_inner][vc_row_inner][vc_column_inner][inwave_accordions layout=&#8221;accordion2&#8243; preview_style2=&#8221;&#8221; item_active=&#8221;-1&#8243;][inwave_accordion_item title=&#8221;Tipos&#8221;]<\/p>\n<p class=\"p1\"><span class=\"s1\">Existen diferentes tipos de estrabismo, cada uno con sus caracter\u00edsticas al examen oftalmol\u00f3gico, edad de inicio, pronostico y tratamiento. <\/span><\/p>\n<p class=\"p1\"><strong><span class=\"s1\">En ni\u00f1os<\/span><\/strong><\/p>\n<p class=\"p1\"><span class=\"s1\">Algunos estrabismos empiezan antes de los 6 meses de vida, estos son llamados estrabismos infantiles, y es importante detectarlos y corregirlos a tiempo. Hay otros estrabismos que se pueden desarrollar en la infancia o incluso en la edad adulta. <\/span><\/p>\n<p class=\"p1\"><span class=\"s1\">El estrabismo puede aparecer por un defecto de gafas que no se ha corregido. Algunas enfermedades se pueden relacionar con el estrabismo como las par\u00e1lisis cerebrales, trisom\u00eda 21, entre otras. <\/span><\/p>\n<p><strong>En Adultos<\/strong><\/p>\n<p>Muchos pacientes adultos que sufren estrabismo, sufren esta afecci\u00f3n desde la ni\u00f1ez, aunque de un modo controlado. Sin embargo, en la mayor\u00eda de los casos, el estrabismo tiene su origen en otras enfermedades como pueden ser:<\/p>\n<ul>\n<li>Diabetes mellitus<\/li>\n<li>Enfermedad tiroidea (enfermedad de Graves)<\/li>\n<li>Miastenia Gravis (una enfermedad neuromuscular)<\/li>\n<li>Tumores del sistema nervioso central<\/li>\n<li>Traumatismos cef\u00e1<\/li>\n<\/ul>\n<p>[\/inwave_accordion_item][inwave_accordion_item title=&#8221;Sintomas&#8221;]<\/p>\n<p class=\"p1\"><span class=\"s1\">En general los padres y\/o cuidadores son los primeros en notar la desviaci\u00f3n. La desviaci\u00f3n puede ser constante (presentarse todo el tiempo) u ocasional\/intermitente (estar presente a veces y a veces no tener desviaci\u00f3n). Cuando las desviaciones son intermitentes tienden a presentarse m\u00e1s frecuentemente cuando el ni\u00f1o est\u00e1 agotado o adormilado.<\/span><\/p>\n<p class=\"p1\"><span class=\"s1\">Al desviar preferentemente un ojo el paciente puede desarrollar ojo vago o perezoso. Los pacientes con estrabismo pueden ir perdiendo gradualmente\/ o no desarrollar la capacidad de ver en 3D, ver en relieve o calcular distancias (profundidad). Adem\u00e1s de la funci\u00f3n visual, debemos considerar la carga est\u00e9tica y psicol\u00f3gica que supone para los ni\u00f1os el tener un ojo desviado.<\/span><\/p>\n<p>Los s\u00edntomas m\u00e1s comunes del estrabismo pueden incluir:<\/p>\n<ul>\n<li>Ojos bizcos<\/li>\n<li>Visi\u00f3n doble<\/li>\n<li>Ojos que no se alinean en la misma direcci\u00f3n<\/li>\n<li>Movimientos oculares descoordinados (los ojos no se mueven juntos)<\/li>\n<li>P\u00e9rdida de la visi\u00f3n o de la percepci\u00f3n de profundidad<\/li>\n<\/ul>\n<p>[\/inwave_accordion_item][inwave_accordion_item title=&#8221;Tratamiento&#8221;]<\/p>\n<p class=\"p1\"><span class=\"s1\">El manejo del estrabismo depende del tipo de estrabismo. En general se debe realizar un examen oftalmol\u00f3gico completo que incluya la cantidad de desviaci\u00f3n, medidas de la desviaci\u00f3n, movimientos de los ojos, defectos refractivos y fondo de ojo. <\/span><\/p>\n<p class=\"p1\"><span class=\"s1\">En ni\u00f1os es importante inicialmente corregir cualquier defecto refractivo con gafas o lentes de contacto y posteriormente reevaluar al paciente. Algunas desviaciones se pueden curar solamente con la correcci\u00f3n \u00f3ptica. <\/span><\/p>\n<p class=\"p1\"><span class=\"s1\">El paciente puede necesitar tambi\u00e9n terapia de rehabilitaci\u00f3n visual en caso de ojo vago o perezoso, la cual incluye manejo con parches oculares. Algunos estrabismos requieren de una intervenci\u00f3n quir\u00fargica para su correcci\u00f3n.<\/span><\/p>\n<p>En adultos se debe realizar una cirug\u00eda; todos los casos de estrabismo pueden ser\u00a0 operables y en aquellos en los que la patolog\u00eda haya aparecido durante la infancia, la intervenci\u00f3n quirurgica puede realizarse a cualquier edad.<\/p>\n<p>Esta se considera una cirug\u00eda reconstructiva que permite a los pacientes sentirse muy satisfechos con el resultado y experimentar una mejor\u00eda evidente a nivel social.[\/inwave_accordion_item][\/inwave_accordions][\/vc_column_inner][\/vc_row_inner][vc_row_inner][vc_column_inner][vc_btn title=&#8221;SOLICITE SU CITA&#8221; shape=&#8221;round&#8221; align=&#8221;center&#8221; el_class=&#8221;popmake-3281 pum-trigger&#8221;][\/vc_column_inner][\/vc_row_inner][\/vc_column][\/vc_row]<\/p>\n","protected":false},"excerpt":{"rendered":"<p>[vc_row iw_layout=&#8221;wide-bg&#8221;][vc_column][vc_row_inner equal_height=&#8221;yes&#8221; gap=&#8221;35&#8243;][vc_column_inner width=&#8221;1\/4&#8243;][vc_wp_custommenu title=&#8221;ENFERMEDADES OCULARES&#8221; nav_menu=&#8221;41&#8243;][\/vc_column_inner][vc_column_inner width=&#8221;3\/4&#8243;][inwave_heading preview_style_1=&#8221;&#8221; title=&#8221;{EL ESTRABISMO}&#8221;][vc_column_text] En el centro oftalmol\u00f3gico Virgilio Galvis nos ocupamos del tratamiento para adultos y ni\u00f1os del estrabismo. El estrabismo es una desviaci\u00f3n de la l\u00ednea visual de uno de los dos ojos, lo que conlleva que \u00e9stos no se encuentren ubicados en la misma&#8230;<\/p>\n","protected":false},"author":2,"featured_media":0,"parent":3003,"menu_order":0,"comment_status":"closed","ping_status":"closed","template":"page-templates\/full-width-page.php","meta":{"_acf_changed":false,"inline_featured_image":false,"footnotes":""},"class_list":["post-5796","page","type-page","status-publish","hentry"],"acf":[],"_links":{"self":[{"href":"https:\/\/virgiliogalvis.com\/en\/wp-json\/wp\/v2\/pages\/5796","targetHints":{"allow":["GET"]}}],"collection":[{"href":"https:\/\/virgiliogalvis.com\/en\/wp-json\/wp\/v2\/pages"}],"about":[{"href":"https:\/\/virgiliogalvis.com\/en\/wp-json\/wp\/v2\/types\/page"}],"author":[{"embeddable":true,"href":"https:\/\/virgiliogalvis.com\/en\/wp-json\/wp\/v2\/users\/2"}],"replies":[{"embeddable":true,"href":"https:\/\/virgiliogalvis.com\/en\/wp-json\/wp\/v2\/comments?post=5796"}],"version-history":[{"count":0,"href":"https:\/\/virgiliogalvis.com\/en\/wp-json\/wp\/v2\/pages\/5796\/revisions"}],"up":[{"embeddable":true,"href":"https:\/\/virgiliogalvis.com\/en\/wp-json\/wp\/v2\/pages\/3003"}],"wp:attachment":[{"href":"https:\/\/virgiliogalvis.com\/en\/wp-json\/wp\/v2\/media?parent=5796"}],"curies":[{"name":"wp","href":"https:\/\/api.w.org\/{rel}","templated":true}]}}