{"id":5739,"date":"2020-09-09T10:03:17","date_gmt":"2020-09-09T15:03:17","guid":{"rendered":"https:\/\/virgiliogalvis.com\/?page_id=5739"},"modified":"2020-09-09T10:03:17","modified_gmt":"2020-09-09T15:03:17","slug":"ortopticaybajavision","status":"publish","type":"page","link":"https:\/\/virgiliogalvis.com\/en\/ortopticaybajavision\/","title":{"rendered":"Orthoptics and Low Vision"},"content":{"rendered":"<p>[vc_row gap=&#8221;35&#8243; equal_height=&#8221;yes&#8221; content_placement=&#8221;middle&#8221; iw_layout=&#8221;wide-bg&#8221; css=&#8221;.vc_custom_1617740706085{margin-top: 5px !important;margin-right: 5px !important;margin-bottom: 5px !important;margin-left: 5px !important;border-top-width: 5px !important;border-right-width: 5px !important;border-bottom-width: 5px !important;border-left-width: 5px !important;}&#8221;][vc_column width=&#8221;1\/2&#8243;][inwave_heading preview_style_1=&#8221;&#8221; title=&#8221;{LA ORT\u00d3PTICA}&#8221; align=&#8221;center&#8221;][vc_column_text]La ort\u00f3ptica es la encargada del diagn\u00f3stico, rehabilitaci\u00f3n, y tratamiento de estas afecciones visuales. Dichas alteraciones pueden ser causadas por los h\u00e1bitos del paciente o defectos en la musculatura del ojo.<\/p>\n<p>Las terapias de ort\u00f3ptica funcionan como un entrenamiento visual para mejorar estas condiciones. Los tratamientos consisten en ejercicios realizados en el consultorio y puestos en pr\u00e1ctica desde casa.<\/p>\n<p>La terapia de ort\u00f3ptica busca que ambos ojos trabajen de forma coordinada. La constancia en el tratamiento es clave para mejorar notablemente las condiciones del paciente.[\/vc_column_text][\/vc_column][vc_column width=&#8221;1\/2&#8243;][vc_video link=&#8221;https:\/\/youtu.be\/kvjHijE5sR8&#8243;][\/vc_column][\/vc_row][vc_row gap=&#8221;35&#8243; equal_height=&#8221;yes&#8221; content_placement=&#8221;middle&#8221; iw_layout=&#8221;wide-bg&#8221; css=&#8221;.vc_custom_1617740706085{margin-top: 5px !important;margin-right: 5px !important;margin-bottom: 5px !important;margin-left: 5px !important;border-top-width: 5px !important;border-right-width: 5px !important;border-bottom-width: 5px !important;border-left-width: 5px !important;}&#8221;][vc_column][vc_empty_space][\/vc_column][\/vc_row][vc_row gap=&#8221;35&#8243; equal_height=&#8221;yes&#8221; content_placement=&#8221;middle&#8221; iw_layout=&#8221;wide-bg&#8221; css=&#8221;.vc_custom_1617740706085{margin-top: 5px !important;margin-right: 5px !important;margin-bottom: 5px !important;margin-left: 5px !important;border-top-width: 5px !important;border-right-width: 5px !important;border-bottom-width: 5px !important;border-left-width: 5px !important;}&#8221;][vc_column width=&#8221;1\/2&#8243;][vc_video link=&#8221;https:\/\/youtu.be\/PivnPzfnZV8&#8243;][\/vc_column][vc_column width=&#8221;1\/2&#8243;][inwave_heading preview_style_1=&#8221;&#8221; title=&#8221;{BAJA VISI\u00d3N}&#8221; align=&#8221;center&#8221;][vc_column_text]La baja visi\u00f3n se refiere a una p\u00e9rdida de visi\u00f3n que no se puede corregir con tratamientos m\u00e9dicos o quir\u00fargicos ni con gafas convencionales. Una persona con baja visi\u00f3n tiene que aprender a adaptarse a su baja visi\u00f3n.<\/p>\n<p>Hay muchas formas de ayudar a que quienes tienen baja visi\u00f3n puedan seguir haciendo lo que es importante para ellos. Perder visi\u00f3n no significa renunciar a las actividades sino que puede significar aprender a realizarlas de otra manera.<\/p>\n<p>La rehabilitaci\u00f3n de la visi\u00f3n ayuda a los pacientes a aprender nuevas estrategias y encontrar nuevos dispositivos que pueden ayudarles.[\/vc_column_text][\/vc_column][\/vc_row][vc_row iw_layout=&#8221;wide-bg&#8221;][vc_column][vc_btn title=&#8221;SOLICITE SU CITA&#8221; align=&#8221;center&#8221; el_id=&#8221;popmake-3281 pum-trigger&#8221;][\/vc_column][vc_column][\/vc_column][\/vc_row]<\/p>\n","protected":false},"excerpt":{"rendered":"<p>[vc_row gap=&#8221;35&#8243; equal_height=&#8221;yes&#8221; content_placement=&#8221;middle&#8221; iw_layout=&#8221;wide-bg&#8221; css=&#8221;.vc_custom_1617740706085{margin-top: 5px !important;margin-right: 5px !important;margin-bottom: 5px !important;margin-left: 5px !important;border-top-width: 5px !important;border-right-width: 5px !important;border-bottom-width: 5px !important;border-left-width: 5px !important;}&#8221;][vc_column width=&#8221;1\/2&#8243;][inwave_heading preview_style_1=&#8221;&#8221; title=&#8221;{LA ORT\u00d3PTICA}&#8221; align=&#8221;center&#8221;][vc_column_text]La ort\u00f3ptica es la encargada del diagn\u00f3stico, rehabilitaci\u00f3n, y tratamiento de estas afecciones visuales. Dichas alteraciones pueden ser causadas por los h\u00e1bitos del paciente o defectos en la musculatura&#8230;<\/p>\n","protected":false},"author":2,"featured_media":0,"parent":0,"menu_order":0,"comment_status":"closed","ping_status":"closed","template":"page-templates\/full-width-page.php","meta":{"_acf_changed":false,"inline_featured_image":false,"footnotes":""},"class_list":["post-5739","page","type-page","status-publish","hentry"],"acf":[],"_links":{"self":[{"href":"https:\/\/virgiliogalvis.com\/en\/wp-json\/wp\/v2\/pages\/5739","targetHints":{"allow":["GET"]}}],"collection":[{"href":"https:\/\/virgiliogalvis.com\/en\/wp-json\/wp\/v2\/pages"}],"about":[{"href":"https:\/\/virgiliogalvis.com\/en\/wp-json\/wp\/v2\/types\/page"}],"author":[{"embeddable":true,"href":"https:\/\/virgiliogalvis.com\/en\/wp-json\/wp\/v2\/users\/2"}],"replies":[{"embeddable":true,"href":"https:\/\/virgiliogalvis.com\/en\/wp-json\/wp\/v2\/comments?post=5739"}],"version-history":[{"count":0,"href":"https:\/\/virgiliogalvis.com\/en\/wp-json\/wp\/v2\/pages\/5739\/revisions"}],"wp:attachment":[{"href":"https:\/\/virgiliogalvis.com\/en\/wp-json\/wp\/v2\/media?parent=5739"}],"curies":[{"name":"wp","href":"https:\/\/api.w.org\/{rel}","templated":true}]}}