{"id":5402,"date":"2020-05-05T18:15:24","date_gmt":"2020-05-05T23:15:24","guid":{"rendered":"https:\/\/virgiliogalvis.com\/?page_id=5402"},"modified":"2020-05-05T18:15:24","modified_gmt":"2020-05-05T23:15:24","slug":"dolor-en-el-ojo","status":"publish","type":"page","link":"https:\/\/virgiliogalvis.com\/en\/proceso-de-admision\/auto-examen-preguntas-basicas-de-los-ojos\/dolor-en-el-ojo\/","title":{"rendered":"Eye Pain"},"content":{"rendered":"<p>[vc_row iw_layout=&#8221;wide-bg&#8221;][vc_column][vc_row_inner equal_height=&#8221;yes&#8221; gap=&#8221;35&#8243;][vc_column_inner][inwave_heading preview_style_1=&#8221;&#8221; title=&#8221;{Dolor en el Ojo}&#8221;][vc_empty_space][vc_column_text]<\/p>\n<div class=\"mYVXT\">\n<div class=\"LS81yb VICjCf\" tabindex=\"-1\">\n<div class=\"hJDwNd-AhqUyc-uQSCkd purZT-AhqUyc-II5mzb pSzOP-AhqUyc-qWD73c JNdkSc\">\n<div class=\"JNdkSc-SmKAyb\">\n<div class=\"\">\n<div class=\"oKdM2c Kzv0Me\">\n<div id=\"h.10af6e2cc77379c9_0\" class=\"hJDwNd-AhqUyc-uQSCkd jXK9ad D2fZ2 OjCsFc wHaque GNzUNc\">\n<div class=\"jXK9ad-SmKAyb\">Antes de hablar del dolor conteste estas preguntas:<\/div>\n<\/div>\n<\/div>\n<\/div>\n<\/div>\n<\/div>\n<\/div>\n<\/div>\n<p>[\/vc_column_text][\/vc_column_inner][\/vc_row_inner][vc_row_inner gap=&#8221;35&#8243;][vc_column_inner width=&#8221;1\/3&#8243;][inwave_item_info style=&#8221;style1_4&#8243; preview_style4=&#8221;&#8221; title=&#8221;{1. \u00bfUsa gafas?}&#8221; description=&#8221;A. Si<\/p>\n<p>B. No&#8221; icon_size=&#8221;100&#8243; align=&#8221;center&#8221; img=&#8221;3140&#8243;][\/vc_column_inner][vc_column_inner width=&#8221;1\/3&#8243;][inwave_item_info style=&#8221;style1_4&#8243; preview_style4=&#8221;&#8221; title=&#8221;{2. Ha tenido una cirug\u00eda reciente en el ojo que le molesta }&#8221; description=&#8221;A. Si<\/p>\n<p>B. No&#8221; icon_size=&#8221;100&#8243; align=&#8221;center&#8221; img=&#8221;3141&#8243;][\/vc_column_inner][vc_column_inner width=&#8221;1\/3&#8243;][inwave_item_info style=&#8221;style1_4&#8243; preview_style4=&#8221;&#8221; title=&#8221;{3- Tuvo un trauma (golpe o herida reciente) en el ojo que le molesta ?}&#8221; description=&#8221;A. Si<\/p>\n<p>B. No&#8221; icon_size=&#8221;100&#8243; align=&#8221;center&#8221; img=&#8221;3142&#8243;][\/vc_column_inner][\/vc_row_inner][vc_row_inner gap=&#8221;35&#8243;][vc_column_inner width=&#8221;1\/3&#8243;][inwave_item_info style=&#8221;style1_4&#8243; preview_style4=&#8221;&#8221; title=&#8221;{1. \u00bfUsa gafas?}&#8221; description=&#8221;A. Si<\/p>\n<p>B. No&#8221; icon_size=&#8221;100&#8243; align=&#8221;center&#8221; img=&#8221;3140&#8243;][\/vc_column_inner][vc_column_inner width=&#8221;1\/3&#8243;][inwave_item_info style=&#8221;style1_4&#8243; preview_style4=&#8221;&#8221; title=&#8221;{2. Ha tenido una cirug\u00eda reciente en el ojo que le molesta }&#8221; description=&#8221;A. Si<\/p>\n<p>B. No&#8221; icon_size=&#8221;100&#8243; align=&#8221;center&#8221; img=&#8221;3141&#8243;][\/vc_column_inner][vc_column_inner width=&#8221;1\/3&#8243;][inwave_item_info style=&#8221;style1_4&#8243; preview_style4=&#8221;&#8221; title=&#8221;{3- Tuvo un trauma (golpe o herida reciente) en el ojo que le molesta ?}&#8221; description=&#8221;A. Si<\/p>\n<p>B. No&#8221; icon_size=&#8221;100&#8243; align=&#8221;center&#8221; img=&#8221;3142&#8243;][\/vc_column_inner][\/vc_row_inner][vc_row_inner gap=&#8221;35&#8243;][vc_column_inner width=&#8221;1\/3&#8243;][inwave_item_info style=&#8221;style1_4&#8243; preview_style4=&#8221;&#8221; title=&#8221;{4. \u00bfYa hab\u00eda tenido una situaci\u00f3n similar en el ojo que le molesta o en el otro?}&#8221; description=&#8221;A. Si<\/p>\n<p>B. No&#8221; icon_size=&#8221;100&#8243; align=&#8221;center&#8221; img=&#8221;3140&#8243;][\/vc_column_inner][vc_column_inner width=&#8221;1\/3&#8243;][inwave_item_info style=&#8221;style1_4&#8243; preview_style4=&#8221;&#8221; title=&#8221;{5. Ha estado en contacto con alguien que haya tenido algo similar ?}&#8221; description=&#8221;A. Si<\/p>\n<p>B. No&#8221; icon_size=&#8221;100&#8243; align=&#8221;center&#8221; img=&#8221;3141&#8243;][\/vc_column_inner][vc_column_inner width=&#8221;1\/3&#8243;][inwave_item_info style=&#8221;style1_4&#8243; preview_style4=&#8221;&#8221; title=&#8221;{6. En su familia ya han existido enfermedades que se presentan con un dolor como el suyo o sabe de alg\u00fan familiar que haya tenido glaucoma.}&#8221; description=&#8221;A. Si<\/p>\n<p>B. No&#8221; icon_size=&#8221;100&#8243; align=&#8221;center&#8221; img=&#8221;3142&#8243;][\/vc_column_inner][\/vc_row_inner][vc_row_inner gap=&#8221;35&#8243;][vc_column_inner width=&#8221;1\/3&#8243;][inwave_item_info style=&#8221;style1_4&#8243; preview_style4=&#8221;&#8221; title=&#8221;{7. Le molesta la luz}&#8221; description=&#8221;A. Si<\/p>\n<p>B. No&#8221; icon_size=&#8221;100&#8243; align=&#8221;center&#8221; img=&#8221;3143&#8243;][\/vc_column_inner][vc_column_inner width=&#8221;1\/3&#8243;][\/vc_column_inner][vc_column_inner width=&#8221;1\/3&#8243;][\/vc_column_inner][\/vc_row_inner][vc_empty_space][inwave_heading preview_style_1=&#8221;&#8221; title=&#8221;{Describa el lugar: Dolor en el Ojo}&#8221;][vc_column_text]<\/p>\n<div class=\"mYVXT\">\n<div class=\"LS81yb VICjCf\" tabindex=\"-1\">\n<div class=\"hJDwNd-AhqUyc-uQSCkd purZT-AhqUyc-II5mzb pSzOP-AhqUyc-qWD73c JNdkSc\">\n<div class=\"JNdkSc-SmKAyb\">\n<div class=\"\">\n<div class=\"oKdM2c Kzv0Me\">\n<div id=\"h.10af6e2cc77379c9_0\" class=\"hJDwNd-AhqUyc-uQSCkd jXK9ad D2fZ2 OjCsFc wHaque GNzUNc\">\n<div class=\"jXK9ad-SmKAyb\">Lo primero al evaluar el dolor es tratar de describir donde se encuentra ubicado y confirme donde esta ubicado el dolor.<\/div>\n<\/div>\n<\/div>\n<\/div>\n<\/div>\n<\/div>\n<\/div>\n<\/div>\n<p>[\/vc_column_text][vc_empty_space][vc_row_inner gap=&#8221;35&#8243;][vc_column_inner width=&#8221;1\/3&#8243;][inwave_item_info style=&#8221;style1_4&#8243; preview_style4=&#8221;&#8221; title=&#8221;{8. El dolor esta en: }&#8221; description=&#8221;A. En la cabeza<\/p>\n<p>B. En los parpados<\/p>\n<p>C. En los ojos (siga con la pregunta 9)&#8221; icon_size=&#8221;100&#8243; align=&#8221;center&#8221; img=&#8221;3140&#8243;][\/vc_column_inner][vc_column_inner width=&#8221;1\/3&#8243;][inwave_item_info style=&#8221;style1_4&#8243; preview_style4=&#8221;&#8221; title=&#8221;{9. El dolor esta en}&#8221; description=&#8221;A. Un ojo<\/p>\n<p>B. Ambos ojos&#8221; icon_size=&#8221;100&#8243; align=&#8221;center&#8221; img=&#8221;3141&#8243;][\/vc_column_inner][vc_column_inner width=&#8221;1\/3&#8243;][inwave_item_info style=&#8221;style1_4&#8243; preview_style4=&#8221;&#8221; title=&#8221;{10. Si el dolor es en un ojo, cuando se hizo el examen de palpaci\u00f3n de los ojos, sinti\u00f3 que el ojo que le duele, estaba mas duro que el otro?}&#8221; description=&#8221;A. Si<\/p>\n<p>B. No&#8221; icon_size=&#8221;100&#8243; align=&#8221;center&#8221; img=&#8221;3142&#8243;][\/vc_column_inner][\/vc_row_inner][vc_row_inner gap=&#8221;35&#8243;][vc_column_inner width=&#8221;1\/3&#8243;][inwave_item_info style=&#8221;style1_4&#8243; preview_style4=&#8221;&#8221; title=&#8221;{11. Sintio que el dolor en el ojo es en todo el ojo no importa donde lo toque? o es localizado solo a un sector del ojo}&#8221; description=&#8221;A. Si (localizado)<\/p>\n<p>B. No (en todo el ojo)&#8221; icon_size=&#8221;100&#8243; align=&#8221;center&#8221; img=&#8221;3140&#8243;][\/vc_column_inner][vc_column_inner width=&#8221;1\/3&#8243;][inwave_item_info style=&#8221;style1_4&#8243; preview_style4=&#8221;&#8221; title=&#8221;{12. \u00bfHace cuanto se inicio el dolor?}&#8221; description=&#8221;A. Horas<\/p>\n<p>B. Dias<\/p>\n<p>C. Semanas<\/p>\n<p>D. Meses&#8221; icon_size=&#8221;100&#8243; align=&#8221;center&#8221; img=&#8221;3141&#8243;][\/vc_column_inner][vc_column_inner width=&#8221;1\/3&#8243;][inwave_item_info style=&#8221;style1_4&#8243; preview_style4=&#8221;&#8221; title=&#8221;{13. Como se ha comportado el dolor:}&#8221; description=&#8221;A. Ha sido siempre igual (No ha cambiado desde que inici\u00f3)<\/p>\n<p>B. Ha ido aumentando (Empez\u00f3 suave y ahora es muy fuerte)<\/p>\n<p>C. Ha sido ocasional (es intermitente, aparece y desaparece)&#8221; icon_size=&#8221;100&#8243; align=&#8221;center&#8221; img=&#8221;3142&#8243;][\/vc_column_inner][\/vc_row_inner][vc_row_inner gap=&#8221;35&#8243;][vc_column_inner width=&#8221;1\/3&#8243;][inwave_item_info style=&#8221;style1_4&#8243; preview_style4=&#8221;&#8221; title=&#8221;{14. Es importante identificar si hay dolor o es otra sensaci\u00f3n. Describa si siente:}&#8221; description=&#8221;A. Ardor, como si tuviera lim\u00f3n en los ojos. O como si picara mucho el ojo.<\/p>\n<p>B. Siente un sucio o arena dentro del ojo. (Algo que puya o chuza el ojo, una basura, \u00bfcomo si algo hubiera entrado al ojo?&#8221; icon_size=&#8221;100&#8243; align=&#8221;center&#8221; img=&#8221;3140&#8243;][\/vc_column_inner][vc_column_inner width=&#8221;1\/3&#8243;][inwave_item_info style=&#8221;style1_4&#8243; preview_style4=&#8221;&#8221; title=&#8221;{15. Hay algo que le haga cambiar el dolor?}&#8221; description=&#8221;A. Empeora con los movimientos de los ojos<\/p>\n<p>B. Empeora con la exposicion a la luz&#8221; icon_size=&#8221;100&#8243; align=&#8221;center&#8221; img=&#8221;3141&#8243;][\/vc_column_inner][vc_column_inner width=&#8221;1\/3&#8243;][inwave_heading preview_style_1=&#8221;&#8221; title=&#8221;{Examen Ocular}&#8221;][vc_column_text]Haga este examen de los movimientos oculares para juzgar si el dolor cambia[\/vc_column_text][vc_empty_space][vc_btn title=&#8221;Movimientos oculares&#8221;][\/vc_column_inner][\/vc_row_inner][vc_row_inner gap=&#8221;35&#8243;][vc_column_inner width=&#8221;1\/3&#8243;][inwave_item_info style=&#8221;style1_4&#8243; preview_style4=&#8221;&#8221; title=&#8221;{16. Que es lo que siente cuando se expone a la luz?}&#8221; description=&#8221;A. El ojo lagrimea, se cierra solo o no lo puede abrir<\/p>\n<p>B. Puede mantener el ojo abierto aunque duele un poco&#8221; icon_size=&#8221;100&#8243; align=&#8221;center&#8221; img=&#8221;3140&#8243;][\/vc_column_inner][vc_column_inner width=&#8221;1\/3&#8243;][inwave_item_info style=&#8221;style1_4&#8243; preview_style4=&#8221;&#8221; title=&#8221;{17. Ahora bien, adem\u00e1s del dolor presenta alg\u00fan s\u00edntoma adicional en sus ojos:}&#8221; description=&#8221;A. Alteraci\u00f3n de la visi\u00f3n? Debe realizar un autoexamen como se explica aqu\u00ed.<\/p>\n<p>B. Tiene el ojo rojo?<\/p>\n<p>C. Tiene secreci\u00f3n, laga\u00f1as, materia en los ojos?&#8221; icon_size=&#8221;100&#8243; align=&#8221;center&#8221; img=&#8221;3141&#8243;][\/vc_column_inner][vc_column_inner width=&#8221;1\/3&#8243;][inwave_item_info style=&#8221;style1_4&#8243; preview_style4=&#8221;&#8221; title=&#8221;{18. \u00bfHa notado que la pupila (el punto negro del centro del ojo) esta m\u00e1s grande, m\u00e1s peque\u00f1a, es blanca o no se ve, en comparaci\u00f3n con el ojo que no le molesta?}&#8221; description=&#8221;A. Si<\/p>\n<p>B. No &#8221; icon_size=&#8221;100&#8243; align=&#8221;center&#8221; img=&#8221;3142&#8243;][\/vc_column_inner][\/vc_row_inner][vc_row_inner gap=&#8221;35&#8243;][vc_column_inner width=&#8221;1\/3&#8243;][inwave_item_info style=&#8221;style1_4&#8243; preview_style4=&#8221;&#8221; title=&#8221;{19. \u00bfHa notado cambios en su piel? Se ve algo raro en su cara?}&#8221; description=&#8221;A. Si<\/p>\n<p>B. No&#8221; icon_size=&#8221;100&#8243; align=&#8221;center&#8221; img=&#8221;3140&#8243;][\/vc_column_inner][vc_column_inner width=&#8221;1\/3&#8243;][inwave_item_info style=&#8221;style1_4&#8243; preview_style4=&#8221;&#8221; title=&#8221;{20. \u00bfTienen ronchas, manchas rojas o costras en la frente, p\u00e1rpados o nariz?}&#8221; description=&#8221;A. Si<\/p>\n<p>B. No&#8221; icon_size=&#8221;100&#8243; align=&#8221;center&#8221; img=&#8221;3141&#8243;][\/vc_column_inner][vc_column_inner width=&#8221;1\/3&#8243;][inwave_item_info style=&#8221;style1_4&#8243; preview_style4=&#8221;&#8221; title=&#8221;{21. \u00bfTiene n\u00e1useas o ha tenido v\u00f3mito ?}&#8221; description=&#8221;A. Si<\/p>\n<p>B. No &#8221; icon_size=&#8221;100&#8243; align=&#8221;center&#8221; img=&#8221;3142&#8243;][\/vc_column_inner][\/vc_row_inner][vc_row_inner gap=&#8221;35&#8243;][vc_column_inner width=&#8221;1\/3&#8243;][inwave_item_info style=&#8221;style1_4&#8243; preview_style4=&#8221;&#8221; title=&#8221;{Ademas del dolor \u00bfha notado que ve doble? (algo al lado de las cosas o arriba del objeto que ve) }&#8221; description=&#8221;A. Si<\/p>\n<p>B. No&#8221; icon_size=&#8221;100&#8243; align=&#8221;center&#8221; img=&#8221;3140&#8243;][\/vc_column_inner][vc_column_inner width=&#8221;1\/3&#8243;][inwave_item_info style=&#8221;style1_4&#8243; preview_style4=&#8221;&#8221; title=&#8221;{23. Se ve algo anormal en el ojo?}&#8221; description=&#8221;A. Si<\/p>\n<p>B. No&#8221; icon_size=&#8221;100&#8243; align=&#8221;center&#8221; img=&#8221;3141&#8243;][\/vc_column_inner][vc_column_inner width=&#8221;1\/3&#8243;][\/vc_column_inner][\/vc_row_inner][\/vc_column][\/vc_row]<\/p>\n","protected":false},"excerpt":{"rendered":"<p>[vc_row iw_layout=&#8221;wide-bg&#8221;][vc_column][vc_row_inner equal_height=&#8221;yes&#8221; gap=&#8221;35&#8243;][vc_column_inner][inwave_heading preview_style_1=&#8221;&#8221; title=&#8221;{Dolor en el Ojo}&#8221;][vc_empty_space][vc_column_text] Antes de hablar del dolor conteste estas preguntas: [\/vc_column_text][\/vc_column_inner][\/vc_row_inner][vc_row_inner gap=&#8221;35&#8243;][vc_column_inner width=&#8221;1\/3&#8243;][inwave_item_info style=&#8221;style1_4&#8243; preview_style4=&#8221;&#8221; title=&#8221;{1. \u00bfUsa gafas?}&#8221; description=&#8221;A. Si B. No&#8221; icon_size=&#8221;100&#8243; align=&#8221;center&#8221; img=&#8221;3140&#8243;][\/vc_column_inner][vc_column_inner width=&#8221;1\/3&#8243;][inwave_item_info style=&#8221;style1_4&#8243; preview_style4=&#8221;&#8221; title=&#8221;{2. Ha tenido una cirug\u00eda reciente en el ojo que le molesta }&#8221; description=&#8221;A. Si B. No&#8221; icon_size=&#8221;100&#8243; align=&#8221;center&#8221; img=&#8221;3141&#8243;][\/vc_column_inner][vc_column_inner&#8230;<\/p>\n","protected":false},"author":2,"featured_media":0,"parent":5297,"menu_order":0,"comment_status":"closed","ping_status":"closed","template":"page-templates\/full-width-page.php","meta":{"_acf_changed":false,"inline_featured_image":false,"footnotes":""},"class_list":["post-5402","page","type-page","status-publish","hentry"],"acf":[],"_links":{"self":[{"href":"https:\/\/virgiliogalvis.com\/en\/wp-json\/wp\/v2\/pages\/5402","targetHints":{"allow":["GET"]}}],"collection":[{"href":"https:\/\/virgiliogalvis.com\/en\/wp-json\/wp\/v2\/pages"}],"about":[{"href":"https:\/\/virgiliogalvis.com\/en\/wp-json\/wp\/v2\/types\/page"}],"author":[{"embeddable":true,"href":"https:\/\/virgiliogalvis.com\/en\/wp-json\/wp\/v2\/users\/2"}],"replies":[{"embeddable":true,"href":"https:\/\/virgiliogalvis.com\/en\/wp-json\/wp\/v2\/comments?post=5402"}],"version-history":[{"count":0,"href":"https:\/\/virgiliogalvis.com\/en\/wp-json\/wp\/v2\/pages\/5402\/revisions"}],"up":[{"embeddable":true,"href":"https:\/\/virgiliogalvis.com\/en\/wp-json\/wp\/v2\/pages\/5297"}],"wp:attachment":[{"href":"https:\/\/virgiliogalvis.com\/en\/wp-json\/wp\/v2\/media?parent=5402"}],"curies":[{"name":"wp","href":"https:\/\/api.w.org\/{rel}","templated":true}]}}