{"id":5372,"date":"2020-05-05T17:36:20","date_gmt":"2020-05-05T22:36:20","guid":{"rendered":"https:\/\/virgiliogalvis.com\/?page_id=5372"},"modified":"2020-05-05T17:36:20","modified_gmt":"2020-05-05T22:36:20","slug":"alteraciones-en-su-vision","status":"publish","type":"page","link":"https:\/\/virgiliogalvis.com\/en\/proceso-de-admision\/auto-examen-preguntas-basicas-de-los-ojos\/alteraciones-en-su-vision\/","title":{"rendered":"Changes in your vision"},"content":{"rendered":"<p>[vc_row iw_layout=&#8221;wide-bg&#8221;][vc_column][vc_row_inner][vc_column_inner][inwave_heading preview_style_1=&#8221;&#8221; title=&#8221;{Alteraciones en su visi\u00f3n}&#8221;][vc_empty_space][vc_column_text]<\/p>\n<div class=\"mYVXT\">\n<div class=\"LS81yb VICjCf\" tabindex=\"-1\">\n<div class=\"hJDwNd-AhqUyc-uQSCkd purZT-AhqUyc-II5mzb pSzOP-AhqUyc-qWD73c JNdkSc\">\n<div class=\"JNdkSc-SmKAyb\">\n<div class=\"\">\n<div class=\"oKdM2c Kzv0Me\">\n<div id=\"h.10af6e2cc77379c9_0\" class=\"hJDwNd-AhqUyc-uQSCkd jXK9ad D2fZ2 OjCsFc wHaque GNzUNc\">\n<div class=\"jXK9ad-SmKAyb\">\n<div class=\"tyJCtd mGzaTb baZpAe\">\n<p class=\"zfr3Q\" dir=\"ltr\">Antes de responder las preguntas tiene que estar seguro que su s\u00edntoma sea VISUAL : Debe tener claro que es algo que <strong>VE <\/strong> y no algo que siente.<\/p>\n<\/div>\n<p dir=\"ltr\">Resuelva las siguientes siete (7) preguntas y realice su examen de AGUDEZA VISUAL.<\/p>\n<\/div>\n<\/div>\n<\/div>\n<\/div>\n<\/div>\n<\/div>\n<\/div>\n<\/div>\n<p>[\/vc_column_text][\/vc_column_inner][\/vc_row_inner][vc_row_inner gap=&#8221;35&#8243;][vc_column_inner width=&#8221;1\/3&#8243;][inwave_item_info style=&#8221;style1_4&#8243; preview_style4=&#8221;&#8221; title=&#8221;{1. \u00bfEs por UN OJO o por LOS DOS ojos?}&#8221; description=&#8221;A. Ojo derecho<\/p>\n<p>B. Ojo izquierdo<\/p>\n<p>C. Ambos ojos&#8221; icon_size=&#8221;100&#8243; align=&#8221;center&#8221; img=&#8221;3140&#8243;][\/vc_column_inner][vc_column_inner width=&#8221;1\/3&#8243;][inwave_item_info style=&#8221;style1_4&#8243; preview_style4=&#8221;&#8221; title=&#8221;{2. \u00bfHace cu\u00e1nto tiempo empez\u00f3 a ver mal?}&#8221; description=&#8221;A. Horas<\/p>\n<p>B. D\u00edas<\/p>\n<p>C. Semanas<\/p>\n<p>D. Meses<\/p>\n<p>E. A\u00f1os&#8221; icon_size=&#8221;100&#8243; align=&#8221;center&#8221; img=&#8221;3141&#8243;][\/vc_column_inner][vc_column_inner width=&#8221;1\/3&#8243;][inwave_item_info style=&#8221;style1_4&#8243; preview_style4=&#8221;&#8221; title=&#8221;{3. \u00bfC\u00f3mo fue la disminuci\u00f3n visual?}&#8221; description=&#8221;A. De repente. Recuerdo el momento preciso en el que empec\u00e9 a ver mal.<\/p>\n<p>B. Poco a poco. La visi\u00f3n fue empeorando progresivamente&#8221; icon_size=&#8221;100&#8243; align=&#8221;center&#8221; img=&#8221;3142&#8243;][\/vc_column_inner][\/vc_row_inner][vc_row_inner gap=&#8221;35&#8243;][vc_column_inner width=&#8221;1\/3&#8243;][inwave_item_info style=&#8221;style1_4&#8243; preview_style4=&#8221;&#8221; title=&#8221;{4. \u00bfVe mal todo el tiempo, o la visi\u00f3n cambia a lo largo del d\u00eda?}&#8221; description=&#8221;A. Fluct\u00faa a lo largo del d\u00eda. A veces ve bien y a veces mal<\/p>\n<p>B. Ve mal por la ma\u00f1ana<\/p>\n<p>C. Ve mal por la noche<\/p>\n<p>D. Todo el tiempo est\u00e1 viendo mal&#8221; icon_size=&#8221;100&#8243; align=&#8221;center&#8221; img=&#8221;3140&#8243;][\/vc_column_inner][vc_column_inner width=&#8221;1\/3&#8243;][inwave_item_info style=&#8221;style1_4&#8243; preview_style4=&#8221;&#8221; title=&#8221;{5. \u00bfVe mal de lejos o de cerca?}&#8221; description=&#8221;A. De lejos<\/p>\n<p>B. De cerca<\/p>\n<p>C. De lejos y de cerca&#8221; icon_size=&#8221;100&#8243; align=&#8221;center&#8221; img=&#8221;3141&#8243;][\/vc_column_inner][vc_column_inner width=&#8221;1\/3&#8243;][inwave_item_info style=&#8221;style1_4&#8243; preview_style4=&#8221;&#8221; title=&#8221;{6-Describa como es su alteracion visual}&#8221; description=&#8221;A. Ve borroso (como entre neblina)?<\/p>\n<p>B. Ve distorsionado?<\/p>\n<p>C. Ve manchas, moscas volantes o telara\u00f1as que se mueven?<\/p>\n<p>D. Ve luces?<\/p>\n<p>E. Ve los colores diferentes?<\/p>\n<p>F . Ve doble?<\/p>\n<p>G. Ve halos alrededor de las luces?&#8221; icon_size=&#8221;100&#8243; align=&#8221;center&#8221; img=&#8221;3142&#8243;][\/vc_column_inner][\/vc_row_inner][vc_row_inner gap=&#8221;35&#8243;][vc_column_inner width=&#8221;1\/3&#8243;][inwave_item_info style=&#8221;style1_4&#8243; preview_style4=&#8221;&#8221; title=&#8221;{7. \u00bfSu alteraci\u00f3n visual se asocia a algunos de estos s\u00edntomas?}&#8221; description=&#8221;A. Dolor<\/p>\n<p>B. Ojo rojo<\/p>\n<p>C. Sensaci\u00f3n de arena en el ojo&#8221; icon_size=&#8221;100&#8243; align=&#8221;center&#8221; img=&#8221;3143&#8243;][\/vc_column_inner][vc_column_inner width=&#8221;1\/3&#8243;][inwave_item_info style=&#8221;style1_4&#8243; preview_style4=&#8221;&#8221; title=&#8221;{8. Le molesta la luz}&#8221; description=&#8221;A. Si<\/p>\n<p>B. No&#8221; icon_size=&#8221;100&#8243; align=&#8221;center&#8221; img=&#8221;3144&#8243;][\/vc_column_inner][vc_column_inner width=&#8221;1\/3&#8243;][inwave_heading preview_style_1=&#8221;&#8221; title=&#8221;{Mida su Visi\u00f3n}&#8221; description=&#8221;Realice su examen de agudeza visual&#8221;][vc_empty_space][vc_btn title=&#8221;Agudeza visual&#8221;][\/vc_column_inner][\/vc_row_inner][vc_empty_space][\/vc_column][\/vc_row]<\/p>\n","protected":false},"excerpt":{"rendered":"<p>[vc_row iw_layout=&#8221;wide-bg&#8221;][vc_column][vc_row_inner][vc_column_inner][inwave_heading preview_style_1=&#8221;&#8221; title=&#8221;{Alteraciones en su visi\u00f3n}&#8221;][vc_empty_space][vc_column_text] Antes de responder las preguntas tiene que estar seguro que su s\u00edntoma sea VISUAL : Debe tener claro que es algo que VE y no algo que siente. Resuelva las siguientes siete (7) preguntas y realice su examen de AGUDEZA VISUAL. [\/vc_column_text][\/vc_column_inner][\/vc_row_inner][vc_row_inner gap=&#8221;35&#8243;][vc_column_inner width=&#8221;1\/3&#8243;][inwave_item_info style=&#8221;style1_4&#8243; preview_style4=&#8221;&#8221; title=&#8221;{1. \u00bfEs&#8230;<\/p>\n","protected":false},"author":2,"featured_media":0,"parent":5297,"menu_order":0,"comment_status":"closed","ping_status":"closed","template":"page-templates\/full-width-page.php","meta":{"_acf_changed":false,"inline_featured_image":false,"footnotes":""},"class_list":["post-5372","page","type-page","status-publish","hentry"],"acf":[],"_links":{"self":[{"href":"https:\/\/virgiliogalvis.com\/en\/wp-json\/wp\/v2\/pages\/5372","targetHints":{"allow":["GET"]}}],"collection":[{"href":"https:\/\/virgiliogalvis.com\/en\/wp-json\/wp\/v2\/pages"}],"about":[{"href":"https:\/\/virgiliogalvis.com\/en\/wp-json\/wp\/v2\/types\/page"}],"author":[{"embeddable":true,"href":"https:\/\/virgiliogalvis.com\/en\/wp-json\/wp\/v2\/users\/2"}],"replies":[{"embeddable":true,"href":"https:\/\/virgiliogalvis.com\/en\/wp-json\/wp\/v2\/comments?post=5372"}],"version-history":[{"count":0,"href":"https:\/\/virgiliogalvis.com\/en\/wp-json\/wp\/v2\/pages\/5372\/revisions"}],"up":[{"embeddable":true,"href":"https:\/\/virgiliogalvis.com\/en\/wp-json\/wp\/v2\/pages\/5297"}],"wp:attachment":[{"href":"https:\/\/virgiliogalvis.com\/en\/wp-json\/wp\/v2\/media?parent=5372"}],"curies":[{"name":"wp","href":"https:\/\/api.w.org\/{rel}","templated":true}]}}