{"id":5268,"date":"2020-04-13T09:50:09","date_gmt":"2020-04-13T14:50:09","guid":{"rendered":"https:\/\/virgiliogalvis.com\/?page_id=5268"},"modified":"2020-04-13T09:50:09","modified_gmt":"2020-04-13T14:50:09","slug":"politica-de-privacidad","status":"publish","type":"page","link":"https:\/\/virgiliogalvis.com\/en\/politica-de-privacidad\/","title":{"rendered":"Privacy Policy"},"content":{"rendered":"<p>[vc_row gap=&#8221;35&#8243; equal_height=&#8221;yes&#8221; content_placement=&#8221;middle&#8221; css=&#8221;.vc_custom_1564106174706{padding: 40px !important;background-color: #ededed !important;}&#8221;][vc_column width=&#8221;1\/2&#8243;][vc_single_image image=&#8221;6161&#8243; img_size=&#8221;full&#8221; alignment=&#8221;center&#8221;][vc_empty_space][\/vc_column][vc_column width=&#8221;1\/2&#8243;][vc_column_text]<\/p>\n<p class=\"p3\"><strong>Ley de Protecci\u00f3n de Datos Personales<\/strong><\/p>\n<p>En cumplimiento de la ley 1581 del 17 de octubre de 2012 y del Decreto Reglamentario 1377 de 2013 por el cual se dictan las disposiciones generales para la protecci\u00f3n de datos personales, el <strong>Centro Oftalmol\u00f3gico Virgilio Galvis,<\/strong> como responsable de las bases de datos, crea el siguiente manual de pol\u00edticas de tratamiento de datos personales, el cual contiene la pol\u00edtica que aplicar\u00e1 en cumplimiento de su deber legal y reglamentario, con el fin de hacer un uso adecuado de los datos personales adquiridos de los Titulares, de acuerdo con el registro de las bases de datos de usuarios, proveedores y n\u00f3mina.[\/vc_column_text][vc_btn title=&#8221;POL\u00cdTICAS DE TRATAMIENTO DE DATOS PERSONALES&#8221; shape=&#8221;round&#8221; align=&#8221;center&#8221; link=&#8221;url:https%3A%2F%2Fvirgiliogalvis.com%2Fwp-content%2Fuploads%2F2020%2F04%2FPOLITICA-DE-PRIVACIDAD-Y-TRATAMIENTO-DE-DATOS-PERSONALES-COVGR-V1.pdf|title:Politica%20tratamiento%20de%20datos||&#8221;][\/vc_column][\/vc_row]<\/p>\n","protected":false},"excerpt":{"rendered":"<p>[vc_row gap=&#8221;35&#8243; equal_height=&#8221;yes&#8221; content_placement=&#8221;middle&#8221; css=&#8221;.vc_custom_1564106174706{padding: 40px !important;background-color: #ededed !important;}&#8221;][vc_column width=&#8221;1\/2&#8243;][vc_single_image image=&#8221;6161&#8243; img_size=&#8221;full&#8221; alignment=&#8221;center&#8221;][vc_empty_space][\/vc_column][vc_column width=&#8221;1\/2&#8243;][vc_column_text] Ley de Protecci\u00f3n de Datos Personales En cumplimiento de la ley 1581 del 17 de octubre de 2012 y del Decreto Reglamentario 1377 de 2013 por el cual se dictan las disposiciones generales para la protecci\u00f3n de datos personales, el Centro&#8230;<\/p>\n","protected":false},"author":2,"featured_media":0,"parent":0,"menu_order":0,"comment_status":"closed","ping_status":"closed","template":"page-templates\/full-width-page.php","meta":{"_acf_changed":false,"inline_featured_image":false,"footnotes":""},"class_list":["post-5268","page","type-page","status-publish","hentry"],"acf":[],"_links":{"self":[{"href":"https:\/\/virgiliogalvis.com\/en\/wp-json\/wp\/v2\/pages\/5268","targetHints":{"allow":["GET"]}}],"collection":[{"href":"https:\/\/virgiliogalvis.com\/en\/wp-json\/wp\/v2\/pages"}],"about":[{"href":"https:\/\/virgiliogalvis.com\/en\/wp-json\/wp\/v2\/types\/page"}],"author":[{"embeddable":true,"href":"https:\/\/virgiliogalvis.com\/en\/wp-json\/wp\/v2\/users\/2"}],"replies":[{"embeddable":true,"href":"https:\/\/virgiliogalvis.com\/en\/wp-json\/wp\/v2\/comments?post=5268"}],"version-history":[{"count":0,"href":"https:\/\/virgiliogalvis.com\/en\/wp-json\/wp\/v2\/pages\/5268\/revisions"}],"wp:attachment":[{"href":"https:\/\/virgiliogalvis.com\/en\/wp-json\/wp\/v2\/media?parent=5268"}],"curies":[{"name":"wp","href":"https:\/\/api.w.org\/{rel}","templated":true}]}}