{"id":5210,"date":"2020-04-03T14:25:42","date_gmt":"2020-04-03T19:25:42","guid":{"rendered":"https:\/\/virgiliogalvis.com\/?page_id=5210"},"modified":"2020-04-03T14:25:42","modified_gmt":"2020-04-03T19:25:42","slug":"tratamiento-para-demodex","status":"publish","type":"page","link":"https:\/\/virgiliogalvis.com\/en\/cirugias-y-procedimientos\/tratamiento-para-demodex\/","title":{"rendered":"Treatment for Demodex"},"content":{"rendered":"<p>[vc_row iw_layout=&#8221;wide-bg&#8221;][vc_column][vc_row_inner equal_height=&#8221;yes&#8221; gap=&#8221;35&#8243;][vc_column_inner width=&#8221;1\/4&#8243; offset=&#8221;vc_hidden-md vc_hidden-sm vc_hidden-xs&#8221;][vc_wp_custommenu title=&#8221;CIRUG\u00cdAS Y PROCEDIMIENTOS&#8221; nav_menu=&#8221;45&#8243;][\/vc_column_inner][vc_column_inner width=&#8221;3\/4&#8243;][inwave_heading preview_style_1=&#8221;&#8221; title=&#8221;{TRATAMIENTO DEMODEX}&#8221;][vc_video link=&#8221;https:\/\/www.youtube.com\/watch?v=T1Hw993NJb4&#8243;][\/vc_column_inner][\/vc_row_inner][vc_row_inner][vc_column_inner][vc_column_text]El Demodex (Demodex Follicolorum) en un \u00e1caro min\u00fasculo que vive en los poros y fol\u00edculos del pelo. El Demodex se presenta con picaz\u00f3n, lagrimeos y secreci\u00f3n continua. Es sumamente contagioso, provocando f\u00e1cilmente conjuntivitis, blefaritis (inflamaci\u00f3n de los p\u00e1rpados), as\u00ed como la ca\u00edda de las pesta\u00f1as.[\/vc_column_text][vc_empty_space][\/vc_column_inner][\/vc_row_inner][inwave_accordions layout=&#8221;accordion2&#8243; preview_style2=&#8221;&#8221; item_active=&#8221;-1&#8243;][inwave_accordion_item title=&#8221;PROCEDIMIENTO&#8221;]<\/p>\n<p class=\"p1\"><span class=\"s1\">El tratamiento dura 2 meses y medio (75 d\u00edas), de manera compartida, con visitas al consultorio y otra parte desde la casa: En el consultorio se realizan limpiezas dos veces la primera semana y luego volver\u00e1n una semana de por medio; en la casa, realizar una limpieza diaria.<\/span><\/p>\n<p>[\/inwave_accordion_item][inwave_accordion_item title=&#8221;INDICACIONES&#8221;]<\/p>\n<ul>\n<li class=\"p1\"><span class=\"s1\">Importante un excelente lavado de manos<\/span><\/li>\n<li class=\"p1\"><span class=\"s1\">Evitar frotarse los ojos <\/span><\/li>\n<li class=\"p1\"><span class=\"s1\">Lavar s\u00e1banas, fundas, cobijas y toallas con agua bien caliente para matar los \u00e1caros.<\/span><\/li>\n<li class=\"p1\"><span class=\"s1\">Usar una toalla aparte, para el rostro y otra para el cuerpo, que sea de uso personal.<\/span><\/li>\n<li class=\"p1\"><span class=\"s1\">En mujeres se recomienda cambiar el maquillaje, ya que podr\u00eda estar contaminado con \u00e1caros.<\/span><\/li>\n<li class=\"p1\"><span class=\"s1\">Aplicar ACAR CLEAN (Anti\u00e1caros) en el colch\u00f3n, almohadas, sof\u00e1, cojines con los que se haya tenido contacto.<\/span><\/li>\n<li class=\"p1\"><span class=\"s1\">Si tiene mascotas, llevarlas al veterinario para darle una dosis de desparasitante.<\/span><\/li>\n<li class=\"p1\"><span class=\"s1\">Se recomienda a los familiares realizarse limpiezas en caso de encontrar cilindros en los p\u00e1rpados.<\/span><\/li>\n<li class=\"p1\"><span class=\"s1\">En la cuarta sesi\u00f3n, se revisa al paciente nuevamente, y de acuerdo a los resultados, se le recomendar\u00e1 seguir \u00f3 no con el tratamiento.<\/span><\/li>\n<\/ul>\n<p>[\/inwave_accordion_item][inwave_accordion_item title=&#8221;PROCEDIMIENTO EN CASA&#8221;]Para realizar el tratamiento en la casa:<\/p>\n<ul>\n<li>Aplicar IVERMENTINA OFTALMICA 0.06%,<br \/>\nUNG\u00dcENTO # 1 Tubo.<\/li>\n<li>Se le entrega al paciente un kit que incluye:<br \/>\nSPRAINER T4-0 : 30 sobres con toallas h\u00famedas y<br \/>\ngafas de gel.<\/li>\n<li>QUANOX \u00f3 KINOX (Ivermectina al 0.6%): 1 frasco.<\/li>\n<\/ul>\n<p>Con los pa\u00f1itos de SPRAINER T4-0, todos los d\u00edas, de manera constante, realizarse una limpieza haciendo fricci\u00f3n en cejas y pesta\u00f1as de adentro hacia afuera, durante dos meses, seg\u00fan las instrucciones dadas en la primera sesi\u00f3n.<br \/>\nNOTA: La caja tiene una duraci\u00f3n 30 d\u00edas.<\/p>\n<p>El paciente debe adquirir la segunda caja. Aplicar en borde de parpados, ambos ojos IVERMENTINA OFTALMICA 0.06%, UNG\u00dcENTO # 1 Tubo, en horas de la<br \/>\nnoche desde el primer d\u00eda del tratamiento.<\/p>\n<p>NOTA: La IVERMENTINA debe aplicarse una gota por cada Kilo de peso. La primera dosis el d\u00eda que inicie el procedimiento y la segunda despu\u00e9s de los 30 d\u00edas. Ej: si el paciente pesa 70 Kg, la dosis ser\u00e1 de 70 gotas.[\/inwave_accordion_item][\/inwave_accordions][vc_row_inner][vc_column_inner][vc_btn title=&#8221;SOLICITE SU CITA&#8221; shape=&#8221;round&#8221; align=&#8221;center&#8221; el_class=&#8221;popmake-3281 pum-trigger&#8221;][\/vc_column_inner][\/vc_row_inner][\/vc_column][\/vc_row]<\/p>\n","protected":false},"excerpt":{"rendered":"<p>[vc_row iw_layout=&#8221;wide-bg&#8221;][vc_column][vc_row_inner equal_height=&#8221;yes&#8221; gap=&#8221;35&#8243;][vc_column_inner width=&#8221;1\/4&#8243; offset=&#8221;vc_hidden-md vc_hidden-sm vc_hidden-xs&#8221;][vc_wp_custommenu title=&#8221;CIRUG\u00cdAS Y PROCEDIMIENTOS&#8221; nav_menu=&#8221;45&#8243;][\/vc_column_inner][vc_column_inner width=&#8221;3\/4&#8243;][inwave_heading preview_style_1=&#8221;&#8221; title=&#8221;{TRATAMIENTO DEMODEX}&#8221;][vc_video link=&#8221;https:\/\/www.youtube.com\/watch?v=T1Hw993NJb4&#8243;][\/vc_column_inner][\/vc_row_inner][vc_row_inner][vc_column_inner][vc_column_text]El Demodex (Demodex Follicolorum) en un \u00e1caro min\u00fasculo que vive en los poros y fol\u00edculos del pelo. El Demodex se presenta con picaz\u00f3n, lagrimeos y secreci\u00f3n continua. Es sumamente contagioso, provocando f\u00e1cilmente conjuntivitis, blefaritis (inflamaci\u00f3n de los p\u00e1rpados), as\u00ed&#8230;<\/p>\n","protected":false},"author":2,"featured_media":0,"parent":2659,"menu_order":0,"comment_status":"closed","ping_status":"closed","template":"page-templates\/full-width-page.php","meta":{"_acf_changed":false,"inline_featured_image":false,"footnotes":""},"class_list":["post-5210","page","type-page","status-publish","hentry"],"acf":[],"_links":{"self":[{"href":"https:\/\/virgiliogalvis.com\/en\/wp-json\/wp\/v2\/pages\/5210","targetHints":{"allow":["GET"]}}],"collection":[{"href":"https:\/\/virgiliogalvis.com\/en\/wp-json\/wp\/v2\/pages"}],"about":[{"href":"https:\/\/virgiliogalvis.com\/en\/wp-json\/wp\/v2\/types\/page"}],"author":[{"embeddable":true,"href":"https:\/\/virgiliogalvis.com\/en\/wp-json\/wp\/v2\/users\/2"}],"replies":[{"embeddable":true,"href":"https:\/\/virgiliogalvis.com\/en\/wp-json\/wp\/v2\/comments?post=5210"}],"version-history":[{"count":0,"href":"https:\/\/virgiliogalvis.com\/en\/wp-json\/wp\/v2\/pages\/5210\/revisions"}],"up":[{"embeddable":true,"href":"https:\/\/virgiliogalvis.com\/en\/wp-json\/wp\/v2\/pages\/2659"}],"wp:attachment":[{"href":"https:\/\/virgiliogalvis.com\/en\/wp-json\/wp\/v2\/media?parent=5210"}],"curies":[{"name":"wp","href":"https:\/\/api.w.org\/{rel}","templated":true}]}}