{"id":5070,"date":"2020-02-19T15:53:17","date_gmt":"2020-02-19T20:53:17","guid":{"rendered":"https:\/\/virgiliogalvis.com\/?page_id=5070"},"modified":"2020-02-19T15:53:17","modified_gmt":"2020-02-19T20:53:17","slug":"calendario-capacitaciones-medicas","status":"publish","type":"page","link":"https:\/\/virgiliogalvis.com\/en\/calendario-capacitaciones-medicas\/","title":{"rendered":"Medical Training Calendar"},"content":{"rendered":"<p>[vc_row equal_height=&#8221;yes&#8221; content_placement=&#8221;middle&#8221; iw_layout=&#8221;boxed&#8221; css=&#8221;.vc_custom_1564301358275{border-top-width: 2px !important;border-bottom-width: 2px !important;padding-top: 20px !important;padding-bottom: 20px !important;border-top-color: #828282 !important;border-top-style: solid !important;border-bottom-color: #828282 !important;border-bottom-style: solid !important;}&#8221;][vc_column width=&#8221;1\/6&#8243; css=&#8221;.vc_custom_1564301270343{border-right-width: 2px !important;border-right-color: #828282 !important;border-right-style: solid !important;}&#8221;][vc_column_text el_class=&#8221;dg-txt-gal-f&#8221;]<\/p>\n<h1 style=\"text-align: center;\"><span style=\"color: #00375f;\"><strong>26<\/strong><\/span><\/h1>\n<p style=\"text-align: center;\"><span style=\"color: #00375f;\"><strong>Jun<\/strong><\/span><\/p>\n<p>[\/vc_column_text][\/vc_column][vc_column width=&#8221;2\/3&#8243;][vc_row_inner equal_height=&#8221;yes&#8221; content_placement=&#8221;middle&#8221;][vc_column_inner width=&#8221;1\/2&#8243;][inwave_heading preview_style_1=&#8221;&#8221; title=&#8221;{WOC SUDAFRICA 2020}&#8221;][vc_column_text]POR CONFIRMAR<\/p>\n<p>Del 26 al 29 de junio 2020<\/p>\n<p>El Dr Virgilio Galvis estar\u00e1 en el Congreso Mundial de Oftalmolog\u00eda 2020 celebrado en Capetown &#8211; Sudafrica.<\/p>\n<p>WOC 2020 es el programa educativo principal de \u201cConsejo Internacional de Oftalmolog\u00eda\u201d (ICO), que reune a oftalm\u00f3logos del mundo entero para aprender lo \u00faltimo en oftalmolog\u00eda cl\u00ednica. El Congreso ofrece un amplio programa cient\u00edfico enfocado en los \u00faltimos avances en oftalmolog\u00eda y cuidado del ojo, presentado por los l\u00edderes mundiales en investigaci\u00f3n y practica cl\u00ednica.[\/vc_column_text][\/vc_column_inner][vc_column_inner width=&#8221;1\/2&#8243;][vc_single_image image=&#8221;5083&#8243; img_size=&#8221;medium&#8221;][\/vc_column_inner][vc_column_inner][\/vc_column_inner][\/vc_row_inner][\/vc_column][vc_column width=&#8221;1\/6&#8243; css=&#8221;.vc_custom_1564301345960{border-left-width: 2px !important;border-left-color: #828282 !important;border-left-style: solid !important;}&#8221;][vc_btn title=&#8221;M\u00c1S INFORMACI\u00d3N&#8221; align=&#8221;center&#8221; link=&#8221;|||&#8221;][\/vc_column][\/vc_row][vc_row equal_height=&#8221;yes&#8221; content_placement=&#8221;middle&#8221; iw_layout=&#8221;boxed&#8221; css=&#8221;.vc_custom_1564301358275{border-top-width: 2px !important;border-bottom-width: 2px !important;padding-top: 20px !important;padding-bottom: 20px !important;border-top-color: #828282 !important;border-top-style: solid !important;border-bottom-color: #828282 !important;border-bottom-style: solid !important;}&#8221;][vc_column width=&#8221;1\/6&#8243; css=&#8221;.vc_custom_1564301270343{border-right-width: 2px !important;border-right-color: #828282 !important;border-right-style: solid !important;}&#8221;][vc_column_text el_class=&#8221;dg-txt-gal-f&#8221;]<\/p>\n<h1 style=\"text-align: center;\"><span style=\"color: #00375f;\"><strong>04<\/strong><\/span><\/h1>\n<p style=\"text-align: center;\"><span style=\"color: #00375f;\"><strong>Mar<\/strong><\/span><\/p>\n<p>[\/vc_column_text][\/vc_column][vc_column width=&#8221;2\/3&#8243;][vc_row_inner equal_height=&#8221;yes&#8221; content_placement=&#8221;middle&#8221;][vc_column_inner width=&#8221;1\/2&#8243;][inwave_heading preview_style_1=&#8221;&#8221; title=&#8221;{FACOCARIBE 7\u00b0 EDICI\u00d3N 2020}&#8221;][vc_column_text]Del 04 al 07 de Marzo 2020<\/p>\n<p>El Dr Virgilio Galvis estar\u00e1 en la 7ma edici\u00f3n de FACOCARIBE en la ciudad de Barranquilla junto con el Dr Ruben Berrospi, Director M\u00e9dico, la Dra Tania Chaparro Expositora.<\/p>\n<p>Facocaribe es el Congreso de Oftalmolog\u00eda Bianual que realiza la Cl\u00ednica Oftalmol\u00f3gica de Caribe en Barranquilla, reconocida por su contenido actualizado donde se discuten las \u00faltimas tendencias de los temas de m\u00e1s actualidad en Segmento Anterior. Para esta VII versi\u00f3n se ha ampliado su contenido a otras subespecialidades como GlaucomaCaribe, RetinaCaribe, CorneaCaribe, OcuCaribe, Prevenci\u00f3n de ceguera y adem\u00e1s con otros segmentos como Optometr\u00eda, Instrumentaci\u00f3n quir\u00fargica y administraci\u00f3n.[\/vc_column_text][\/vc_column_inner][vc_column_inner width=&#8221;1\/2&#8243;][vc_single_image image=&#8221;5073&#8243; img_size=&#8221;medium&#8221;][\/vc_column_inner][vc_column_inner][\/vc_column_inner][\/vc_row_inner][\/vc_column][vc_column width=&#8221;1\/6&#8243; css=&#8221;.vc_custom_1564301345960{border-left-width: 2px !important;border-left-color: #828282 !important;border-left-style: solid !important;}&#8221;][vc_btn title=&#8221;M\u00c1S INFORMACI\u00d3N&#8221; align=&#8221;center&#8221; link=&#8221;|||&#8221;][\/vc_column][\/vc_row][vc_row equal_height=&#8221;yes&#8221; content_placement=&#8221;middle&#8221; iw_layout=&#8221;boxed&#8221; css=&#8221;.vc_custom_1564301358275{border-top-width: 2px !important;border-bottom-width: 2px !important;padding-top: 20px !important;padding-bottom: 20px !important;border-top-color: #828282 !important;border-top-style: solid !important;border-bottom-color: #828282 !important;border-bottom-style: solid !important;}&#8221;][vc_column width=&#8221;1\/6&#8243; css=&#8221;.vc_custom_1564301270343{border-right-width: 2px !important;border-right-color: #828282 !important;border-right-style: solid !important;}&#8221;][vc_column_text el_class=&#8221;dg-txt-gal-f&#8221;]<\/p>\n<h1 style=\"text-align: center;\"><span style=\"color: #00375f;\"><strong>17<\/strong><\/span><\/h1>\n<p style=\"text-align: center;\"><span style=\"color: #00375f;\"><strong>Feb<\/strong><\/span><\/p>\n<p>[\/vc_column_text][\/vc_column][vc_column width=&#8221;2\/3&#8243;][vc_row_inner equal_height=&#8221;yes&#8221; content_placement=&#8221;middle&#8221;][vc_column_inner width=&#8221;1\/2&#8243;][inwave_heading preview_style_1=&#8221;&#8221; title=&#8221;{ESCRS WINTER MEETING 2020}&#8221;][vc_column_text]Del 17 de Febrero al 02 de Marzo 2020<\/p>\n<p>El Dr Virgilio Galvis estar\u00e1 en ESCRS &#8211; European Society Catarata and Refractive Surgeon en Marruecos &#8211; Marrakesh.<\/p>\n<p>La 24\u00aa Reuni\u00f3n de Invierno de la Sociedad Europea de Cirujanos de Catarata y Refractivos (ESCRS) en conjunto con SAMIR (Sociedad Marroqu\u00ed de Cirug\u00eda de Implantes y Refractiva).\u00a0Tendr\u00e1 lugar del 21 al 23 de febrero de 2020 en el M\u00f6venpick Hotel Mansour Eddahbi &amp; Palais des Congr\u00e8s, Marrakech, Marruecos.[\/vc_column_text][\/vc_column_inner][vc_column_inner width=&#8221;1\/2&#8243;][vc_single_image image=&#8221;5072&#8243; img_size=&#8221;medium&#8221;][\/vc_column_inner][vc_column_inner][\/vc_column_inner][\/vc_row_inner][\/vc_column][vc_column width=&#8221;1\/6&#8243; css=&#8221;.vc_custom_1564301345960{border-left-width: 2px !important;border-left-color: #828282 !important;border-left-style: solid !important;}&#8221;][vc_btn title=&#8221;M\u00c1S INFORMACI\u00d3N&#8221; align=&#8221;center&#8221; link=&#8221;|||&#8221;][\/vc_column][\/vc_row][vc_row equal_height=&#8221;yes&#8221; content_placement=&#8221;middle&#8221; iw_layout=&#8221;boxed&#8221; css=&#8221;.vc_custom_1564301358275{border-top-width: 2px !important;border-bottom-width: 2px !important;padding-top: 20px !important;padding-bottom: 20px !important;border-top-color: #828282 !important;border-top-style: solid !important;border-bottom-color: #828282 !important;border-bottom-style: solid !important;}&#8221;][vc_column width=&#8221;1\/6&#8243; css=&#8221;.vc_custom_1564301270343{border-right-width: 2px !important;border-right-color: #828282 !important;border-right-style: solid !important;}&#8221;][vc_column_text el_class=&#8221;dg-txt-gal-f&#8221;]<\/p>\n<h1 style=\"text-align: center;\"><span style=\"color: #00375f;\"><strong>01<\/strong><\/span><\/h1>\n<p style=\"text-align: center;\"><span style=\"color: #00375f;\"><strong>Feb<\/strong><\/span><\/p>\n<p>[\/vc_column_text][\/vc_column][vc_column width=&#8221;2\/3&#8243;][vc_row_inner equal_height=&#8221;yes&#8221; content_placement=&#8221;middle&#8221;][vc_column_inner width=&#8221;1\/2&#8243;][inwave_heading preview_style_1=&#8221;&#8221; title=&#8221;{Transition Academy 2020}&#8221;][vc_column_text]Del 1 al 10 de Febrero 2020<\/p>\n<p>El Dr Virgilio Galvis asistio a <strong>Transitions Academy 2020<\/strong> uno de los eventos educativos m\u00e1s reconocidos y \u00fanicos en la industria \u00f3ptica. Cada a\u00f1o, cientos de profesionales de la industria asisten para participar en talleres de desarrollo profesional y tecnolog\u00eda de productos.[\/vc_column_text][\/vc_column_inner][vc_column_inner width=&#8221;1\/2&#8243;][vc_single_image image=&#8221;5071&#8243; img_size=&#8221;medium&#8221;][\/vc_column_inner][vc_column_inner][\/vc_column_inner][\/vc_row_inner][\/vc_column][vc_column width=&#8221;1\/6&#8243; css=&#8221;.vc_custom_1564301345960{border-left-width: 2px !important;border-left-color: #828282 !important;border-left-style: solid !important;}&#8221;][vc_btn title=&#8221;M\u00c1S INFORMACI\u00d3N&#8221; align=&#8221;center&#8221; link=&#8221;|||&#8221;][\/vc_column][\/vc_row]<\/p>\n","protected":false},"excerpt":{"rendered":"<p>[vc_row equal_height=&#8221;yes&#8221; content_placement=&#8221;middle&#8221; iw_layout=&#8221;boxed&#8221; css=&#8221;.vc_custom_1564301358275{border-top-width: 2px !important;border-bottom-width: 2px !important;padding-top: 20px !important;padding-bottom: 20px !important;border-top-color: #828282 !important;border-top-style: solid !important;border-bottom-color: #828282 !important;border-bottom-style: solid !important;}&#8221;][vc_column width=&#8221;1\/6&#8243; css=&#8221;.vc_custom_1564301270343{border-right-width: 2px !important;border-right-color: #828282 !important;border-right-style: solid !important;}&#8221;][vc_column_text el_class=&#8221;dg-txt-gal-f&#8221;] 26 Jun [\/vc_column_text][\/vc_column][vc_column width=&#8221;2\/3&#8243;][vc_row_inner equal_height=&#8221;yes&#8221; content_placement=&#8221;middle&#8221;][vc_column_inner width=&#8221;1\/2&#8243;][inwave_heading preview_style_1=&#8221;&#8221; title=&#8221;{WOC SUDAFRICA 2020}&#8221;][vc_column_text]POR CONFIRMAR Del 26 al 29 de junio 2020 El Dr Virgilio Galvis estar\u00e1 en&#8230;<\/p>\n","protected":false},"author":2,"featured_media":0,"parent":0,"menu_order":0,"comment_status":"closed","ping_status":"closed","template":"page-templates\/full-width-page.php","meta":{"_acf_changed":false,"inline_featured_image":false,"footnotes":""},"class_list":["post-5070","page","type-page","status-publish","hentry"],"acf":[],"_links":{"self":[{"href":"https:\/\/virgiliogalvis.com\/en\/wp-json\/wp\/v2\/pages\/5070","targetHints":{"allow":["GET"]}}],"collection":[{"href":"https:\/\/virgiliogalvis.com\/en\/wp-json\/wp\/v2\/pages"}],"about":[{"href":"https:\/\/virgiliogalvis.com\/en\/wp-json\/wp\/v2\/types\/page"}],"author":[{"embeddable":true,"href":"https:\/\/virgiliogalvis.com\/en\/wp-json\/wp\/v2\/users\/2"}],"replies":[{"embeddable":true,"href":"https:\/\/virgiliogalvis.com\/en\/wp-json\/wp\/v2\/comments?post=5070"}],"version-history":[{"count":0,"href":"https:\/\/virgiliogalvis.com\/en\/wp-json\/wp\/v2\/pages\/5070\/revisions"}],"wp:attachment":[{"href":"https:\/\/virgiliogalvis.com\/en\/wp-json\/wp\/v2\/media?parent=5070"}],"curies":[{"name":"wp","href":"https:\/\/api.w.org\/{rel}","templated":true}]}}