{"id":5062,"date":"2020-02-13T15:50:11","date_gmt":"2020-02-13T20:50:11","guid":{"rendered":"https:\/\/virgiliogalvis.com\/?page_id=5062"},"modified":"2020-02-13T15:50:11","modified_gmt":"2020-02-13T20:50:11","slug":"curso-fondo-de-ojo","status":"publish","type":"page","link":"https:\/\/virgiliogalvis.com\/en\/curso-fondo-de-ojo\/","title":{"rendered":"Curso Fondo de Ojo"},"content":{"rendered":"<p>[vc_row iw_layout=&#8221;wide-bg&#8221;][vc_column][vc_row_inner][vc_column_inner][inwave_heading preview_style_1=&#8221;&#8221; title=&#8221;{CURSO FONDO DE OJO}&#8221;][vc_empty_space][\/vc_column_inner][\/vc_row_inner][vc_row_inner equal_height=&#8221;yes&#8221; content_placement=&#8221;middle&#8221; gap=&#8221;35&#8243;][vc_column_inner width=&#8221;1\/2&#8243;][vc_video link=&#8221;https:\/\/www.youtube.com\/watch?v=69e92HNMiUY&#8221;][\/vc_column_inner][vc_column_inner width=&#8221;1\/2&#8243;][vc_column_text]<\/p>\n<div class=\"page\" title=\"Page 33\">\n<div class=\"section\">\n<div class=\"layoutArea\">\n<div class=\"column\">\n<p>El fondo de ojo es una t\u00e9cnica que permite observar el interior del globo ocular para diagnosticar una enfermedad, o para comprobar la evoluci\u00f3n de patolog\u00edas como la diabetes o la hipertensi\u00f3n. por lo que es algo fundamental\u00a0 para oftalm\u00f3logos y opt\u00f3metras entre otras ramas de la medicina.<\/p>\n<p>En su primera edici\u00f3n durante 3 d\u00edas del 7 al 9 de octubre en el Auditorio del Centro M\u00e9dico Carlos Ardila lulle se conto con m\u00e1s de 200 asistentes de universidades como la UNAB \u2013 UDES \u2013 UIS, m\u00e9dicos generales y m\u00e9dicos oftalmologos y asistentes nacionales e internacionales.<\/p>\n<\/div>\n<\/div>\n<\/div>\n<\/div>\n<p>[\/vc_column_text][vc_btn title=&#8221;INCRIPCIONES AL CURSO FONDO DE OJO 2020&#8243; link=&#8221;url:http%3A%2F%2Fwww.cursofondodeojo.com%2F||target:%20_blank|&#8221;][\/vc_column_inner][\/vc_row_inner][vc_row_inner][vc_column_inner][vc_column_text]<\/p>\n<div class=\"page\" title=\"Page 33\">\n<div class=\"section\">\n<div class=\"layoutArea\">\n<div class=\"column\">\n<p>&nbsp;<\/p>\n<p>El curso de fondo de ojo estuvo organizado por la Fundaci\u00f3n Oftalmologica de Santander FOSCAL y el Centro Oftalmologico Virgilio Galvis, contando como conferencista principal con el reconocido Medico el Dr Rafael Mucci, con una agenda acad\u00e9mica sobre Fondo de Ojo, Neurooftalmolog\u00eda, Neuritis \u00f3ptica, Neuropat\u00eda \u00f3ptica, Embolismo retiniano, Retinopat\u00eda diab\u00e9tica y los avances en investigaci\u00f3n cient\u00edfica.<\/p>\n<p>Para la nueva edici\u00f3n,\u00a0 puedes comunicarte a los tel\u00e9fonos <strong>+ 57 6392929<\/strong> al whatsapp\u00a0 <strong>+ 57 300 6353763<\/strong> \u00f3 al correo electronico <strong>cursofondodeojo@virgiliogalvis.com<\/strong> para reservar tu cupo.<\/p>\n<\/div>\n<\/div>\n<\/div>\n<\/div>\n<p>[\/vc_column_text][\/vc_column_inner][\/vc_row_inner][vc_raw_js]JTNDc2NyaXB0JTIwdHlwZSUzRCUyMnRleHQlMkZqYXZhc2NyaXB0JTIyJTNFJTBBaXRlbXMlMjAlM0QlMjBkb2N1bWVudC5nZXRFbGVtZW50c0J5Q2xhc3NOYW1lJTI4JTIyZG9jdG9yLW5hbWUlMjIlMjklM0IlMEFmb3IlMjh2YXIlMjBpJTNEMCUzQiUyMGklM0NpdGVtcy5sZW5ndGglM0IlMjBpJTJCJTJCJTI5JTdCJTBBdmFyJTIwaW1nJTIwJTNEJTIwZG9jdW1lbnQuY3JlYXRlRWxlbWVudCUyOCUyMklNRyUyMiUyOSUzQiUwQWltZy5zcmMlMjAlM0QlMjAlMjJodHRwcyUzQSUyRiUyRnZpcmdpbGlvZ2FsdmlzLnNpbXBlY2Fkby5jb20lMkZ3cC1jb250ZW50JTJGdXBsb2FkcyUyRjIwMTklMkYwNyUyRklDT04ucG5nJTIyJTNCJTBBaW1nLndpZHRoJTIwJTNEJTIwJTIyNjAlMjIlM0IlMEFpbWcuaGVpZ2h0JTIwJTNEJTIwJTIyNjAlMjIlM0IlMjAlMEFpdGVtcyU1QmklNUQuaW5zZXJ0QWRqYWNlbnRFbGVtZW50JTI4JTIyYmVmb3JlYmVnaW4lMjIlMkMlMjBpbWclMjklM0IlMjAlMEElN0QlMjAlM0MlMkZzY3JpcHQlM0U=[\/vc_raw_js][\/vc_column][\/vc_row]<\/p>\n","protected":false},"excerpt":{"rendered":"<p>[vc_row iw_layout=&#8221;wide-bg&#8221;][vc_column][vc_row_inner][vc_column_inner][inwave_heading preview_style_1=&#8221;&#8221; title=&#8221;{CURSO FONDO DE OJO}&#8221;][vc_empty_space][\/vc_column_inner][\/vc_row_inner][vc_row_inner equal_height=&#8221;yes&#8221; content_placement=&#8221;middle&#8221; gap=&#8221;35&#8243;][vc_column_inner width=&#8221;1\/2&#8243;][vc_video link=&#8221;https:\/\/www.youtube.com\/watch?v=69e92HNMiUY&#8221;][\/vc_column_inner][vc_column_inner width=&#8221;1\/2&#8243;][vc_column_text] El fondo de ojo es una t\u00e9cnica que permite observar el interior del globo ocular para diagnosticar una enfermedad, o para comprobar la evoluci\u00f3n de patolog\u00edas como la diabetes o la hipertensi\u00f3n. por lo que es algo fundamental\u00a0 para oftalm\u00f3logos y opt\u00f3metras&#8230;<\/p>\n","protected":false},"author":2,"featured_media":0,"parent":0,"menu_order":0,"comment_status":"closed","ping_status":"closed","template":"page-templates\/full-width-page.php","meta":{"_acf_changed":false,"inline_featured_image":false,"footnotes":""},"class_list":["post-5062","page","type-page","status-publish","hentry"],"acf":[],"_links":{"self":[{"href":"https:\/\/virgiliogalvis.com\/en\/wp-json\/wp\/v2\/pages\/5062","targetHints":{"allow":["GET"]}}],"collection":[{"href":"https:\/\/virgiliogalvis.com\/en\/wp-json\/wp\/v2\/pages"}],"about":[{"href":"https:\/\/virgiliogalvis.com\/en\/wp-json\/wp\/v2\/types\/page"}],"author":[{"embeddable":true,"href":"https:\/\/virgiliogalvis.com\/en\/wp-json\/wp\/v2\/users\/2"}],"replies":[{"embeddable":true,"href":"https:\/\/virgiliogalvis.com\/en\/wp-json\/wp\/v2\/comments?post=5062"}],"version-history":[{"count":0,"href":"https:\/\/virgiliogalvis.com\/en\/wp-json\/wp\/v2\/pages\/5062\/revisions"}],"wp:attachment":[{"href":"https:\/\/virgiliogalvis.com\/en\/wp-json\/wp\/v2\/media?parent=5062"}],"curies":[{"name":"wp","href":"https:\/\/api.w.org\/{rel}","templated":true}]}}