{"id":45184,"date":"2026-03-11T10:00:12","date_gmt":"2026-03-11T15:00:12","guid":{"rendered":"https:\/\/virgiliogalvis.com\/?page_id=45184"},"modified":"2026-03-11T10:01:36","modified_gmt":"2026-03-11T15:01:36","slug":"agendar-cita-page","status":"publish","type":"page","link":"https:\/\/virgiliogalvis.com\/en\/agendar-cita-page\/","title":{"rendered":"Schedule an Appointment Page"},"content":{"rendered":"<div data-elementor-type=\"wp-page\" data-elementor-id=\"45184\" class=\"elementor elementor-45184\">\n\t\t\t\t<div class=\"elementor-element elementor-element-365fca9 e-flex e-con-boxed cmsmasters-block-default e-con e-parent\" data-id=\"365fca9\" data-element_type=\"container\" data-e-type=\"container\">\n\t\t\t\t\t<div class=\"e-con-inner\">\n\t\t\t\t\t<\/div>\n\t\t\t\t<\/div>\n\t\t<div class=\"elementor-element elementor-element-ae68065 e-flex e-con-boxed cmsmasters-block-default e-con e-parent\" data-id=\"ae68065\" data-element_type=\"container\" data-e-type=\"container\">\n\t\t\t\t\t<div class=\"e-con-inner\">\n\t\t\t\t\t<\/div>\n\t\t\t\t<\/div>\n\t\t<div class=\"elementor-element elementor-element-2fe292c e-flex e-con-boxed cmsmasters-block-default e-con e-parent\" data-id=\"2fe292c\" data-element_type=\"container\" data-e-type=\"container\">\n\t\t\t\t\t<div class=\"e-con-inner\">\n\t\t\t\t<div class=\"elementor-element elementor-element-a0ab62a cmsmasters-block-default cmsmasters-sticky-default elementor-widget elementor-widget-cmsmasters-time-popup\" data-id=\"a0ab62a\" data-element_type=\"widget\" data-e-type=\"widget\" data-settings=\"{&quot;cms_popup_id&quot;:&quot;9843&quot;,&quot;show_popup_type&quot;:&quot;site&quot;,&quot;start_popup&quot;:5000}\" data-widget_type=\"cmsmasters-time-popup.default\">\n\t\t\t\t<div class=\"elementor-widget-container\">\n\t\t\t\t\t<a class='cmsmasters-time-popup-button' href='#cmsmasters-popup-9843' aria-label='Popup Button'><\/a><div class='animated cmsmasters-elementor-popup cmsmasters-elementor-popup-9843' data-popup-id='9843'><div data-elementor-type=\"cmsmasters_popup\" data-elementor-id=\"9843\" class=\"elementor elementor-9843\" data-elementor-settings=\"{&quot;cms_close_button_icon&quot;:{&quot;value&quot;:&quot;cmsdemo-icon- cms-demo-icon-cancel&quot;,&quot;library&quot;:&quot;cmsmasters-demo-icons&quot;}}\" data-cms-icon=\"&lt;i aria-hidden=&quot;true&quot; class=&quot;cmsdemo-icon- cms-demo-icon-cancel&quot;&gt;&lt;\/i&gt;\">\t\t\t<div class=\"elementor-inner\">\n\t\t\t\t<div class=\"elementor-section-wrap\">\n\t\t\t\t\t<div class=\"elementor-element elementor-element-61f19cbc e-con-full e-flex cmsmasters-block-default e-con e-parent\" data-id=\"61f19cbc\" data-element_type=\"container\" data-e-type=\"container\">\n\t\t<div class=\"elementor-element elementor-element-3bede52d e-con-full elementor-hidden-tablet elementor-hidden-mobile e-flex cmsmasters-bg-hide-none cmsmasters-bg-hide-none cmsmasters-block-default e-con e-child\" data-id=\"3bede52d\" data-element_type=\"container\" data-e-type=\"container\" data-settings=\"{&quot;background_background&quot;:&quot;classic&quot;}\">\n\t\t\t\t<div class=\"elementor-element elementor-element-339a5d49 cmsmasters-block-default cmsmasters-sticky-default elementor-widget elementor-widget-spacer\" data-id=\"339a5d49\" data-element_type=\"widget\" data-e-type=\"widget\" data-widget_type=\"spacer.default\">\n\t\t\t\t<div class=\"elementor-widget-container\">\n\t\t\t\t\t\t\t<div class=\"elementor-spacer\">\n\t\t\t<div class=\"elementor-spacer-inner\"><\/div>\n\t\t<\/div>\n\t\t\t\t\t\t<\/div>\n\t\t\t\t<\/div>\n\t\t\t\t<\/div>\n\t\t<div class=\"elementor-element elementor-element-6743f3af e-con-full e-flex cmsmasters-block-default e-con e-child\" data-id=\"6743f3af\" data-element_type=\"container\" data-e-type=\"container\" data-settings=\"{&quot;background_background&quot;:&quot;classic&quot;}\">\n\t\t\t\t<div class=\"elementor-element elementor-element-5bba9d8 cmsmasters-block-default cmsmasters-sticky-default elementor-widget elementor-widget-heading\" data-id=\"5bba9d8\" data-element_type=\"widget\" data-e-type=\"widget\" data-widget_type=\"heading.default\">\n\t\t\t\t<div class=\"elementor-widget-container\">\n\t\t\t\t\t<h2 class=\"elementor-heading-title elementor-size-default\">Virgilio Galvis | Ophthalmological Center<\/h2>\t\t\t\t<\/div>\n\t\t\t\t<\/div>\n\t\t\t\t<div class=\"elementor-element elementor-element-4cb75953 cmsmasters-block-default cmsmasters-sticky-default elementor-widget elementor-widget-heading\" data-id=\"4cb75953\" data-element_type=\"widget\" data-e-type=\"widget\" data-widget_type=\"heading.default\">\n\t\t\t\t<div class=\"elementor-widget-container\">\n\t\t\t\t\t<h3 class=\"elementor-heading-title elementor-size-default\">REQUEST YOUR APPOINTMENT<\/h3>\t\t\t\t<\/div>\n\t\t\t\t<\/div>\n\t\t\t\t<div class=\"elementor-element elementor-element-5f7f5e6d elementor-widget-tablet__width-inherit elementor-widget__width-inherit cmsmasters-block-default cmsmasters-sticky-default elementor-widget elementor-widget-cmsmasters-forminator\" data-id=\"5f7f5e6d\" data-element_type=\"widget\" data-e-type=\"widget\" data-settings=\"{&quot;form_list&quot;:&quot;9709&quot;}\" data-widget_type=\"cmsmasters-forminator.default\">\n\t\t\t\t<div class=\"elementor-widget-container\">\n\t\t\t\t\t<div class=\"elementor-widget-cmsmasters-contact-form__wrapper elementor-widget-cmsmasters-contact-form cmsmasters-default-color cmsmasters-default-font\" id=\"cmsmasters-widget-form-5f7f5e6d\">\n\t\t\t<div class=\"elementor-widget-cmsmasters-contact-form__inner\"><div class=\"forminator-ui forminator-custom-form forminator-custom-form-9709 forminator-design--default forminator-custom forminator_ajax\" data-forminator-render=\"0\" data-form=\"forminator-module-9709\" data-uid=\"69d25f8ae1dd5\"><br\/><\/div><form\n\t\t\t\tid=\"forminator-module-9709\"\n\t\t\t\tclass=\"forminator-ui forminator-custom-form forminator-custom-form-9709 forminator-design--default forminator-custom forminator_ajax\"\n\t\t\t\tmethod=\"post\"\n\t\t\t\tdata-forminator-render=\"0\"\n\t\t\t\tdata-form-id=\"9709\"\n\t\t\t\t data-color-option=\"default\" data-design=\"default\" data-grid=\"custom\" style=\"display: none;\"\n\t\t\t\tdata-uid=\"69d25f8ae1dd5\" action=\"\"\n\t\t\t><div role=\"alert\" aria-live=\"polite\" class=\"forminator-response-message forminator-error\" aria-hidden=\"true\"><\/div><div class=\"forminator-row\"><div id=\"name-1\" class=\"forminator-field-name forminator-col forminator-col-6\"><div class=\"forminator-field\"><label for=\"forminator-field-name-1_69d25f8ae1dd5\" id=\"forminator-field-name-1_69d25f8ae1dd5-label\" class=\"forminator-label\">Full name <span class=\"forminator-required\">*<\/span><\/label><input type=\"text\" name=\"name-1\" value=\"\" placeholder=\"Full name\" id=\"forminator-field-name-1_69d25f8ae1dd5\" class=\"forminator-input forminator-name--field\" aria-required=\"true\" autocomplete=\"name\" \/><\/div><\/div><div id=\"phone-1\" class=\"forminator-field-phone forminator-col forminator-col-6\"><div class=\"forminator-field\"><label for=\"forminator-field-phone-1_69d25f8ae1dd5\" id=\"forminator-field-phone-1_69d25f8ae1dd5-label\" class=\"forminator-label\">Contact Telephone<\/label><input type=\"text\" name=\"phone-1\" value=\"\" placeholder=\"Contact Telephone\" id=\"forminator-field-phone-1_69d25f8ae1dd5\" class=\"forminator-input forminator-field--phone\" data-required=\"\" aria-required=\"false\" autocomplete=\"off\" \/><\/div><\/div><\/div><div class=\"forminator-row\"><div id=\"email-1\" class=\"forminator-field-email forminator-col forminator-col-6\"><div class=\"forminator-field\"><label for=\"forminator-field-email-1_69d25f8ae1dd5\" id=\"forminator-field-email-1_69d25f8ae1dd5-label\" class=\"forminator-label\">Email<\/label><input type=\"email\" name=\"email-1\" value=\"\" placeholder=\"Ex: john@gmail.com\" id=\"forminator-field-email-1_69d25f8ae1dd5\" class=\"forminator-input forminator-email--field\" data-required=\"\" aria-required=\"false\" autocomplete=\"email\" \/><\/div><\/div><div id=\"select-1\" class=\"forminator-field-select forminator-col forminator-col-6\"><div class=\"forminator-field\"><label for=\"forminator-form-9709__field--select-1_69d25f8ae1dd5\" id=\"forminator-form-9709__field--select-1_69d25f8ae1dd5-label\" class=\"forminator-label\">Type of request<\/label><select  id=\"forminator-form-9709__field--select-1_69d25f8ae1dd5\" class=\"forminator-select--field forminator-select2 forminator-select2-multiple\" data-required=\"\" name=\"select-1\" data-default-value=\"\" data-placeholder=\"Tipo de solicitud\" data-search=\"false\" data-search-placeholder=\"Tipo de solicitud\" data-checkbox=\"false\" data-allow-clear=\"false\" aria-labelledby=\"forminator-form-9709__field--select-1_69d25f8ae1dd5-label\"><option value=\"\"  >Type of request<\/option><option value=\"Oftalmolog\u00eda-General\"  data-calculation=\"0\">General Ophthalmology<\/option><option value=\"Catarata\"  data-calculation=\"0\">Cataract<\/option><option value=\"Cirug\u00eda-Refractiva\"  data-calculation=\"0\">Refractive Surgery<\/option><option value=\"Retina-y-Vitreo\"  data-calculation=\"0\">Retina and Vitreous<\/option><option value=\"Glaucoma\"  data-calculation=\"0\">Glaucoma<\/option><option value=\"Oftalmolog\u00eda-Pedi\u00e1trica\"  data-calculation=\"0\">Pediatric Ophthalmology<\/option><option value=\"Cirug\u00eda-Pl\u00e1stica-Ocular\"  data-calculation=\"0\">Ocular Plastic Surgery<\/option><option value=\"Estrabismo\"  data-calculation=\"0\">Squint<\/option><option value=\"Neuro-oftalmolog\u00eda\"  data-calculation=\"0\">Neuro-ophthalmology<\/option><option value=\"Optometr\u00eda\"  data-calculation=\"0\">Optometry<\/option><option value=\"Cirug\u00eda\"  data-calculation=\"0\">Surgery<\/option><option value=\"Ex\u00e1menes\"  data-calculation=\"0\">Exams<\/option><option value=\"Plan-Visual-(Apoyo-social)\"  data-calculation=\"0\">Visual Plan (Social Support)<\/option><option value=\"Plan-Visual-Universitario\"  data-calculation=\"0\">University Visual Plan<\/option><option value=\"Otros\"  data-calculation=\"0\">Others<\/option><\/select><\/div><\/div><\/div><div class=\"forminator-row\"><div id=\"textarea-1\" class=\"forminator-field-textarea forminator-col forminator-col-12\"><div class=\"forminator-field\"><label for=\"forminator-field-textarea-1_69d25f8ae1dd5\" id=\"forminator-field-textarea-1_69d25f8ae1dd5-label\" class=\"forminator-label\">Message<\/label><textarea name=\"textarea-1\" placeholder=\"\" id=\"forminator-field-textarea-1_69d25f8ae1dd5\" class=\"forminator-textarea\" rows=\"6\" style=\"min-height:140px;\" ><\/textarea><\/div><\/div><\/div><div class=\"forminator-row\"><div id=\"checkbox-1\" class=\"forminator-field-checkbox forminator-col forminator-col-12\"><div role=\"group\" class=\"forminator-field\" aria-labelledby=\"forminator-checkbox-group-forminator-field-checkbox-1-69d25f8ae1dd5-label\"><span id=\"forminator-checkbox-group-forminator-field-checkbox-1-69d25f8ae1dd5-label\" class=\"forminator-label\">Privacy Policy<\/span><label id=\"forminator-field-checkbox-1-1-69d25f8ae1dd5-label\" for=\"forminator-field-checkbox-1-1-69d25f8ae1dd5\" class=\"forminator-checkbox\" title=\"I agree that my data is being collected and stored. For more information about the handling of user data, please see our privacy policy\"><input type=\"checkbox\" name=\"checkbox-1[]\" value=\"Estoy de acuerdo en que mis datos se est\u00e1n recopilando y almacenando. Para obtener m\u00e1s informaci\u00f3n sobre el manejo de datos de usuarios, consulte nuestra pol\u00edtica de privacidad\" id=\"forminator-field-checkbox-1-1-69d25f8ae1dd5\" aria-labelledby=\"forminator-field-checkbox-1-1-69d25f8ae1dd5-label\" data-calculation=\"0\"   data-hidden-behavior=\"zero\"\/><span class=\"forminator-checkbox-box\" aria-hidden=\"true\"><\/span><span class=\"forminator-checkbox-label\">I agree that my data is being collected and stored. For more information about the handling of user data, please see our privacy policy<\/span><\/label><\/div><\/div><\/div><input type=\"hidden\" name=\"referer_url\" value=\"\" \/><div class=\"forminator-row forminator-row-last\"><div class=\"forminator-col\"><div class=\"forminator-field\"><button class=\"forminator-button forminator-button-submit\">Request an appointment<\/button><\/div><\/div><\/div><input type=\"hidden\" id=\"forminator_nonce\" name=\"forminator_nonce\" value=\"4e0bd5d779\" \/><input type=\"hidden\" name=\"_wp_http_referer\" value=\"\/en\/wp-json\/wp\/v2\/pages\/45184\" \/><input type=\"hidden\" name=\"form_id\" value=\"9709\"><input type=\"hidden\" name=\"page_id\" value=\"45184\"><input type=\"hidden\" name=\"form_type\" value=\"default\"><input type=\"hidden\" name=\"current_url\" value=\"https:\/\/virgiliogalvis.com\/en\/agendar-cita-page\/\"><input type=\"hidden\" name=\"render_id\" value=\"0\"><input type=\"hidden\" name=\"action\" value=\"forminator_submit_form_custom-forms\"><input type=\"hidden\" name=\"trp-form-language\" value=\"en\"\/><\/form><\/div>\n\t\t<\/div>\t\t\t\t<\/div>\n\t\t\t\t<\/div>\n\t\t\t\t<\/div>\n\t\t\t\t<\/div>\n\t\t\t\t\t\t<\/div>\n\t\t\t<\/div>\n\t\t<\/div><\/div>\t\t\t\t<\/div>\n\t\t\t\t<\/div>\n\t\t\t\t\t<\/div>\n\t\t\t\t<\/div>\n\t\t\t\t<\/div>","protected":false},"excerpt":{"rendered":"<p>Virgilio Galvis | Centro Oftalmol\u00f3gico SOLICITE SU CITA<\/p>","protected":false},"author":2,"featured_media":0,"parent":0,"menu_order":0,"comment_status":"closed","ping_status":"closed","template":"","meta":{"_acf_changed":false,"inline_featured_image":false,"footnotes":""},"class_list":["post-45184","page","type-page","status-publish","hentry"],"acf":[],"_links":{"self":[{"href":"https:\/\/virgiliogalvis.com\/en\/wp-json\/wp\/v2\/pages\/45184","targetHints":{"allow":["GET"]}}],"collection":[{"href":"https:\/\/virgiliogalvis.com\/en\/wp-json\/wp\/v2\/pages"}],"about":[{"href":"https:\/\/virgiliogalvis.com\/en\/wp-json\/wp\/v2\/types\/page"}],"author":[{"embeddable":true,"href":"https:\/\/virgiliogalvis.com\/en\/wp-json\/wp\/v2\/users\/2"}],"replies":[{"embeddable":true,"href":"https:\/\/virgiliogalvis.com\/en\/wp-json\/wp\/v2\/comments?post=45184"}],"version-history":[{"count":4,"href":"https:\/\/virgiliogalvis.com\/en\/wp-json\/wp\/v2\/pages\/45184\/revisions"}],"predecessor-version":[{"id":45189,"href":"https:\/\/virgiliogalvis.com\/en\/wp-json\/wp\/v2\/pages\/45184\/revisions\/45189"}],"wp:attachment":[{"href":"https:\/\/virgiliogalvis.com\/en\/wp-json\/wp\/v2\/media?parent=45184"}],"curies":[{"name":"wp","href":"https:\/\/api.w.org\/{rel}","templated":true}]}}