{"id":4494,"date":"2019-11-15T17:43:17","date_gmt":"2019-11-15T22:43:17","guid":{"rendered":"https:\/\/virgiliogalvis.com\/?page_id=4494"},"modified":"2019-11-15T17:43:17","modified_gmt":"2019-11-15T22:43:17","slug":"oftalmologia-y-supraespecialidades","status":"publish","type":"page","link":"https:\/\/virgiliogalvis.com\/en\/oftalmologia-y-supraespecialidades\/","title":{"rendered":"Ophthalmology and Supraspecialties"},"content":{"rendered":"<p>[vc_row gap=&#8221;35&#8243; equal_height=&#8221;yes&#8221; content_placement=&#8221;middle&#8221; iw_layout=&#8221;wide-bg&#8221; css=&#8221;.vc_custom_1591918523527{margin-top: 5px !important;margin-right: 5px !important;margin-bottom: 5px !important;margin-left: 5px !important;}&#8221;][vc_column width=&#8221;1\/2&#8243;][vc_video link=&#8221;https:\/\/youtu.be\/dGFWVYF2YY0&#8243;][\/vc_column][vc_column width=&#8221;1\/2&#8243;][inwave_heading preview_style_1=&#8221;&#8221; title=&#8221;{LA OFTALMOLOG\u00cdA}&#8221; css=&#8221;.vc_custom_1575740924064{margin-top: 5px !important;margin-right: 5px !important;margin-bottom: 5px !important;margin-left: 5px !important;border-top-width: 5px !important;border-right-width: 5px !important;border-bottom-width: 5px !important;border-left-width: 5px !important;}&#8221;][vc_column_text css=&#8221;.vc_custom_1575740935950{margin-top: 5px !important;margin-right: 5px !important;margin-bottom: 5px !important;margin-left: 5px !important;border-top-width: 5px !important;border-right-width: 5px !important;border-bottom-width: 5px !important;border-left-width: 5px !important;}&#8221;]La oftalmologia es la especialidad m\u00e9dica que se encarga del cuidado de los ojos.<\/p>\n<p>Un oftalm\u00f3logo es el profesional m\u00e9dico que diagnostica y trata todas las enfermedades oculares, practica cirug\u00edas, prescribe y adapta gafas y lentes de contacto para corregir problemas de visi\u00f3n.<\/p>\n<p>En el Centro Oftalmol\u00f3gico Virgilio Galvis nos preocupamos por la salud visual de cada uno de nuestros pacientes y participamos activamente en la investigaci\u00f3n cient\u00edfica de las causas y curas de enfermedades oculares y trastornos visuales.[\/vc_column_text][vc_empty_space][vc_btn title=&#8221;PRINCIPALES ENFERMEDADES OCULARES&#8221; shape=&#8221;round&#8221; align=&#8221;center&#8221; el_class=&#8221;popmake-3281 pum-trigger&#8221; link=&#8221;url:https%3A%2F%2Fvirgiliogalvis.com%2Fenfermedades-oculares%2F|title:Enfermedades%20oculares||&#8221;][\/vc_column][\/vc_row][vc_row equal_height=&#8221;yes&#8221; iw_layout=&#8221;wide-bg&#8221; css=&#8221;.vc_custom_1562899126971{margin-top: 30px !important;}&#8221;][vc_column width=&#8221;1\/3&#8243;][\/vc_column][vc_column width=&#8221;1\/3&#8243;][inwave_heading preview_style_1=&#8221;&#8221; title=&#8221;{SUPRA ESPECIALIDADES}&#8221;][\/vc_column][vc_column width=&#8221;1\/3&#8243;][\/vc_column][\/vc_row][vc_row equal_height=&#8221;yes&#8221; iw_layout=&#8221;wide-bg&#8221; css=&#8221;.vc_custom_1562899126971{margin-top: 30px !important;}&#8221;][vc_column][vc_column_text]Las supra especialidades son aquellas areas especificas para tratar determinadas patologias; este conocimiento adicional de los oftalmol\u00f3gos los preparan para atender situaciones espec\u00edficas en ciertas \u00e1reas y en ciertos grupos de pacientes. En el Centro Oftalmol\u00f3gico Virgilio Galvis atendemos las siguientes especialidades:[\/vc_column_text][\/vc_column][\/vc_row][vc_row equal_height=&#8221;yes&#8221; iw_layout=&#8221;wide-bg&#8221; css=&#8221;.vc_custom_1562899126971{margin-top: 30px !important;}&#8221;][vc_column][vc_tta_accordion active_section=&#8221;-1&#8243; collapsible_all=&#8221;true&#8221;][vc_tta_section title=&#8221;OFTALMOLOGIA INTEGRAL&#8221; tab_id=&#8221;1598913478220-213e4794-0205&#8243;][vc_column_text]<\/p>\n<p class=\"p1\"><span class=\"s1\">El primer contacto del paciente con el Centro Oftalmol\u00f3gico Virgilio Galvis es con la especialidad de Oftalmolog\u00eda Integral.<\/span><\/p>\n<p>En este espacio el paciente recibe la consulta de primera vez y atenci\u00f3n subsecuente. Adem\u00e1s, cuenta con servicio de optometr\u00eda para verificar sus problemas refractivos.<\/p>\n<p>En cada caso, se realiza la apertura de un expediente electr\u00f3nico en la base de datos, el cual consta de los datos personales del paciente, historia cl\u00ednica completa, as\u00ed como la exploraci\u00f3n optometrica y oftalmol\u00f3gica integral; esta incluye desde agudeza visual, refracci\u00f3n, refracci\u00f3n bajo cicloplejia , examen biomicrosc\u00f3pico, as\u00ed como estudios adicionales especiales en los casos que lo requieran.[\/vc_column_text][vc_btn title=&#8221;SOLICITE SU CITA&#8221; shape=&#8221;round&#8221; align=&#8221;center&#8221; el_class=&#8221;popmake-3281 pum-trigger&#8221;][\/vc_tta_section][vc_tta_section title=&#8221;SEGMENTO ANTERIOR Y POSTERIOR&#8221; tab_id=&#8221;1598913478259-4f2bdd38-18d4&#8243;][vc_column_text]La causa n\u00famero uno de ceguera adquirida reversible en el mundo es la catarata. Este padecimiento es tratado en el Centro Oftalmol\u00f3gico Virgilio Galvis en la supra especialidad de Segmento Anterior que tiene entre sus funciones principales brindar atenci\u00f3n integral al paciente oftalmol\u00f3gico.<\/p>\n<p>Dentro del ojo humano existe un lente natural transparente, conocido como cristalino, el cual tiene la funci\u00f3n de llevar las im\u00e1genes a la retina para su posterior interpretaci\u00f3n en el cerebro, cuando \u00e9ste se opaca se produce la enfermedad conocida como catarata.<\/p>\n<p>Debido a la importancia y frecuencia de este tipo de patolog\u00eda ocular que tiene una seria repercusi\u00f3n\u00a0 ya que imposibilita al paciente a desarrollar sus actividades habituales, el conocimiento del oftalm\u00f3logo en las t\u00e9cnicas quir\u00fargicas m\u00e1s actuales en el tratamiento de la catarata es objetivo primordial del Centro Oftalmol\u00f3gico Virgilio Galvis.[\/vc_column_text][vc_btn title=&#8221;SOLICITE SU CITA&#8221; shape=&#8221;round&#8221; align=&#8221;center&#8221; el_class=&#8221;popmake-3281 pum-trigger&#8221;][\/vc_tta_section][vc_tta_section title=&#8221;RETINA, VITREO Y UVE\u00cdTIS&#8221; tab_id=&#8221;1598913862813-d7625f6a-bbad&#8221;][vc_column_text]La supra especialidad denominada retina y v\u00edtreo,\u00a0 trabaja en la retina que es un tejido sensible a la luz situado en la superficie interior del ojo, es como una pantalla donde se proyectan las im\u00e1genes.<\/p>\n<p>La luz que incide en la retina desencadena reacciones qu\u00edmicas y el\u00e9ctricas que se convierten en impulsos nerviosos que van hacia el cerebro a trav\u00e9s del nervio \u00f3ptico. La retina posee una estructura muy compleja, se compone de varias capas de neuronas interconectadas mediante sinapsis.<\/p>\n<p>Las c\u00e9lulas sensibles a la luz se identifican como conos y bastones. Los bastones funcionan en condiciones de baja luminosidad y nos proporcionan la visi\u00f3n en blanco y negro, los conos sin embargo est\u00e1n adaptados a las situaciones de mucha luminosidad y nos dan la visi\u00f3n en color.<\/p>\n<p>El humor v\u00edtreo es un l\u00edquido gelatinoso, transparente, que ocupa el espacio comprendido entre la superficie interna de la retina y la cara posterior del cristalino, es m\u00e1s denso que el humor acuoso, y a diferencia de \u00e9ste, no se renueva a lo largo de la vida, y se encuentra en el espacio existente entre el cristalino y la c\u00f3rnea. El humor v\u00edtreo contribuye a mantener la forma del ojo y proporciona una superficie uniforme de la retina para que la recepci\u00f3n de im\u00e1genes sea n\u00edtida.<\/p>\n<p>Estos peque\u00f1os \u00f3rganos del ojo en ocasiones son afectados por padecimientos que pueden ser graves y provocar diversos malestares, deficiencia visual y hasta la ceguera del paciente.<\/p>\n<p>En el caso nuestro uno de estos padecimientos es muy frecuente: la retinopat\u00eda diab\u00e9tica, y otro conocido como desprendimiento de retina, que en muchos casos est\u00e1 provocado por accidentes. La alta incidencia de estos padecimientos tan espec\u00edficos son la raz\u00f3n de nuestra existencia y actividad como una supra especialidad de la oftalmolog\u00eda.[\/vc_column_text][vc_btn title=&#8221;SOLICITE SU CITA&#8221; shape=&#8221;round&#8221; align=&#8221;center&#8221; el_class=&#8221;popmake-3281 pum-trigger&#8221;][\/vc_tta_section][vc_tta_section title=&#8221;OFTALMOLOG\u00cdA PEDI\u00c1TRICA&#8221; tab_id=&#8221;1598913936354-dbdfad2d-e8c3&#8243;][vc_column_text]La supra especialidad de oftalmolog\u00eda pedi\u00e1trica es el area especializada en los problemas de visi\u00f3n de los ni\u00f1os. Por ello, la prevenci\u00f3n y la detecci\u00f3n precoz de patolog\u00eda oculares en la infancia es muy importante. \u00a0La agudeza visual del ojo de un ni\u00f1o va mejorando desde el nacimiento.<\/p>\n<p>A los 3 a\u00f1os su agudeza visual alcanza un 50%, llegando al 100% a los 5 a\u00f1os.\u00a0Por esto, los primeros a\u00f1os de vida hasta los 7 u 8 a\u00f1os, son cruciales para un correcto desarrollo visual. Durante este periodo de la vida es fundamental detectar anomal\u00edas que impidan una evoluci\u00f3n visual normal y anomal\u00edas que si no se detectaran a tiempo podr\u00edan provocar secuelas irreversibles para toda la vida.<\/p>\n<p>Esta unidad se ocupan de la detecci\u00f3n de estos trastornos quienes insiste en que no s\u00f3lo es importante el papel del m\u00e9dico, sino tambi\u00e9n de los padres, quienes juegan un papel trascendental porque son los primeros que pueden detectar en su hijo signos de que algo no funciona bien y deber\u00e1n valorar a tiempo que su hijo necesita una revisi\u00f3n oftalmol\u00f3gica.[\/vc_column_text][vc_btn title=&#8221;SOLICITE SU CITA&#8221; shape=&#8221;round&#8221; align=&#8221;center&#8221; el_class=&#8221;popmake-3281 pum-trigger&#8221;][\/vc_tta_section][vc_tta_section title=&#8221;ESTRABISMO&#8221; tab_id=&#8221;1600349599855-230f9f55-1dd3&#8243;][vc_column_text]La especialidad de estrabismo se encarga de el tratamiento de la desviaci\u00f3n de la l\u00ednea visual de uno, o de los dos ojos, lo que con lleva que \u00e9stos no se encuentren ubicados en la misma direcci\u00f3n con respecto al eje visual ni sean paralelos. De este modo, mientras un ojo dirige su mirada hacia un determinado objeto, el otro se dirige hacia otra direcci\u00f3n. Esto supone un problema tanto visual como est\u00e9tico.<\/p>\n<p>Si se toma como referencia la clasificaci\u00f3n de los estrabismos en funci\u00f3n de la direcci\u00f3n en la que se desplaza el ojo desviado podemos diferenciar estos tipos de estrabismo:<\/p>\n<ul>\n<li><strong>Estrabismo convergente<\/strong>: Se produce cuando el ojo se desv\u00eda hacia dentro.<\/li>\n<li><strong>Estrabismo divergente<\/strong>: Se produce cuando el ojo se desv\u00eda hacia fuera.<\/li>\n<\/ul>\n<p>[\/vc_column_text][vc_btn title=&#8221;SOLICITE SU CITA&#8221; shape=&#8221;round&#8221; align=&#8221;center&#8221; el_class=&#8221;popmake-3281 pum-trigger&#8221;][\/vc_tta_section][vc_tta_section title=&#8221;GLAUCOMA&#8221; tab_id=&#8221;1598914000508-0b9e129a-a14b&#8221;][vc_column_text]El glaucoma es una enfermedad compleja, cr\u00f3nica e irreversible que afecta actualmente a millones de personas en el mundo, es considerada como la primera causa de ceguera irreversible.<\/p>\n<p>La misi\u00f3n del la supraespecialidad de Glaucoma es ofrecer un diagn\u00f3stico oportuno y un tratamiento eficaz, para que el curso natural de este padecimiento no ocasione limitaciones en la vida diaria de los pacientes. Nuestro obejtivo es mantenernos a la vanguardia en investigaci\u00f3n, diagn\u00f3stico y tratamiento de la misma.<\/p>\n<p>La clave del tratamiento de la enfermedad es la detecci\u00f3n temprana para un diagn\u00f3stico y tratamiento adecuado.[\/vc_column_text][vc_btn title=&#8221;SOLICITE SU CITA&#8221; shape=&#8221;round&#8221; align=&#8221;center&#8221; el_class=&#8221;popmake-3281 pum-trigger&#8221;][\/vc_tta_section][vc_tta_section title=&#8221;OCULOPLASTIA, VIA LAGRIMAL Y ORBITA&#8221; tab_id=&#8221;1598914063598-0c190c45-1e30&#8243;][vc_column_text]La supra especialidad de Oculopl\u00e1stica, Orbita y Via Lagrimal se encarga de la reconstruccion de fracturas complejas o el manejo funcional o cosm\u00e9tico de las cejas y el tercio medio facial.<\/p>\n<p>Actualmente contamos con una gran variedad de opciones quir\u00fargicas para resolver una gran cantidad de patolog\u00edas, algunas de las cuales incluso con diferentes abordajes o t\u00e9cnicas.<\/p>\n<p>Consiguiendo materializar en el servicio que nuestros pacientes se sientan satisfechos con alta calidad, lo que nos ha obligado a comprometernos como equipo de trabajo a buscar y enfrentar nuevos retos, para brindar a los pacientes un mejor manejo de sus patolog\u00edas.[\/vc_column_text][vc_btn title=&#8221;SOLICITE SU CITA&#8221; shape=&#8221;round&#8221; align=&#8221;center&#8221; el_class=&#8221;popmake-3281 pum-trigger&#8221;][\/vc_tta_section][vc_tta_section title=&#8221;NEURO OFTALMOLOG\u00cdA&#8221; tab_id=&#8221;1609942384879-8fa46554-02bc&#8221;][vc_column_text]La supra especialidad de neurooftalmolog\u00eda es la parte de la oftalmologia que se encarga de las enfermedades que afectan a la v\u00eda \u00f3ptica, es decir, de todo lo que se relaciona con la\u00a0 transmisi\u00f3n de \u00a0la se\u00f1al luminosa desde la retina hasta el cerebro, hasta su procesamiento en la corteza cerebral\u00a0 y hasta que nosotros entendemos qu\u00e9 es lo que estamos viendo.<\/p>\n<p>En otras palabras, ese el \u00e1rea encargada de estudiar los trastornos visuales relacionados con el cerebro o sistema nervioso central o periferico.<u><\/u>[\/vc_column_text][vc_btn title=&#8221;SOLICITE SU CITA&#8221; shape=&#8221;round&#8221; align=&#8221;center&#8221; el_class=&#8221;popmake-3281 pum-trigger&#8221;][\/vc_tta_section][\/vc_tta_accordion][vc_separator][\/vc_column][\/vc_row][vc_row equal_height=&#8221;yes&#8221; iw_layout=&#8221;wide-bg&#8221; css=&#8221;.vc_custom_1562899126971{margin-top: 30px !important;}&#8221;][vc_column width=&#8221;1\/3&#8243;][\/vc_column][vc_column width=&#8221;1\/3&#8243;][vc_btn title=&#8221;SOLICITE SU CITA&#8221; shape=&#8221;round&#8221; align=&#8221;center&#8221; el_class=&#8221;popmake-3281 pum-trigger&#8221;][\/vc_column][vc_column width=&#8221;1\/3&#8243;][\/vc_column][\/vc_row]<\/p>\n","protected":false},"excerpt":{"rendered":"<p>[vc_row gap=&#8221;35&#8243; equal_height=&#8221;yes&#8221; content_placement=&#8221;middle&#8221; iw_layout=&#8221;wide-bg&#8221; css=&#8221;.vc_custom_1591918523527{margin-top: 5px !important;margin-right: 5px !important;margin-bottom: 5px !important;margin-left: 5px !important;}&#8221;][vc_column width=&#8221;1\/2&#8243;][vc_video link=&#8221;https:\/\/youtu.be\/dGFWVYF2YY0&#8243;][\/vc_column][vc_column width=&#8221;1\/2&#8243;][inwave_heading preview_style_1=&#8221;&#8221; title=&#8221;{LA OFTALMOLOG\u00cdA}&#8221; css=&#8221;.vc_custom_1575740924064{margin-top: 5px !important;margin-right: 5px !important;margin-bottom: 5px !important;margin-left: 5px !important;border-top-width: 5px !important;border-right-width: 5px !important;border-bottom-width: 5px !important;border-left-width: 5px !important;}&#8221;][vc_column_text css=&#8221;.vc_custom_1575740935950{margin-top: 5px !important;margin-right: 5px !important;margin-bottom: 5px !important;margin-left: 5px !important;border-top-width: 5px !important;border-right-width: 5px !important;border-bottom-width: 5px !important;border-left-width: 5px !important;}&#8221;]La oftalmologia&#8230;<\/p>\n","protected":false},"author":2,"featured_media":0,"parent":0,"menu_order":0,"comment_status":"closed","ping_status":"closed","template":"page-templates\/full-width-page.php","meta":{"_acf_changed":false,"inline_featured_image":false,"footnotes":""},"class_list":["post-4494","page","type-page","status-publish","hentry"],"acf":[],"_links":{"self":[{"href":"https:\/\/virgiliogalvis.com\/en\/wp-json\/wp\/v2\/pages\/4494","targetHints":{"allow":["GET"]}}],"collection":[{"href":"https:\/\/virgiliogalvis.com\/en\/wp-json\/wp\/v2\/pages"}],"about":[{"href":"https:\/\/virgiliogalvis.com\/en\/wp-json\/wp\/v2\/types\/page"}],"author":[{"embeddable":true,"href":"https:\/\/virgiliogalvis.com\/en\/wp-json\/wp\/v2\/users\/2"}],"replies":[{"embeddable":true,"href":"https:\/\/virgiliogalvis.com\/en\/wp-json\/wp\/v2\/comments?post=4494"}],"version-history":[{"count":0,"href":"https:\/\/virgiliogalvis.com\/en\/wp-json\/wp\/v2\/pages\/4494\/revisions"}],"wp:attachment":[{"href":"https:\/\/virgiliogalvis.com\/en\/wp-json\/wp\/v2\/media?parent=4494"}],"curies":[{"name":"wp","href":"https:\/\/api.w.org\/{rel}","templated":true}]}}