{"id":4479,"date":"2019-11-07T10:57:07","date_gmt":"2019-11-07T15:57:07","guid":{"rendered":"https:\/\/virgiliogalvis.com\/?page_id=4479"},"modified":"2019-11-07T10:57:07","modified_gmt":"2019-11-07T15:57:07","slug":"gladybell-gutierrez-picon","status":"publish","type":"page","link":"https:\/\/virgiliogalvis.com\/en\/optometras\/gladybell-gutierrez-picon\/","title":{"rendered":"Gladybell Gutierrez Picon"},"content":{"rendered":"<p>[vc_row iw_layout=&#8221;wide-bg&#8221;][vc_column][vc_row_inner equal_height=&#8221;yes&#8221; content_placement=&#8221;middle&#8221;][vc_column_inner width=&#8221;1\/2&#8243;][inwave_heading preview_style_1=&#8221;&#8221; title=&#8221;{Gladybell Gutierrez Picon}&#8221;][vc_column_text el_class=&#8221;dg-p-doc&#8221;]<span style=\"color: #00375f;\">Opt\u00f3metra &#8211; Universidad Santo Tom\u00e1s de Aquino 2000<\/span><\/p>\n<p><span style=\"color: #00375f;\">Especialista en baja visi\u00f3n, ortoptica y examenes especializados<\/span>[\/vc_column_text][\/vc_column_inner][vc_column_inner width=&#8221;1\/2&#8243;][vc_single_image image=&#8221;4486&#8243; img_size=&#8221;large&#8221;][\/vc_column_inner][\/vc_row_inner][inwave_tabs layout=&#8221;layout3&#8243; preview_style3=&#8221;&#8221;][inwave_tab_container title=&#8221;ESTUDIOS&#8221; icon=&#8221;fa fa-user&#8221;][vc_column_text]<\/p>\n<p class=\"p1\"><span class=\"s1\">Primer Curso Inter Universitario de Optometras, Universidad Santo Tomas de Aquino<\/span><\/p>\n<p>XXII Congreso Nacional de Optometr\u00eda y VI Sal\u00f3n Internacional de la \u00d3ptica, Bogota D.C. 2008<\/p>\n<p>\u00daltimos Avances Tecnol\u00f3gicos de Superficies Progresivas Esilor 2009<\/p>\n<p>Curso Teorico Practico de Baja Visi\u00f3n, Fundacion para la Discapacidad Visual, Bogota D.C. 2010<\/p>\n<p>Diplomado en Actualidad del Ojo Seco, Bucaramanga 2011<\/p>\n<p>Diplomado en excelencia profesional en lentes de contacto y habilidades de direcci\u00f3n, Universidad EAFIT, Bucaramanga 2012<\/p>\n<p>Curso en Actualizaci\u00f3n en lentes de contacto Hidrogel de Silicona, Medellin 2011<\/p>\n<p>Curso de Adaptaci\u00f3n de lentes de contacto rigidos esclerales, Medellin 2016<\/p>\n<p>[\/vc_column_text][\/inwave_tab_container][\/inwave_tabs][\/vc_column][\/vc_row]<\/p>\n","protected":false},"excerpt":{"rendered":"<p>[vc_row iw_layout=&#8221;wide-bg&#8221;][vc_column][vc_row_inner equal_height=&#8221;yes&#8221; content_placement=&#8221;middle&#8221;][vc_column_inner width=&#8221;1\/2&#8243;][inwave_heading preview_style_1=&#8221;&#8221; title=&#8221;{Gladybell Gutierrez Picon}&#8221;][vc_column_text el_class=&#8221;dg-p-doc&#8221;]Opt\u00f3metra &#8211; Universidad Santo Tom\u00e1s de Aquino 2000 Especialista en baja visi\u00f3n, ortoptica y examenes especializados[\/vc_column_text][\/vc_column_inner][vc_column_inner width=&#8221;1\/2&#8243;][vc_single_image image=&#8221;4486&#8243; img_size=&#8221;large&#8221;][\/vc_column_inner][\/vc_row_inner][inwave_tabs layout=&#8221;layout3&#8243; preview_style3=&#8221;&#8221;][inwave_tab_container title=&#8221;ESTUDIOS&#8221; icon=&#8221;fa fa-user&#8221;][vc_column_text] Primer Curso Inter Universitario de Optometras, Universidad Santo Tomas de Aquino XXII Congreso Nacional de Optometr\u00eda y VI Sal\u00f3n Internacional de la&#8230;<\/p>\n","protected":false},"author":2,"featured_media":0,"parent":2768,"menu_order":0,"comment_status":"closed","ping_status":"closed","template":"page-templates\/full-width-page.php","meta":{"_acf_changed":false,"inline_featured_image":false,"footnotes":""},"class_list":["post-4479","page","type-page","status-publish","hentry"],"acf":[],"_links":{"self":[{"href":"https:\/\/virgiliogalvis.com\/en\/wp-json\/wp\/v2\/pages\/4479","targetHints":{"allow":["GET"]}}],"collection":[{"href":"https:\/\/virgiliogalvis.com\/en\/wp-json\/wp\/v2\/pages"}],"about":[{"href":"https:\/\/virgiliogalvis.com\/en\/wp-json\/wp\/v2\/types\/page"}],"author":[{"embeddable":true,"href":"https:\/\/virgiliogalvis.com\/en\/wp-json\/wp\/v2\/users\/2"}],"replies":[{"embeddable":true,"href":"https:\/\/virgiliogalvis.com\/en\/wp-json\/wp\/v2\/comments?post=4479"}],"version-history":[{"count":0,"href":"https:\/\/virgiliogalvis.com\/en\/wp-json\/wp\/v2\/pages\/4479\/revisions"}],"up":[{"embeddable":true,"href":"https:\/\/virgiliogalvis.com\/en\/wp-json\/wp\/v2\/pages\/2768"}],"wp:attachment":[{"href":"https:\/\/virgiliogalvis.com\/en\/wp-json\/wp\/v2\/media?parent=4479"}],"curies":[{"name":"wp","href":"https:\/\/api.w.org\/{rel}","templated":true}]}}