{"id":4461,"date":"2019-11-05T14:51:36","date_gmt":"2019-11-05T19:51:36","guid":{"rendered":"https:\/\/virgiliogalvis.com\/?page_id=4461"},"modified":"2019-11-05T14:51:36","modified_gmt":"2019-11-05T19:51:36","slug":"dr-victor-hugo-serna-villegas","status":"publish","type":"page","link":"https:\/\/virgiliogalvis.com\/en\/medicos-oftalmologos\/dr-victor-hugo-serna-villegas\/","title":{"rendered":"Dr. Victor Hugo Serna Villegas"},"content":{"rendered":"<p>[vc_row iw_layout=&#8221;wide-bg&#8221;][vc_column][vc_row_inner equal_height=&#8221;yes&#8221; content_placement=&#8221;middle&#8221;][vc_column_inner width=&#8221;1\/2&#8243;][vc_btn title=&#8221;Solicite su cita&#8221; align=&#8221;left&#8221; link=&#8221;url:https%3A%2F%2Fvirgiliogalvis.com%2Fsolicite-su-cita%2F|title:Solicite%20su%20cita||&#8221;][inwave_heading preview_style_1=&#8221;&#8221; title=&#8221;{Dr. Victor Hugo Serna Villegas}&#8221;][vc_column_text el_class=&#8221;dg-p-doc&#8221;]<\/p>\n<h4><span style=\"color: #00375f;\">MD. Oftalm\u00f3logo<\/span><\/h4>\n<p><span style=\"color: #00375f;\"><span class=\"s1\">Supra especialista en Segmento Anterior, C\u00f3rnea y Cirug\u00eda Refractiva<\/span>.<\/span>[\/vc_column_text][\/vc_column_inner][vc_column_inner width=&#8221;1\/2&#8243;][vc_single_image image=&#8221;4462&#8243; img_size=&#8221;large&#8221;][\/vc_column_inner][\/vc_row_inner][inwave_tabs layout=&#8221;layout3&#8243; preview_style3=&#8221;&#8221;][inwave_tab_container title=&#8221;ESPECIALIDADES&#8221; icon=&#8221;fa fa-home&#8221;][vc_column_text]<\/p>\n<p class=\"p1\"><span class=\"s1\">M\u00e9dico y Cirujano &#8211; Universidad del Valle &#8211; Antioquia 2008<\/span><\/p>\n<p class=\"p1\"><span class=\"s1\">Especialista en Oftalmolog\u00eda &#8211; <\/span><span class=\"s1\">Universidad de Antioquia 2016<br \/>\n<\/span><\/p>\n<p class=\"p1\"><span class=\"s1\">Supra especialista en Segmento Anterior, Cirug\u00eda Refractiva y C\u00f3rnea<br \/>\n<\/span><\/p>\n<p class=\"p1\"><span class=\"s1\">Fundaci\u00f3n Oftalmol\u00f3gica de Santander \u2013 Carlos Ardila Lulle -FOSCAL 2019<br \/>\n<\/span><\/p>\n<p>[\/vc_column_text][\/inwave_tab_container][inwave_tab_container title=&#8221;ESTUDIOS&#8221; icon=&#8221;fa fa-user&#8221;][vc_column_text]XXXI Congreso de la Sociedad Panamericana de Oftalmolog\u00eda, Bogota 2015<\/p>\n<p>IX Curso Internacional de Oftalmolog\u00eda\u00a0 FOSCAL, Floridablanca 2015<\/p>\n<p>Curso Nacional e Internacional de Oftalmolog\u00eda, Medellin 2013<\/p>\n<p>Curso de Integridad Cientifica e Investigaci\u00f3n Universidad del Valle, Antioquia 2008<\/p>\n<p>Ingles Avanzado,\u00a0 American lenguage Communication Center New York City Noviembre 2009<\/p>\n<p>Certificacion ICONTEC como auditor interno GP 1000 &#8211; MECI Diciembre 2010<\/p>\n<p>Certificaci\u00f3n\u00a0 bajo los lineamientos de la Asociacion Americana del Coraz\u00f3n\u00a0 en Soporte Vital B\u00e1sico y Reanimaci\u00f3n\u00a0 Cardiopulmonar Avanzado. Salamandra Centro internacional de Entrenamiento e Urgencias y Emergencias Diciembre 2010<\/p>\n<p>[\/vc_column_text][\/inwave_tab_container][inwave_tab_container title=&#8221;INVESTIGACIONES CL\u00cdNICAS&#8221; icon=&#8221;fa fa-trophy&#8221;][vc_column_text]Poster Lente intraocular Multifocal Posterior a Cirug\u00eda Refractiva. Curso Nacional e Internacional de\u00a0 Oftamolog\u00eda, Medellin 2013<\/p>\n<p>[\/vc_column_text][\/inwave_tab_container][inwave_tab_container title=&#8221;LOGROS OBTENIDOS&#8221; icon=&#8221;fa fa-child&#8221;][vc_column_text]Estimulos Academicos Universidad del Valle.[\/vc_column_text][\/inwave_tab_container][\/inwave_tabs][\/vc_column][\/vc_row]<\/p>\n","protected":false},"excerpt":{"rendered":"<p>[vc_row iw_layout=&#8221;wide-bg&#8221;][vc_column][vc_row_inner equal_height=&#8221;yes&#8221; content_placement=&#8221;middle&#8221;][vc_column_inner width=&#8221;1\/2&#8243;][vc_btn title=&#8221;Solicite su cita&#8221; align=&#8221;left&#8221; link=&#8221;url:https%3A%2F%2Fvirgiliogalvis.com%2Fsolicite-su-cita%2F|title:Solicite%20su%20cita||&#8221;][inwave_heading preview_style_1=&#8221;&#8221; title=&#8221;{Dr. Victor Hugo Serna Villegas}&#8221;][vc_column_text el_class=&#8221;dg-p-doc&#8221;] MD. Oftalm\u00f3logo Supra especialista en Segmento Anterior, C\u00f3rnea y Cirug\u00eda Refractiva.[\/vc_column_text][\/vc_column_inner][vc_column_inner width=&#8221;1\/2&#8243;][vc_single_image image=&#8221;4462&#8243; img_size=&#8221;large&#8221;][\/vc_column_inner][\/vc_row_inner][inwave_tabs layout=&#8221;layout3&#8243; preview_style3=&#8221;&#8221;][inwave_tab_container title=&#8221;ESPECIALIDADES&#8221; icon=&#8221;fa fa-home&#8221;][vc_column_text] M\u00e9dico y Cirujano &#8211; Universidad del Valle &#8211; Antioquia 2008 Especialista en Oftalmolog\u00eda &#8211; Universidad de Antioquia 2016 Supra&#8230;<\/p>\n","protected":false},"author":2,"featured_media":0,"parent":2710,"menu_order":0,"comment_status":"closed","ping_status":"closed","template":"page-templates\/full-width-page.php","meta":{"_acf_changed":false,"inline_featured_image":false,"footnotes":""},"class_list":["post-4461","page","type-page","status-publish","hentry"],"acf":[],"_links":{"self":[{"href":"https:\/\/virgiliogalvis.com\/en\/wp-json\/wp\/v2\/pages\/4461","targetHints":{"allow":["GET"]}}],"collection":[{"href":"https:\/\/virgiliogalvis.com\/en\/wp-json\/wp\/v2\/pages"}],"about":[{"href":"https:\/\/virgiliogalvis.com\/en\/wp-json\/wp\/v2\/types\/page"}],"author":[{"embeddable":true,"href":"https:\/\/virgiliogalvis.com\/en\/wp-json\/wp\/v2\/users\/2"}],"replies":[{"embeddable":true,"href":"https:\/\/virgiliogalvis.com\/en\/wp-json\/wp\/v2\/comments?post=4461"}],"version-history":[{"count":0,"href":"https:\/\/virgiliogalvis.com\/en\/wp-json\/wp\/v2\/pages\/4461\/revisions"}],"up":[{"embeddable":true,"href":"https:\/\/virgiliogalvis.com\/en\/wp-json\/wp\/v2\/pages\/2710"}],"wp:attachment":[{"href":"https:\/\/virgiliogalvis.com\/en\/wp-json\/wp\/v2\/media?parent=4461"}],"curies":[{"name":"wp","href":"https:\/\/api.w.org\/{rel}","templated":true}]}}