{"id":4267,"date":"2019-10-24T14:20:40","date_gmt":"2019-10-24T19:20:40","guid":{"rendered":"https:\/\/virgiliogalvis.com\/?page_id=4267"},"modified":"2019-10-24T14:20:40","modified_gmt":"2019-10-24T19:20:40","slug":"vivian-rocio-figueroa-morales","status":"publish","type":"page","link":"https:\/\/virgiliogalvis.com\/en\/optometras\/vivian-rocio-figueroa-morales\/","title":{"rendered":"Vivian Rocio Figueroa Morales"},"content":{"rendered":"<p>[vc_row iw_layout=&#8221;wide-bg&#8221;][vc_column][vc_row_inner equal_height=&#8221;yes&#8221; content_placement=&#8221;middle&#8221;][vc_column_inner width=&#8221;1\/2&#8243;][inwave_heading preview_style_1=&#8221;&#8221; title=&#8221;{Vivian Rocio Figueroa Morales}&#8221;][vc_column_text el_class=&#8221;dg-p-doc&#8221;]<span style=\"color: #00375f;\">Opt\u00f3metra &#8211; Universidad Santo Tom\u00e1s de Aquino 2012<\/span>[\/vc_column_text][\/vc_column_inner][vc_column_inner width=&#8221;1\/2&#8243;][vc_single_image image=&#8221;4271&#8243; img_size=&#8221;large&#8221;][\/vc_column_inner][\/vc_row_inner][inwave_tabs layout=&#8221;layout3&#8243; preview_style3=&#8221;&#8221;][inwave_tab_container title=&#8221;ESTUDIOS&#8221; icon=&#8221;fa fa-user&#8221;][vc_column_text]<\/p>\n<p class=\"p1\"><span class=\"s1\">XXVI Congreso Nacional de Optometr\u00eda y XIV Congreso Internacional de Optometria y VIII Sal\u00f3n\u00a0 Internacional de \u00d3ptica FEDOPTO, Bogota 2012.<\/span><\/p>\n<p class=\"p1\"><span class=\"s1\">Congreso Internacional de Optometr\u00eda &#8220;La investigaci\u00f3n, un reto para el fortalecimiento de la optometr\u00eda&#8221; Bucaramanga 2007.<\/span><\/p>\n<p>[\/vc_column_text][\/inwave_tab_container][\/inwave_tabs][\/vc_column][\/vc_row]<\/p>\n","protected":false},"excerpt":{"rendered":"<p>[vc_row iw_layout=&#8221;wide-bg&#8221;][vc_column][vc_row_inner equal_height=&#8221;yes&#8221; content_placement=&#8221;middle&#8221;][vc_column_inner width=&#8221;1\/2&#8243;][inwave_heading preview_style_1=&#8221;&#8221; title=&#8221;{Vivian Rocio Figueroa Morales}&#8221;][vc_column_text el_class=&#8221;dg-p-doc&#8221;]Opt\u00f3metra &#8211; Universidad Santo Tom\u00e1s de Aquino 2012[\/vc_column_text][\/vc_column_inner][vc_column_inner width=&#8221;1\/2&#8243;][vc_single_image image=&#8221;4271&#8243; img_size=&#8221;large&#8221;][\/vc_column_inner][\/vc_row_inner][inwave_tabs layout=&#8221;layout3&#8243; preview_style3=&#8221;&#8221;][inwave_tab_container title=&#8221;ESTUDIOS&#8221; icon=&#8221;fa fa-user&#8221;][vc_column_text] XXVI Congreso Nacional de Optometr\u00eda y XIV Congreso Internacional de Optometria y VIII Sal\u00f3n\u00a0 Internacional de \u00d3ptica FEDOPTO, Bogota 2012. Congreso Internacional de Optometr\u00eda &#8220;La investigaci\u00f3n, un reto para&#8230;<\/p>\n","protected":false},"author":2,"featured_media":0,"parent":2768,"menu_order":0,"comment_status":"closed","ping_status":"closed","template":"page-templates\/full-width-page.php","meta":{"_acf_changed":false,"inline_featured_image":false,"footnotes":""},"class_list":["post-4267","page","type-page","status-publish","hentry"],"acf":[],"_links":{"self":[{"href":"https:\/\/virgiliogalvis.com\/en\/wp-json\/wp\/v2\/pages\/4267","targetHints":{"allow":["GET"]}}],"collection":[{"href":"https:\/\/virgiliogalvis.com\/en\/wp-json\/wp\/v2\/pages"}],"about":[{"href":"https:\/\/virgiliogalvis.com\/en\/wp-json\/wp\/v2\/types\/page"}],"author":[{"embeddable":true,"href":"https:\/\/virgiliogalvis.com\/en\/wp-json\/wp\/v2\/users\/2"}],"replies":[{"embeddable":true,"href":"https:\/\/virgiliogalvis.com\/en\/wp-json\/wp\/v2\/comments?post=4267"}],"version-history":[{"count":0,"href":"https:\/\/virgiliogalvis.com\/en\/wp-json\/wp\/v2\/pages\/4267\/revisions"}],"up":[{"embeddable":true,"href":"https:\/\/virgiliogalvis.com\/en\/wp-json\/wp\/v2\/pages\/2768"}],"wp:attachment":[{"href":"https:\/\/virgiliogalvis.com\/en\/wp-json\/wp\/v2\/media?parent=4267"}],"curies":[{"name":"wp","href":"https:\/\/api.w.org\/{rel}","templated":true}]}}