{"id":3470,"date":"2019-07-28T02:09:53","date_gmt":"2019-07-28T07:09:53","guid":{"rendered":"https:\/\/virgiliogalvis.com\/?page_id=3470"},"modified":"2019-07-28T02:09:53","modified_gmt":"2019-07-28T07:09:53","slug":"cirugia-de-pterigio","status":"publish","type":"page","link":"https:\/\/virgiliogalvis.com\/en\/cirugias-y-procedimientos\/cirugia-de-pterigio\/","title":{"rendered":"Pterygium Surgery"},"content":{"rendered":"<p>[vc_row iw_layout=&#8221;wide-bg&#8221;][vc_column][vc_row_inner content_placement=&#8221;middle&#8221; gap=&#8221;35&#8243;][vc_column_inner width=&#8221;1\/4&#8243; offset=&#8221;vc_hidden-md vc_hidden-sm vc_hidden-xs&#8221;][vc_wp_custommenu title=&#8221;CIRUGIAS Y PROCEDIMIENTOS&#8221; nav_menu=&#8221;45&#8243;][\/vc_column_inner][vc_column_inner width=&#8221;3\/4&#8243;][inwave_heading preview_style_1=&#8221;&#8221; title=&#8221;{Cirug\u00eda de Pterigio}&#8221;][vc_video link=&#8221;https:\/\/youtu.be\/J2znCmoRl1I&#8221;][\/vc_column_inner][\/vc_row_inner][vc_row_inner][vc_column_inner][vc_column_text]<\/p>\n<p class=\"p1\">El Pterigion es un crecimiento fibrovascular\u00a0(carnosidad) de forma triangular que se extiende desde la conjuntiva hacia la c\u00f3rnea. Aunque su causa no es totalmente clara, el principal factor de riesgo es la exposici\u00f3n a la luz ultravioleta del sol.<\/p>\n<p>[\/vc_column_text][\/vc_column_inner][\/vc_row_inner][inwave_accordions layout=&#8221;accordion2&#8243; preview_style2=&#8221;&#8221; item_active=&#8221;-1&#8243;][inwave_accordion_item title=&#8221;PROCEDIMIENTO&#8221;]<\/p>\n<p class=\"p1\"><span class=\"s4\">La t\u00e9cnica quir\u00fargica consiste en resecar el Pterigion, dejando limpia toda el \u00e1rea previamente afectada, procediendo luego a obtener un autoinjerto de la conjuntiva (membrana que recubre lo blanco del ojo), y posteriormente fijando este al lecho receptor usualmente\u00a0con suturas<\/span><span class=\"s4\">.<\/span><\/p>\n<p>[\/inwave_accordion_item][inwave_accordion_item title=&#8221;INDICACIONES&#8221;]<\/p>\n<p class=\"p1\">Inicialmente su manejo se hace con gotas lubricantes. Su indicaci\u00f3n quir\u00fargica puede ser por varias razones, sintomatolog\u00eda persistente a pesar de tratamiento, inducci\u00f3n de astigmatismo corneal dificultando visi\u00f3n, restricci\u00f3n de los movimientos oculares, o por apariencia est\u00e9tica.<\/p>\n<p>[\/inwave_accordion_item][inwave_accordion_item title=&#8221;RECOMENDACIONES&#8221;]<\/p>\n<p class=\"p1\">Esta es una cirug\u00eda ambulatoria, realizada con anestesia t\u00f3pica, la cual ofrece una alta tasa de \u00e9xito y baja posibilidad de recurrencia.<\/p>\n<p>[\/inwave_accordion_item][\/inwave_accordions][vc_row_inner][vc_column_inner][vc_btn title=&#8221;SOLICITE SU CITA&#8221; shape=&#8221;round&#8221; align=&#8221;center&#8221; el_class=&#8221;popmake-3281 pum-trigger&#8221;][\/vc_column_inner][\/vc_row_inner][\/vc_column][\/vc_row]<\/p>\n","protected":false},"excerpt":{"rendered":"<p>[vc_row iw_layout=&#8221;wide-bg&#8221;][vc_column][vc_row_inner content_placement=&#8221;middle&#8221; gap=&#8221;35&#8243;][vc_column_inner width=&#8221;1\/4&#8243; offset=&#8221;vc_hidden-md vc_hidden-sm vc_hidden-xs&#8221;][vc_wp_custommenu title=&#8221;CIRUGIAS Y PROCEDIMIENTOS&#8221; nav_menu=&#8221;45&#8243;][\/vc_column_inner][vc_column_inner width=&#8221;3\/4&#8243;][inwave_heading preview_style_1=&#8221;&#8221; title=&#8221;{Cirug\u00eda de Pterigio}&#8221;][vc_video link=&#8221;https:\/\/youtu.be\/J2znCmoRl1I&#8221;][\/vc_column_inner][\/vc_row_inner][vc_row_inner][vc_column_inner][vc_column_text] El Pterigion es un crecimiento fibrovascular\u00a0(carnosidad) de forma triangular que se extiende desde la conjuntiva hacia la c\u00f3rnea. Aunque su causa no es totalmente clara, el principal factor de riesgo es la exposici\u00f3n a la luz ultravioleta&#8230;<\/p>\n","protected":false},"author":2,"featured_media":0,"parent":2659,"menu_order":0,"comment_status":"closed","ping_status":"closed","template":"page-templates\/full-width-page.php","meta":{"_acf_changed":false,"inline_featured_image":false,"footnotes":""},"class_list":["post-3470","page","type-page","status-publish","hentry"],"acf":[],"_links":{"self":[{"href":"https:\/\/virgiliogalvis.com\/en\/wp-json\/wp\/v2\/pages\/3470","targetHints":{"allow":["GET"]}}],"collection":[{"href":"https:\/\/virgiliogalvis.com\/en\/wp-json\/wp\/v2\/pages"}],"about":[{"href":"https:\/\/virgiliogalvis.com\/en\/wp-json\/wp\/v2\/types\/page"}],"author":[{"embeddable":true,"href":"https:\/\/virgiliogalvis.com\/en\/wp-json\/wp\/v2\/users\/2"}],"replies":[{"embeddable":true,"href":"https:\/\/virgiliogalvis.com\/en\/wp-json\/wp\/v2\/comments?post=3470"}],"version-history":[{"count":0,"href":"https:\/\/virgiliogalvis.com\/en\/wp-json\/wp\/v2\/pages\/3470\/revisions"}],"up":[{"embeddable":true,"href":"https:\/\/virgiliogalvis.com\/en\/wp-json\/wp\/v2\/pages\/2659"}],"wp:attachment":[{"href":"https:\/\/virgiliogalvis.com\/en\/wp-json\/wp\/v2\/media?parent=3470"}],"curies":[{"name":"wp","href":"https:\/\/api.w.org\/{rel}","templated":true}]}}