{"id":3468,"date":"2019-07-28T02:07:41","date_gmt":"2019-07-28T07:07:41","guid":{"rendered":"https:\/\/virgiliogalvis.com\/?page_id=3468"},"modified":"2019-07-28T02:07:41","modified_gmt":"2019-07-28T07:07:41","slug":"cirugia-de-retina","status":"publish","type":"page","link":"https:\/\/virgiliogalvis.com\/en\/cirugias-y-procedimientos\/cirugia-de-retina\/","title":{"rendered":"Retina Surgery"},"content":{"rendered":"<p>[vc_row iw_layout=&#8221;wide-bg&#8221;][vc_column][vc_row_inner gap=&#8221;35&#8243;][vc_column_inner width=&#8221;1\/4&#8243; offset=&#8221;vc_hidden-md vc_hidden-sm vc_hidden-xs&#8221;][vc_wp_custommenu title=&#8221;CIRUG\u00cdAS Y PROCEDIMIENTOS&#8221; nav_menu=&#8221;45&#8243;][\/vc_column_inner][vc_column_inner width=&#8221;3\/4&#8243;][inwave_heading preview_style_1=&#8221;&#8221; title=&#8221;{Cirug\u00eda de Retina}&#8221;][vc_video link=&#8221;https:\/\/youtu.be\/DRBXhLAj4OQ&#8221;][\/vc_column_inner][\/vc_row_inner][vc_row_inner][vc_column_inner][inwave_heading preview_style_1=&#8221;&#8221; title=&#8221;{Vitrectom\u00eda}&#8221;][vc_column_text]La vitrectom\u00eda es una t\u00e9cnica de microcirug\u00eda ocular que se utiliza para extraer el humor v\u00edtreo, es decir, el gel transparente que rellena la cavidad ocular.<\/p>\n<p>La t\u00e9cnica est\u00e1 indicada para curar enfermedades del v\u00edtreo y la retina.<\/p>\n<p>Hay varias patolog\u00edas oculares que pueden requerir una vitrectom\u00eda:<\/p>\n<ul>\n<li>Retinopat\u00eda diab\u00e9tica<\/li>\n<li>Hemorragias v\u00edtreas<\/li>\n<li>Desprendimiento de retina<\/li>\n<li>Heridas oculares o traumatismos<\/li>\n<li>Agujeros maculares<\/li>\n<li>Membranas epirretinianas<\/li>\n<li>Patolog\u00edas relacionadas con la miop\u00eda degenerativa<\/li>\n<li>Complicaciones despu\u00e9s de operaciones de cataratas<\/li>\n<li>Complicaciones derivadas de la uveitis<\/li>\n<\/ul>\n<p>[\/vc_column_text][\/vc_column_inner][\/vc_row_inner][inwave_accordions layout=&#8221;accordion2&#8243; preview_style2=&#8221;&#8221; item_active=&#8221;-1&#8243;][inwave_accordion_item title=&#8221;PROCEDIMIENTO&#8221;]El cirujano de retina y v\u00edtreo (retinologo) realiza tres peque\u00f1as micro incisiones en la esclera (parte blanca del ojo), a trav\u00e9s de las cuales se accede a la cavidad v\u00edtrea y se introducen instrumentos para practicar la cirug\u00eda: una luz que ilumina la retina, una c\u00e1nula de irrigaci\u00f3n que mantiene la presi\u00f3n intraocular y un vitrector que corta y extrae el v\u00edtreo, adem\u00e1s se utilizan otra serie de instrumentos seg\u00fan cada caso en particular.<\/p>\n<p>Durante la cirug\u00eda, en algunos pacientes se inyecta aire o gas en la cavidad ocular, que favorece el proceso de reparaci\u00f3n de la retina y que se va absorbiendo progresivamente. En otros casos, se usa aceite de silicona, que no desaparece naturalmente y que puede tener que extraerse en una segunda operaci\u00f3n, siempre y cuando el oftalm\u00f3logo lo aconseje.<\/p>\n<p>La vitrectom\u00eda posterior se lleva a cabo con anestesia regional o general y su duraci\u00f3n es variable dependiendo de la patolog\u00eda. De manera frecuente se combina con otros procedimientos paralelos, como la cirug\u00eda de catarata con implante de lente intraocular.<\/p>\n<p>Normalmente se retira el parche oclusivo del ojo al d\u00eda siguiente de la cirug\u00eda. Es posible que el paciente note molestias leves tras la operaci\u00f3n, como sensaci\u00f3n de cuerpo extra\u00f1o, ojo rojo e hinchaz\u00f3n palpebral. En los casos en los que se inyecta gas o aceite de silicona, la presencia de estas sustancias provoca mala visi\u00f3n, que va mejorando gradualmente.[\/inwave_accordion_item][inwave_accordion_item title=&#8221;INDICACIONES&#8221;]Antes de la intervenci\u00f3n se realiza un examen ocular detallado, y con frecuencia, requiere de una serie de ex\u00e1menes como la fotograf\u00eda del fondo de ojo, el OCT macular (Tomograf\u00eda de Coherencia \u00d3ptica Retiniana), la angiograf\u00eda con fluoresce\u00edna y\/o ecograf\u00eda ocular.<\/p>\n<p class=\"p1\"><span class=\"s1\">\u00a0<\/span><\/p>\n<p>[\/inwave_accordion_item][inwave_accordion_item title=&#8221;RECOMENDACIONES&#8221;]La primera semana se recomienda evitar movimientos bruscos con la cabeza y se desaconseja realizar ejercicio f\u00edsico intenso.<\/p>\n<p>Debe tenerse en cuenta que la recuperaci\u00f3n no es inmediata y que los primeros resultados se aprecian tras varias semanas o meses despu\u00e9s de la cirug\u00eda.[\/inwave_accordion_item][\/inwave_accordions][vc_row_inner][vc_column_inner][vc_btn title=&#8221;SOLICITE SU CITA&#8221; shape=&#8221;round&#8221; align=&#8221;center&#8221; el_class=&#8221;popmake-3281 pum-trigger&#8221;][\/vc_column_inner][\/vc_row_inner][\/vc_column][\/vc_row]<\/p>\n","protected":false},"excerpt":{"rendered":"<p>[vc_row iw_layout=&#8221;wide-bg&#8221;][vc_column][vc_row_inner gap=&#8221;35&#8243;][vc_column_inner width=&#8221;1\/4&#8243; offset=&#8221;vc_hidden-md vc_hidden-sm vc_hidden-xs&#8221;][vc_wp_custommenu title=&#8221;CIRUG\u00cdAS Y PROCEDIMIENTOS&#8221; nav_menu=&#8221;45&#8243;][\/vc_column_inner][vc_column_inner width=&#8221;3\/4&#8243;][inwave_heading preview_style_1=&#8221;&#8221; title=&#8221;{Cirug\u00eda de Retina}&#8221;][vc_video link=&#8221;https:\/\/youtu.be\/DRBXhLAj4OQ&#8221;][\/vc_column_inner][\/vc_row_inner][vc_row_inner][vc_column_inner][inwave_heading preview_style_1=&#8221;&#8221; title=&#8221;{Vitrectom\u00eda}&#8221;][vc_column_text]La vitrectom\u00eda es una t\u00e9cnica de microcirug\u00eda ocular que se utiliza para extraer el humor v\u00edtreo, es decir, el gel transparente que rellena la cavidad ocular. La t\u00e9cnica est\u00e1 indicada para curar enfermedades del v\u00edtreo y la&#8230;<\/p>\n","protected":false},"author":2,"featured_media":0,"parent":2659,"menu_order":0,"comment_status":"closed","ping_status":"closed","template":"page-templates\/full-width-page.php","meta":{"_acf_changed":false,"inline_featured_image":false,"footnotes":""},"class_list":["post-3468","page","type-page","status-publish","hentry"],"acf":[],"_links":{"self":[{"href":"https:\/\/virgiliogalvis.com\/en\/wp-json\/wp\/v2\/pages\/3468","targetHints":{"allow":["GET"]}}],"collection":[{"href":"https:\/\/virgiliogalvis.com\/en\/wp-json\/wp\/v2\/pages"}],"about":[{"href":"https:\/\/virgiliogalvis.com\/en\/wp-json\/wp\/v2\/types\/page"}],"author":[{"embeddable":true,"href":"https:\/\/virgiliogalvis.com\/en\/wp-json\/wp\/v2\/users\/2"}],"replies":[{"embeddable":true,"href":"https:\/\/virgiliogalvis.com\/en\/wp-json\/wp\/v2\/comments?post=3468"}],"version-history":[{"count":0,"href":"https:\/\/virgiliogalvis.com\/en\/wp-json\/wp\/v2\/pages\/3468\/revisions"}],"up":[{"embeddable":true,"href":"https:\/\/virgiliogalvis.com\/en\/wp-json\/wp\/v2\/pages\/2659"}],"wp:attachment":[{"href":"https:\/\/virgiliogalvis.com\/en\/wp-json\/wp\/v2\/media?parent=3468"}],"curies":[{"name":"wp","href":"https:\/\/api.w.org\/{rel}","templated":true}]}}