{"id":3462,"date":"2019-07-28T01:53:44","date_gmt":"2019-07-28T06:53:44","guid":{"rendered":"https:\/\/virgiliogalvis.com\/?page_id=3462"},"modified":"2019-07-28T01:53:44","modified_gmt":"2019-07-28T06:53:44","slug":"ptosis-palpebral-parpado-caido","status":"publish","type":"page","link":"https:\/\/virgiliogalvis.com\/en\/cirugias-y-procedimientos\/cirugia-plastica-ocular\/ptosis-palpebral-parpado-caido\/","title":{"rendered":"Ptosis (Drooping Eyelid)"},"content":{"rendered":"<p>[vc_row iw_layout=&#8221;wide-bg&#8221;][vc_column][vc_row_inner equal_height=&#8221;yes&#8221; gap=&#8221;35&#8243;][vc_column_inner width=&#8221;1\/2&#8243;][vc_video link=&#8221;https:\/\/www.youtube.com\/watch?v=rk_Y_-bciVs&#8221;][\/vc_column_inner][vc_column_inner width=&#8221;1\/2&#8243;][inwave_heading preview_style_1=&#8221;&#8221; title=&#8221;{Ptosis Palpebral (P\u00e1rpado ca\u00eddo)}&#8221;][vc_column_text]<\/p>\n<p class=\"p1\"><span class=\"s1\">La ptosis palpebral consiste en la ca\u00edda o descenso del p\u00e1rpado superior, afectando un ojo o ambos ojos, lo que hace que el ojo se vea m\u00e1s peque\u00f1o y el p\u00e1rpado puede inclusive llegar a cubrir la pupila de forma parcial o total.<span class=\"Apple-converted-space\">\u00a0 <\/span>Adem\u00e1s de ser un problema est\u00e9tico puede llegar a ser un problema funcional, debido a que puede afectar el campo visual y la visi\u00f3n. <\/span><\/p>\n<p class=\"p1\"><span class=\"s1\">Existen m\u00faltiples causas que producen la ptosis palpebral. La m\u00e1s com\u00fan es la ptosis senil o asociada al envejecimiento. Otras enfermedades tambi\u00e9n pueden causarla, como la miastenia gravis, o la par\u00e1lisis de ciertos nervios que controlan los movimientos del p\u00e1rpado. El uso cr\u00f3nico de lentes de contacto o el frotado cr\u00f3nico de p\u00e1rpados, tambi\u00e9n pueden causarla en algunos casos. <\/span><\/p>\n<p class=\"p1\"><span class=\"s1\">La ptosis tambi\u00e9n puede ser cong\u00e9nita, es decir, que est\u00e1 presente desde el nacimiento. En los ni\u00f1os que nacen con ptosis palpebral que cubra la pupila, puede presentarse un retraso en el desarrollo de la visi\u00f3n que se conoce como ambliop\u00eda u \u201cojo perezoso\u201d, por lo que es importante realizar la correcci\u00f3n de la posici\u00f3n del p\u00e1rpado tempranamente. <\/span><\/p>\n<p>[\/vc_column_text][\/vc_column_inner][\/vc_row_inner][inwave_accordions layout=&#8221;accordion2&#8243; preview_style2=&#8221;&#8221; item_active=&#8221;-1&#8243;][inwave_accordion_item title=&#8221;PROCEDIMIENTO&#8221;]<\/p>\n<p class=\"p1\"><span class=\"s1\">El tratamiento de la ptosis palpebral es quir\u00fargico en la mayor\u00eda de los casos. Existen m\u00faltiples t\u00e9cnicas para corregir la ptosis palpebral, pero la elecci\u00f3n de t\u00e9cnica espec\u00edfica depende de la causa de la ptosis, del grado de ptosis, del grado de funci\u00f3n del m\u00fasculo elevador, entre otros m\u00faltiples factores y es precisamente el Cirujano Pl\u00e1stico Ocular u Oculopl\u00e1stico, el profesional id\u00f3neo para realizar este tipo de cirug\u00edas con mejores resultados funcionales y est\u00e9ticos y menor tasa de complicaciones.\u00a0<\/span><\/p>\n<p class=\"p1\"><span class=\"s1\">El objetivo de la cirug\u00eda es elevar la posici\u00f3n del p\u00e1rpado, despejando el eje visual, mejorando el campo visual y logrando una mejor\u00eda est\u00e9tica al mejorar la simetr\u00eda de los p\u00e1rpados. Es una cirug\u00eda ambulatoria, corta, que en los adultos se hace con anestesia local o sedaci\u00f3n, y se puede realizar simult\u00e1neamente con otro tipo de cirug\u00edas de los p\u00e1rpados, como la blefaroplastia superior, blefaroplastia inferior o elevaci\u00f3n de cejas.<\/span><\/p>\n<p>[\/inwave_accordion_item][inwave_accordion_item title=&#8221;INDICACIONES&#8221;]<\/p>\n<p class=\"p1\"><span class=\"s1\">La mayor\u00eda de las causas de ptosis palpebral se pueden identificar solamente con una adecuada exploraci\u00f3n cl\u00ednica, es por esto que es fundamental que la valoraci\u00f3n sea realizada por un especialista en p\u00e1rpados como es el Cirujano Pl\u00e1stico Ocular u Oculopl\u00e1stico, quien es un m\u00e9dico oftalm\u00f3logo especializado en p\u00e1rpados y tiene conocimiento profundo acerca de la anatom\u00eda y funcionamiento de los p\u00e1rpados, el mecanismo de \u00e9stas alteraciones y las t\u00e9cnicas espec\u00edficas para corregir cada caso. <\/span><\/p>\n<p>[\/inwave_accordion_item][\/inwave_accordions][\/vc_column][\/vc_row][vc_row][vc_column][vc_raw_js]JTNDc2NyaXB0JTIwdHlwZSUzRCUyMnRleHQlMkZqYXZhc2NyaXB0JTIyJTNFJTBBaXRlbXMlMjAlM0QlMjBkb2N1bWVudC5nZXRFbGVtZW50c0J5Q2xhc3NOYW1lJTI4JTIyZG9jdG9yLW5hbWUlMjIlMjklM0IlMEFmb3IlMjh2YXIlMjBpJTNEMCUzQiUyMGklM0NpdGVtcy5sZW5ndGglM0IlMjBpJTJCJTJCJTI5JTdCJTBBdmFyJTIwaW1nJTIwJTNEJTIwZG9jdW1lbnQuY3JlYXRlRWxlbWVudCUyOCUyMklNRyUyMiUyOSUzQiUwQWltZy5zcmMlMjAlM0QlMjAlMjJodHRwcyUzQSUyRiUyRnZpcmdpbGlvZ2FsdmlzLnNpbXBlY2Fkby5jb20lMkZ3cC1jb250ZW50JTJGdXBsb2FkcyUyRjIwMTklMkYwNyUyRklDT04ucG5nJTIyJTNCJTBBaW1nLndpZHRoJTIwJTNEJTIwJTIyNDAlMjIlM0IlMjAlMEFpdGVtcyU1QmklNUQuaW5zZXJ0QWRqYWNlbnRFbGVtZW50JTI4JTIyYmVmb3JlYmVnaW4lMjIlMkMlMjBpbWclMjklM0IlMjAlMEElN0QlMjAlM0MlMkZzY3JpcHQlM0U=[\/vc_raw_js][vc_row_inner][vc_column_inner][vc_btn title=&#8221;SOLICITE SU CITA&#8221; shape=&#8221;round&#8221; align=&#8221;center&#8221; el_class=&#8221;popmake-3281 pum-trigger&#8221;][\/vc_column_inner][\/vc_row_inner][\/vc_column][\/vc_row]<\/p>\n","protected":false},"excerpt":{"rendered":"<p>[vc_row iw_layout=&#8221;wide-bg&#8221;][vc_column][vc_row_inner equal_height=&#8221;yes&#8221; gap=&#8221;35&#8243;][vc_column_inner width=&#8221;1\/2&#8243;][vc_video link=&#8221;https:\/\/www.youtube.com\/watch?v=rk_Y_-bciVs&#8221;][\/vc_column_inner][vc_column_inner width=&#8221;1\/2&#8243;][inwave_heading preview_style_1=&#8221;&#8221; title=&#8221;{Ptosis Palpebral (P\u00e1rpado ca\u00eddo)}&#8221;][vc_column_text] La ptosis palpebral consiste en la ca\u00edda o descenso del p\u00e1rpado superior, afectando un ojo o ambos ojos, lo que hace que el ojo se vea m\u00e1s peque\u00f1o y el p\u00e1rpado puede inclusive llegar a cubrir la pupila de forma parcial o total.\u00a0&#8230;<\/p>\n","protected":false},"author":2,"featured_media":0,"parent":2682,"menu_order":0,"comment_status":"closed","ping_status":"closed","template":"page-templates\/full-width-page.php","meta":{"_acf_changed":false,"inline_featured_image":false,"footnotes":""},"class_list":["post-3462","page","type-page","status-publish","hentry"],"acf":[],"_links":{"self":[{"href":"https:\/\/virgiliogalvis.com\/en\/wp-json\/wp\/v2\/pages\/3462","targetHints":{"allow":["GET"]}}],"collection":[{"href":"https:\/\/virgiliogalvis.com\/en\/wp-json\/wp\/v2\/pages"}],"about":[{"href":"https:\/\/virgiliogalvis.com\/en\/wp-json\/wp\/v2\/types\/page"}],"author":[{"embeddable":true,"href":"https:\/\/virgiliogalvis.com\/en\/wp-json\/wp\/v2\/users\/2"}],"replies":[{"embeddable":true,"href":"https:\/\/virgiliogalvis.com\/en\/wp-json\/wp\/v2\/comments?post=3462"}],"version-history":[{"count":0,"href":"https:\/\/virgiliogalvis.com\/en\/wp-json\/wp\/v2\/pages\/3462\/revisions"}],"up":[{"embeddable":true,"href":"https:\/\/virgiliogalvis.com\/en\/wp-json\/wp\/v2\/pages\/2682"}],"wp:attachment":[{"href":"https:\/\/virgiliogalvis.com\/en\/wp-json\/wp\/v2\/media?parent=3462"}],"curies":[{"name":"wp","href":"https:\/\/api.w.org\/{rel}","templated":true}]}}