{"id":3458,"date":"2019-07-28T01:48:26","date_gmt":"2019-07-28T06:48:26","guid":{"rendered":"https:\/\/virgiliogalvis.com\/?page_id=3458"},"modified":"2019-07-28T01:48:26","modified_gmt":"2019-07-28T06:48:26","slug":"blefaroplastia","status":"publish","type":"page","link":"https:\/\/virgiliogalvis.com\/en\/cirugias-y-procedimientos\/cirugia-plastica-ocular\/blefaroplastia\/","title":{"rendered":"Blepharoplasty"},"content":{"rendered":"<p>[vc_row iw_layout=&#8221;wide-bg&#8221;][vc_column][vc_row_inner equal_height=&#8221;yes&#8221; gap=&#8221;35&#8243;][vc_column_inner width=&#8221;1\/2&#8243;][vc_video link=&#8221;https:\/\/www.youtube.com\/watch?v=GWtaQ47JI0k&#8221;][\/vc_column_inner][vc_column_inner width=&#8221;1\/2&#8243;][inwave_heading preview_style_1=&#8221;&#8221; title=&#8221;{Blefaroplastia}&#8221;][vc_column_text]<\/p>\n<p class=\"p1\"><span class=\"s1\">La blefaroplastia es la cirug\u00eda que se utiliza para para corregir defectos, deformidades o asimetr\u00edas de los p\u00e1rpados, ya sea por razones funcionales las cuales el exceso de piel afecta el campo visual superior, razones cosm\u00e9ticas o ambas. <\/span><\/p>\n<p class=\"p1\"><span class=\"s1\">La raz\u00f3n m\u00e1s com\u00fan es la cosm\u00e9tica en la que se eliminan o se reposicionan el exceso de piel y grasa para dar una apariencia m\u00e1s agradable y juvenil. <\/span><\/p>\n<p class=\"p1\"><span class=\"s1\">A medida que pasan los a\u00f1os, los p\u00e1rpados se estiran y los m\u00fasculos que los sostienen se debilitan. En consecuencia, se puede notar o prolapsar la grasa arriba y abajo de los p\u00e1rpados llamadas \u201cbolsas\u201d, los cuales dan un aspecto cansado y mayor a las personas.<\/span><\/p>\n<p class=\"p1\"><span class=\"s1\">La blefaroplastia puede reducir o eliminar los problemas de visi\u00f3n y hacer que los ojos parezcan m\u00e1s j\u00f3venes y m\u00e1s alerta.<\/span><\/p>\n<p>[\/vc_column_text][\/vc_column_inner][\/vc_row_inner][inwave_accordions layout=&#8221;accordion2&#8243; preview_style2=&#8221;&#8221; item_active=&#8221;-1&#8243;][inwave_accordion_item title=&#8221;PROCEDIMIENTO&#8221;]<\/p>\n<p class=\"p1\"><span class=\"s1\">Esta cirug\u00eda se realiza con anestesia local, bajo sedaci\u00f3n, lo que le permite al paciente estar despierto durante la cirug\u00eda, sin ser este un procedimiento tedioso. <\/span><\/p>\n<p class=\"p1\"><span class=\"s1\">Junto con esta cirug\u00eda se pueden realizar otras cirug\u00edas, como correcci\u00f3n de ptosis palpebral (parpados ca\u00eddos), levantamiento de cejas, u otros procedimientos de rejuvenecimiento facial. <\/span><\/p>\n<p class=\"p1\"><span class=\"s1\">Adem\u00e1s, es ambulatorio, sin mayores molestias, lo que permite integrarse r\u00e1pidamente a su cotidianidad. <\/span><\/p>\n<p>[\/inwave_accordion_item][inwave_accordion_item title=&#8221;INDICACIONES&#8221;]<\/p>\n<p class=\"p1\"><span class=\"s1\">Antes de programar la cirug\u00eda se realiza una valoraci\u00f3n con el cirujano pl\u00e1stico especializado en cirug\u00edas de los ojos (cirujano Oculopl\u00e1stico), quien es el m\u00e9dico que le realizara una historia cl\u00ednica completa, valoraci\u00f3n de sus parpados y finalmente ser\u00e1 el profesional que le realizara la operaci\u00f3n con resultados exitosos.<\/span><\/p>\n<p>[\/inwave_accordion_item][inwave_accordion_item title=&#8221;RECOMENDACIONES&#8221;]<\/p>\n<p class=\"p1\"><span class=\"s1\">El tratamiento alternativo de elecci\u00f3n en la actualidad para tratar los movimientos anormales de p\u00e1rpados y cara, es la aplicaci\u00f3n de inyecciones de toxina botul\u00ednica, que busca mejorar la calidad de vida de los pacientes al mejorar los espasmos tras inducir una relajaci\u00f3n de forma transitoria de los m\u00fasculos encargados de los movimientos de la cara. <\/span><\/p>\n<p class=\"p1\"><span class=\"s1\">Este es un procedimiento no quir\u00fargico que debe ser aplicado por un especialista que conozca a profundidad la anatom\u00eda y funcionamiento de los m\u00fasculos perioculares y faciales para evitar complicaciones como ca\u00edda de los p\u00e1rpados, imposibilidad para cerrar los p\u00e1rpados con exposici\u00f3n de la superficie corneal y sus respectivas complicaciones, debilidad para la masticaci\u00f3n, entre otras. <\/span><\/p>\n<p class=\"p1\"><span class=\"s1\">Este tratamiento es efectivo hasta en un 95% de los pacientes, pero el efecto es transitorio y debe repetirse de manera regular. La duraci\u00f3n del efecto de la toxina es de 4 a 6 meses. <\/span><\/p>\n<p class=\"p1\"><span class=\"s1\">Existen otros tratamientos que pueden adicionarse a la toxina botul\u00ednica como es la lubricaci\u00f3n intensiva de la superficie ocular, por medio de gotas lubricantes que dan una mayor estabilidad a la pel\u00edcula lagrimal y protegen la superficie ocular. Las gafas oscuras con protecci\u00f3n ante los rayos ultravioleta, pueden llegar a ser muy \u00fatiles a los pacientes con blefaroespasmo, ya que protegen la superficie ocular, disminuyen la sensibilidad a la luz y as\u00ed minorizan los espasmos.\u00a0<\/span><\/p>\n<p class=\"p1\"><span class=\"s1\">Los tratamientos quir\u00fargicos, por lo general, se reservan solo para pacientes que no tienen una adecuada respuesta a la toxina botul\u00ednica o tienen contraindicaciones o restricciones para la aplicaci\u00f3n del medicamento.<\/span><\/p>\n<p>[\/inwave_accordion_item][\/inwave_accordions][\/vc_column][\/vc_row][vc_row][vc_column][vc_raw_js]JTNDc2NyaXB0JTIwdHlwZSUzRCUyMnRleHQlMkZqYXZhc2NyaXB0JTIyJTNFJTBBaXRlbXMlMjAlM0QlMjBkb2N1bWVudC5nZXRFbGVtZW50c0J5Q2xhc3NOYW1lJTI4JTIyZG9jdG9yLW5hbWUlMjIlMjklM0IlMEFmb3IlMjh2YXIlMjBpJTNEMCUzQiUyMGklM0NpdGVtcy5sZW5ndGglM0IlMjBpJTJCJTJCJTI5JTdCJTBBdmFyJTIwaW1nJTIwJTNEJTIwZG9jdW1lbnQuY3JlYXRlRWxlbWVudCUyOCUyMklNRyUyMiUyOSUzQiUwQWltZy5zcmMlMjAlM0QlMjAlMjJodHRwcyUzQSUyRiUyRnZpcmdpbGlvZ2FsdmlzLnNpbXBlY2Fkby5jb20lMkZ3cC1jb250ZW50JTJGdXBsb2FkcyUyRjIwMTklMkYwNyUyRklDT04ucG5nJTIyJTNCJTBBaW1nLndpZHRoJTIwJTNEJTIwJTIyNDAlMjIlM0IlMjAlMEFpdGVtcyU1QmklNUQuaW5zZXJ0QWRqYWNlbnRFbGVtZW50JTI4JTIyYmVmb3JlYmVnaW4lMjIlMkMlMjBpbWclMjklM0IlMjAlMEElN0QlMjAlM0MlMkZzY3JpcHQlM0U=[\/vc_raw_js][vc_row_inner][vc_column_inner][vc_btn title=&#8221;SOLICITE SU CITA&#8221; shape=&#8221;round&#8221; align=&#8221;center&#8221; el_class=&#8221;popmake-3281 pum-trigger&#8221;][\/vc_column_inner][\/vc_row_inner][\/vc_column][\/vc_row]<\/p>\n","protected":false},"excerpt":{"rendered":"<p>[vc_row iw_layout=&#8221;wide-bg&#8221;][vc_column][vc_row_inner equal_height=&#8221;yes&#8221; gap=&#8221;35&#8243;][vc_column_inner width=&#8221;1\/2&#8243;][vc_video link=&#8221;https:\/\/www.youtube.com\/watch?v=GWtaQ47JI0k&#8221;][\/vc_column_inner][vc_column_inner width=&#8221;1\/2&#8243;][inwave_heading preview_style_1=&#8221;&#8221; title=&#8221;{Blefaroplastia}&#8221;][vc_column_text] La blefaroplastia es la cirug\u00eda que se utiliza para para corregir defectos, deformidades o asimetr\u00edas de los p\u00e1rpados, ya sea por razones funcionales las cuales el exceso de piel afecta el campo visual superior, razones cosm\u00e9ticas o ambas. La raz\u00f3n m\u00e1s com\u00fan es la cosm\u00e9tica en&#8230;<\/p>\n","protected":false},"author":2,"featured_media":0,"parent":2682,"menu_order":0,"comment_status":"closed","ping_status":"closed","template":"page-templates\/full-width-page.php","meta":{"_acf_changed":false,"inline_featured_image":false,"footnotes":""},"class_list":["post-3458","page","type-page","status-publish","hentry"],"acf":[],"_links":{"self":[{"href":"https:\/\/virgiliogalvis.com\/en\/wp-json\/wp\/v2\/pages\/3458","targetHints":{"allow":["GET"]}}],"collection":[{"href":"https:\/\/virgiliogalvis.com\/en\/wp-json\/wp\/v2\/pages"}],"about":[{"href":"https:\/\/virgiliogalvis.com\/en\/wp-json\/wp\/v2\/types\/page"}],"author":[{"embeddable":true,"href":"https:\/\/virgiliogalvis.com\/en\/wp-json\/wp\/v2\/users\/2"}],"replies":[{"embeddable":true,"href":"https:\/\/virgiliogalvis.com\/en\/wp-json\/wp\/v2\/comments?post=3458"}],"version-history":[{"count":0,"href":"https:\/\/virgiliogalvis.com\/en\/wp-json\/wp\/v2\/pages\/3458\/revisions"}],"up":[{"embeddable":true,"href":"https:\/\/virgiliogalvis.com\/en\/wp-json\/wp\/v2\/pages\/2682"}],"wp:attachment":[{"href":"https:\/\/virgiliogalvis.com\/en\/wp-json\/wp\/v2\/media?parent=3458"}],"curies":[{"name":"wp","href":"https:\/\/api.w.org\/{rel}","templated":true}]}}