{"id":3333,"date":"2019-07-27T20:43:59","date_gmt":"2019-07-28T01:43:59","guid":{"rendered":"https:\/\/virgiliogalvis.com\/?page_id=3333"},"modified":"2019-07-27T20:43:59","modified_gmt":"2019-07-28T01:43:59","slug":"solicite-su-cita","status":"publish","type":"page","link":"https:\/\/virgiliogalvis.com\/en\/solicite-su-cita\/","title":{"rendered":"Request your appointment"},"content":{"rendered":"<p>[vc_row equal_height=&#8221;yes&#8221; content_placement=&#8221;middle&#8221; css=&#8221;.vc_custom_1591922541592{margin-top: 5px !important;margin-right: 5px !important;margin-bottom: 5px !important;margin-left: 5px !important;}&#8221;][vc_column width=&#8221;1\/3&#8243; offset=&#8221;vc_hidden-md vc_hidden-sm vc_hidden-xs&#8221;][vc_single_image image=&#8221;3083&#8243; img_size=&#8221;full&#8221;][\/vc_column][vc_column width=&#8221;1\/3&#8243;][contact-form-7 id=&#8221;4990&#8243;][\/vc_column][vc_column width=&#8221;1\/3&#8243; offset=&#8221;vc_hidden-md vc_hidden-sm vc_hidden-xs&#8221;][vc_single_image image=&#8221;3325&#8243; img_size=&#8221;100X100&#8243; alignment=&#8221;center&#8221;][vc_column_text]<\/p>\n<h4 style=\"text-align: center;\"><strong><span style=\"color: #00375f;\">LL\u00c1MANOS<\/span><\/strong><\/h4>\n<h6 style=\"text-align: center; line-height: 1.5;\"><a href=\"tel:+0316392929\" target=\"_blank\" rel=\"noopener noreferrer\"><strong>(7) 6392929<\/strong><\/a><\/h6>\n<h6 style=\"text-align: center; line-height: 1.5;\"><\/h6>\n<h4 style=\"text-align: center;\"><strong>WHATSAPP<\/strong><\/h4>\n<h6 style=\"text-align: center; line-height: 1.5;\"><a href=\"tel:+3008409433\"><strong>3008409433<\/strong><\/a><\/h6>\n<p>[\/vc_column_text][vc_single_image image=&#8221;3326&#8243; img_size=&#8221;100X100&#8243; alignment=&#8221;center&#8221;][vc_column_text]<\/p>\n<h4 style=\"text-align: center; line-height: 1;\"><strong><span style=\"color: #00375f;\">ESTAMOS EN<\/span><\/strong><\/h4>\n<h6 style=\"margin: 0cm; margin-bottom: .0001pt; text-align: center;\" align=\"center\"><strong>Centro M\u00e9dico Carlos Ardila L\u00fclle<\/strong><br \/>\n<strong>Torre A, Piso 3, M\u00f3dulo 7<\/strong><br \/>\n<strong>Floridablanca &#8211; Santander<\/strong><\/h6>\n<h6 align=\"center\"><\/h6>\n<h6 style=\"margin: 0cm; margin-bottom: .0001pt; text-align: center;\" align=\"center\"><strong>Foscal Internacional<\/strong><br \/>\n<strong>Calle 157 No. 20-94<\/strong><br \/>\n<strong>Torre C, Piso 3, Consultorio 301<\/strong><\/h6>\n<h6 style=\"margin: 0cm; margin-bottom: .0001pt; text-align: center;\" align=\"center\"><strong>Floridablanca &#8211; Santander<\/strong><\/h6>\n<h6 style=\"text-align: center;\"><strong>\u00a0<\/strong><\/h6>\n<p>[\/vc_column_text][\/vc_column][\/vc_row][vc_row][vc_column offset=&#8221;vc_hidden-md vc_hidden-sm vc_hidden-xs&#8221;][vc_column_text]<\/p>\n<p style=\"text-align: center;\">[slide-anything id=&#8221;3517&#8243;]<\/p>\n<p>[\/vc_column_text][\/vc_column][\/vc_row]<\/p>\n","protected":false},"excerpt":{"rendered":"<p>[vc_row equal_height=&#8221;yes&#8221; content_placement=&#8221;middle&#8221; css=&#8221;.vc_custom_1591922541592{margin-top: 5px !important;margin-right: 5px !important;margin-bottom: 5px !important;margin-left: 5px !important;}&#8221;][vc_column width=&#8221;1\/3&#8243; offset=&#8221;vc_hidden-md vc_hidden-sm vc_hidden-xs&#8221;][vc_single_image image=&#8221;3083&#8243; img_size=&#8221;full&#8221;][\/vc_column][vc_column width=&#8221;1\/3&#8243;][contact-form-7 id=&#8221;4990&#8243;][\/vc_column][vc_column width=&#8221;1\/3&#8243; offset=&#8221;vc_hidden-md vc_hidden-sm vc_hidden-xs&#8221;][vc_single_image image=&#8221;3325&#8243; img_size=&#8221;100X100&#8243; alignment=&#8221;center&#8221;][vc_column_text] LL\u00c1MANOS (7) 6392929 WHATSAPP 3008409433 [\/vc_column_text][vc_single_image image=&#8221;3326&#8243; img_size=&#8221;100X100&#8243; alignment=&#8221;center&#8221;][vc_column_text] ESTAMOS EN Centro M\u00e9dico Carlos Ardila L\u00fclle Torre A, Piso 3, M\u00f3dulo 7 Floridablanca &#8211; Santander Foscal Internacional Calle&#8230;<\/p>\n","protected":false},"author":2,"featured_media":0,"parent":0,"menu_order":0,"comment_status":"closed","ping_status":"closed","template":"page-templates\/full-width-page.php","meta":{"_acf_changed":false,"inline_featured_image":false,"footnotes":""},"class_list":["post-3333","page","type-page","status-publish","hentry"],"acf":[],"_links":{"self":[{"href":"https:\/\/virgiliogalvis.com\/en\/wp-json\/wp\/v2\/pages\/3333","targetHints":{"allow":["GET"]}}],"collection":[{"href":"https:\/\/virgiliogalvis.com\/en\/wp-json\/wp\/v2\/pages"}],"about":[{"href":"https:\/\/virgiliogalvis.com\/en\/wp-json\/wp\/v2\/types\/page"}],"author":[{"embeddable":true,"href":"https:\/\/virgiliogalvis.com\/en\/wp-json\/wp\/v2\/users\/2"}],"replies":[{"embeddable":true,"href":"https:\/\/virgiliogalvis.com\/en\/wp-json\/wp\/v2\/comments?post=3333"}],"version-history":[{"count":0,"href":"https:\/\/virgiliogalvis.com\/en\/wp-json\/wp\/v2\/pages\/3333\/revisions"}],"wp:attachment":[{"href":"https:\/\/virgiliogalvis.com\/en\/wp-json\/wp\/v2\/media?parent=3333"}],"curies":[{"name":"wp","href":"https:\/\/api.w.org\/{rel}","templated":true}]}}