{"id":3227,"date":"2019-07-25T04:05:37","date_gmt":"2019-07-25T04:05:37","guid":{"rendered":"https:\/\/virgiliogalvis.com\/?page_id=3227"},"modified":"2019-07-25T04:05:37","modified_gmt":"2019-07-25T04:05:37","slug":"nuestras-opticas","status":"publish","type":"page","link":"https:\/\/virgiliogalvis.com\/en\/nuestras-opticas\/","title":{"rendered":"Our Opticians \u2013 Vioptica"},"content":{"rendered":"<p>[vc_row gap=&#8221;35&#8243; equal_height=&#8221;yes&#8221; iw_layout=&#8221;wide-bg&#8221; css=&#8221;.vc_custom_1594394544334{margin-top: 5px !important;margin-right: 5px !important;margin-bottom: 5px !important;margin-left: 5px !important;}&#8221;][vc_column width=&#8221;1\/2&#8243;][vc_video link=&#8221;https:\/\/redesvirgiliogalvis.wistia.com\/medias\/t6cg4v119o?wtime=0s&#8221;][\/vc_column][vc_column width=&#8221;1\/2&#8243;][inwave_heading preview_style_1=&#8221;&#8221; title=&#8221;{VIOPTICA \u00a1VE\u00c1MONOS BIEN!}&#8221;][vc_empty_space][vc_column_text]<\/p>\n<p class=\"p1\"><span class=\"s1\">Las Gafas, tambi\u00e9n conocidas como lentes, gafas o anteojos, son un instrumento \u00f3ptico utilizado para corregir defectos visuales como la miop\u00eda, Hipermetrop\u00eda, Astigmatismo y presbicia. <\/span><\/p>\n<p class=\"p2\"><span class=\"s1\">Nuestras \u00f3pticas cumplen con las caracter\u00edsticas y est\u00e1ndares de calidad requeridos por el especialista.<span class=\"Apple-converted-space\">\u00a0 <\/span>En el mercado existen diferentes tipos de materiales, armazones y filtros para que el uso de gafas sea un accesorio que a su cara le da mayor belleza y confort.<\/span><\/p>\n<p>\u00a1Veamonos bien![\/vc_column_text][vc_btn title=&#8221;VISITA NUESTRA \u00d3PTICA&#8221; shape=&#8221;round&#8221; align=&#8221;center&#8221; link=&#8221;url:http%3A%2F%2Fwww.vioptica.com|title:Vioptica%20Colombia||&#8221;][\/vc_column][\/vc_row][vc_row iw_layout=&#8221;wide-bg&#8221;][vc_column][vc_empty_space][inwave_heading preview_style_1=&#8221;&#8221; title=&#8221;{VIOPTICA \u00a1VE\u00c1MONOS BIEN!}&#8221; align=&#8221;center&#8221;][vc_empty_space][vc_column_text]<\/p>\n<p class=\"p1\"><span class=\"s1\">Encuentra la \u00f3pticas mas cercana donde aseguraremos nuestra calidad, experiencia en lentes, monturas y accesorios, recomendada por el Dr Virgilio Galvis:<br \/>\n<\/span><\/p>\n<p>[\/vc_column_text][vc_row_inner equal_height=&#8221;yes&#8221;][vc_column_inner width=&#8221;1\/2&#8243;][vc_video link=&#8221;https:\/\/redesvirgiliogalvis.wistia.com\/medias\/xoyiu9jmsp?wtime=0s&#8221;][\/vc_column_inner][vc_column_inner width=&#8221;1\/2&#8243;][vc_column_text]<\/p>\n<p class=\"p1\"><span class=\"s1\" style=\"color: #00375f;\"><b>Vioptica &#8211; Bucaramanga<\/b><\/span><\/p>\n<p class=\"p1\"><span class=\"s1\">Horario de Atencion<\/span><\/p>\n<p>Lunes a Viernes: 7:00 a.m. &#8211; 8:00 p.m.<\/p>\n<p>Sabados Domingo y Festivos: 9:00 a.m. &#8211; 7:00 p.m.<\/p>\n<p class=\"p1\"><span class=\"s1\">Centro Comercial El Cacique<\/span><\/p>\n<p class=\"p1\"><span class=\"s1\">Piso 1 Local 133 E <\/span><\/p>\n<p class=\"p1\"><span class=\"s1\">Tel\u00e9fono: 6911070 &#8211; Mobvil: 301 790 8473<\/span><\/p>\n<p class=\"p1\"><span class=\"s1\">Correo: <a href=\"http:\/\/www.vioptica.com.co\">optica.cacique<span style=\"color: #00375f;\">@vioptica.com<\/span><\/a><\/span><\/p>\n<p>[\/vc_column_text][vc_btn title=&#8221;Solicita tu cita&#8221; align=&#8221;center&#8221; link=&#8221;url:https%3A%2F%2Fwa.me%2F573176607547|title:Whatsapp%20Vioptica%20Colombia||&#8221;][\/vc_column_inner][\/vc_row_inner][vc_row_inner equal_height=&#8221;yes&#8221;][vc_column_inner width=&#8221;1\/2&#8243;][vc_video link=&#8221;https:\/\/redesvirgiliogalvis.wistia.com\/medias\/2itutlyh2i?wtime=0s&#8221;][\/vc_column_inner][vc_column_inner width=&#8221;1\/2&#8243;][vc_column_text]<\/p>\n<p class=\"p1\"><span class=\"s1\" style=\"color: #00375f;\"><b>Vioptica &#8211; Barrancabermeja<\/b><\/span><\/p>\n<p class=\"p1\"><span class=\"s1\">Horario de Atencion<\/span><\/p>\n<p>Lunes a Viernes: 7:00 a.m. &#8211; 6:00 p.m.<\/p>\n<p>Sabados : 7:00 a.m. &#8211; 12:00 p.m.<\/p>\n<p class=\"p1\"><span class=\"s1\">Calle 49 # 11-33 Barrio Colombia<\/span><\/p>\n<p class=\"p1\"><span class=\"s1\">Tel\u00e9fonos:6911070 Movil: 3017908414<br \/>\n<\/span><\/p>\n<p class=\"p1\"><span class=\"s1\">Correo: <span style=\"color: #00375f;\"><a style=\"color: #00375f;\" href=\"mailto:servicioalclienteopticas@virgiliogalvis.com\">optica.barranca@vioptica.com<\/a><\/span><\/span><\/p>\n<p>[\/vc_column_text][vc_btn title=&#8221;Solicita tu cita&#8221; align=&#8221;center&#8221; link=&#8221;url:https%3A%2F%2Fwa.me%2F573176607547|title:Whatsapp%20Vioptica%20Colombia||&#8221;][\/vc_column_inner][\/vc_row_inner][vc_row_inner equal_height=&#8221;yes&#8221;][vc_column_inner width=&#8221;1\/2&#8243;][vc_video link=&#8221;https:\/\/redesvirgiliogalvis.wistia.com\/medias\/8v9ulaavva?wtime=0s&#8221;][\/vc_column_inner][vc_column_inner width=&#8221;1\/2&#8243;][vc_column_text]<\/p>\n<p class=\"p1\"><span class=\"s1\" style=\"color: #00375f;\"><b>Vioptica &#8211; San Gil<\/b><\/span><\/p>\n<p class=\"p1\"><span class=\"s1\">Horario de Atencion<\/span><\/p>\n<p>Lunes a Viernes: 7:30 a.m. 1 p.m. &#8211; 2 p.m. a 5:00 p.m.<\/p>\n<p>Sabados: 7:00 a.m. &#8211; 12:30 p.m.<\/p>\n<p class=\"p1\"><span class=\"s1\">Cra 9 # 13-41 Piso 2 <\/span><\/p>\n<p class=\"p1\"><span class=\"s1\">Edificio Coopcentral<\/span><\/p>\n<p class=\"p1\"><span class=\"s1\">Tel\u00e9fono: 6911070 &#8211; Movil: 301 4820782<br \/>\n<\/span><\/p>\n<p class=\"p3\"><span class=\"s2\">Correo: <span style=\"color: #00375f;\"><a style=\"color: #00375f;\" href=\"mailto:servicioalclienteoptica@virgiliogalvis.com\"><span class=\"s3\">optica.sangil@vioptica.com<\/span><\/a><\/span><\/span><\/p>\n<p>[\/vc_column_text][vc_btn title=&#8221;Solicita tu cita&#8221; align=&#8221;center&#8221; link=&#8221;url:https%3A%2F%2Fwa.me%2F573176607547|title:Whatsapp%20Vioptica%20Colombia||&#8221;][\/vc_column_inner][\/vc_row_inner][vc_row_inner equal_height=&#8221;yes&#8221;][vc_column_inner width=&#8221;1\/2&#8243;][vc_video link=&#8221;https:\/\/redesvirgiliogalvis.wistia.com\/medias\/ytbota7swj?wtime=0s&#8221;][\/vc_column_inner][vc_column_inner width=&#8221;1\/2&#8243;][vc_column_text]<\/p>\n<p class=\"p1\"><span class=\"s1\" style=\"color: #00375f;\"><b>Vioptica &#8211; Piedecuesta<\/b><\/span><\/p>\n<p>Horario de Atenci\u00f3n<\/p>\n<p>Lunes a\u00a0 Viernes: 7:00 a.m. a 6:00 p.m.<\/p>\n<p>S\u00e1bados, Domingos y Festivos: 9:00 a.m. &#8211; 5:00 p.m.<\/p>\n<p class=\"p1\"><span class=\"s1\">Centro Comercial de la Cuesta<br \/>\n<\/span><\/p>\n<p class=\"p1\"><span class=\"s1\">Piso 3 Local 314<br \/>\n<\/span><\/p>\n<p class=\"p1\"><span class=\"s1\">Tel\u00e9fono: 6911070 M\u00f3vil: 304 576 5050<br \/>\n<\/span><\/p>\n<p class=\"p3\"><span class=\"s2\">Correo: <span style=\"color: #00375f;\"><a style=\"color: #00375f;\" href=\"mailto:servicioalclienteoptica@virgiliogalvis.com\"><span class=\"s3\">optica.piedecuesta@vioptica.com<\/span><\/a><\/span><\/span><\/p>\n<p>[\/vc_column_text][vc_btn title=&#8221;Solicita tu cita&#8221; align=&#8221;center&#8221; link=&#8221;url:https%3A%2F%2Fwa.me%2F573176607547|title:Whatsapp%20Vioptica%20Colombia||&#8221;][\/vc_column_inner][\/vc_row_inner][\/vc_column][\/vc_row]<\/p>\n","protected":false},"excerpt":{"rendered":"<p>[vc_row gap=&#8221;35&#8243; equal_height=&#8221;yes&#8221; iw_layout=&#8221;wide-bg&#8221; css=&#8221;.vc_custom_1594394544334{margin-top: 5px !important;margin-right: 5px !important;margin-bottom: 5px !important;margin-left: 5px !important;}&#8221;][vc_column width=&#8221;1\/2&#8243;][vc_video link=&#8221;https:\/\/redesvirgiliogalvis.wistia.com\/medias\/t6cg4v119o?wtime=0s&#8221;][\/vc_column][vc_column width=&#8221;1\/2&#8243;][inwave_heading preview_style_1=&#8221;&#8221; title=&#8221;{VIOPTICA \u00a1VE\u00c1MONOS BIEN!}&#8221;][vc_empty_space][vc_column_text] Las Gafas, tambi\u00e9n conocidas como lentes, gafas o anteojos, son un instrumento \u00f3ptico utilizado para corregir defectos visuales como la miop\u00eda, Hipermetrop\u00eda, Astigmatismo y presbicia. Nuestras \u00f3pticas cumplen con las caracter\u00edsticas y est\u00e1ndares de calidad&#8230;<\/p>\n","protected":false},"author":2,"featured_media":0,"parent":0,"menu_order":0,"comment_status":"closed","ping_status":"closed","template":"page-templates\/full-width-page.php","meta":{"_acf_changed":false,"inline_featured_image":false,"footnotes":""},"class_list":["post-3227","page","type-page","status-publish","hentry"],"acf":[],"_links":{"self":[{"href":"https:\/\/virgiliogalvis.com\/en\/wp-json\/wp\/v2\/pages\/3227","targetHints":{"allow":["GET"]}}],"collection":[{"href":"https:\/\/virgiliogalvis.com\/en\/wp-json\/wp\/v2\/pages"}],"about":[{"href":"https:\/\/virgiliogalvis.com\/en\/wp-json\/wp\/v2\/types\/page"}],"author":[{"embeddable":true,"href":"https:\/\/virgiliogalvis.com\/en\/wp-json\/wp\/v2\/users\/2"}],"replies":[{"embeddable":true,"href":"https:\/\/virgiliogalvis.com\/en\/wp-json\/wp\/v2\/comments?post=3227"}],"version-history":[{"count":0,"href":"https:\/\/virgiliogalvis.com\/en\/wp-json\/wp\/v2\/pages\/3227\/revisions"}],"wp:attachment":[{"href":"https:\/\/virgiliogalvis.com\/en\/wp-json\/wp\/v2\/media?parent=3227"}],"curies":[{"name":"wp","href":"https:\/\/api.w.org\/{rel}","templated":true}]}}