{"id":3218,"date":"2019-07-25T03:43:54","date_gmt":"2019-07-25T03:43:54","guid":{"rendered":"https:\/\/virgiliogalvis.com\/?page_id=3218"},"modified":"2019-07-25T03:43:54","modified_gmt":"2019-07-25T03:43:54","slug":"ecografia-ubm","status":"publish","type":"page","link":"https:\/\/virgiliogalvis.com\/en\/examenes-especializados-oftalmologia\/ecografia-ubm\/","title":{"rendered":"Angiography"},"content":{"rendered":"<p>[vc_row iw_layout=&#8221;wide-bg&#8221;][vc_column width=&#8221;1\/2&#8243;][vc_single_image image=&#8221;3095&#8243; img_size=&#8221;full&#8221; alignment=&#8221;center&#8221;][vc_raw_js]JTNDc2NyaXB0JTIwdHlwZSUzRCUyMnRleHQlMkZqYXZhc2NyaXB0JTIyJTNFJTBBaXRlbXMlMjAlM0QlMjBkb2N1bWVudC5nZXRFbGVtZW50c0J5Q2xhc3NOYW1lJTI4JTIyZG9jdG9yLW5hbWUlMjIlMjklM0IlMEFmb3IlMjh2YXIlMjBpJTNEMCUzQiUyMGklM0NpdGVtcy5sZW5ndGglM0IlMjBpJTJCJTJCJTI5JTdCJTBBdmFyJTIwaW1nJTIwJTNEJTIwZG9jdW1lbnQuY3JlYXRlRWxlbWVudCUyOCUyMklNRyUyMiUyOSUzQiUwQWltZy5zcmMlMjAlM0QlMjAlMjJodHRwcyUzQSUyRiUyRnZpcmdpbGlvZ2FsdmlzLnNpbXBlY2Fkby5jb20lMkZ3cC1jb250ZW50JTJGdXBsb2FkcyUyRjIwMTklMkYwNyUyRklDT04ucG5nJTIyJTNCJTBBaW1nLndpZHRoJTIwJTNEJTIwJTIyNDAlMjIlM0IlMjAlMEFpdGVtcyU1QmklNUQuaW5zZXJ0QWRqYWNlbnRFbGVtZW50JTI4JTIyYmVmb3JlYmVnaW4lMjIlMkMlMjBpbWclMjklM0IlMjAlMEElN0QlMjAlM0MlMkZzY3JpcHQlM0U=[\/vc_raw_js][\/vc_column][vc_column width=&#8221;1\/2&#8243;][inwave_heading preview_style_1=&#8221;&#8221; title=&#8221;{C\u00c1MARA RETINIANA TRC 50 DX}&#8221; sub_title=&#8221;Marca: TOPCON&#8221;][vc_empty_space][inwave_accordions layout=&#8221;accordion2&#8243; preview_style2=&#8221;&#8221; item_active=&#8221;-1&#8243;][inwave_accordion_item title=&#8221;Examen&#8221;]<\/p>\n<p class=\"p1\"><span class=\"s1\">Ecograf\u00eda<\/span><\/p>\n<p class=\"p1\"><span class=\"s1\">Biomicroscop\u00eda Ultras\u00f3nica<\/span><\/p>\n<p>[\/inwave_accordion_item][inwave_accordion_item title=&#8221;\u00bfQu\u00e9 hace?&#8221;]<\/p>\n<p class=\"p1\"><span class=\"s1\">El elevado contenido tecnol\u00f3gico de HiScan Touch, ultrasonido A \/ B-Scan y UBM, permite un rendimiento excepcional en el diagn\u00f3stico y la medici\u00f3n de las secciones anterior y posterior gracias a la calidad extrema de las im\u00e1genes, garantizada por el uso de tecnolog\u00eda avanzada. Es un sistema independiente que utiliza software avanzado y tiene una gama completa de sondas. Gracias a su sensibilidad extremadamente alta, la sonda B-Scan de 12 MHz permite la adquisici\u00f3n de im\u00e1genes de detalles del segmento posterior y especialmente del v\u00edtreo y la \u00f3rbita. HiScan Touch es el \u00fanico ultrasonido con un sistema integrado para la reconstrucci\u00f3n 3D del segmento anterior y posterior.<\/span><\/p>\n<p>[\/inwave_accordion_item][inwave_accordion_item title=&#8221;\u00bfPara qu\u00e9 sirve?&#8221;]<\/p>\n<p class=\"p1\"><span class=\"s1\">Es una t\u00e9cnica de diagn\u00f3stico por imagen que estudia las estructuras del globo ocular y las estructuras anexas a la \u00f3rbita (m\u00fasculos, gl\u00e1ndula lagrimal, grasa orbitaria, etc.) mediante ultrasonidos. Al igual que las ecograf\u00edas abdominales o de otras partes del cuerpo, para realizar una ecograf\u00eda ocular se extiende un gel sobre la piel del paciente (en este caso el p\u00e1rpado, aunque se puede realizar directamente sobre el globo ocular) y se pone en contacto la sonda del ec\u00f3grafo con dicho gel para obtener las im\u00e1genes.<\/span><\/p>\n<p class=\"p1\"><span class=\"s1\">La Biomicroscop\u00eda Ultras\u00f3nica (UBM) es una t\u00e9cnica ecogr\u00e1fica de alta resoluci\u00f3n que permite analizar con detalle las estructuras del segmento anterior ocular, estructuras de otro modo ocultas pues no se pueden apreciar por otros medios o equipamientos. Aunque es un m\u00e9todo lento en su realizaci\u00f3n comparado con otras t\u00e9cnicas de estudio del polo anterior, permite el an\u00e1lisis detallado de la c\u00e1mara posterior ocular. Se considera una t\u00e9cnica muy \u00fatil en la implantaci\u00f3n de lentes intraoculares f\u00e1quicas y es imprescindible en el estudio de ciertos tumores del segmento anterior ocular. Otras utilidades importantes son los casos de glaucoma y su seguimiento postoperatorio. Es una t\u00e9cnica \u00fatil, as\u00ed mismo, en pacientes que presenten opacidad de medios y por ello se vea dificultada la exploraci\u00f3n del segmento anterior ocular por otros medios.<\/span><\/p>\n<p>[\/inwave_accordion_item][\/inwave_accordions][\/vc_column][\/vc_row]<\/p>\n","protected":false},"excerpt":{"rendered":"<p>[vc_row iw_layout=&#8221;wide-bg&#8221;][vc_column width=&#8221;1\/2&#8243;][vc_single_image image=&#8221;3095&#8243; img_size=&#8221;full&#8221; alignment=&#8221;center&#8221;][vc_raw_js]JTNDc2NyaXB0JTIwdHlwZSUzRCUyMnRleHQlMkZqYXZhc2NyaXB0JTIyJTNFJTBBaXRlbXMlMjAlM0QlMjBkb2N1bWVudC5nZXRFbGVtZW50c0J5Q2xhc3NOYW1lJTI4JTIyZG9jdG9yLW5hbWUlMjIlMjklM0IlMEFmb3IlMjh2YXIlMjBpJTNEMCUzQiUyMGklM0NpdGVtcy5sZW5ndGglM0IlMjBpJTJCJTJCJTI5JTdCJTBBdmFyJTIwaW1nJTIwJTNEJTIwZG9jdW1lbnQuY3JlYXRlRWxlbWVudCUyOCUyMklNRyUyMiUyOSUzQiUwQWltZy5zcmMlMjAlM0QlMjAlMjJodHRwcyUzQSUyRiUyRnZpcmdpbGlvZ2FsdmlzLnNpbXBlY2Fkby5jb20lMkZ3cC1jb250ZW50JTJGdXBsb2FkcyUyRjIwMTklMkYwNyUyRklDT04ucG5nJTIyJTNCJTBBaW1nLndpZHRoJTIwJTNEJTIwJTIyNDAlMjIlM0IlMjAlMEFpdGVtcyU1QmklNUQuaW5zZXJ0QWRqYWNlbnRFbGVtZW50JTI4JTIyYmVmb3JlYmVnaW4lMjIlMkMlMjBpbWclMjklM0IlMjAlMEElN0QlMjAlM0MlMkZzY3JpcHQlM0U=[\/vc_raw_js][\/vc_column][vc_column width=&#8221;1\/2&#8243;][inwave_heading preview_style_1=&#8221;&#8221; title=&#8221;{C\u00c1MARA RETINIANA TRC 50 DX}&#8221; sub_title=&#8221;Marca: TOPCON&#8221;][vc_empty_space][inwave_accordions layout=&#8221;accordion2&#8243; preview_style2=&#8221;&#8221; item_active=&#8221;-1&#8243;][inwave_accordion_item title=&#8221;Examen&#8221;] Ecograf\u00eda Biomicroscop\u00eda Ultras\u00f3nica [\/inwave_accordion_item][inwave_accordion_item title=&#8221;\u00bfQu\u00e9 hace?&#8221;] El elevado contenido tecnol\u00f3gico de HiScan Touch, ultrasonido A \/ B-Scan y UBM, permite un rendimiento excepcional en el diagn\u00f3stico y la medici\u00f3n de las secciones anterior y posterior gracias&#8230;<\/p>\n","protected":false},"author":2,"featured_media":0,"parent":2653,"menu_order":0,"comment_status":"closed","ping_status":"closed","template":"page-templates\/full-width-page.php","meta":{"_acf_changed":false,"inline_featured_image":false,"footnotes":""},"class_list":["post-3218","page","type-page","status-publish","hentry"],"acf":[],"_links":{"self":[{"href":"https:\/\/virgiliogalvis.com\/en\/wp-json\/wp\/v2\/pages\/3218","targetHints":{"allow":["GET"]}}],"collection":[{"href":"https:\/\/virgiliogalvis.com\/en\/wp-json\/wp\/v2\/pages"}],"about":[{"href":"https:\/\/virgiliogalvis.com\/en\/wp-json\/wp\/v2\/types\/page"}],"author":[{"embeddable":true,"href":"https:\/\/virgiliogalvis.com\/en\/wp-json\/wp\/v2\/users\/2"}],"replies":[{"embeddable":true,"href":"https:\/\/virgiliogalvis.com\/en\/wp-json\/wp\/v2\/comments?post=3218"}],"version-history":[{"count":0,"href":"https:\/\/virgiliogalvis.com\/en\/wp-json\/wp\/v2\/pages\/3218\/revisions"}],"up":[{"embeddable":true,"href":"https:\/\/virgiliogalvis.com\/en\/wp-json\/wp\/v2\/pages\/2653"}],"wp:attachment":[{"href":"https:\/\/virgiliogalvis.com\/en\/wp-json\/wp\/v2\/media?parent=3218"}],"curies":[{"name":"wp","href":"https:\/\/api.w.org\/{rel}","templated":true}]}}