{"id":3210,"date":"2019-07-25T03:28:53","date_gmt":"2019-07-25T03:28:53","guid":{"rendered":"https:\/\/virgiliogalvis.com\/?page_id=3210"},"modified":"2019-07-25T03:28:53","modified_gmt":"2019-07-25T03:28:53","slug":"tomografia-de-coherencia-optica-posterior","status":"publish","type":"page","link":"https:\/\/virgiliogalvis.com\/en\/examenes-especializados-oftalmologia\/tomografia-de-coherencia-optica-posterior\/","title":{"rendered":"OCT \u2013 Posterior Optical Coherence Tomography"},"content":{"rendered":"<p>[vc_row iw_layout=&#8221;wide-bg&#8221;][vc_column width=&#8221;1\/2&#8243;][vc_single_image image=&#8221;3104&#8243; img_size=&#8221;full&#8221; alignment=&#8221;center&#8221;][vc_raw_js]JTNDc2NyaXB0JTIwdHlwZSUzRCUyMnRleHQlMkZqYXZhc2NyaXB0JTIyJTNFJTBBaXRlbXMlMjAlM0QlMjBkb2N1bWVudC5nZXRFbGVtZW50c0J5Q2xhc3NOYW1lJTI4JTIyZG9jdG9yLW5hbWUlMjIlMjklM0IlMEFmb3IlMjh2YXIlMjBpJTNEMCUzQiUyMGklM0NpdGVtcy5sZW5ndGglM0IlMjBpJTJCJTJCJTI5JTdCJTBBdmFyJTIwaW1nJTIwJTNEJTIwZG9jdW1lbnQuY3JlYXRlRWxlbWVudCUyOCUyMklNRyUyMiUyOSUzQiUwQWltZy5zcmMlMjAlM0QlMjAlMjJodHRwcyUzQSUyRiUyRnZpcmdpbGlvZ2FsdmlzLnNpbXBlY2Fkby5jb20lMkZ3cC1jb250ZW50JTJGdXBsb2FkcyUyRjIwMTklMkYwNyUyRklDT04ucG5nJTIyJTNCJTBBaW1nLndpZHRoJTIwJTNEJTIwJTIyNDAlMjIlM0IlMjAlMEFpdGVtcyU1QmklNUQuaW5zZXJ0QWRqYWNlbnRFbGVtZW50JTI4JTIyYmVmb3JlYmVnaW4lMjIlMkMlMjBpbWclMjklM0IlMjAlMEElN0QlMjAlM0MlMkZzY3JpcHQlM0U=[\/vc_raw_js][\/vc_column][vc_column width=&#8221;1\/2&#8243;][inwave_heading preview_style_1=&#8221;&#8221; title=&#8221;{OCT TRITON}&#8221; sub_title=&#8221;Marca: TOPCON&#8221;][vc_empty_space][inwave_accordions layout=&#8221;accordion2&#8243; preview_style2=&#8221;&#8221; item_active=&#8221;-1&#8243;][inwave_accordion_item title=&#8221;Examen&#8221;]<\/p>\n<p class=\"p1\"><span class=\"s1\">Tomograf\u00eda de Coherencia \u00d3ptica &#8211; De segmento Posterior\u00a0<\/span><\/p>\n<p class=\"p1\"><span class=\"s1\">Tomograf\u00eda de Coherencia \u00d3ptica &#8211; Angiografia<\/span><\/p>\n<p>[\/inwave_accordion_item][inwave_accordion_item title=&#8221;\u00bfQu\u00e9 hace?&#8221;]<\/p>\n<p class=\"p1\"><span class=\"s1\">TOPCON es la primera empresa del mundo en introducir un OCT Swept Source de segmento anterior y posterior combinado, el DRI OCT Triton. DRI OCT Triton incorpora retinograf\u00eda a color en alta resoluci\u00f3n y captura de im\u00e1genes FA y FAF. Las im\u00e1genes FA y FAF vienen dadas de f\u00e1brica. Tecnolog\u00eda Swept Source y longitud de onda de 1050 nm El OCT Swept Source aporta una significativa mejora en relaci\u00f3n con el OCT convencional. Gracias a la luz de exploraci\u00f3n de longitud de onda larga (1050 nm), la penetraci\u00f3n en las capas m\u00e1s profundas del ojo se ha optimizado. Y adem\u00e1s, tambi\u00e9n penetra mejor a trav\u00e9s de las cataratas, las hemorragias, los vasos sangu\u00edneos y la escler\u00f3tica.<\/span><\/p>\n<p>[\/inwave_accordion_item][inwave_accordion_item title=&#8221;\u00bfPara qu\u00e9 sirve?&#8221;]<\/p>\n<p class=\"p1\"><span class=\"s1\">La Tomograf\u00eda de Coherencia \u00d3ptica u OCT es una t\u00e9cnica diagn\u00f3stica de imagen no invasiva que permite la exploraci\u00f3n en detalle de la retina, concretamente de la m\u00e1cula y el nervio \u00f3ptico. Es de gran utilidad para la detecci\u00f3n precoz de patolog\u00edas macular como la diabetes ocular o la degeneraci\u00f3n macular asociada a la edad, as\u00ed como para un tratamiento adecuado m\u00e1s eficaz. La OCT proporciona gran informaci\u00f3n, lo que permite conocer el estadio en el que se encuentra, asi como los cambios generados entre consultas. En el campo de la retina, la OCT permite la detecci\u00f3n de patolog\u00edas m\u00e1s frecuentes como edema macular, agujero macular, membranas epirretinianas, distrofias en la retina, oclusiones venosas en la retina, entre otras.<\/span><\/p>\n<p class=\"p1\"><span class=\"s1\">La angiograf\u00eda mediante tomograf\u00eda de coherencia \u00f3ptica es un nuevo m\u00e9todo de estudio basado en im\u00e1genes de alta resoluci\u00f3n que muestran la circulaci\u00f3n retiniana y coroidal sin sustancia de contraste. Este m\u00e9todo confiable, en tiempo real y no invasivo permite visualizar las zonas no irrigadas en la regi\u00f3n macular asociadas a la retinopat\u00eda diab\u00e9tica.<\/span><\/p>\n<p>[\/inwave_accordion_item][\/inwave_accordions][\/vc_column][\/vc_row]<\/p>\n","protected":false},"excerpt":{"rendered":"<p>[vc_row iw_layout=&#8221;wide-bg&#8221;][vc_column width=&#8221;1\/2&#8243;][vc_single_image image=&#8221;3104&#8243; img_size=&#8221;full&#8221; alignment=&#8221;center&#8221;][vc_raw_js]JTNDc2NyaXB0JTIwdHlwZSUzRCUyMnRleHQlMkZqYXZhc2NyaXB0JTIyJTNFJTBBaXRlbXMlMjAlM0QlMjBkb2N1bWVudC5nZXRFbGVtZW50c0J5Q2xhc3NOYW1lJTI4JTIyZG9jdG9yLW5hbWUlMjIlMjklM0IlMEFmb3IlMjh2YXIlMjBpJTNEMCUzQiUyMGklM0NpdGVtcy5sZW5ndGglM0IlMjBpJTJCJTJCJTI5JTdCJTBBdmFyJTIwaW1nJTIwJTNEJTIwZG9jdW1lbnQuY3JlYXRlRWxlbWVudCUyOCUyMklNRyUyMiUyOSUzQiUwQWltZy5zcmMlMjAlM0QlMjAlMjJodHRwcyUzQSUyRiUyRnZpcmdpbGlvZ2FsdmlzLnNpbXBlY2Fkby5jb20lMkZ3cC1jb250ZW50JTJGdXBsb2FkcyUyRjIwMTklMkYwNyUyRklDT04ucG5nJTIyJTNCJTBBaW1nLndpZHRoJTIwJTNEJTIwJTIyNDAlMjIlM0IlMjAlMEFpdGVtcyU1QmklNUQuaW5zZXJ0QWRqYWNlbnRFbGVtZW50JTI4JTIyYmVmb3JlYmVnaW4lMjIlMkMlMjBpbWclMjklM0IlMjAlMEElN0QlMjAlM0MlMkZzY3JpcHQlM0U=[\/vc_raw_js][\/vc_column][vc_column width=&#8221;1\/2&#8243;][inwave_heading preview_style_1=&#8221;&#8221; title=&#8221;{OCT TRITON}&#8221; sub_title=&#8221;Marca: TOPCON&#8221;][vc_empty_space][inwave_accordions layout=&#8221;accordion2&#8243; preview_style2=&#8221;&#8221; item_active=&#8221;-1&#8243;][inwave_accordion_item title=&#8221;Examen&#8221;] Tomograf\u00eda de Coherencia \u00d3ptica &#8211; De segmento Posterior\u00a0 Tomograf\u00eda de Coherencia \u00d3ptica &#8211; Angiografia [\/inwave_accordion_item][inwave_accordion_item title=&#8221;\u00bfQu\u00e9 hace?&#8221;] TOPCON es la primera empresa del mundo en introducir un OCT Swept Source de segmento anterior y posterior combinado, el DRI OCT&#8230;<\/p>\n","protected":false},"author":2,"featured_media":0,"parent":2653,"menu_order":0,"comment_status":"closed","ping_status":"closed","template":"page-templates\/full-width-page.php","meta":{"_acf_changed":false,"inline_featured_image":false,"footnotes":""},"class_list":["post-3210","page","type-page","status-publish","hentry"],"acf":[],"_links":{"self":[{"href":"https:\/\/virgiliogalvis.com\/en\/wp-json\/wp\/v2\/pages\/3210","targetHints":{"allow":["GET"]}}],"collection":[{"href":"https:\/\/virgiliogalvis.com\/en\/wp-json\/wp\/v2\/pages"}],"about":[{"href":"https:\/\/virgiliogalvis.com\/en\/wp-json\/wp\/v2\/types\/page"}],"author":[{"embeddable":true,"href":"https:\/\/virgiliogalvis.com\/en\/wp-json\/wp\/v2\/users\/2"}],"replies":[{"embeddable":true,"href":"https:\/\/virgiliogalvis.com\/en\/wp-json\/wp\/v2\/comments?post=3210"}],"version-history":[{"count":0,"href":"https:\/\/virgiliogalvis.com\/en\/wp-json\/wp\/v2\/pages\/3210\/revisions"}],"up":[{"embeddable":true,"href":"https:\/\/virgiliogalvis.com\/en\/wp-json\/wp\/v2\/pages\/2653"}],"wp:attachment":[{"href":"https:\/\/virgiliogalvis.com\/en\/wp-json\/wp\/v2\/media?parent=3210"}],"curies":[{"name":"wp","href":"https:\/\/api.w.org\/{rel}","templated":true}]}}