{"id":3208,"date":"2019-07-25T03:25:24","date_gmt":"2019-07-25T03:25:24","guid":{"rendered":"https:\/\/virgiliogalvis.com\/?page_id=3208"},"modified":"2019-07-25T03:25:24","modified_gmt":"2019-07-25T03:25:24","slug":"fotocoagulacion-laser","status":"publish","type":"page","link":"https:\/\/virgiliogalvis.com\/en\/examenes-especializados-oftalmologia\/fotocoagulacion-laser\/","title":{"rendered":"Laser Photocoagulation"},"content":{"rendered":"<p>[vc_row iw_layout=&#8221;wide-bg&#8221;][vc_column width=&#8221;1\/2&#8243;][vc_single_image image=&#8221;3101&#8243; img_size=&#8221;full&#8221; alignment=&#8221;center&#8221;][vc_raw_js]JTNDc2NyaXB0JTIwdHlwZSUzRCUyMnRleHQlMkZqYXZhc2NyaXB0JTIyJTNFJTBBaXRlbXMlMjAlM0QlMjBkb2N1bWVudC5nZXRFbGVtZW50c0J5Q2xhc3NOYW1lJTI4JTIyZG9jdG9yLW5hbWUlMjIlMjklM0IlMEFmb3IlMjh2YXIlMjBpJTNEMCUzQiUyMGklM0NpdGVtcy5sZW5ndGglM0IlMjBpJTJCJTJCJTI5JTdCJTBBdmFyJTIwaW1nJTIwJTNEJTIwZG9jdW1lbnQuY3JlYXRlRWxlbWVudCUyOCUyMklNRyUyMiUyOSUzQiUwQWltZy5zcmMlMjAlM0QlMjAlMjJodHRwcyUzQSUyRiUyRnZpcmdpbGlvZ2FsdmlzLnNpbXBlY2Fkby5jb20lMkZ3cC1jb250ZW50JTJGdXBsb2FkcyUyRjIwMTklMkYwNyUyRklDT04ucG5nJTIyJTNCJTBBaW1nLndpZHRoJTIwJTNEJTIwJTIyNDAlMjIlM0IlMjAlMEFpdGVtcyU1QmklNUQuaW5zZXJ0QWRqYWNlbnRFbGVtZW50JTI4JTIyYmVmb3JlYmVnaW4lMjIlMkMlMjBpbWclMjklM0IlMjAlMEElN0QlMjAlM0MlMkZzY3JpcHQlM0U=[\/vc_raw_js][\/vc_column][vc_column width=&#8221;1\/2&#8243;][inwave_heading preview_style_1=&#8221;&#8221; title=&#8221;{LASER PASCAL STREAM LINE 577}&#8221; sub_title=&#8221;Marca: TOPCON&#8221;][vc_empty_space][inwave_accordions layout=&#8221;accordion2&#8243; preview_style2=&#8221;&#8221; item_active=&#8221;-1&#8243;][inwave_accordion_item title=&#8221;Examen&#8221;]<\/p>\n<p class=\"p1\"><span class=\"s1\">Fotocoagulaci\u00f3n, trabeculoplastia, l\u00e1ser conjutival y l\u00e1ser de pesta\u00f1as<\/span><\/p>\n<p>[\/inwave_accordion_item][inwave_accordion_item title=&#8221;\u00bfQu\u00e9 hace?&#8221;]<\/p>\n<p class=\"p1\"><span class=\"s1\">El fotocoagulador PASCAL (patr\u00f3n de escaneo l\u00e1ser) es un sistema completamente integrado de escaneo l\u00e1ser por fotocoagulaci\u00f3n dise\u00f1ado para el tratamiento de la retinopat\u00eda diab\u00e9tica mediante un disparo o un determinado patr\u00f3n de hasta 25 puntos. Creado para establecer un nuevo est\u00e1ndar para el tratamiento de enfermedades de la retina, Pascal se ha utilizado para tratar miles de pacientes en todo el mundo. Incorpora pantalla t\u00e1ctil intuitiva y una l\u00e1mpara de hendidura \u00f3ptica avanzada.<\/span><\/p>\n<p>[\/inwave_accordion_item][inwave_accordion_item title=&#8221;\u00bfPara qu\u00e9 sirve?&#8221;]<\/p>\n<p class=\"p1\"><span class=\"s1\">La fotocoagulaci\u00f3n es una t\u00e9cnica con la que se genera una cicatriz en la retina mediante quemadura terap\u00e9utica, para lo cual se aplica un haz de luz (l\u00e1ser) sobre la misma. La cicatriz resultante permite detener el desarrollo de ciertas enfermedades retinianas. La fotocoagulaci\u00f3n permite estimular la cicatrizaci\u00f3n y as\u00ed aumentar la adherencia de la retina a la pared ocular (por ejemplo, en los desgarros de la retina y en el desprendimiento de retina), controlar zonas isqu\u00e9micas en la retina en las que hay una falta de ox\u00edgeno, eliminar zonas exudativas (con dep\u00f3sitos y l\u00edquidos anormales) y controlar zonas proliferativas o tumorales. Se utiliza para tratamiento de desgarros retinianos, rinopat\u00edas de tipo vascular, disminuye la presi\u00f3n ocular facilitando la salida del humor acuoso en los casos de\u00a0glaucoma, as\u00ed como el tratamiento de tumores ayudando a detener el crecimiento o disminuir los tumores retinianos.<\/span><\/p>\n<p class=\"p1\"><span class=\"s1\">La trabeculoplastia es un procedimiento realizado con l\u00e1ser de arg\u00f3n. Consiste en aplicar el l\u00e1ser directamente sobre la zona de filtraci\u00f3n del ojo, el trab\u00e9culo, con el fin de aumentar el flujo de salida del humor acuoso y, as\u00ed, disminuir la presi\u00f3n intraocular. Esta t\u00e9cnica se indica cuando las gotas (colirios hipotensores) no logran una reducci\u00f3n eficaz de la presi\u00f3n intraocular y el paciente no es candidato a cirug\u00eda, ya sea porque el glaucoma no est\u00e1 lo suficientemente avanzado o porque la operaci\u00f3n puede significar un gran riesgo para su salud. Para su aplicaci\u00f3n, es necesario cumplir una serie de requisitos: \u00e1ngulo abierto y suficientemente pigmentado.<\/span><\/p>\n<p class=\"p1\"><span class=\"s1\">La conjuntiva es la capa m\u00e1s externa del ojo, su funci\u00f3n es de protecci\u00f3n siendo la primera en ser afectada por agentes externos como el polvo y la radiaci\u00f3n solar, cuando estos elementos se combinan en un paciente susceptible existen muchas probabilidades de desarrollar \u201ccarnosidades\u201d (pterigion) en los ojos las cuales son un crecimiento an\u00f3malo de la conjuntiva que si bien no es maligno si puede llegar a ser muy molesto generando prurito ocular, \u00a0sensaci\u00f3n de cuerpo extra\u00f1o y enrojecimiento del ojo. Una vez que el pterigion aparece, la soluci\u00f3n m\u00e1s com\u00fan es la cirug\u00eda. Existen m\u00faltiples t\u00e9cnicas que permiten eliminar las carnosidades con tasas de \u00e9xito bastante aceptables sin embargo cuando la lesi\u00f3n se detecta temprano y tiene ciertas caracter\u00edsticas estructurales podr\u00eda sustituirse la cirug\u00eda del pterigi\u00f3n por el tratamiento con l\u00e1ser.Para tratar con l\u00e1ser las carnosidades estas no deben ser muy extensas, lo ideal es que sean planas y que no sobrepasen en limbo esclero-corneal; si todas estas condiciones est\u00e1n dadas el paciente es candidato a resoluci\u00f3n mediante l\u00e1ser en la superficie ocular.<\/span><\/p>\n<p class=\"p1\"><span class=\"s1\">La\u00a0triquiasis\u00a0es un problema de p\u00e1rpados que puede afectar seriamente la salud ocular de una persona. El problema se genera debido a que\u00a0una o varias pesta\u00f1as crecen hacia adentro del ojo, ocasionando un roce constante que resulta molesto y puede generar lesiones en la superficie de la c\u00f3rnea. El tratamiento de la triquiasis busca eliminar los fol\u00edculos pilosos de las pesta\u00f1as anormales. Aunque el tratamiento de la triquiasis parece simple, no hay una t\u00e9cnica completamente e\ufb01caz. Existen varias posibilidades de tratamiento dependiendo de la causa, la extensi\u00f3n de la triquiasis y el estado de los p\u00e1rpados: depilaci\u00f3n peri\u00f3dica de las pesta\u00f1as, cauterizaci\u00f3n de las mismas con l\u00e1ser de Arg\u00f3n, criocoagulaci\u00f3n o tratamiento quir\u00fargico. El tratamiento mediante fotocoagulaci\u00f3n con l\u00e1ser de Arg\u00f3n o crioterapia solo es e\ufb01caz cuando las pesta\u00f1as en mala direcci\u00f3n no son muy numerosas.<\/span><\/p>\n<p>[\/inwave_accordion_item][\/inwave_accordions][\/vc_column][\/vc_row]<\/p>\n","protected":false},"excerpt":{"rendered":"<p>[vc_row iw_layout=&#8221;wide-bg&#8221;][vc_column width=&#8221;1\/2&#8243;][vc_single_image image=&#8221;3101&#8243; img_size=&#8221;full&#8221; alignment=&#8221;center&#8221;][vc_raw_js]JTNDc2NyaXB0JTIwdHlwZSUzRCUyMnRleHQlMkZqYXZhc2NyaXB0JTIyJTNFJTBBaXRlbXMlMjAlM0QlMjBkb2N1bWVudC5nZXRFbGVtZW50c0J5Q2xhc3NOYW1lJTI4JTIyZG9jdG9yLW5hbWUlMjIlMjklM0IlMEFmb3IlMjh2YXIlMjBpJTNEMCUzQiUyMGklM0NpdGVtcy5sZW5ndGglM0IlMjBpJTJCJTJCJTI5JTdCJTBBdmFyJTIwaW1nJTIwJTNEJTIwZG9jdW1lbnQuY3JlYXRlRWxlbWVudCUyOCUyMklNRyUyMiUyOSUzQiUwQWltZy5zcmMlMjAlM0QlMjAlMjJodHRwcyUzQSUyRiUyRnZpcmdpbGlvZ2FsdmlzLnNpbXBlY2Fkby5jb20lMkZ3cC1jb250ZW50JTJGdXBsb2FkcyUyRjIwMTklMkYwNyUyRklDT04ucG5nJTIyJTNCJTBBaW1nLndpZHRoJTIwJTNEJTIwJTIyNDAlMjIlM0IlMjAlMEFpdGVtcyU1QmklNUQuaW5zZXJ0QWRqYWNlbnRFbGVtZW50JTI4JTIyYmVmb3JlYmVnaW4lMjIlMkMlMjBpbWclMjklM0IlMjAlMEElN0QlMjAlM0MlMkZzY3JpcHQlM0U=[\/vc_raw_js][\/vc_column][vc_column width=&#8221;1\/2&#8243;][inwave_heading preview_style_1=&#8221;&#8221; title=&#8221;{LASER PASCAL STREAM LINE 577}&#8221; sub_title=&#8221;Marca: TOPCON&#8221;][vc_empty_space][inwave_accordions layout=&#8221;accordion2&#8243; preview_style2=&#8221;&#8221; item_active=&#8221;-1&#8243;][inwave_accordion_item title=&#8221;Examen&#8221;] Fotocoagulaci\u00f3n, trabeculoplastia, l\u00e1ser conjutival y l\u00e1ser de pesta\u00f1as [\/inwave_accordion_item][inwave_accordion_item title=&#8221;\u00bfQu\u00e9 hace?&#8221;] El fotocoagulador PASCAL (patr\u00f3n de escaneo l\u00e1ser) es un sistema completamente integrado de escaneo l\u00e1ser por fotocoagulaci\u00f3n dise\u00f1ado para el tratamiento de la retinopat\u00eda diab\u00e9tica&#8230;<\/p>\n","protected":false},"author":2,"featured_media":0,"parent":2653,"menu_order":0,"comment_status":"closed","ping_status":"closed","template":"page-templates\/full-width-page.php","meta":{"_acf_changed":false,"inline_featured_image":false,"footnotes":""},"class_list":["post-3208","page","type-page","status-publish","hentry"],"acf":[],"_links":{"self":[{"href":"https:\/\/virgiliogalvis.com\/en\/wp-json\/wp\/v2\/pages\/3208","targetHints":{"allow":["GET"]}}],"collection":[{"href":"https:\/\/virgiliogalvis.com\/en\/wp-json\/wp\/v2\/pages"}],"about":[{"href":"https:\/\/virgiliogalvis.com\/en\/wp-json\/wp\/v2\/types\/page"}],"author":[{"embeddable":true,"href":"https:\/\/virgiliogalvis.com\/en\/wp-json\/wp\/v2\/users\/2"}],"replies":[{"embeddable":true,"href":"https:\/\/virgiliogalvis.com\/en\/wp-json\/wp\/v2\/comments?post=3208"}],"version-history":[{"count":0,"href":"https:\/\/virgiliogalvis.com\/en\/wp-json\/wp\/v2\/pages\/3208\/revisions"}],"up":[{"embeddable":true,"href":"https:\/\/virgiliogalvis.com\/en\/wp-json\/wp\/v2\/pages\/2653"}],"wp:attachment":[{"href":"https:\/\/virgiliogalvis.com\/en\/wp-json\/wp\/v2\/media?parent=3208"}],"curies":[{"name":"wp","href":"https:\/\/api.w.org\/{rel}","templated":true}]}}