{"id":3206,"date":"2019-07-25T03:20:27","date_gmt":"2019-07-25T03:20:27","guid":{"rendered":"https:\/\/virgiliogalvis.com\/?page_id=3206"},"modified":"2019-07-25T03:20:27","modified_gmt":"2019-07-25T03:20:27","slug":"oct-tomografia-de-coherencia-optica-anterior","status":"publish","type":"page","link":"https:\/\/virgiliogalvis.com\/en\/examenes-especializados-oftalmologia\/oct-tomografia-de-coherencia-optica-anterior\/","title":{"rendered":"OCT \u2013 Anterior Optical Coherence Tomography"},"content":{"rendered":"<p>[vc_row equal_height=&#8221;yes&#8221; content_placement=&#8221;top&#8221; iw_layout=&#8221;wide-bg&#8221;][vc_column width=&#8221;1\/2&#8243;][vc_video link=&#8221;https:\/\/youtu.be\/gmH1gj-EjxA&#8221;][\/vc_column][vc_column width=&#8221;1\/2&#8243;][inwave_heading preview_style_1=&#8221;&#8221; title=&#8221;{MS-39}&#8221; sub_title=&#8221;Marca: CSO&#8221;][vc_empty_space][inwave_accordions layout=&#8221;accordion2&#8243; preview_style2=&#8221;&#8221; item_active=&#8221;-1&#8243;][inwave_accordion_item title=&#8221;Examen&#8221;]<\/p>\n<p class=\"p1\"><span class=\"s1\">Tomograf\u00eda de Coherencia \u00d3ptica de Segmento Anterior<\/span><\/p>\n<p>[\/inwave_accordion_item][inwave_accordion_item title=&#8221;\u00bfQu\u00e9 hace?&#8221;]<\/p>\n<p class=\"p1\"><span class=\"s1\">Es el dispositivo m\u00e1s avanzado para el an\u00e1lisis del segmento anterior del ojo.\u00a0MS-39 combina la topograf\u00eda corneal del disco de Pl\u00e1cido con una tomograf\u00eda de segmento anterior basada en OCT de alta resoluci\u00f3n.\u00a0La claridad de las im\u00e1genes de la secci\u00f3n transversal, con un di\u00e1metro de 16 mm, junto con los muchos detalles de la estructura de la c\u00f3rnea y las capas reveladas por la MS-39, ser\u00e1 apreciada por los especialistas del segmento anterior.\u00a0MS-39 proporciona informaci\u00f3n sobre paquimetr\u00eda, elevaci\u00f3n, curvatura y potencia dioptrica de ambas superficies corneales.\u00a0Adem\u00e1s de los diagn\u00f3sticos cl\u00ednicos del segmento anterior, MS-39 se puede usar en cirug\u00eda corneal para la planificaci\u00f3n de cirug\u00eda refractiva.\u00a0Tambi\u00e9n est\u00e1 disponible un m\u00f3dulo de c\u00e1lculo de LIO, basado en las t\u00e9cnicas de trazado de rayos. Las herramientas adicionales permiten al MS-39 realizar mediciones precisas del di\u00e1metro de la pupila y el an\u00e1lisis avanzado de la pel\u00edcula lagrimal.<\/span><\/p>\n<p>[\/inwave_accordion_item][inwave_accordion_item title=&#8221;\u00bfPara qu\u00e9 sirve?&#8221;]<\/p>\n<p class=\"p1\"><span class=\"s1\">La tomograf\u00eda de coherencia \u00f3ptica (OCT) nos permite obtener im\u00e1genes de alta resoluci\u00f3n de corte transversal del segmento anterior y posterior del ojo de forma no invasiva utilizando para ello la interferometr\u00eda \u00f3ptica. Actualmente se ha convertido en una herramienta muy \u00fatil para el estudio ultraestructural de la anatom\u00eda ocular. La OCT de segmento anterior se utiliza en el seguimiento de pacientes intervenidos de cirug\u00eda refractiva, anillos intraestromales,\u00a0cross-linking\u00a0corneal, trasplantes de c\u00f3rnea, lentes intraoculares f\u00e1quicas, y en pacientes intervenidos de cirug\u00eda filtrante de glaucoma. En el campo de la cirug\u00eda de la catarata, la OCT nos permite un an\u00e1lisis preciso de la arquitectura de las incisiones, as\u00ed como de las relaciones entre la lente intraocular y la c\u00e1psula posterior. La OCT de segmento anterior es muy \u00fatil en el an\u00e1lisis y la evaluaci\u00f3n de los tumores y quistes del segmento anterior, de tumores conjuntivales y de diferentes afecciones corneales como distrofias, degeneraciones o infecciones.<\/span><\/p>\n<p>[\/inwave_accordion_item][\/inwave_accordions][\/vc_column][\/vc_row][vc_row][vc_column][vc_raw_js]JTNDc2NyaXB0JTIwdHlwZSUzRCUyMnRleHQlMkZqYXZhc2NyaXB0JTIyJTNFJTBBaXRlbXMlMjAlM0QlMjBkb2N1bWVudC5nZXRFbGVtZW50c0J5Q2xhc3NOYW1lJTI4JTIyZG9jdG9yLW5hbWUlMjIlMjklM0IlMEFmb3IlMjh2YXIlMjBpJTNEMCUzQiUyMGklM0NpdGVtcy5sZW5ndGglM0IlMjBpJTJCJTJCJTI5JTdCJTBBdmFyJTIwaW1nJTIwJTNEJTIwZG9jdW1lbnQuY3JlYXRlRWxlbWVudCUyOCUyMklNRyUyMiUyOSUzQiUwQWltZy5zcmMlMjAlM0QlMjAlMjJodHRwcyUzQSUyRiUyRnZpcmdpbGlvZ2FsdmlzLnNpbXBlY2Fkby5jb20lMkZ3cC1jb250ZW50JTJGdXBsb2FkcyUyRjIwMTklMkYwNyUyRklDT04ucG5nJTIyJTNCJTBBaW1nLndpZHRoJTIwJTNEJTIwJTIyNDAlMjIlM0IlMjAlMEFpdGVtcyU1QmklNUQuaW5zZXJ0QWRqYWNlbnRFbGVtZW50JTI4JTIyYmVmb3JlYmVnaW4lMjIlMkMlMjBpbWclMjklM0IlMjAlMEElN0QlMjAlM0MlMkZzY3JpcHQlM0U=[\/vc_raw_js][\/vc_column][\/vc_row]<\/p>\n","protected":false},"excerpt":{"rendered":"<p>[vc_row equal_height=&#8221;yes&#8221; content_placement=&#8221;top&#8221; iw_layout=&#8221;wide-bg&#8221;][vc_column width=&#8221;1\/2&#8243;][vc_video link=&#8221;https:\/\/youtu.be\/gmH1gj-EjxA&#8221;][\/vc_column][vc_column width=&#8221;1\/2&#8243;][inwave_heading preview_style_1=&#8221;&#8221; title=&#8221;{MS-39}&#8221; sub_title=&#8221;Marca: CSO&#8221;][vc_empty_space][inwave_accordions layout=&#8221;accordion2&#8243; preview_style2=&#8221;&#8221; item_active=&#8221;-1&#8243;][inwave_accordion_item title=&#8221;Examen&#8221;] Tomograf\u00eda de Coherencia \u00d3ptica de Segmento Anterior [\/inwave_accordion_item][inwave_accordion_item title=&#8221;\u00bfQu\u00e9 hace?&#8221;] Es el dispositivo m\u00e1s avanzado para el an\u00e1lisis del segmento anterior del ojo.\u00a0MS-39 combina la topograf\u00eda corneal del disco de Pl\u00e1cido con una tomograf\u00eda de segmento anterior basada en OCT&#8230;<\/p>\n","protected":false},"author":2,"featured_media":0,"parent":2653,"menu_order":0,"comment_status":"closed","ping_status":"closed","template":"page-templates\/full-width-page.php","meta":{"_acf_changed":false,"inline_featured_image":false,"footnotes":""},"class_list":["post-3206","page","type-page","status-publish","hentry"],"acf":[],"_links":{"self":[{"href":"https:\/\/virgiliogalvis.com\/en\/wp-json\/wp\/v2\/pages\/3206","targetHints":{"allow":["GET"]}}],"collection":[{"href":"https:\/\/virgiliogalvis.com\/en\/wp-json\/wp\/v2\/pages"}],"about":[{"href":"https:\/\/virgiliogalvis.com\/en\/wp-json\/wp\/v2\/types\/page"}],"author":[{"embeddable":true,"href":"https:\/\/virgiliogalvis.com\/en\/wp-json\/wp\/v2\/users\/2"}],"replies":[{"embeddable":true,"href":"https:\/\/virgiliogalvis.com\/en\/wp-json\/wp\/v2\/comments?post=3206"}],"version-history":[{"count":0,"href":"https:\/\/virgiliogalvis.com\/en\/wp-json\/wp\/v2\/pages\/3206\/revisions"}],"up":[{"embeddable":true,"href":"https:\/\/virgiliogalvis.com\/en\/wp-json\/wp\/v2\/pages\/2653"}],"wp:attachment":[{"href":"https:\/\/virgiliogalvis.com\/en\/wp-json\/wp\/v2\/media?parent=3206"}],"curies":[{"name":"wp","href":"https:\/\/api.w.org\/{rel}","templated":true}]}}