{"id":3204,"date":"2019-07-25T03:15:23","date_gmt":"2019-07-25T03:15:23","guid":{"rendered":"https:\/\/virgiliogalvis.com\/?page_id=3204"},"modified":"2019-07-25T03:15:23","modified_gmt":"2019-07-25T03:15:23","slug":"iridotomia-y-capsulotomia","status":"publish","type":"page","link":"https:\/\/virgiliogalvis.com\/en\/examenes-especializados-oftalmologia\/iridotomia-y-capsulotomia\/","title":{"rendered":"Iridotomy and Capsulotomy"},"content":{"rendered":"<p>[vc_row equal_height=&#8221;yes&#8221; content_placement=&#8221;top&#8221; iw_layout=&#8221;wide-bg&#8221;][vc_column width=&#8221;1\/2&#8243;][vc_video link=&#8221;https:\/\/youtu.be\/XNuGH-OzGGM&#8221;][\/vc_column][vc_column width=&#8221;1\/2&#8243;][inwave_heading preview_style_1=&#8221;&#8221; title=&#8221;{IRIDOTOM\u00cdA}&#8221; sub_title=&#8221;Laser de ND: Yag &#8211; Marca: OPTOTEK&#8221;][vc_empty_space][inwave_accordions layout=&#8221;accordion2&#8243; preview_style2=&#8221;&#8221; item_active=&#8221;-1&#8243;][inwave_accordion_item title=&#8221;Examen&#8221;]Iridotom\u00eda[\/inwave_accordion_item][inwave_accordion_item title=&#8221;\u00bfQu\u00e9 hace?&#8221;]<\/p>\n<p class=\"p1\"><span class=\"s1\">El l\u00e1ser Neodimio-YAG\u00a0es un tipo de l\u00e1ser basado en la fotodisrupci\u00f3n (ruptura o corte) de tejidos.\u00a0Permite usos e indicaciones muy precisas. La alta potencia de este l\u00e1ser hace posible ionizar puntos peque\u00f1\u00edsimos de tejido hasta romper sus \u00e1tomos y convertirlo en plasma, (libera mucha energ\u00eda en muy poco tiempo sin da\u00f1ar al tejido contiguo) para lo que de l\u00e1ser es cuidadosamente enfocado sobre la estructura que se quiere perforar dentro del ojo,\u00a0actuando como un bistur\u00ed a distancia.<\/span><\/p>\n<p>[\/inwave_accordion_item][inwave_accordion_item title=&#8221;\u00bfPara qu\u00e9 sirve?&#8221;]<\/p>\n<p class=\"p1\"><span class=\"s1\">La iridotom\u00eda l\u00e1ser es un procedimiento profil\u00e1ctico realizado con l\u00e1ser tipo Yag\u00a0para evitar episodios de\u00a0glaucomas agudos. Su finalidad es abrir un conducto en el iris a trav\u00e9s del cual se equilibren las presiones de la c\u00e1mara anterior y de la c\u00e1mara posterior y no se produzca un aumento en la tensi\u00f3n intraocular del ojo que pueda provocar da\u00f1os en el nervio \u00f3ptico, motivo principal de perdida de visi\u00f3n por glaucoma. Este procedimiento l\u00e1ser se considera un procedimiento r\u00e1pido y totalmente seguro, y por eso ha sustituido totalmente a la iridectom\u00eda quir\u00fargica tradicional que requer\u00eda la apertura del globo ocular y la extirpaci\u00f3n parcial del iris manualmente. Se utiliza para el tratamiento de\u00a0glaucomas\u00a0de \u00e1ngulo cerrado y permite prevenir subidas de presi\u00f3n intraocular en los ojos predispuestos a padecer este problema.<\/span><\/p>\n<p>[\/inwave_accordion_item][\/inwave_accordions][\/vc_column][\/vc_row][vc_row equal_height=&#8221;yes&#8221; content_placement=&#8221;top&#8221; iw_layout=&#8221;wide-bg&#8221;][vc_column width=&#8221;1\/2&#8243;][inwave_heading preview_style_1=&#8221;&#8221; title=&#8221;{CAPSULOTOM\u00cdA}&#8221; sub_title=&#8221;Laser de ND: Yag Marca: OPTOTEK&#8221;][vc_empty_space][inwave_accordions layout=&#8221;accordion2&#8243; preview_style2=&#8221;&#8221; item_active=&#8221;-1&#8243;][inwave_accordion_item title=&#8221;Examen&#8221;]Capsulotom\u00eda[\/inwave_accordion_item][inwave_accordion_item title=&#8221;\u00bfQu\u00e9 hace?&#8221;]<\/p>\n<p class=\"p1\"><span class=\"s1\">El l\u00e1ser Neodimio-YAG\u00a0es un tipo de l\u00e1ser basado en la fotodisrupci\u00f3n (ruptura o corte) de tejidos.\u00a0Permite usos e indicaciones muy precisas. La alta potencia de este l\u00e1ser hace posible ionizar puntos peque\u00f1\u00edsimos de tejido hasta romper sus \u00e1tomos y convertirlo en plasma, (libera mucha energ\u00eda en muy poco tiempo sin da\u00f1ar al tejido contiguo) para lo que de l\u00e1ser es cuidadosamente enfocado sobre la estructura que se quiere perforar dentro del ojo,\u00a0actuando como un bistur\u00ed a distancia.<\/span><\/p>\n<p>[\/inwave_accordion_item][inwave_accordion_item title=&#8221;\u00bfPara qu\u00e9 sirve?&#8221;]<\/p>\n<p class=\"p1\"><span class=\"s1\">La capsulotom\u00eda posterior es una cirug\u00eda l\u00e1ser que\u00a0puede necesitar en alg\u00fan momento despu\u00e9s de\u00a0la cirug\u00eda de catarata. Ayuda al paciente a ver claramente si despues de un tiempo de la cirug\u00eda la visi\u00f3n se le vuelve a nublar.\u00a0Cuando<span class=\"Apple-converted-space\">\u00a0 <\/span>el paciente se somete a una cirug\u00eda de catarata, el oftalmologo extrae el\u00a0cristalino nublado del ojo. Este cristalino es reemplazado por un\u00a0lente intraocular (LIO)\u00a0transparente artificial. El lente intraocular se mantiene en el lugar en la c\u00e1psula del cristalino natural del ojo. Semanas, meses o a\u00f1os despu\u00e9s, esta c\u00e1psula puede volverse nublada o arrugada, as\u00ed causando visi\u00f3n borrosa. Con la capsulotom\u00eda posterior, se utiliza un l\u00e1ser para hacer una abertura en la c\u00e1psula nublada. Esto permite que la luz pueda atravesar de nuevo para tener una visi\u00f3n clara.<\/span><\/p>\n<p>[\/inwave_accordion_item][\/inwave_accordions][\/vc_column][vc_column width=&#8221;1\/2&#8243;][vc_video link=&#8221;https:\/\/youtu.be\/AWUjEfB2g10&#8243;][\/vc_column][\/vc_row][vc_row][vc_column][vc_raw_js]JTNDc2NyaXB0JTIwdHlwZSUzRCUyMnRleHQlMkZqYXZhc2NyaXB0JTIyJTNFJTBBaXRlbXMlMjAlM0QlMjBkb2N1bWVudC5nZXRFbGVtZW50c0J5Q2xhc3NOYW1lJTI4JTIyZG9jdG9yLW5hbWUlMjIlMjklM0IlMEFmb3IlMjh2YXIlMjBpJTNEMCUzQiUyMGklM0NpdGVtcy5sZW5ndGglM0IlMjBpJTJCJTJCJTI5JTdCJTBBdmFyJTIwaW1nJTIwJTNEJTIwZG9jdW1lbnQuY3JlYXRlRWxlbWVudCUyOCUyMklNRyUyMiUyOSUzQiUwQWltZy5zcmMlMjAlM0QlMjAlMjJodHRwcyUzQSUyRiUyRnZpcmdpbGlvZ2FsdmlzLnNpbXBlY2Fkby5jb20lMkZ3cC1jb250ZW50JTJGdXBsb2FkcyUyRjIwMTklMkYwNyUyRklDT04ucG5nJTIyJTNCJTBBaW1nLndpZHRoJTIwJTNEJTIwJTIyNDAlMjIlM0IlMjAlMEFpdGVtcyU1QmklNUQuaW5zZXJ0QWRqYWNlbnRFbGVtZW50JTI4JTIyYmVmb3JlYmVnaW4lMjIlMkMlMjBpbWclMjklM0IlMjAlMEElN0QlMjAlM0MlMkZzY3JpcHQlM0U=[\/vc_raw_js][\/vc_column][\/vc_row]<\/p>\n","protected":false},"excerpt":{"rendered":"<p>[vc_row equal_height=&#8221;yes&#8221; content_placement=&#8221;top&#8221; iw_layout=&#8221;wide-bg&#8221;][vc_column width=&#8221;1\/2&#8243;][vc_video link=&#8221;https:\/\/youtu.be\/XNuGH-OzGGM&#8221;][\/vc_column][vc_column width=&#8221;1\/2&#8243;][inwave_heading preview_style_1=&#8221;&#8221; title=&#8221;{IRIDOTOM\u00cdA}&#8221; sub_title=&#8221;Laser de ND: Yag &#8211; Marca: OPTOTEK&#8221;][vc_empty_space][inwave_accordions layout=&#8221;accordion2&#8243; preview_style2=&#8221;&#8221; item_active=&#8221;-1&#8243;][inwave_accordion_item title=&#8221;Examen&#8221;]Iridotom\u00eda[\/inwave_accordion_item][inwave_accordion_item title=&#8221;\u00bfQu\u00e9 hace?&#8221;] El l\u00e1ser Neodimio-YAG\u00a0es un tipo de l\u00e1ser basado en la fotodisrupci\u00f3n (ruptura o corte) de tejidos.\u00a0Permite usos e indicaciones muy precisas. La alta potencia de este l\u00e1ser hace posible ionizar puntos peque\u00f1\u00edsimos de&#8230;<\/p>\n","protected":false},"author":2,"featured_media":0,"parent":2653,"menu_order":0,"comment_status":"closed","ping_status":"closed","template":"page-templates\/full-width-page.php","meta":{"_acf_changed":false,"inline_featured_image":false,"footnotes":""},"class_list":["post-3204","page","type-page","status-publish","hentry"],"acf":[],"_links":{"self":[{"href":"https:\/\/virgiliogalvis.com\/en\/wp-json\/wp\/v2\/pages\/3204","targetHints":{"allow":["GET"]}}],"collection":[{"href":"https:\/\/virgiliogalvis.com\/en\/wp-json\/wp\/v2\/pages"}],"about":[{"href":"https:\/\/virgiliogalvis.com\/en\/wp-json\/wp\/v2\/types\/page"}],"author":[{"embeddable":true,"href":"https:\/\/virgiliogalvis.com\/en\/wp-json\/wp\/v2\/users\/2"}],"replies":[{"embeddable":true,"href":"https:\/\/virgiliogalvis.com\/en\/wp-json\/wp\/v2\/comments?post=3204"}],"version-history":[{"count":0,"href":"https:\/\/virgiliogalvis.com\/en\/wp-json\/wp\/v2\/pages\/3204\/revisions"}],"up":[{"embeddable":true,"href":"https:\/\/virgiliogalvis.com\/en\/wp-json\/wp\/v2\/pages\/2653"}],"wp:attachment":[{"href":"https:\/\/virgiliogalvis.com\/en\/wp-json\/wp\/v2\/media?parent=3204"}],"curies":[{"name":"wp","href":"https:\/\/api.w.org\/{rel}","templated":true}]}}