{"id":3200,"date":"2019-07-25T03:09:09","date_gmt":"2019-07-25T03:09:09","guid":{"rendered":"https:\/\/virgiliogalvis.com\/?page_id=3200"},"modified":"2019-07-25T03:09:09","modified_gmt":"2019-07-25T03:09:09","slug":"biometria-y-paquimetria","status":"publish","type":"page","link":"https:\/\/virgiliogalvis.com\/en\/examenes-especializados-oftalmologia\/biometria-y-paquimetria\/","title":{"rendered":"Biometry and Pachymetry"},"content":{"rendered":"<p>[vc_row equal_height=&#8221;yes&#8221; content_placement=&#8221;top&#8221; iw_layout=&#8221;wide-bg&#8221;][vc_column width=&#8221;1\/2&#8243;][vc_video link=&#8221;https:\/\/www.youtube.com\/watch?v=KtfVIHH3Ji0&#8243;][\/vc_column][vc_column width=&#8221;1\/2&#8243;][inwave_heading preview_style_1=&#8221;&#8221; title=&#8221;{IOL MASTER 700}&#8221; sub_title=&#8221;Marca: ZEISS&#8221;][vc_empty_space][inwave_accordions layout=&#8221;accordion2&#8243; preview_style2=&#8221;&#8221; item_active=&#8221;-1&#8243;][inwave_accordion_item title=&#8221;Examen&#8221;]Biometr\u00eda y Paquimetr\u00eda[\/inwave_accordion_item][inwave_accordion_item title=&#8221;\u00bfQu\u00e9 hace?&#8221;]<\/p>\n<p class=\"p1\"><span class=\"s1\">El Biometro IOL Master 700 utiliza la \u00faltima tecnolog\u00eda de Zeiss para la medida y c\u00e1lculo de Lentes Intraoculares en la cirug\u00eda de cataratas y de cristalino transparente. Gracias a su nueva plataforma tecnol\u00f3gica, el nuevo IOLMaster 700 tiene el potencial de mejorar significativamente los resultados refractivos en las intervenciones de cataratas. As\u00ed pues, Zeiss logra otro cambio fundamental en la biometr\u00eda ofreciendo seguridad y predictibilidad. Adem\u00e1s de la biometr\u00eda \u00f3ptica, ofrece im\u00e1genes OCT de toda la longitud del ojo. IOLMaster 700 mide todos los par\u00e1metros biom\u00e9tricos para las \u00faltimas f\u00f3rmulas de c\u00e1lculo de potencia de Lentes Intraoculares Premium.<\/span><\/p>\n<p>[\/inwave_accordion_item][inwave_accordion_item title=&#8221;\u00bfPara qu\u00e9 sirve?&#8221;]<\/p>\n<p class=\"p1\"><span class=\"s1\">La paquimetr\u00eda corneal es el proceso de medir el grosor de la c\u00f3rnea. Suele realizarse la paquimetr\u00eda con anterioridad a una cirug\u00eda refractiva, para queratocono, LRI cirug\u00eda y es \u00fatil en la exploraci\u00f3n para pacientes con sospecha de glaucoma en desarrollo, entre otros usos. La paquimetr\u00eda corneal es esencial para otras cirug\u00edas corneales como las Incisiones Limbales de Relajaci\u00f3n. La ILR suele usarse para reducir el astigmatismo corneal por hacer un par de incisiones de una profundidad particular y con un arco de longitud en un eje empinado de astigmatismo corneal. <\/span><\/p>\n<p>&nbsp;<\/p>\n<p>[\/inwave_accordion_item][\/inwave_accordions][\/vc_column][\/vc_row][vc_row][vc_column][vc_raw_js]JTNDc2NyaXB0JTIwdHlwZSUzRCUyMnRleHQlMkZqYXZhc2NyaXB0JTIyJTNFJTBBaXRlbXMlMjAlM0QlMjBkb2N1bWVudC5nZXRFbGVtZW50c0J5Q2xhc3NOYW1lJTI4JTIyZG9jdG9yLW5hbWUlMjIlMjklM0IlMEFmb3IlMjh2YXIlMjBpJTNEMCUzQiUyMGklM0NpdGVtcy5sZW5ndGglM0IlMjBpJTJCJTJCJTI5JTdCJTBBdmFyJTIwaW1nJTIwJTNEJTIwZG9jdW1lbnQuY3JlYXRlRWxlbWVudCUyOCUyMklNRyUyMiUyOSUzQiUwQWltZy5zcmMlMjAlM0QlMjAlMjJodHRwcyUzQSUyRiUyRnZpcmdpbGlvZ2FsdmlzLnNpbXBlY2Fkby5jb20lMkZ3cC1jb250ZW50JTJGdXBsb2FkcyUyRjIwMTklMkYwNyUyRklDT04ucG5nJTIyJTNCJTBBaW1nLndpZHRoJTIwJTNEJTIwJTIyNDAlMjIlM0IlMjAlMEFpdGVtcyU1QmklNUQuaW5zZXJ0QWRqYWNlbnRFbGVtZW50JTI4JTIyYmVmb3JlYmVnaW4lMjIlMkMlMjBpbWclMjklM0IlMjAlMEElN0QlMjAlM0MlMkZzY3JpcHQlM0U=[\/vc_raw_js][\/vc_column][\/vc_row]<\/p>\n","protected":false},"excerpt":{"rendered":"<p>[vc_row equal_height=&#8221;yes&#8221; content_placement=&#8221;top&#8221; iw_layout=&#8221;wide-bg&#8221;][vc_column width=&#8221;1\/2&#8243;][vc_video link=&#8221;https:\/\/www.youtube.com\/watch?v=KtfVIHH3Ji0&#8243;][\/vc_column][vc_column width=&#8221;1\/2&#8243;][inwave_heading preview_style_1=&#8221;&#8221; title=&#8221;{IOL MASTER 700}&#8221; sub_title=&#8221;Marca: ZEISS&#8221;][vc_empty_space][inwave_accordions layout=&#8221;accordion2&#8243; preview_style2=&#8221;&#8221; item_active=&#8221;-1&#8243;][inwave_accordion_item title=&#8221;Examen&#8221;]Biometr\u00eda y Paquimetr\u00eda[\/inwave_accordion_item][inwave_accordion_item title=&#8221;\u00bfQu\u00e9 hace?&#8221;] El Biometro IOL Master 700 utiliza la \u00faltima tecnolog\u00eda de Zeiss para la medida y c\u00e1lculo de Lentes Intraoculares en la cirug\u00eda de cataratas y de cristalino transparente. Gracias a su nueva plataforma tecnol\u00f3gica,&#8230;<\/p>\n","protected":false},"author":2,"featured_media":0,"parent":2653,"menu_order":0,"comment_status":"closed","ping_status":"closed","template":"page-templates\/full-width-page.php","meta":{"_acf_changed":false,"inline_featured_image":false,"footnotes":""},"class_list":["post-3200","page","type-page","status-publish","hentry"],"acf":[],"_links":{"self":[{"href":"https:\/\/virgiliogalvis.com\/en\/wp-json\/wp\/v2\/pages\/3200","targetHints":{"allow":["GET"]}}],"collection":[{"href":"https:\/\/virgiliogalvis.com\/en\/wp-json\/wp\/v2\/pages"}],"about":[{"href":"https:\/\/virgiliogalvis.com\/en\/wp-json\/wp\/v2\/types\/page"}],"author":[{"embeddable":true,"href":"https:\/\/virgiliogalvis.com\/en\/wp-json\/wp\/v2\/users\/2"}],"replies":[{"embeddable":true,"href":"https:\/\/virgiliogalvis.com\/en\/wp-json\/wp\/v2\/comments?post=3200"}],"version-history":[{"count":0,"href":"https:\/\/virgiliogalvis.com\/en\/wp-json\/wp\/v2\/pages\/3200\/revisions"}],"up":[{"embeddable":true,"href":"https:\/\/virgiliogalvis.com\/en\/wp-json\/wp\/v2\/pages\/2653"}],"wp:attachment":[{"href":"https:\/\/virgiliogalvis.com\/en\/wp-json\/wp\/v2\/media?parent=3200"}],"curies":[{"name":"wp","href":"https:\/\/api.w.org\/{rel}","templated":true}]}}