{"id":3191,"date":"2019-07-25T02:52:59","date_gmt":"2019-07-25T02:52:59","guid":{"rendered":"https:\/\/virgiliogalvis.com\/?page_id=3191"},"modified":"2019-07-25T02:52:59","modified_gmt":"2019-07-25T02:52:59","slug":"cirugia-excimer-laser-virgilio-galvis","status":"publish","type":"page","link":"https:\/\/virgiliogalvis.com\/en\/cirugias-y-procedimientos\/cirugia-excimer-laser-virgilio-galvis\/","title":{"rendered":"Excimer Laser"},"content":{"rendered":"<p>[vc_row iw_layout=&#8221;wide-bg&#8221;][vc_column][vc_row_inner equal_height=&#8221;yes&#8221; gap=&#8221;35&#8243;][vc_column_inner width=&#8221;1\/2&#8243;][vc_video link=&#8221;https:\/\/youtu.be\/vlGLN-ZWg8A&#8221;][\/vc_column_inner][vc_column_inner width=&#8221;1\/2&#8243;][inwave_heading preview_style_1=&#8221;&#8221; title=&#8221;{Laser Excimer}&#8221;][vc_column_text]<\/p>\n<p class=\"p1\"><span class=\"s1\">La cirug\u00eda refractiva con l\u00e1ser excimer se utiliza para corregir miop\u00eda, <\/span><\/p>\n<p>La cirug\u00eda refractiva con excimer l\u00e1ser permite la correcci\u00f3n de la miop\u00eda, la hipermetrop\u00eda y el astigmatismo. La cirug\u00eda se realiza por medio de la aplicaci\u00f3n de un rayo l\u00e1ser especial en la c\u00f3rnea (primer lente transparente del ojo). Se realiza con gotas de anestesia. Existen dos t\u00e9cnicas diferentes, y se decide de acuerdo a caracter\u00edsticas espec\u00edficas de cada ojo. Una se llama LASIK, la cual genera luego del procedimiento una incapacidad de alrededor de 48 horas. La otra t\u00e9cnica se llama Trans-PRK y tiene una incapacidad de 10 a 14 d\u00edas.<\/p>\n<p>Los candidatos para esta cirug\u00eda deben ser mayores de 19 &#8211; 20 a\u00f1os, tener el defecto estable, y no presentar otras alteraciones oculares. Adicionalmente en pacientes mayores de 50 a\u00f1os este tipo de cirug\u00eda con excimer l\u00e1ser en general no es la ideal, y puede requerirse otro tipo de operaci\u00f3n un poco m\u00e1s compleja, que se llama facoemulsificaci\u00f3n mas implante de lente intraocular con fines refractivos.[\/vc_column_text][\/vc_column_inner][\/vc_row_inner][inwave_accordions layout=&#8221;accordion2&#8243; preview_style2=&#8221;&#8221; item_active=&#8221;-1&#8243;][inwave_accordion_item title=&#8221;\u00bfC\u00d3MO FUNCIONA?&#8221;]<\/p>\n<p class=\"p1\"><span class=\"s1\">Existen principalmente dos t\u00e9cnicas para la correcci\u00f3n de defectos de refracci\u00f3n como la miop\u00eda, la hipermetrop\u00eda o el astigmatismo. Una de ellas es la colocaci\u00f3n de lentes intraoculares y la otra el l\u00e1ser Excimer.<\/span><\/p>\n<p class=\"p1\"><span class=\"s1\">Al aplicar esta t\u00e9cnica, el l\u00e1ser talla la c\u00f3rnea, es decir, cambiar la forma de la c\u00f3rnea. De esta forma se consigue corregir las dioptr\u00edas relacionadas con la miop\u00eda, la hipermetrop\u00eda o el astigmatismo.<\/span><\/p>\n<p>[\/inwave_accordion_item][inwave_accordion_item title=&#8221;INDICACIONES&#8221;]<\/p>\n<p class=\"p1\"><span class=\"s1\">Existen casos ideales para trabajar con esta t\u00e9cnica del l\u00e1ser Excimer. Estos casos son aquellos referentes a pacientes que:<\/span><\/p>\n<ul class=\"ul1\">\n<li class=\"li1\"><span class=\"s1\">Tienen un buen espesor de c\u00f3rnea<\/span><\/li>\n<li class=\"li1\"><span class=\"s1\">No tienen antecedentes de ojo seco<\/span><\/li>\n<li class=\"li1\"><span class=\"s1\">No tienen enfermedades en la c\u00f3rnea <\/span><\/li>\n<\/ul>\n<p>[\/inwave_accordion_item][inwave_accordion_item title=&#8221;TIPOS DE T\u00c9CNICAS&#8221;]<\/p>\n<p class=\"p1\"><span class=\"s1\">Adem\u00e1s, hay que apuntar que la operaci\u00f3n de ojos con l\u00e1ser Excimer incluye dos tipos de t\u00e9cnicas:<\/span><\/p>\n<p class=\"p1\"><span class=\"s1\">La t\u00e9cnica LASIK, en esta t\u00e9cnica primero se hace un corte en la c\u00f3rnea con un l\u00e1ser de femtosegundo, luego se levanta la parte superficial de la c\u00f3rnea y posteriormente con el l\u00e1ser exc\u00edmer lo que se hace es tallar esa c\u00f3rnea para cambiar su forma y as\u00ed corregir las dioptr\u00edas. Tiene un posoperatorio r\u00e1pido y las molestias son m\u00ednimas.\u00a0<\/span><\/p>\n<p class=\"p1\"><span class=\"s1\">La t\u00e9cnica PRK, en este caso el l\u00e1ser act\u00faa directamente sobre la c\u00f3rnea. El posoperatorio es algo m\u00e1s molesto, m\u00e1s doloroso y la recuperaci\u00f3n de la visi\u00f3n es algo m\u00e1s lenta. <\/span><\/p>\n<p class=\"p1\"><span class=\"s1\">Ambas t\u00e9cnicas se llevan usando desde hace a\u00f1os y son recomendables para defectos de graduaci\u00f3n que no superen las 5 o 6 dioptr\u00edas.<\/span><\/p>\n<p>[\/inwave_accordion_item][\/inwave_accordions][\/vc_column][\/vc_row][vc_row][vc_column][vc_raw_js]JTNDc2NyaXB0JTIwdHlwZSUzRCUyMnRleHQlMkZqYXZhc2NyaXB0JTIyJTNFJTBBaXRlbXMlMjAlM0QlMjBkb2N1bWVudC5nZXRFbGVtZW50c0J5Q2xhc3NOYW1lJTI4JTIyZG9jdG9yLW5hbWUlMjIlMjklM0IlMEFmb3IlMjh2YXIlMjBpJTNEMCUzQiUyMGklM0NpdGVtcy5sZW5ndGglM0IlMjBpJTJCJTJCJTI5JTdCJTBBdmFyJTIwaW1nJTIwJTNEJTIwZG9jdW1lbnQuY3JlYXRlRWxlbWVudCUyOCUyMklNRyUyMiUyOSUzQiUwQWltZy5zcmMlMjAlM0QlMjAlMjJodHRwcyUzQSUyRiUyRnZpcmdpbGlvZ2FsdmlzLnNpbXBlY2Fkby5jb20lMkZ3cC1jb250ZW50JTJGdXBsb2FkcyUyRjIwMTklMkYwNyUyRklDT04ucG5nJTIyJTNCJTBBaW1nLndpZHRoJTIwJTNEJTIwJTIyNDAlMjIlM0IlMjAlMEFpdGVtcyU1QmklNUQuaW5zZXJ0QWRqYWNlbnRFbGVtZW50JTI4JTIyYmVmb3JlYmVnaW4lMjIlMkMlMjBpbWclMjklM0IlMjAlMEElN0QlMjAlM0MlMkZzY3JpcHQlM0U=[\/vc_raw_js][vc_row_inner][vc_column_inner][vc_btn title=&#8221;SOLICITE SU CITA&#8221; shape=&#8221;round&#8221; align=&#8221;center&#8221; el_class=&#8221;popmake-3281 pum-trigger&#8221;][\/vc_column_inner][\/vc_row_inner][\/vc_column][\/vc_row]<\/p>\n","protected":false},"excerpt":{"rendered":"<p>[vc_row iw_layout=&#8221;wide-bg&#8221;][vc_column][vc_row_inner equal_height=&#8221;yes&#8221; gap=&#8221;35&#8243;][vc_column_inner width=&#8221;1\/2&#8243;][vc_video link=&#8221;https:\/\/youtu.be\/vlGLN-ZWg8A&#8221;][\/vc_column_inner][vc_column_inner width=&#8221;1\/2&#8243;][inwave_heading preview_style_1=&#8221;&#8221; title=&#8221;{Laser Excimer}&#8221;][vc_column_text] La cirug\u00eda refractiva con l\u00e1ser excimer se utiliza para corregir miop\u00eda, La cirug\u00eda refractiva con excimer l\u00e1ser permite la correcci\u00f3n de la miop\u00eda, la hipermetrop\u00eda y el astigmatismo. La cirug\u00eda se realiza por medio de la aplicaci\u00f3n de un rayo l\u00e1ser especial en la c\u00f3rnea&#8230;<\/p>\n","protected":false},"author":2,"featured_media":0,"parent":2659,"menu_order":0,"comment_status":"closed","ping_status":"closed","template":"page-templates\/full-width-page.php","meta":{"_acf_changed":false,"inline_featured_image":false,"footnotes":""},"class_list":["post-3191","page","type-page","status-publish","hentry"],"acf":[],"_links":{"self":[{"href":"https:\/\/virgiliogalvis.com\/en\/wp-json\/wp\/v2\/pages\/3191","targetHints":{"allow":["GET"]}}],"collection":[{"href":"https:\/\/virgiliogalvis.com\/en\/wp-json\/wp\/v2\/pages"}],"about":[{"href":"https:\/\/virgiliogalvis.com\/en\/wp-json\/wp\/v2\/types\/page"}],"author":[{"embeddable":true,"href":"https:\/\/virgiliogalvis.com\/en\/wp-json\/wp\/v2\/users\/2"}],"replies":[{"embeddable":true,"href":"https:\/\/virgiliogalvis.com\/en\/wp-json\/wp\/v2\/comments?post=3191"}],"version-history":[{"count":0,"href":"https:\/\/virgiliogalvis.com\/en\/wp-json\/wp\/v2\/pages\/3191\/revisions"}],"up":[{"embeddable":true,"href":"https:\/\/virgiliogalvis.com\/en\/wp-json\/wp\/v2\/pages\/2659"}],"wp:attachment":[{"href":"https:\/\/virgiliogalvis.com\/en\/wp-json\/wp\/v2\/media?parent=3191"}],"curies":[{"name":"wp","href":"https:\/\/api.w.org\/{rel}","templated":true}]}}