{"id":3066,"date":"2019-07-22T01:54:43","date_gmt":"2019-07-22T01:54:43","guid":{"rendered":"https:\/\/virgiliogalvis.com\/?page_id=3066"},"modified":"2019-07-22T01:54:43","modified_gmt":"2019-07-22T01:54:43","slug":"recuento-endotelial","status":"publish","type":"page","link":"https:\/\/virgiliogalvis.com\/en\/examenes-especializados-oftalmologia\/recuento-endotelial\/","title":{"rendered":"Endothelial Count"},"content":{"rendered":"<p>[vc_row equal_height=&#8221;yes&#8221; content_placement=&#8221;top&#8221; iw_layout=&#8221;wide-bg&#8221;][vc_column width=&#8221;1\/2&#8243;][vc_video link=&#8221;https:\/\/www.youtube.com\/watch?v=ongEXKqu2NY&#8221;][\/vc_column][vc_column width=&#8221;1\/2&#8243;][inwave_heading preview_style_1=&#8221;&#8221; title=&#8221;{SP 3000}&#8221; sub_title=&#8221;Marca: TOPCON&#8221;][vc_empty_space][inwave_accordions layout=&#8221;accordion2&#8243; preview_style2=&#8221;&#8221; item_active=&#8221;-1&#8243;][inwave_accordion_item title=&#8221;Examen&#8221;]Recuento Endotelial[\/inwave_accordion_item][inwave_accordion_item title=&#8221;\u00bfQu\u00e9 hace?&#8221;]<\/p>\n<p class=\"p1\"><span class=\"s1\">El SP 3000 es un Microscopio Especular, el cual utiliza un t\u00e9cnica basada en proyectar un estrecho haz de luz sobre la c\u00f3rnea, con un determinado \u00e1ngulo de incidencia;\u00a0 una peque\u00f1a fracci\u00f3n de la luz se refleja en la interfase entre endotelio corneal y el humor acuoso, como si se tratara de un espejo, y es recogida por el objetivo del microscopio, formando una imagen amplificada de la zona. Sobre esa imagen un programa inform\u00e1tico analiza las c\u00e9lulas, en su forma, tama\u00f1o, distribuci\u00f3n y cantidad por unidad de superficie.<\/span><\/p>\n<p>[\/inwave_accordion_item][inwave_accordion_item title=&#8221;\u00bfPara qu\u00e9 sirve?&#8221;]<\/p>\n<p class=\"p1\"><span class=\"s1\">El recuento de c\u00e9lulas endoteliales es una prueba que permite la valoraci\u00f3n de la densidad, el tama\u00f1o y la forma de las c\u00e9lulas endoteliales. Las c\u00e9lulas endoteliales son las c\u00e9lulas\u00a0 que forman la capa m\u00e1s profunda de la c\u00f3rnea,conocida como endotelio. Es la capa m\u00e1s interna de la c\u00f3rnea, en contacto con el humor acuoso, y se encuentra formada por unas c\u00e9lulas planas muy fina, dispuestas en forma de mosaico. Su misi\u00f3n es fundamental para mantener la c\u00f3rnea completamente seca. Esa es la condici\u00f3n para que sea trasparente. Act\u00faa como un sistema de bombeo que siempre las mol\u00e9culas de agua pasen desde la c\u00f3rnea al humor acuoso y no al rev\u00e9s. Las variaciones en la densidad, la forma o el tama\u00f1o de las c\u00e9lulas que se puede apreciar gracias a esta prueba, nos ayuda diagnosticar diferentes patolog\u00edas corneales, ya sean distrofias o degeneraciones, y a hacer una valoraci\u00f3n pre y post operatoria, entre otras utilidades.<\/span><\/p>\n<p>[\/inwave_accordion_item][\/inwave_accordions][\/vc_column][\/vc_row][vc_row][vc_column][vc_raw_js]JTNDc2NyaXB0JTIwdHlwZSUzRCUyMnRleHQlMkZqYXZhc2NyaXB0JTIyJTNFJTBBaXRlbXMlMjAlM0QlMjBkb2N1bWVudC5nZXRFbGVtZW50c0J5Q2xhc3NOYW1lJTI4JTIyZG9jdG9yLW5hbWUlMjIlMjklM0IlMEFmb3IlMjh2YXIlMjBpJTNEMCUzQiUyMGklM0NpdGVtcy5sZW5ndGglM0IlMjBpJTJCJTJCJTI5JTdCJTBBdmFyJTIwaW1nJTIwJTNEJTIwZG9jdW1lbnQuY3JlYXRlRWxlbWVudCUyOCUyMklNRyUyMiUyOSUzQiUwQWltZy5zcmMlMjAlM0QlMjAlMjJodHRwcyUzQSUyRiUyRnZpcmdpbGlvZ2FsdmlzLnNpbXBlY2Fkby5jb20lMkZ3cC1jb250ZW50JTJGdXBsb2FkcyUyRjIwMTklMkYwNyUyRklDT04ucG5nJTIyJTNCJTBBaW1nLndpZHRoJTIwJTNEJTIwJTIyNDAlMjIlM0IlMjAlMEFpdGVtcyU1QmklNUQuaW5zZXJ0QWRqYWNlbnRFbGVtZW50JTI4JTIyYmVmb3JlYmVnaW4lMjIlMkMlMjBpbWclMjklM0IlMjAlMEElN0QlMjAlM0MlMkZzY3JpcHQlM0U=[\/vc_raw_js][\/vc_column][\/vc_row]<\/p>\n","protected":false},"excerpt":{"rendered":"<p>[vc_row equal_height=&#8221;yes&#8221; content_placement=&#8221;top&#8221; iw_layout=&#8221;wide-bg&#8221;][vc_column width=&#8221;1\/2&#8243;][vc_video link=&#8221;https:\/\/www.youtube.com\/watch?v=ongEXKqu2NY&#8221;][\/vc_column][vc_column width=&#8221;1\/2&#8243;][inwave_heading preview_style_1=&#8221;&#8221; title=&#8221;{SP 3000}&#8221; sub_title=&#8221;Marca: TOPCON&#8221;][vc_empty_space][inwave_accordions layout=&#8221;accordion2&#8243; preview_style2=&#8221;&#8221; item_active=&#8221;-1&#8243;][inwave_accordion_item title=&#8221;Examen&#8221;]Recuento Endotelial[\/inwave_accordion_item][inwave_accordion_item title=&#8221;\u00bfQu\u00e9 hace?&#8221;] El SP 3000 es un Microscopio Especular, el cual utiliza un t\u00e9cnica basada en proyectar un estrecho haz de luz sobre la c\u00f3rnea, con un determinado \u00e1ngulo de incidencia;\u00a0 una peque\u00f1a fracci\u00f3n de la luz se&#8230;<\/p>\n","protected":false},"author":2,"featured_media":0,"parent":2653,"menu_order":0,"comment_status":"closed","ping_status":"closed","template":"page-templates\/full-width-page.php","meta":{"_acf_changed":false,"inline_featured_image":false,"footnotes":""},"class_list":["post-3066","page","type-page","status-publish","hentry"],"acf":[],"_links":{"self":[{"href":"https:\/\/virgiliogalvis.com\/en\/wp-json\/wp\/v2\/pages\/3066","targetHints":{"allow":["GET"]}}],"collection":[{"href":"https:\/\/virgiliogalvis.com\/en\/wp-json\/wp\/v2\/pages"}],"about":[{"href":"https:\/\/virgiliogalvis.com\/en\/wp-json\/wp\/v2\/types\/page"}],"author":[{"embeddable":true,"href":"https:\/\/virgiliogalvis.com\/en\/wp-json\/wp\/v2\/users\/2"}],"replies":[{"embeddable":true,"href":"https:\/\/virgiliogalvis.com\/en\/wp-json\/wp\/v2\/comments?post=3066"}],"version-history":[{"count":0,"href":"https:\/\/virgiliogalvis.com\/en\/wp-json\/wp\/v2\/pages\/3066\/revisions"}],"up":[{"embeddable":true,"href":"https:\/\/virgiliogalvis.com\/en\/wp-json\/wp\/v2\/pages\/2653"}],"wp:attachment":[{"href":"https:\/\/virgiliogalvis.com\/en\/wp-json\/wp\/v2\/media?parent=3066"}],"curies":[{"name":"wp","href":"https:\/\/api.w.org\/{rel}","templated":true}]}}