{"id":3010,"date":"2019-07-20T23:38:27","date_gmt":"2019-07-20T23:38:27","guid":{"rendered":"https:\/\/virgiliogalvis.com\/?page_id=3010"},"modified":"2019-07-20T23:38:27","modified_gmt":"2019-07-20T23:38:27","slug":"preguntas-frecuentes","status":"publish","type":"page","link":"https:\/\/virgiliogalvis.com\/en\/preguntas-frecuentes\/","title":{"rendered":"Frequently Asked Questions"},"content":{"rendered":"<p>[vc_row iw_layout=&#8221;wide-bg&#8221;][vc_column][vc_row_inner][vc_column_inner width=&#8221;1\/4&#8243;][\/vc_column_inner][vc_column_inner width=&#8221;1\/2&#8243;][vc_video link=&#8221;https:\/\/www.youtube.com\/watch?v=J2znCmoRl1I&#8221; align=&#8221;center&#8221;][\/vc_column_inner][vc_column_inner width=&#8221;1\/4&#8243;][\/vc_column_inner][\/vc_row_inner][inwave_accordions layout=&#8221;accordion2&#8243; preview_style2=&#8221;&#8221; item_active=&#8221;-1&#8243;][inwave_accordion_item title=&#8221;\u00bfCu\u00e1l es la diferencia entre un opt\u00f3metra y un oftalm\u00f3logo?&#8221;]<\/p>\n<p class=\"p1\"><span class=\"s1\" style=\"color: #00375f;\"><b>\u00bfQu\u00e9 es un opt\u00f3metra?<\/b><\/span><\/p>\n<p class=\"p1\"><span class=\"s1\">Un opt\u00f3metra es un profesional que estudia la carrera de optometr\u00eda (5 a\u00f1os en Colombia). Los opt\u00f3metras no son m\u00e9dicos y por ello no realizan cirug\u00edas o procedimientos oculares. <\/span><\/p>\n<p class=\"p1\"><span class=\"s1\">Realizan la evaluaci\u00f3n de los defectos de la visi\u00f3n, espec\u00edficamente en cuanto a la necesidad de gafas o lentes de contacto. En nuestra instituci\u00f3n siempre han trabajado de manera conjunta los opt\u00f3metras y los oftalm\u00f3logos de manera que se complementen para prestar el mejor servicio a los pacientes.<\/span><\/p>\n<p class=\"p1\"><span class=\"s1\" style=\"color: #00375f;\"><b>\u00bfQu\u00e9 es un oftalm\u00f3logo?<\/b><\/span><\/p>\n<p class=\"p1\"><span class=\"s1\">El oftalm\u00f3logo es un m\u00e9dico que luego de finalizar la medicina general realiza una especializaci\u00f3n (en Colombia de 3 o 4 a\u00f1os) en cuanto al diagn\u00f3stico y tratamiento (m\u00e9dico o quir\u00fargico) de las enfermedades de los ojos. <\/span><\/p>\n<p class=\"p1\"><span class=\"s1\">Adicionalmente luego de culminar este periodo de especializaci\u00f3n realiza uno o dos a\u00f1os de estudios adicionales para supra especializarse en un \u00e1rea de la oftalmolog\u00eda.<\/span><\/p>\n<p>[\/inwave_accordion_item][inwave_accordion_item title=&#8221;\u00bfQu\u00e9 ventajas tiene la cirug\u00eda con excimer l\u00e1ser?&#8221;]<\/p>\n<p class=\"p1\"><span class=\"s1\">La gran ventaja del empleo del l\u00e1ser para la correcci\u00f3n de los defectos visuales, es su m\u00e1xima precisi\u00f3n. La cirug\u00eda con Excimer L\u00e1ser puede ser de dos tipos:<\/span><\/p>\n<p class=\"p1\"><span class=\"s1\"><span style=\"color: #00375f;\"><b>Lasik:<\/b><\/span> adem\u00e1s del Excimer L\u00e1ser, se emplea un bistur\u00ed automatizado (microquer\u00e1tomo) para levantar una capa de la c\u00f3rnea de aproximadamente 130 micras y as\u00ed poder aplicar el l\u00e1ser dentro del interior del espesor de la c\u00f3rnea.<\/span><\/p>\n<p class=\"p1\"><span class=\"s1\"><span style=\"color: #00375f;\"><b>Ablaci\u00f3n de superficie:<\/b> <\/span>se realiza un raspado de la primera capa superficial de la c\u00f3rnea y se aplica el l\u00e1ser directamente sobre la superficie. <\/span><\/p>\n<p class=\"p1\"><span class=\"s1\">Se reserva para casos en donde la c\u00f3rnea es muy delgada y no permite realizar el corte con el microquer\u00e1tomo. Lo que hace el l\u00e1ser es, literalmente, evaporar tejido corneal y, de esa manera, remodela la forma de la c\u00f3rnea haci\u00e9ndola m\u00e1s plana en casos de miop\u00eda y m\u00e1s curva en casos de hipermetrop\u00eda.<\/span><\/p>\n<p>[\/inwave_accordion_item][inwave_accordion_item title=&#8221;\u00bfQu\u00e9 tan seguro es el procedimiento de cirug\u00eda l\u00e1ser?&#8221;]<\/p>\n<p class=\"p1\"><span class=\"s1\">En las manos de un excelente cirujano, con la tecnolog\u00eda m\u00e1s avanzada, una adecuada experiencia y el cumplimiento todos los requisitos, es altamente seguro. Sin embargo, como cualquier otra cirug\u00eda, tiene riesgos inherentes. Estos incluyen: infecci\u00f3n, inflamaci\u00f3n y cicatrizaci\u00f3n corneal entre otros. Afortunadamente, la probabilidad de que ocurran es muy baja, pero, si llegan a presentarse, pueden dejar secuelas visuales.<\/span><\/p>\n<p>[\/inwave_accordion_item][inwave_accordion_item title=&#8221;\u00bfEs dolorosa la cirug\u00eda de l\u00e1ser?&#8221;]<\/p>\n<p class=\"p1\"><span class=\"s1\">Para la intervenci\u00f3n se utiliza anestesia local (gotas), por lo tanto, el paciente permanece despierto durante el tratamiento, pero, como sus ojos est\u00e1n anestesiados, no hay dolor y, en general, s\u00f3lo m\u00ednimos molestias.<\/span><\/p>\n<p>[\/inwave_accordion_item][inwave_accordion_item title=&#8221;\u00bfCu\u00e1nto tiempo tardan las cirug\u00edas?&#8221;]<\/p>\n<p class=\"p1\"><span class=\"s1\">Dura entre 5 y 10 minutos por ojo. Es una cirug\u00eda ambulatoria que no general incapacidad. Una vez terminado el procedimiento, el paciente regresa a su casa.<\/span><\/p>\n<p>[\/inwave_accordion_item][inwave_accordion_item title=&#8221;\u00bfCu\u00e1nto tiempo duran los resultados de la cirug\u00eda?&#8221;]<\/p>\n<p class=\"p1\"><span class=\"s1\">La correcci\u00f3n que realiza el l\u00e1ser para la visi\u00f3n lejana es a largo plazo. Cuando los pacientes sobrepasan los 50 o 60 a\u00f1os tiene el riesgo normal de presentar otra enfermedad que afecta la visi\u00f3n: La Catarata. En un porcentaje bajo de casos (menos del 5%), puede presentarse progresi\u00f3n o regresi\u00f3n de los defectos, pero, en general, en niveles muy por debajo del defecto inicial.<\/span><\/p>\n<p class=\"p1\"><span class=\"s1\">En cuanto a la visi\u00f3n cercana (lectura y otras actividades de visi\u00f3n pr\u00f3xima), es muy importante entender que, debido a la aparici\u00f3n de la presbicia, todo paciente que se opere los dos ojos para visi\u00f3n lejana requerir\u00e1 el uso de gafas para leer luego de los 40 a\u00f1os de edad.<\/span><\/p>\n<p>[\/inwave_accordion_item][inwave_accordion_item title=&#8221;\u00bfPuede corregirse la Presbicia?&#8221;]<\/p>\n<p class=\"p1\"><span class=\"s1\">Si, aunque no existe una cirug\u00eda que la corrija en un 100%, la alternativa que mejor funciona es la cirug\u00eda con l\u00e1ser llamada mono visi\u00f3n, en la cual el ojo dominante es corregido para ver de lejos y el otro para ver de cerca. Esto se logra gracias a que el cerebro es capaz de seleccionar y adaptar la visi\u00f3n a la distancia que usted requiere.<\/span><\/p>\n<p class=\"p1\"><span class=\"s1\">Es importante tener en cuenta que, debido a que no todos los pacientes son aptos para esta cirug\u00eda, se necesita una prueba para evaluar su tolerancia a este tipo de visi\u00f3n. <\/span><\/p>\n<p class=\"p1\"><span class=\"s1\">Es posible que la adaptaci\u00f3n cerebral para ver por un ojo de lejos y por otro de cerca, tome varios meses. En casos aislados, algunos pacientes no se adaptan y deben utilizar gafas para ciertas actividades luego de la cirug\u00eda o realizar una nueva intervenci\u00f3n.<\/span><\/p>\n<p class=\"p1\"><span class=\"s1\">Se puede decir que la mono visi\u00f3n es una muy buena alternativa que en la mayor\u00eda de los pacientes mayores de 40 a\u00f1os permite una independencia casi total de las gafas, pero que no ofrece una visi\u00f3n perfecta, por lo tanto, el paciente debe adaptarse a esas limitaciones inherentes del procedimiento o usar gafas para que le ayuden en ciertas actividades.<\/span><\/p>\n<p class=\"p1\"><span class=\"s1\">Las personas que tienen que emplear microscopios (como en microcirug\u00eda) no son buenos candidatos para el procedimiento, raz\u00f3n por la cual los oftalm\u00f3logos no pueden optar por esta cirug\u00eda. Quienes leen mucho, tiene un trabajo constante en el computador o hacen tareas de cerca muy detalladas, pueden tener mayor dificultad y, en un momento dado, requerir gafas de cerca como ayuda adicional.<\/span><\/p>\n<p class=\"p1\"><span class=\"s1\">Quienes conduzcan mucho, especialmente de noche, o deban realizar tareas de visi\u00f3n lejana muy exigentes (como los pilotos), no son buenos candidatos para la mono visi\u00f3n.<\/span><\/p>\n<p class=\"p1\"><span class=\"s1\">Si usted duda en cuento a su adaptaci\u00f3n o los beneficios de la cirug\u00eda con mono visi\u00f3n, la otra opci\u00f3n es realizarse la operaci\u00f3n de ambos ojos para lejos, y usar gafas para las actividades de visi\u00f3n cercana.<\/span><\/p>\n<p>[\/inwave_accordion_item][inwave_accordion_item title=&#8221;\u00bfCu\u00e1l es la ventaja de los equipos de Excimer l\u00e1ser \u00faltima generaci\u00f3n (AMARIS SCHWIND 1050rs y FEMTO LDV Z6) con los que cuenta el Centro Oftalmol\u00f3gico Virgilio Galvis?&#8221;]<\/p>\n<p class=\"p1\"><span class=\"s1\" style=\"color: #00375f;\"><b>SCHWIND AMARIS 1050rs<\/b><\/span><\/p>\n<p class=\"p1\"><span class=\"s1\">La gran ventaja de estos equipos de la alta tecnolog\u00eda es que poseen capacidades notables que les permiten hacer un seguimiento de 7 dimensiones haciendo exacto los movimientos del ojo durante la cirug\u00eda, de manera que los impactos de l\u00e1ser se aplican de forma muy precisa en el \u00e1rea de la c\u00f3rnea donde se plane\u00f3.<\/span><\/p>\n<p class=\"p1\"><span class=\"s1\">Entre las principales ventajas que incorporan los l\u00e1seres modernos como el Schwind Amaris 1050RS en cirug\u00eda refractiva destaca:<\/span><\/p>\n<ul class=\"ul1\">\n<li class=\"li1\"><span class=\"s1\">Inducci\u00f3n a menor aberraci\u00f3n esf\u00e9rica,<\/span><\/li>\n<li class=\"li1\"><span class=\"s1\">Inclusi\u00f3n de sistemas de seguimiento ocular (denominados Eye-trackers),<\/span><\/li>\n<li class=\"li1\"><span class=\"s1\">Proporcionan mejor visi\u00f3n nocturna, mayor correcci\u00f3n del error refractivo, y mejor visi\u00f3n de contraste<\/span><\/li>\n<\/ul>\n<p class=\"p1\"><span class=\"s1\" style=\"color: #00375f;\"><b> FEMTO LDV Z6<\/b><\/span><\/p>\n<ul class=\"ul1\">\n<li class=\"li1\"><span class=\"s1\">Para todo el segmento anterior<\/span><\/li>\n<li class=\"li1\"><span class=\"s1\">Todas las aplicaciones femto corneales.<\/span><\/li>\n<li class=\"li1\"><span class=\"s1\">Sistema de esc\u00e1ner multidimensional de avanzada<\/span><\/li>\n<li class=\"li1\"><span class=\"s1\">Preparado para futuras aplicaciones corneales<\/span><\/li>\n<li class=\"li1\"><span class=\"s1\">Dise\u00f1ado para OCT (Tomograf\u00eda por Coherencia \u00d3ptica)<\/span><\/li>\n<li class=\"li1\"><span class=\"s1\">Dise\u00f1ado para futuras aplicaciones de cataratas<\/span><\/li>\n<li class=\"li1\"><span class=\"s1\">Cirug\u00eda de Cornea (Anillos Intracorneales)<\/span><\/li>\n<\/ul>\n<p>[\/inwave_accordion_item][inwave_accordion_item title=&#8221;\u00bfEn qu\u00e9 consiste el trasplante de c\u00f3rnea?&#8221;]<\/p>\n<p class=\"p1\"><span class=\"s1\">El trasplante de c\u00f3rnea llamado penetrante consiste en retirar los 7 u 8 mil\u00edmetros centrales de la c\u00f3rnea del paciente y reemplazarlos por la c\u00f3rnea de un donante.<\/span><\/p>\n<p class=\"p1\"><span class=\"s1\">Esta cirug\u00eda permite que la luz vuelva a entrar al ojo, y el paciente pueda ver.<\/span><\/p>\n<p class=\"p1\"><span class=\"s1\">Esta cirug\u00eda se realiza cuando la capa de la c\u00f3rnea llamada estroma est\u00e1 muy opaca y no tiene posibilidades de volver a estar transparente, o cuando est\u00e1 muy debilitado, como en caso de Queratocono muy avanzados.<\/span><\/p>\n<p class=\"p1\"><span class=\"s1\">Es una cirug\u00eda que ha ayudado a miles de personas a recobrar su visi\u00f3n, y por ello es muy importante que todos seamos conscientes de que la donaci\u00f3n de nuestros \u00f3rganos, luego de nuestro fallecimiento, es algo que debemos expresarles a nuestros familiares, para que otros seres humanos en dificultades se puedan beneficiar de ellos, llevando una luz de esperanza a otras vidas.<\/span><\/p>\n<p class=\"p1\"><span class=\"s1\">Este tipo de trasplante total de la c\u00f3rnea requiere una incisi\u00f3n circular de espesor total, que ante un traumatismo puede llegar a abrirse y adem\u00e1s tiene ciertos riesgos asociados, como el rechazo por parte del receptor, o la inducci\u00f3n de astigmatismos que distorsionan la visi\u00f3n del paciente.<\/span><\/p>\n<p>[\/inwave_accordion_item][\/inwave_accordions][\/vc_column][\/vc_row]<\/p>\n","protected":false},"excerpt":{"rendered":"<p>[vc_row iw_layout=&#8221;wide-bg&#8221;][vc_column][vc_row_inner][vc_column_inner width=&#8221;1\/4&#8243;][\/vc_column_inner][vc_column_inner width=&#8221;1\/2&#8243;][vc_video link=&#8221;https:\/\/www.youtube.com\/watch?v=J2znCmoRl1I&#8221; align=&#8221;center&#8221;][\/vc_column_inner][vc_column_inner width=&#8221;1\/4&#8243;][\/vc_column_inner][\/vc_row_inner][inwave_accordions layout=&#8221;accordion2&#8243; preview_style2=&#8221;&#8221; item_active=&#8221;-1&#8243;][inwave_accordion_item title=&#8221;\u00bfCu\u00e1l es la diferencia entre un opt\u00f3metra y un oftalm\u00f3logo?&#8221;] \u00bfQu\u00e9 es un opt\u00f3metra? Un opt\u00f3metra es un profesional que estudia la carrera de optometr\u00eda (5 a\u00f1os en Colombia). Los opt\u00f3metras no son m\u00e9dicos y por ello no realizan cirug\u00edas o procedimientos oculares. Realizan la&#8230;<\/p>\n","protected":false},"author":2,"featured_media":0,"parent":0,"menu_order":0,"comment_status":"closed","ping_status":"closed","template":"page-templates\/full-width-page.php","meta":{"_acf_changed":false,"inline_featured_image":false,"footnotes":""},"class_list":["post-3010","page","type-page","status-publish","hentry"],"acf":[],"_links":{"self":[{"href":"https:\/\/virgiliogalvis.com\/en\/wp-json\/wp\/v2\/pages\/3010","targetHints":{"allow":["GET"]}}],"collection":[{"href":"https:\/\/virgiliogalvis.com\/en\/wp-json\/wp\/v2\/pages"}],"about":[{"href":"https:\/\/virgiliogalvis.com\/en\/wp-json\/wp\/v2\/types\/page"}],"author":[{"embeddable":true,"href":"https:\/\/virgiliogalvis.com\/en\/wp-json\/wp\/v2\/users\/2"}],"replies":[{"embeddable":true,"href":"https:\/\/virgiliogalvis.com\/en\/wp-json\/wp\/v2\/comments?post=3010"}],"version-history":[{"count":0,"href":"https:\/\/virgiliogalvis.com\/en\/wp-json\/wp\/v2\/pages\/3010\/revisions"}],"wp:attachment":[{"href":"https:\/\/virgiliogalvis.com\/en\/wp-json\/wp\/v2\/media?parent=3010"}],"curies":[{"name":"wp","href":"https:\/\/api.w.org\/{rel}","templated":true}]}}