{"id":2895,"date":"2019-07-19T02:02:57","date_gmt":"2019-07-19T02:02:57","guid":{"rendered":"https:\/\/virgiliogalvis.com\/?page_id=2895"},"modified":"2019-07-19T02:02:57","modified_gmt":"2019-07-19T02:02:57","slug":"defectos-refractivos","status":"publish","type":"page","link":"https:\/\/virgiliogalvis.com\/en\/enfermedades-oculares\/defectos-refractivos\/","title":{"rendered":"Refractive Defects"},"content":{"rendered":"<p>[vc_row iw_layout=&#8221;wide-bg&#8221;][vc_column][vc_row_inner equal_height=&#8221;yes&#8221; content_placement=&#8221;top&#8221; gap=&#8221;35&#8243;][vc_column_inner width=&#8221;1\/4&#8243;][vc_wp_custommenu title=&#8221;ENFERMEDADES OCULARES&#8221; nav_menu=&#8221;41&#8243;][\/vc_column_inner][vc_column_inner width=&#8221;3\/4&#8243;][inwave_heading preview_style_1=&#8221;&#8221; title=&#8221;{DEFECTOS REFRACTIVOS}&#8221;][vc_column_text]<\/p>\n<p class=\"p1\"><span class=\"s1\">Los defectos de refracci\u00f3n son aquellos en los que la imagen, que llega a la retina a trav\u00e9s de la c\u00f3rnea y el cristalino, converge en un punto fuera de ella. En un ojo normal (em\u00e9trope), las im\u00e1genes que llegan a la retina enviadas por la c\u00f3rnea y el cristalino se enfocan directamente sobre ella, obteniendo una visi\u00f3n perfecta del objeto en el que nos hemos fijado. Cuando esto no ocurre y la imagen converge en un punto situado fuera de la retina, estamos ante un defecto de refracci\u00f3n, que puede ser cualquiera de los siguientes:<\/span><\/p>\n<p>[\/vc_column_text][inwave_item_info style=&#8221;style1_4&#8243; preview_style4=&#8221;&#8221; title=&#8221;{Miopia}&#8221; description=&#8221;Anomal\u00eda o defecto del ojo que produce una visi\u00f3n borrosa o poco clara de los objetos lejanos.&#8221; icon_size=&#8221;50&#8243; align=&#8221;center&#8221; img=&#8221;3321&#8243;][inwave_item_info style=&#8221;style1_4&#8243; preview_style4=&#8221;&#8221; title=&#8221;{Hipermetrop\u00eda}&#8221; description=&#8221;Anomal\u00eda o defecto del ojo que produce una visi\u00f3n borrosa o poco clara de los objetos cercanos.&#8221; icon_size=&#8221;50&#8243; align=&#8221;center&#8221; img=&#8221;3322&#8243;][inwave_item_info style=&#8221;style1_4&#8243; preview_style4=&#8221;&#8221; title=&#8221;{Astigmatismo}&#8221; description=&#8221;Anomal\u00eda o defecto del ojo que consiste en una curvatura irregular de la c\u00f3rnea, lo que provoca que se vean algo deformadas las im\u00e1genes y poco claro el contorno de las cosas.&#8221; icon_size=&#8221;50&#8243; align=&#8221;center&#8221; img=&#8221;3320&#8243;][\/vc_column_inner][\/vc_row_inner][vc_row_inner gap=&#8221;35&#8243;][vc_column_inner width=&#8221;1\/2&#8243;][vc_video link=&#8221;https:\/\/www.youtube.com\/watch?v=nc2tXZ1O1z8&#8243;][\/vc_column_inner][vc_column_inner width=&#8221;1\/2&#8243;][inwave_heading preview_style_1=&#8221;&#8221; title=&#8221;{MIOP\u00cdA}&#8221; sub_title=&#8221;La miop\u00eda es un defecto de refracci\u00f3n que sucede cuando los rayos de luz convergen en un punto por delante de la retina, es decir, el ojo es m\u00e1s largo de lo normal y la imagen se forma por delante de la retina. Es por tanto un defecto que impide visionar correctamente las cosas situadas a cierta distancia.&#8221;][inwave_accordions layout=&#8221;accordion2&#8243; preview_style2=&#8221;&#8221; item_active=&#8221;-1&#8243;][inwave_accordion_item title=&#8221;S\u00edntomas&#8221;]<\/p>\n<p class=\"p1\"><span class=\"s1\">La miop\u00eda aparece cuando la imagen del objeto que estamos viendo se forma justo delante de la retina, lo que provoca una mala visi\u00f3n de lejos y una \u00f3ptima visi\u00f3n de cerca. Este es uno de los principales defectos de visi\u00f3n que padecemos, pero el avance las t\u00e9cnicas quir\u00fargicas ha permitido que se pueden eliminar sus efectos en pacientes con defecto estable y mayores a 18 a\u00f1os.<\/span><\/p>\n<p>[\/inwave_accordion_item][inwave_accordion_item title=&#8221;Tratamiento&#8221;]<\/p>\n<p class=\"p1\"><span class=\"s1\">Para manejar esta enfermedad se realiza el tratamiento con gotas encaminado a estabilizar la miop\u00eda y evitar su progresi\u00f3n controlando entre otros el crecimiento ocular at\u00edpico, utilizando medicamentos que regulan la presi\u00f3n intraocular y controlan el esfuerzo visual con el fin de evitar la distensi\u00f3n del ojo, y para esto se utilizan diferentes clases de gotas<\/span><\/p>\n<p class=\"p1\"><span class=\"s1\"><i>ANTIMUSCAR\u00cdNICOS: <\/i>Este es el medicamento (gotas oftalmol\u00f3gicas) ayuda a evitar la distensi\u00f3n ocular, generando un efecto en el musculo ciliar y un efecto retiniano local disminuyendo la progresi\u00f3n de la miop\u00eda <\/span><\/p>\n<p class=\"p1\"><span class=\"s1\"><i>HIPOTENSORES y ANTIALERGICOS<\/i>: Regula la presi\u00f3n ocular del paciente y disminuyen el efecto mec\u00e1nico que general el frote ocular.<\/span><\/p>\n<p class=\"p1\"><span class=\"s1\">Estos medicamentos van acompa\u00f1ados del uso de anteojos o lentes de contacto de dise\u00f1o especial, junto con el cambio y mejora de las condiciones de iluminaci\u00f3n, h\u00e1bitos saludables, alimentaci\u00f3n balanceada, actividades al aire libre, control de la exposici\u00f3n a dispositivos electr\u00f3nicos y pausas cortas en periodos largos de lectura.<\/span><\/p>\n<p class=\"p1\"><span class=\"s1\">Otra alternativa para este defecto en pacientes menores de 50 a\u00f1os, se utiliza la t\u00e9cnica del l\u00e1ser Excimer. En pacientes con un grosor corneal normal, entre 520 y 550 micras se pueden utilizar dos tipos de t\u00e9cnicas, el Lasik o el PRK\u201d. Los pacientes ideales para este tipo de tratamientos son aquellos que tienen un m\u00e1ximo de 5-6 dioptr\u00edas, a partir de ah\u00ed no se aconseja esta t\u00e9cnica. Esta misma opci\u00f3n es la que se utiliza para tratar un tipo de astigmatismo que est\u00e1 vinculado con la miop\u00eda, el astigmatismo mi\u00f3pico.<\/span><\/p>\n<p class=\"p1\"><span class=\"s1\">En el caso de pacientes j\u00f3venes que tienen un grosor corneal de menos de 500 micras, la utilizaci\u00f3n del l\u00e1ser se descarta por sus contraindicaciones a largo plazo. En estos casos es recomendable optar por implantar lentes intraoculares ICL.<\/span><\/p>\n<p class=\"p1\"><span class=\"s1\">Cuando ya hablamos de pacientes de m\u00e1s de 50 a\u00f1os, entran en acci\u00f3n otro tipo de t\u00e9cnicas ya que la miop\u00eda suele estar tambi\u00e9n acompa\u00f1ada de presbicia. En estos casos los tratamientos deben hacer frente a los dos efectos a trav\u00e9s de la extirpaci\u00f3n del cristalino y la instalaci\u00f3n de lentes intraoculares multifocales. <\/span><\/p>\n<p>[\/inwave_accordion_item][\/inwave_accordions][\/vc_column_inner][\/vc_row_inner][vc_row_inner equal_height=&#8221;yes&#8221; gap=&#8221;35&#8243;][vc_column_inner width=&#8221;1\/2&#8243;][inwave_heading preview_style_1=&#8221;&#8221; title=&#8221;{HIPERMETROP\u00cdA}&#8221; sub_title=&#8221;La hipermetrop\u00eda es otro de los defectos de refracci\u00f3n. En este caso, ocurre lo contrario que en la miop\u00eda, por lo que los objetos se enfocan por detr\u00e1s de la retina, ya que los rayos de luz llegan a la misma sin haber convergido porque el globo ocular es m\u00e1s corto de lo normal. El tratamiento puede ser con l\u00e1ser o lentes intraoculares, dependiendo de la refracci\u00f3n y de la edad del paciente.&#8221;][inwave_accordions layout=&#8221;accordion2&#8243; preview_style2=&#8221;&#8221; item_active=&#8221;-1&#8243;][inwave_accordion_item title=&#8221;S\u00edntomas&#8221;]<\/p>\n<p class=\"p1\"><span class=\"s1\">Los s\u00edntomas son, por tanto, una peor visi\u00f3n de lejos y cerca, acomodaci\u00f3n constante y fatiga visual. En definitiva, con este problema los pacientes no ven bien, ni de lejos ni de cerca, aunque la adaptaci\u00f3n en la visi\u00f3n de lejos puede ser mejor que en los pacientes miopes.<\/span><\/p>\n<p>[\/inwave_accordion_item][inwave_accordion_item title=&#8221;Tratamiento&#8221;]<\/p>\n<p class=\"p1\"><span class=\"s1\">Se necesitan lentes convexas para compensar el defecto o una cirug\u00eda refractiva.<\/span><\/p>\n<p>[\/inwave_accordion_item][\/inwave_accordions][\/vc_column_inner][vc_column_inner width=&#8221;1\/2&#8243;][vc_video link=&#8221;https:\/\/www.youtube.com\/watch?v=J2znCmoRl1I&#8221;][\/vc_column_inner][\/vc_row_inner][vc_row_inner equal_height=&#8221;yes&#8221; gap=&#8221;35&#8243;][vc_column_inner width=&#8221;1\/2&#8243;][vc_video link=&#8221;https:\/\/www.youtube.com\/watch?v=J2znCmoRl1I&#8221;][\/vc_column_inner][vc_column_inner width=&#8221;1\/2&#8243;][inwave_heading preview_style_1=&#8221;&#8221; title=&#8221;{ASTIGMATISMO}&#8221; sub_title=&#8221;En una visi\u00f3n normal, la c\u00f3rnea presenta una curvatura similar en toda su superficie, es decir, sim\u00e9trica. Lo que le diferencia de otros defectos como la hipermetrop\u00eda es la alteraci\u00f3n de la curvatura y por lo tanto, si presenta alguna alteraci\u00f3n o desigualdad en su curvatura, estamos ante un defecto astigm\u00e1tico.&#8221;][inwave_accordions layout=&#8221;accordion2&#8243; preview_style2=&#8221;&#8221; item_active=&#8221;-1&#8243;][inwave_accordion_item title=&#8221;S\u00edntomas&#8221;]<\/p>\n<p class=\"p1\"><span class=\"s1\">En una c\u00f3rnea con astigmatismo, los meridianos son diferentes; uno es m\u00e1s curvo y el otro es m\u00e1s plano. El astigmatismo puede presentarse aislado o asociarse a miop\u00eda o hipermetrop\u00eda.<\/span><\/p>\n<p class=\"p1\"><span class=\"s1\">Los pacientes tienen la visi\u00f3n borrosa y distorsionada, tanto de lejos como de cerca. La forma de corregirlo es mediante lentes t\u00f3ricas o con la cirug\u00eda refractiva l\u00e1ser.<\/span><\/p>\n<p class=\"p1\"><span class=\"s1\">Este defecto de graduaci\u00f3n depende fundamentalmente de la c\u00f3rnea y afecta tanto a la visi\u00f3n de lejos como a la de cerca. Es por este motivo que es importante corregirlo y mejorar as\u00ed la calidad visual en todos los sentidos.<\/span><\/p>\n<p>[\/inwave_accordion_item][inwave_accordion_item title=&#8221;Tratamiento&#8221;]<\/p>\n<p class=\"p1\"><span class=\"s1\">Con las nuevas tecnolog\u00edas, la correcci\u00f3n del astigmatismo durante la cirug\u00eda de cataratas es hoy posible. Esto se traduce en un claro beneficio para los pacientes, ya que en un mismo acto quir\u00fargico podemos mejorar su cantidad y su calidad de visi\u00f3n, as\u00ed como disminuir o eliminar la dependencia de las gafas.<\/span><\/p>\n<p class=\"p1\"><span class=\"s1\">El astigmatismo viene determinado por la morfolog\u00eda de la c\u00f3rnea, que puede estar m\u00e1s curvada en un meridiano que en otro. El problema puede corregirse mediante incisiones corneales para modificar su curvatura, o mediante el uso de las denominadas lentes intraoculares t\u00f3ricas. Por otro lado, los sistemas digitales de valoraci\u00f3n intraoperatoria del astigmatismo, de reciente incorporaci\u00f3n a nuestros quir\u00f3fanos, nos ayudan a mejorar nuestros resultados.<\/span><\/p>\n<p class=\"p1\"><span class=\"s1\">Un papel fundamental, ya que adem\u00e1s de corregir la disminuci\u00f3n de la visi\u00f3n originada por la catarata, pueden llevar la graduaci\u00f3n adecuada para corregir la miop\u00eda, la hipermetrop\u00eda, el astigmatismo y la presbicia. Las lentes est\u00e1n personalizadas para solucionar el problema individual de cada paciente. Las lentes t\u00f3ricas, que corrigen espec\u00edficamente el astigmatismo, nos ahorran la necesidad de actuar sobre la c\u00f3rnea con el l\u00e1ser, preservando as\u00ed su integridad.<\/span><\/p>\n<p class=\"p1\"><span class=\"s1\">En condiciones generales, lo habitual es que se consiga corregir toda la graduaci\u00f3n y que el paciente recupere completamente la visi\u00f3n si no existe otro problema ocular asociado.<\/span><\/p>\n<p>[\/inwave_accordion_item][\/inwave_accordions][\/vc_column_inner][\/vc_row_inner][vc_row_inner][vc_column_inner][vc_btn title=&#8221;SOLICITE SU CITA&#8221; shape=&#8221;round&#8221; align=&#8221;center&#8221; el_class=&#8221;popmake-3281 pum-trigger&#8221;][\/vc_column_inner][\/vc_row_inner][\/vc_column][\/vc_row]<\/p>\n","protected":false},"excerpt":{"rendered":"<p>[vc_row iw_layout=&#8221;wide-bg&#8221;][vc_column][vc_row_inner equal_height=&#8221;yes&#8221; content_placement=&#8221;top&#8221; gap=&#8221;35&#8243;][vc_column_inner width=&#8221;1\/4&#8243;][vc_wp_custommenu title=&#8221;ENFERMEDADES OCULARES&#8221; nav_menu=&#8221;41&#8243;][\/vc_column_inner][vc_column_inner width=&#8221;3\/4&#8243;][inwave_heading preview_style_1=&#8221;&#8221; title=&#8221;{DEFECTOS REFRACTIVOS}&#8221;][vc_column_text] Los defectos de refracci\u00f3n son aquellos en los que la imagen, que llega a la retina a trav\u00e9s de la c\u00f3rnea y el cristalino, converge en un punto fuera de ella. En un ojo normal (em\u00e9trope), las im\u00e1genes que llegan a la&#8230;<\/p>\n","protected":false},"author":2,"featured_media":0,"parent":3003,"menu_order":0,"comment_status":"closed","ping_status":"closed","template":"page-templates\/full-width-page.php","meta":{"_acf_changed":false,"inline_featured_image":false,"footnotes":""},"class_list":["post-2895","page","type-page","status-publish","hentry"],"acf":[],"_links":{"self":[{"href":"https:\/\/virgiliogalvis.com\/en\/wp-json\/wp\/v2\/pages\/2895","targetHints":{"allow":["GET"]}}],"collection":[{"href":"https:\/\/virgiliogalvis.com\/en\/wp-json\/wp\/v2\/pages"}],"about":[{"href":"https:\/\/virgiliogalvis.com\/en\/wp-json\/wp\/v2\/types\/page"}],"author":[{"embeddable":true,"href":"https:\/\/virgiliogalvis.com\/en\/wp-json\/wp\/v2\/users\/2"}],"replies":[{"embeddable":true,"href":"https:\/\/virgiliogalvis.com\/en\/wp-json\/wp\/v2\/comments?post=2895"}],"version-history":[{"count":0,"href":"https:\/\/virgiliogalvis.com\/en\/wp-json\/wp\/v2\/pages\/2895\/revisions"}],"up":[{"embeddable":true,"href":"https:\/\/virgiliogalvis.com\/en\/wp-json\/wp\/v2\/pages\/3003"}],"wp:attachment":[{"href":"https:\/\/virgiliogalvis.com\/en\/wp-json\/wp\/v2\/media?parent=2895"}],"curies":[{"name":"wp","href":"https:\/\/api.w.org\/{rel}","templated":true}]}}