{"id":2880,"date":"2019-07-19T01:19:58","date_gmt":"2019-07-19T01:19:58","guid":{"rendered":"https:\/\/virgiliogalvis.com\/?page_id=2880"},"modified":"2019-07-19T01:19:58","modified_gmt":"2019-07-19T01:19:58","slug":"glaucoma","status":"publish","type":"page","link":"https:\/\/virgiliogalvis.com\/en\/enfermedades-oculares\/glaucoma\/","title":{"rendered":"Glaucoma"},"content":{"rendered":"<p>[vc_row iw_layout=&#8221;wide-bg&#8221;][vc_column][vc_row_inner gap=&#8221;35&#8243;][vc_column_inner width=&#8221;1\/4&#8243;][vc_wp_custommenu title=&#8221;ENFERMEDADES OCULARES&#8221; nav_menu=&#8221;41&#8243; el_class=&#8221;enfermedades_oculares&#8221;][\/vc_column_inner][vc_column_inner width=&#8221;3\/4&#8243;][inwave_heading preview_style_1=&#8221;&#8221; title=&#8221;{GLAUCOMA}&#8221;][vc_column_text]<\/p>\n<p class=\"p1\"><span class=\"s1\">Es considerada como la causa principal de ceguera irreversible a nivel mundial. Se estima que aproximadamente 3,5% de las personas entre 40 y 80 a\u00f1os presentan glaucoma. <\/span><\/p>\n<p class=\"p1\"><span class=\"s1\">En la mayor\u00eda de los casos, el glaucoma se asocia a una presi\u00f3n dentro del ojo m\u00e1s alta de lo normal, una condici\u00f3n que se conoce como hipertensi\u00f3n intraocular. Sin embargo, tambi\u00e9n puede darse cuando la presi\u00f3n intraocular (PIO) se encuentra en niveles normales. De no ser tratado o controlado, el glaucoma provoca, en primera instancia, una p\u00e9rdida de la visi\u00f3n lateral (perif\u00e9rica) y finalmente puede conducir a ceguera. <\/span><span class=\"s1\">A partir de los 40 a\u00f1os, es muy importante someterse a una revisi\u00f3n ocular<\/span><\/p>\n<p>Existen dos tipos muy comunes:[\/vc_column_text][inwave_item_info style=&#8221;style1_4&#8243; preview_style4=&#8221;&#8221; title=&#8221;{Glaucoma Angulo Abierto}&#8221; icon_size=&#8221;50&#8243; align=&#8221;center&#8221; img=&#8221;3321&#8243;][inwave_item_info style=&#8221;style1_4&#8243; preview_style4=&#8221;&#8221; title=&#8221;{Glaucoma Angulo Cerrado}&#8221; icon_size=&#8221;50&#8243; align=&#8221;center&#8221; img=&#8221;3320&#8243;][\/vc_column_inner][\/vc_row_inner][vc_empty_space][vc_row_inner][vc_column_inner width=&#8221;1\/2&#8243;][vc_video link=&#8221;https:\/\/www.youtube.com\/watch?v=V2q3CjUzRPc&#8221;][\/vc_column_inner][vc_column_inner width=&#8221;1\/2&#8243;][inwave_accordions layout=&#8221;accordion2&#8243; preview_style2=&#8221;&#8221; item_active=&#8221;-1&#8243;][inwave_accordion_item title=&#8221;Tipos de glaucoma&#8221;]<\/p>\n<p class=\"p1\"><span class=\"s1\">Las dos categor\u00edas principales de glaucoma son glaucoma de \u00e1ngulo abierto y glaucoma de \u00e1ngulo cerrado. El \u00e1ngulo en ambos casos hace referencia al \u00e1ngulo de drenaje interno del ojo que controla la salida del fluido continuamente producido dentro del ojo.<\/span><\/p>\n<p class=\"p1\"><span class=\"s1\">Si el fluido logra acceder al \u00e1ngulo de drenaje, estamos frente a un glaucoma de tipo \u00e1ngulo abierto. Si el \u00e1ngulo de drenaje se encuentra bloqueado y el fluido no lo alcanza, se trata de un glaucoma de \u00e1ngulo cerrado.<\/span><\/p>\n<p class=\"p1\"><span class=\"s1\">El glaucoma de \u00e1ngulo abierto es considerado la forma m\u00e1s com\u00fan de presentaci\u00f3n de esta enfermedad.<\/span><\/p>\n<p>[\/inwave_accordion_item][inwave_accordion_item title=&#8221;S\u00edntomas&#8221;]<\/p>\n<p class=\"p1\"><span class=\"s1\">El glaucoma de \u00e1ngulo abierto es muchas veces llamado el &#8220;ladr\u00f3n silencioso de la vista&#8221;, ya que, en la mayor\u00eda de los casos, no se presenta ni dolor ni otros s\u00edntomas hasta que se llega a un nivel significativo de p\u00e9rdida de visi\u00f3n permanente, usualmente varios a\u00f1os luego de iniciada la enfermedad.<\/span><\/p>\n<p class=\"p1\"><span class=\"s1\">El glaucoma sin tratamiento progresa entonces de forma indetectable hasta que el da\u00f1o al nervio \u00f3ptico ya es irreversible, provocando p\u00e9rdida permanente de visi\u00f3n en diferentes grados.<\/span><\/p>\n<p class=\"p1\"><span class=\"s1\">Por otra parte, el glaucoma de \u00e1ngulo cerrado agudo s\u00ed suele acompa\u00f1arse de s\u00edntomas repentinos como visi\u00f3n borrosa, visualizaci\u00f3n de halos rodeando las luces, dolor intenso del ojo, n\u00e1useas y v\u00f3mitos. Si presenta estos s\u00edntomas, aseg\u00farese de visitar a un profesional de la salud o visitar la sala de urgencias de inmediato, para que se puedan tomar las medidas apropiadas a tiempo y evitar la p\u00e9rdida permanente de visi\u00f3n que puede ocurrir en cuesti\u00f3n de horas.<\/span><\/p>\n<p>[\/inwave_accordion_item][inwave_accordion_item title=&#8221;Diagn\u00f3stico, tamizaje y pruebas de glaucoma&#8221;]<\/p>\n<p class=\"p1\"><span class=\"s1\">Durante los ex\u00e1menes oculares rutinarios, se utiliza un ton\u00f3metro para tomar la presi\u00f3n intraocular, o PIO. Una PIO anormalmente alta indica que existe un problema con la cantidad de fluido (humor acuoso) dentro del ojo. La causa de la elevaci\u00f3n de la presi\u00f3n es que el drenaje del l\u00edquido interno (humor acuoso) no es eficaz.<\/span><\/p>\n<p class=\"p1\"><span class=\"s1\">Otras formas de monitoreo de glaucoma incluyen el uso de sofisticadas tecnolog\u00edas de imagenolog\u00eda \u2014como la tomograf\u00eda de coherencia \u00f3ptica (OCT)\u2014 que crea im\u00e1genes de referencia, medidas del nervio \u00f3ptico del ojo y dem\u00e1s estructuras internas. Luego, en per\u00edodos de tiempo determinados, se toman nuevas im\u00e1genes y medidas para asegurarse que no han ocurrido cambios con el tiempo que indiquen la progresi\u00f3n de da\u00f1o por un posible glaucoma.<\/span><\/p>\n<p class=\"p1\"><span class=\"s1\">Otra herramienta diagnostica importante para la detecci\u00f3n y el monitoreo del glaucoma es la prueba de campo visual computarizada. Esta prueba se suele repetir cada cierto tiempo para asegurarse de que el paciente no desarrolla puntos ciegos que indiquen que hay da\u00f1o en el nervio \u00f3ptico o para determinar el progreso y extensi\u00f3n de la p\u00e9rdida de visi\u00f3n por glaucoma.<\/span><\/p>\n<p>[\/inwave_accordion_item][inwave_accordion_item title=&#8221;Tratamiento&#8221;]<\/p>\n<p class=\"p1\"><span class=\"s1\">El tratamiento puede incluir medicaci\u00f3n, procedimientos con l\u00e1ser o cirug\u00eda, dependiendo de la gravedad del glaucoma. Habitualmente, para el control inicial del glaucoma se recurre a gotas para los ojos para lograr la reducci\u00f3n de la PIO. Estos medicamentos se deben en general usar de manera permanente y de por vida. Los pacientes deben asistir a control de manera peri\u00f3dica (cada 3 a 6 meses).<\/span><\/p>\n<p class=\"p1\"><span class=\"s1\">Al ser el glaucoma cr\u00f3nico una condici\u00f3n que no genera dolor, muchas veces puede generar un descuido en la seriedad con que el paciente sigue las instrucciones sobre el uso de las gotas de ojos, que ayudan a controlar la presi\u00f3n intraocular y evitar da\u00f1os permanentes. De hecho, la principal causa de ceguera por glaucoma, se debe a la falta de adhesi\u00f3n al tratamiento con medicaci\u00f3n.<\/span><\/p>\n<p class=\"p1\"><span class=\"s1\">Si usted siente molestias o disconformidad a la hora de utilizar las gotas para el glaucoma, nunca las abandone sin antes consultar a su profesional de la visi\u00f3n por una terapia alternativa.<\/span><\/p>\n<p>[\/inwave_accordion_item][\/inwave_accordions][\/vc_column_inner][\/vc_row_inner][\/vc_column][\/vc_row][vc_row][vc_column][vc_btn title=&#8221;SOLICITE SU CITA&#8221; shape=&#8221;round&#8221; align=&#8221;center&#8221; el_class=&#8221;popmake-3281 pum-trigger&#8221;][\/vc_column][\/vc_row]<\/p>\n","protected":false},"excerpt":{"rendered":"<p>[vc_row iw_layout=&#8221;wide-bg&#8221;][vc_column][vc_row_inner gap=&#8221;35&#8243;][vc_column_inner width=&#8221;1\/4&#8243;][vc_wp_custommenu title=&#8221;ENFERMEDADES OCULARES&#8221; nav_menu=&#8221;41&#8243; el_class=&#8221;enfermedades_oculares&#8221;][\/vc_column_inner][vc_column_inner width=&#8221;3\/4&#8243;][inwave_heading preview_style_1=&#8221;&#8221; title=&#8221;{GLAUCOMA}&#8221;][vc_column_text] Es considerada como la causa principal de ceguera irreversible a nivel mundial. Se estima que aproximadamente 3,5% de las personas entre 40 y 80 a\u00f1os presentan glaucoma. En la mayor\u00eda de los casos, el glaucoma se asocia a una presi\u00f3n dentro del ojo m\u00e1s&#8230;<\/p>\n","protected":false},"author":2,"featured_media":0,"parent":3003,"menu_order":0,"comment_status":"closed","ping_status":"closed","template":"page-templates\/full-width-page.php","meta":{"_acf_changed":false,"inline_featured_image":false,"footnotes":""},"class_list":["post-2880","page","type-page","status-publish","hentry"],"acf":[],"_links":{"self":[{"href":"https:\/\/virgiliogalvis.com\/en\/wp-json\/wp\/v2\/pages\/2880","targetHints":{"allow":["GET"]}}],"collection":[{"href":"https:\/\/virgiliogalvis.com\/en\/wp-json\/wp\/v2\/pages"}],"about":[{"href":"https:\/\/virgiliogalvis.com\/en\/wp-json\/wp\/v2\/types\/page"}],"author":[{"embeddable":true,"href":"https:\/\/virgiliogalvis.com\/en\/wp-json\/wp\/v2\/users\/2"}],"replies":[{"embeddable":true,"href":"https:\/\/virgiliogalvis.com\/en\/wp-json\/wp\/v2\/comments?post=2880"}],"version-history":[{"count":0,"href":"https:\/\/virgiliogalvis.com\/en\/wp-json\/wp\/v2\/pages\/2880\/revisions"}],"up":[{"embeddable":true,"href":"https:\/\/virgiliogalvis.com\/en\/wp-json\/wp\/v2\/pages\/3003"}],"wp:attachment":[{"href":"https:\/\/virgiliogalvis.com\/en\/wp-json\/wp\/v2\/media?parent=2880"}],"curies":[{"name":"wp","href":"https:\/\/api.w.org\/{rel}","templated":true}]}}