{"id":2875,"date":"2019-07-19T01:12:55","date_gmt":"2019-07-19T01:12:55","guid":{"rendered":"https:\/\/virgiliogalvis.com\/?page_id=2875"},"modified":"2019-07-19T01:12:55","modified_gmt":"2019-07-19T01:12:55","slug":"inflamacion-intraocular","status":"publish","type":"page","link":"https:\/\/virgiliogalvis.com\/en\/enfermedades-oculares\/inflamacion-intraocular\/","title":{"rendered":"Intraocular inflammation"},"content":{"rendered":"<p>[vc_row iw_layout=&#8221;wide-bg&#8221;][vc_column][vc_row_inner equal_height=&#8221;yes&#8221; gap=&#8221;35&#8243;][vc_column_inner width=&#8221;1\/4&#8243;][vc_wp_custommenu title=&#8221;ENFERMEDADES OCULARES&#8221; nav_menu=&#8221;41&#8243; el_class=&#8221;.enfermedades_oculares&#8221;][\/vc_column_inner][vc_column_inner width=&#8221;3\/4&#8243;][inwave_heading preview_style_1=&#8221;&#8221; title=&#8221;{INFLAMACI\u00d3N INTRAOCULAR}&#8221;][vc_empty_space][vc_column_text]<\/p>\n<p class=\"p1\"><span class=\"s1\">La superficie intraocular es una estructura ocular anat\u00f3mica y funcional que est\u00e1 compuesta por diferentes estructuras oculares: conjuntiva, c\u00f3rnea y pel\u00edcula lagrimal.<\/span><\/p>\n<p class=\"p1\"><span class=\"s1\">Algunas de las enfermedades de esta especialidad son:<\/span><\/p>\n<p>[\/vc_column_text][inwave_item_info style=&#8221;style1_4&#8243; preview_style4=&#8221;&#8221; title=&#8221;{Uveitis}&#8221; description=&#8221;Inflamaci\u00f3n de la membrana que envuelve el interior del globo ocular.&#8221; icon_size=&#8221;100&#8243; align=&#8221;center&#8221; img=&#8221;3142&#8243;][\/vc_column_inner][\/vc_row_inner][vc_empty_space][vc_row_inner][vc_column_inner width=&#8221;1\/2&#8243;][vc_video link=&#8221;https:\/\/www.youtube.com\/watch?v=pXw05ib0mEI&#8221;][\/vc_column_inner][vc_column_inner width=&#8221;1\/2&#8243;][inwave_heading preview_style_1=&#8221;&#8221; title=&#8221;{UVE\u00cdTIS}&#8221;][vc_column_text]<\/p>\n<p class=\"p1\"><span class=\"s1\">La uve\u00edtis es una inflamaci\u00f3n de la \u00favea, membrana que envuelve el interior del globo ocular.<\/span><\/p>\n<p class=\"p1\"><span class=\"s1\">La \u00favea es muy sensible a procesos infecciosos e inflamatorios, ya que es el tejido con m\u00e1s vasos sangu\u00edneos del organismo.<\/span><\/p>\n<p class=\"p1\"><span class=\"s1\">La uve\u00edtis es una de las causas de ceguera m\u00e1s importantes en el mundo. La infecci\u00f3n de la \u00favea provoca graves p\u00e9rdidas de visi\u00f3n debido a su contacto permanente con estructuras oculares delicadas, como la retina.<\/span><\/p>\n<p>[\/vc_column_text][inwave_accordions layout=&#8221;accordion2&#8243; preview_style2=&#8221;&#8221; item_active=&#8221;-1&#8243;][inwave_accordion_item title=&#8221;S\u00edntomas&#8221;]<\/p>\n<p class=\"p1\"><span class=\"s1\">Existen diversos tipos de factores causantes de la uve\u00edtis:<\/span><\/p>\n<p class=\"p1\"><span class=\"s1\">Enfermedades infecciosas como la toxoplasmosis (trastorno provocado por un par\u00e1sito que causa calcificaciones en el organismo y que se enquista en la retina), pueden dar lugar a la causa m\u00e1s com\u00fan de uve\u00edtis: coriorretinitis infecciosa. Este proceso deriva en una paulatina destrucci\u00f3n de la retina que si afecta a la m\u00e1cula (parte central de la retina), puede provocar una p\u00e9rdida importante de visi\u00f3n de tipo irreversible<\/span><\/p>\n<p class=\"p1\"><span class=\"s1\">Enfermedades \u00f3seas o reum\u00e1ticas de origen inflamatorio y no degenerativo, que afectan principalmente a j\u00f3venes<\/span><\/p>\n<p class=\"p1\"><span class=\"s1\">Enfermedades autoinmunes causadas por virus, g\u00e9rmenes o factores ambientales, como la sarcoidosis o la enfermedad de Beh\u00e7et, una patolog\u00eda de origen desconocido que provoca llagas y alteraciones cut\u00e1neas<\/span><\/p>\n<p class=\"p1\"><span class=\"s1\">Traumatismos o un determinado c\u00f3digo gen\u00e9tico asociado a la enfermedad<\/span><\/p>\n<p class=\"p1\"><span class=\"s1\">La uve\u00edtis es menos com\u00fan en los diez primeros a\u00f1os de vida y su frecuencia desciende a partir de los 60 a\u00f1os. La mayor\u00eda de los afectados tienen entre 20 y 50 a\u00f1os.<\/span><\/p>\n<p class=\"p1\"><span class=\"s1\">Los s\u00edntomas de la uve\u00edtis son diferentes seg\u00fan la zona de la \u00favea que se encuentra afectada.<\/span><\/p>\n<p class=\"p1\"><span class=\"s1\">Si se trata de la parte anterior, podemos notar una mayor sensibilidad a la luz(fotofobia), enrojecimiento de los ojos, visi\u00f3n borrosa o dolor ocular<\/span><\/p>\n<p class=\"p1\"><span class=\"s1\">Si la zona afectada es la parte posterior, es probable que no notemos dolor, aunque s\u00ed p\u00e9rdida de visi\u00f3n.<\/span><\/p>\n<p class=\"p1\"><span class=\"s1\">La uve\u00edtis no puede diagnosticarse hasta que no aparecen signos externos. Con los primeros s\u00edntomas es importante acudir al oftalm\u00f3logo de inmediato.<\/span><\/p>\n<p class=\"p1\"><span class=\"s1\">Es habitual que la uve\u00edtis tenga relaci\u00f3n con enfermedades reum\u00e1ticas de origen inflamatorio que afectan principalmente a j\u00f3venes<\/span><\/p>\n<p>[\/inwave_accordion_item][inwave_accordion_item title=&#8221;Tratamiento&#8221;]<\/p>\n<p class=\"p1\"><span class=\"s1\">La uve\u00edtis es una de las patolog\u00edas oculares m\u00e1s com\u00fanmente relacionada con otras enfermedades del cuerpo humano.<\/span><\/p>\n<p class=\"p1\"><span class=\"s1\">Habitualmente es necesaria la colaboraci\u00f3n de un m\u00e9dico internista, infect\u00f3logo, reumat\u00f3logo que complemente el estudio y tratamiento de la enfermedad causante de la uve\u00edtis. En algunos casos, el tratamiento de estas patolog\u00edas o infecciones puede ayudar a prevenirla.<\/span><\/p>\n<p class=\"p1\"><span class=\"s1\">Existen diferentes tratamientos seg\u00fan la tipolog\u00eda y localizaci\u00f3n de la uve\u00edtis:<\/span><\/p>\n<p class=\"p1\"><span class=\"s1\">La uve\u00edtis anterior se trata, en la mayor\u00eda de casos, con colirios antiinflamatorios<\/span><\/p>\n<p class=\"p1\"><span class=\"s1\">La uve\u00edtis posterior no infecciosa se combate con cortisona administrada por v\u00eda oral o mediante infiltraciones alrededor del ojo<\/span><\/p>\n<p class=\"p1\"><span class=\"s1\">Las formas cr\u00f3nicas de uve\u00edtis pueden requerir el uso de f\u00e1rmacos inmunomoduladores<\/span><\/p>\n<p class=\"p1\"><span class=\"s1\">La cirug\u00eda no es un tratamiento habitual para curar la uve\u00edtis, pero puede ser eficaz para subsanar complicaciones asociadas, como las cataratas o el glaucoma (que afectan al segmento anterior), el desprendimiento de retina, la opacidad v\u00edtrea o el edema macular (que afectan al fondo del ojo)<\/span><\/p>\n<p>[\/inwave_accordion_item][\/inwave_accordions][\/vc_column_inner][\/vc_row_inner][vc_btn title=&#8221;SOLICITE SU CITA&#8221; shape=&#8221;round&#8221; align=&#8221;center&#8221; el_class=&#8221;popmake-3281 pum-trigger&#8221;][\/vc_column][\/vc_row]<\/p>\n","protected":false},"excerpt":{"rendered":"<p>[vc_row iw_layout=&#8221;wide-bg&#8221;][vc_column][vc_row_inner equal_height=&#8221;yes&#8221; gap=&#8221;35&#8243;][vc_column_inner width=&#8221;1\/4&#8243;][vc_wp_custommenu title=&#8221;ENFERMEDADES OCULARES&#8221; nav_menu=&#8221;41&#8243; el_class=&#8221;.enfermedades_oculares&#8221;][\/vc_column_inner][vc_column_inner width=&#8221;3\/4&#8243;][inwave_heading preview_style_1=&#8221;&#8221; title=&#8221;{INFLAMACI\u00d3N INTRAOCULAR}&#8221;][vc_empty_space][vc_column_text] La superficie intraocular es una estructura ocular anat\u00f3mica y funcional que est\u00e1 compuesta por diferentes estructuras oculares: conjuntiva, c\u00f3rnea y pel\u00edcula lagrimal. Algunas de las enfermedades de esta especialidad son: [\/vc_column_text][inwave_item_info style=&#8221;style1_4&#8243; preview_style4=&#8221;&#8221; title=&#8221;{Uveitis}&#8221; description=&#8221;Inflamaci\u00f3n de la membrana que envuelve el interior&#8230;<\/p>\n","protected":false},"author":2,"featured_media":0,"parent":3003,"menu_order":0,"comment_status":"closed","ping_status":"closed","template":"page-templates\/full-width-page.php","meta":{"_acf_changed":false,"inline_featured_image":false,"footnotes":""},"class_list":["post-2875","page","type-page","status-publish","hentry"],"acf":[],"_links":{"self":[{"href":"https:\/\/virgiliogalvis.com\/en\/wp-json\/wp\/v2\/pages\/2875","targetHints":{"allow":["GET"]}}],"collection":[{"href":"https:\/\/virgiliogalvis.com\/en\/wp-json\/wp\/v2\/pages"}],"about":[{"href":"https:\/\/virgiliogalvis.com\/en\/wp-json\/wp\/v2\/types\/page"}],"author":[{"embeddable":true,"href":"https:\/\/virgiliogalvis.com\/en\/wp-json\/wp\/v2\/users\/2"}],"replies":[{"embeddable":true,"href":"https:\/\/virgiliogalvis.com\/en\/wp-json\/wp\/v2\/comments?post=2875"}],"version-history":[{"count":0,"href":"https:\/\/virgiliogalvis.com\/en\/wp-json\/wp\/v2\/pages\/2875\/revisions"}],"up":[{"embeddable":true,"href":"https:\/\/virgiliogalvis.com\/en\/wp-json\/wp\/v2\/pages\/3003"}],"wp:attachment":[{"href":"https:\/\/virgiliogalvis.com\/en\/wp-json\/wp\/v2\/media?parent=2875"}],"curies":[{"name":"wp","href":"https:\/\/api.w.org\/{rel}","templated":true}]}}