{"id":2829,"date":"2019-07-18T22:32:41","date_gmt":"2019-07-18T22:32:41","guid":{"rendered":"https:\/\/virgiliogalvis.com\/?page_id=2829"},"modified":"2019-07-18T22:32:41","modified_gmt":"2019-07-18T22:32:41","slug":"parpados","status":"publish","type":"page","link":"https:\/\/virgiliogalvis.com\/en\/enfermedades-oculares\/parpados\/","title":{"rendered":"Eyelids"},"content":{"rendered":"<p>[vc_row iw_layout=&#8221;wide-bg&#8221;][vc_column][vc_row_inner equal_height=&#8221;yes&#8221; gap=&#8221;35&#8243;][vc_column_inner width=&#8221;1\/4&#8243;][vc_wp_custommenu nav_menu=&#8221;41&#8243; title=&#8221;ENFERMEDADES OCULARES&#8221;][\/vc_column_inner][vc_column_inner width=&#8221;3\/4&#8243;][inwave_heading preview_style_1=&#8221;&#8221; title=&#8221;{LOS P\u00c1RPADOS}&#8221; align=&#8221;left&#8221;][vc_column_text]Los p\u00e1rpados son velos musculo membranosos situados de canto en la base de la \u00f3rbita, por delante del globo del ojo, al que, seg\u00fan las circunstancias, descubren o cubren. Lo descubren para permitir la visi\u00f3n, y lo cubren para protegerlo contra los agentes exteriores y contra los efectos nocivos de una luz demasiado viva.<\/p>\n<p>Dentro de las patolog\u00edas m\u00e1s importantes que encontramos son las siguientes:[\/vc_column_text][inwave_item_info style=&#8221;style1_4&#8243; preview_style4=&#8221;&#8221; title=&#8221;{Chalazion}&#8221; description=&#8221;Inflamaci\u00f3nde las gl\u00e1ndulas ubicadas en p\u00e1rpados.&#8221; icon_size=&#8221;50&#8243; align=&#8221;center&#8221; img=&#8221;3142&#8243;][inwave_item_info style=&#8221;style1_4&#8243; preview_style4=&#8221;&#8221; title=&#8221;{Orzuelo}&#8221; description=&#8221;Lesi\u00f3n inflamatoria localizada superficialmente en el parpado.&#8221; icon_size=&#8221;50&#8243; align=&#8221;center&#8221; img=&#8221;3144&#8243;][\/vc_column_inner][\/vc_row_inner][vc_row_inner equal_height=&#8221;yes&#8221; content_placement=&#8221;middle&#8221; gap=&#8221;35&#8243;][vc_column_inner width=&#8221;1\/2&#8243;][vc_video link=&#8221;https:\/\/www.youtube.com\/watch?v=XFN_MsO-6OA&#8221;][\/vc_column_inner][vc_column_inner width=&#8221;1\/2&#8243;][inwave_heading preview_style_1=&#8221;&#8221; title=&#8221;{CHALAZION}&#8221; sub_title=&#8221;Es una inflamaci\u00f3n granulomatosa no infecciosa de las gl\u00e1ndulas seb\u00e1ceas del Meibonio (gl\u00e1ndulas ubicadas en p\u00e1rpados) secundaria a una obstrucci\u00f3n en los orificios de drenaje.&#8221;][inwave_accordions layout=&#8221;accordion2&#8243; preview_style2=&#8221;&#8221; item_active=&#8221;-1&#8243;][inwave_accordion_item title=&#8221;S\u00edntomas&#8221;]<\/p>\n<p class=\"p1\"><span class=\"s1\">Se manifiesta como lesi\u00f3n nodular, no dolorosa la mayor\u00eda de veces, que puede presentarse en forma espont\u00e1nea o secundaria a un orzuelo o meibomitis. <\/span><\/p>\n<p>[\/inwave_accordion_item][inwave_accordion_item title=&#8221;Tratamiento&#8221;]<\/p>\n<p class=\"p1\"><span class=\"s1\">En las lesiones tempranas o peque\u00f1as se pueden manejar m\u00e9dicamente antiinflamatorios y con el uso compresas calientes 3-4 veces al d\u00eda, y masajes sobre la lesi\u00f3n.<\/span><\/p>\n<p class=\"p1\"><span class=\"s1\">La escisi\u00f3n se indica cuando no se resuelve espont\u00e1neamente o con tratamiento m\u00e9dico.\u00a0<\/span><\/p>\n<p class=\"p1\"><span class=\"s1\">La opci\u00f3n disponible y m\u00e1s viable de realizar es el curetaje. <\/span><\/p>\n<p class=\"p1\"><span class=\"s1\">El diagn\u00f3stico diferencial de chalazi\u00f3n se hace con: Orzuelo, Quiste seb\u00e1ceo de piel, y Carcinoma de gl\u00e1ndulas seb\u00e1ceas. <\/span><\/p>\n<p>[\/inwave_accordion_item][\/inwave_accordions][\/vc_column_inner][\/vc_row_inner][vc_row_inner equal_height=&#8221;yes&#8221; content_placement=&#8221;middle&#8221; gap=&#8221;35&#8243;][vc_column_inner width=&#8221;1\/2&#8243;][inwave_heading preview_style_1=&#8221;&#8221; title=&#8221;{ORZUELO}&#8221; sub_title=&#8221;Es una lesi\u00f3n inflamatoria localizada superficialmente en el parpado, por compromiso de alguna gl\u00e1ndula de Zeiss o de gl\u00e1ndula de Moll en la base de las pesta\u00f1as.&#8221;][inwave_accordions layout=&#8221;accordion2&#8243; preview_style2=&#8221;&#8221; item_active=&#8221;-1&#8243;][inwave_accordion_item title=&#8221;S\u00edntomas&#8221;]<\/p>\n<p class=\"p1\"><span class=\"s1\">Puede manifestarse como una lesi\u00f3n nodular con signos inflamatorios muy dolorosa o como una inflamaci\u00f3n difusa en el parpado.<\/span><\/p>\n<p class=\"p1\"><span class=\"s1\">La causa de este trastorno es una infecci\u00f3n bacteriana producida com\u00fanmente por el Staphylococcus aureus.<\/span><\/p>\n<p>[\/inwave_accordion_item][inwave_accordion_item title=&#8221;Tratamiento&#8221;]<\/p>\n<p class=\"p1\"><span class=\"s1\">El tratamiento consiste simplemente en las medidas higi\u00e9nicas que ayuden al mantenimiento de limpieza de la zona, aplicar compresas tibias h\u00famedas sobre el p\u00e1rpado durante 10-15 minutos, 3 o 4 veces al d\u00eda.<\/span><\/p>\n<p class=\"p1\"><span class=\"s1\">Cuando aparece un punto amarillento, la infecci\u00f3n suele drenar espont\u00e1neamente. Es posible que requiera consultar con su m\u00e9dico oftalm\u00f3logo, debido a que esta afecci\u00f3n la mayor\u00eda de veces requiere el uso de antiinflamatorios y antibi\u00f3ticos sist\u00e9micos orales.<\/span><\/p>\n<p>[\/inwave_accordion_item][\/inwave_accordions][\/vc_column_inner][vc_column_inner width=&#8221;1\/2&#8243;][vc_video link=&#8221;https:\/\/www.youtube.com\/watch?v=XFN_MsO-6OA&#8221;][\/vc_column_inner][\/vc_row_inner][vc_row_inner][vc_column_inner][vc_btn title=&#8221;SOLICITE SU CITA&#8221; shape=&#8221;round&#8221; align=&#8221;center&#8221; el_class=&#8221;popmake-3281 pum-trigger&#8221;][\/vc_column_inner][\/vc_row_inner][\/vc_column][\/vc_row]<\/p>\n","protected":false},"excerpt":{"rendered":"<p>[vc_row iw_layout=&#8221;wide-bg&#8221;][vc_column][vc_row_inner equal_height=&#8221;yes&#8221; gap=&#8221;35&#8243;][vc_column_inner width=&#8221;1\/4&#8243;][vc_wp_custommenu nav_menu=&#8221;41&#8243; title=&#8221;ENFERMEDADES OCULARES&#8221;][\/vc_column_inner][vc_column_inner width=&#8221;3\/4&#8243;][inwave_heading preview_style_1=&#8221;&#8221; title=&#8221;{LOS P\u00c1RPADOS}&#8221; align=&#8221;left&#8221;][vc_column_text]Los p\u00e1rpados son velos musculo membranosos situados de canto en la base de la \u00f3rbita, por delante del globo del ojo, al que, seg\u00fan las circunstancias, descubren o cubren. Lo descubren para permitir la visi\u00f3n, y lo cubren para protegerlo contra los agentes&#8230;<\/p>\n","protected":false},"author":2,"featured_media":0,"parent":3003,"menu_order":0,"comment_status":"closed","ping_status":"closed","template":"page-templates\/full-width-page.php","meta":{"_acf_changed":false,"inline_featured_image":false,"footnotes":""},"class_list":["post-2829","page","type-page","status-publish","hentry"],"acf":[],"_links":{"self":[{"href":"https:\/\/virgiliogalvis.com\/en\/wp-json\/wp\/v2\/pages\/2829","targetHints":{"allow":["GET"]}}],"collection":[{"href":"https:\/\/virgiliogalvis.com\/en\/wp-json\/wp\/v2\/pages"}],"about":[{"href":"https:\/\/virgiliogalvis.com\/en\/wp-json\/wp\/v2\/types\/page"}],"author":[{"embeddable":true,"href":"https:\/\/virgiliogalvis.com\/en\/wp-json\/wp\/v2\/users\/2"}],"replies":[{"embeddable":true,"href":"https:\/\/virgiliogalvis.com\/en\/wp-json\/wp\/v2\/comments?post=2829"}],"version-history":[{"count":0,"href":"https:\/\/virgiliogalvis.com\/en\/wp-json\/wp\/v2\/pages\/2829\/revisions"}],"up":[{"embeddable":true,"href":"https:\/\/virgiliogalvis.com\/en\/wp-json\/wp\/v2\/pages\/3003"}],"wp:attachment":[{"href":"https:\/\/virgiliogalvis.com\/en\/wp-json\/wp\/v2\/media?parent=2829"}],"curies":[{"name":"wp","href":"https:\/\/api.w.org\/{rel}","templated":true}]}}