{"id":2768,"date":"2019-07-14T03:18:04","date_gmt":"2019-07-14T03:18:04","guid":{"rendered":"https:\/\/virgiliogalvis.com\/?page_id=2768"},"modified":"2019-07-14T03:18:04","modified_gmt":"2019-07-14T03:18:04","slug":"optometras","status":"publish","type":"page","link":"https:\/\/virgiliogalvis.com\/en\/optometras\/","title":{"rendered":"Optometrists"},"content":{"rendered":"<p>[vc_row iw_layout=&#8221;wide-bg&#8221;][vc_column][vc_column_text]<\/p>\n<p style=\"text-align: justify;\">Nuestro centro se ha convertido en referencia nacional e internacional gracias en gran medida a la experiencia de nuestro equipo m\u00e9dico, dirigido por el Dr. Virgilio Galvis Ramirez, que coordina a prestigiosos profesionales de cada especialidad oftalmol\u00f3gica.<\/p>\n<p style=\"text-align: justify;\">El personal que colabora con este equipo, est\u00e1 conformado por profesionales en \u00f3ptica y optometr\u00eda, t\u00e9cnicos, ingenieros, universitarios y un grupo de trabajo de manera asistencial que dedica un continuado esfuerzo a la atenci\u00f3n y cuidado de todos nuestros pacientes con el objetivo de garantizar su satisfacci\u00f3n.<\/p>\n<p>[\/vc_column_text][vc_empty_space][inwave_heading preview_style_1=&#8221;&#8221; title=&#8221;{Opt\u00f3metras}&#8221; align=&#8221;center&#8221;][vc_empty_space][vc_row_inner equal_height=&#8221;yes&#8221; content_placement=&#8221;middle&#8221;][vc_column_inner width=&#8221;1\/3&#8243;][vc_single_image image=&#8221;4339&#8243; img_size=&#8221;full&#8221; alignment=&#8221;center&#8221; css=&#8221;.vc_custom_1571956674380{background-color: rgba(237,237,237,0.8) !important;*background-color: rgb(237,237,237) !important;}&#8221;][vc_column_text css=&#8221;.vc_custom_1563074168976{padding-top: 10px !important;padding-right: 10px !important;padding-bottom: 10px !important;padding-left: 10px !important;background-color: #ededed !important;}&#8221;]<\/p>\n<h5 style=\"text-align: center;\"><strong><span style=\"color: #000000;\">Carlos Juli\u00e1n Rodr\u00edguez Viviescas<\/span><\/strong><\/h5>\n<h5 style=\"text-align: center;\"><strong><span style=\"color: #00375f;\">Opt\u00f3metra<\/span><\/strong><\/h5>\n<p>[\/vc_column_text][vc_btn title=&#8221;VER PERFIL&#8221; shape=&#8221;round&#8221; align=&#8221;center&#8221; css=&#8221;.vc_custom_1563747950266{padding-bottom: 20px !important;}&#8221; link=&#8221;url:https%3A%2F%2Fvirgiliogalvis.com%2Foptometras%2Fcarlos-julian-rodriguez-viviescas%2F|title:Carlos%20Juli%C3%A1n%20Rodr%C3%ADguez%20Viviescas||&#8221;][\/vc_column_inner][vc_column_inner width=&#8221;1\/3&#8243;][vc_single_image image=&#8221;4342&#8243; img_size=&#8221;full&#8221; alignment=&#8221;center&#8221; css=&#8221;.vc_custom_1571956726754{background-color: rgba(237,237,237,0.8) !important;*background-color: rgb(237,237,237) !important;}&#8221;][vc_column_text css=&#8221;.vc_custom_1563074251419{padding-top: 10px !important;padding-right: 10px !important;padding-bottom: 10px !important;padding-left: 10px !important;background-color: #ededed !important;}&#8221;]<\/p>\n<h5 style=\"text-align: center;\"><strong><span style=\"color: #000000;\">Rafael Dur\u00e1n Prada<\/span><\/strong><\/h5>\n<h5 style=\"text-align: center;\"><strong><span style=\"color: #00375f;\">Opt\u00f3metra<\/span><\/strong><\/h5>\n<p>[\/vc_column_text][vc_btn title=&#8221;VER PERFIL&#8221; shape=&#8221;round&#8221; align=&#8221;center&#8221; css=&#8221;.vc_custom_1563748005422{padding-bottom: 20px !important;}&#8221; link=&#8221;url:https%3A%2F%2Fvirgiliogalvis.com%2Foptometras%2Frafael-enrique-duran-prada%2F|title:Rafael%20Enrique%20Dur%C3%A1n%20Prada||&#8221;][\/vc_column_inner][vc_column_inner width=&#8221;1\/3&#8243;][vc_single_image image=&#8221;4488&#8243; img_size=&#8221;full&#8221; alignment=&#8221;center&#8221; css=&#8221;.vc_custom_1573674220474{background-color: rgba(237,237,237,0.8) !important;*background-color: rgb(237,237,237) !important;}&#8221;][vc_column_text css=&#8221;.vc_custom_1573141621078{padding-top: 10px !important;padding-right: 10px !important;padding-bottom: 10px !important;padding-left: 10px !important;background-color: #ededed !important;}&#8221;]<\/p>\n<h5 style=\"text-align: center;\"><strong><span style=\"color: #000000;\">Gladybell Gutierrez Pic\u00f3n<br \/>\n<\/span><\/strong><\/h5>\n<h5 style=\"text-align: center;\"><strong><span style=\"color: #00375f;\">Opt\u00f3metra<\/span><\/strong><\/h5>\n<p>[\/vc_column_text][vc_btn title=&#8221;VER PERFIL&#8221; shape=&#8221;round&#8221; align=&#8221;center&#8221; css=&#8221;.vc_custom_1573142274835{padding-bottom: 20px !important;}&#8221; link=&#8221;url:https%3A%2F%2Fvirgiliogalvis.com%2Foptometras%2Fgladybell-gutierrez-picon%2F|title:Gladybell%20Gutierrez%20Picon||&#8221;][\/vc_column_inner][\/vc_row_inner][vc_empty_space][vc_row_inner equal_height=&#8221;yes&#8221; content_placement=&#8221;middle&#8221;][vc_column_inner width=&#8221;1\/3&#8243;][vc_single_image image=&#8221;4262&#8243; img_size=&#8221;full&#8221; alignment=&#8221;center&#8221; css=&#8221;.vc_custom_1571937042510{background-color: rgba(237,237,237,0.8) !important;*background-color: rgb(237,237,237) !important;}&#8221;][vc_column_text css=&#8221;.vc_custom_1571936291296{padding-top: 10px !important;padding-right: 10px !important;padding-bottom: 10px !important;padding-left: 10px !important;background-color: #ededed !important;}&#8221;]<\/p>\n<h5 style=\"text-align: center;\"><strong><span style=\"color: #000000;\">Luisa Fernanda Ardila Rodriguez<br \/>\n<\/span><\/strong><\/h5>\n<h5 style=\"text-align: center;\"><strong><span style=\"color: #00375f;\">Opt\u00f3metra<\/span><\/strong><\/h5>\n<p>[\/vc_column_text][vc_btn title=&#8221;VER PERFIL&#8221; shape=&#8221;round&#8221; align=&#8221;center&#8221; css=&#8221;.vc_custom_1571947887202{padding-bottom: 20px !important;}&#8221; link=&#8221;url:https%3A%2F%2Fvirgiliogalvis.com%2Foptometras%2Fluisa-fernanda-ardila-rodriguez%2F|title:Luisa%20Fernanda%20Ardila%20Rodriguez||&#8221;][\/vc_column_inner][vc_column_inner width=&#8221;1\/3&#8243;][vc_single_image image=&#8221;4354&#8243; img_size=&#8221;full&#8221; alignment=&#8221;center&#8221; css=&#8221;.vc_custom_1571957092159{background-color: rgba(237,237,237,0.8) !important;*background-color: rgb(237,237,237) !important;}&#8221;][vc_column_text css=&#8221;.vc_custom_1563074275187{padding-top: 10px !important;padding-right: 10px !important;padding-bottom: 10px !important;padding-left: 10px !important;background-color: #ededed !important;}&#8221;]<\/p>\n<h5 style=\"text-align: center;\"><strong><span style=\"color: #000000;\">Beatriz Eugenia Tibaduiza Vargas<\/span><\/strong><\/h5>\n<h5 style=\"text-align: center;\"><strong><span style=\"color: #00375f;\">Opt\u00f3metra<\/span><\/strong><\/h5>\n<p>[\/vc_column_text][vc_btn title=&#8221;VER PERFIL&#8221; shape=&#8221;round&#8221; align=&#8221;center&#8221; css=&#8221;.vc_custom_1563748025943{padding-bottom: 20px !important;}&#8221; link=&#8221;url:https%3A%2F%2Fvirgiliogalvis.com%2Foptometras%2Fbeatriz-eugenia-tibaduiza-vargas%2F|title:Beatriz%20Eugenia%20Tibaduiza%20Vargas||&#8221;][\/vc_column_inner][vc_column_inner width=&#8221;1\/3&#8243;][vc_single_image image=&#8221;4261&#8243; img_size=&#8221;full&#8221; alignment=&#8221;center&#8221; css=&#8221;.vc_custom_1571937023032{background-color: rgba(237,237,237,0.8) !important;*background-color: rgb(237,237,237) !important;}&#8221;][vc_column_text css=&#8221;.vc_custom_1571936270895{padding-top: 10px !important;padding-right: 10px !important;padding-bottom: 10px !important;padding-left: 10px !important;background-color: #ededed !important;}&#8221;]<\/p>\n<h5 style=\"text-align: center;\"><strong><span style=\"color: #000000;\">Viviana Rocio Figueroa Morales<br \/>\n<\/span><\/strong><\/h5>\n<h5 style=\"text-align: center;\"><strong><span style=\"color: #00375f;\">Opt\u00f3metra<\/span><\/strong><\/h5>\n<p>[\/vc_column_text][vc_btn title=&#8221;VER PERFIL&#8221; shape=&#8221;round&#8221; align=&#8221;center&#8221; css=&#8221;.vc_custom_1571946787598{padding-bottom: 20px !important;}&#8221; link=&#8221;url:https%3A%2F%2Fvirgiliogalvis.com%2Foptometras%2Fvivian-rocio-figueroa-morales%2F|title:Vivian%20Rocio%20Figueroa%20Morales||&#8221;][\/vc_column_inner][\/vc_row_inner][vc_empty_space][vc_row_inner equal_height=&#8221;yes&#8221; content_placement=&#8221;middle&#8221;][vc_column_inner width=&#8221;1\/3&#8243;][vc_single_image image=&#8221;4265&#8243; img_size=&#8221;full&#8221; alignment=&#8221;center&#8221; css=&#8221;.vc_custom_1571937186192{background-color: rgba(237,237,237,0.8) !important;*background-color: rgb(237,237,237) !important;}&#8221;][vc_column_text css=&#8221;.vc_custom_1571937074308{padding-top: 10px !important;padding-right: 10px !important;padding-bottom: 10px !important;padding-left: 10px !important;background-color: #ededed !important;}&#8221;]<\/p>\n<h5 style=\"text-align: center;\"><strong><span style=\"color: #000000;\">Nathaly Leal Barbosa<br \/>\n<\/span><\/strong><\/h5>\n<h5 style=\"text-align: center;\"><strong><span style=\"color: #00375f;\">Opt\u00f3metra<\/span><\/strong><\/h5>\n<p>[\/vc_column_text][vc_btn title=&#8221;VER PERFIL&#8221; shape=&#8221;round&#8221; align=&#8221;center&#8221; css=&#8221;.vc_custom_1571946816495{padding-bottom: 20px !important;}&#8221; link=&#8221;url:https%3A%2F%2Fvirgiliogalvis.com%2Foptometras%2Fnathaly-leal-barbosa%2F|title:Nathaly%20Leal%20Barbosa||&#8221;][\/vc_column_inner][vc_column_inner width=&#8221;1\/3&#8243;][vc_single_image image=&#8221;4340&#8243; img_size=&#8221;full&#8221; alignment=&#8221;center&#8221; css=&#8221;.vc_custom_1615821265297{background-color: rgba(237,237,237,0.8) !important;*background-color: rgb(237,237,237) !important;}&#8221;][vc_column_text css=&#8221;.vc_custom_1615821209349{padding-top: 10px !important;padding-right: 10px !important;padding-bottom: 10px !important;padding-left: 10px !important;background-color: #ededed !important;}&#8221;]<\/p>\n<h5 style=\"text-align: center;\"><strong><span style=\"color: #000000;\">Felix Leiva Fajardo<br \/>\n<\/span><\/strong><\/h5>\n<h5 style=\"text-align: center;\"><strong><span style=\"color: #00375f;\">Opt\u00f3metra<\/span><\/strong><\/h5>\n<p>[\/vc_column_text][vc_btn title=&#8221;VER PERFIL&#8221; shape=&#8221;round&#8221; align=&#8221;center&#8221; css=&#8221;.vc_custom_1615821229136{padding-bottom: 20px !important;}&#8221; link=&#8221;url:https%3A%2F%2Fvirgiliogalvis.com%2Foptometras%2Ffelix-leiva-fajardo%2F|title:Felix%20Leiva%20Fajardo||&#8221;][\/vc_column_inner][vc_column_inner width=&#8221;1\/3&#8243;][vc_single_image image=&#8221;6424&#8243; img_size=&#8221;full&#8221; alignment=&#8221;center&#8221; css=&#8221;.vc_custom_1619796267446{background-color: rgba(237,237,237,0.8) !important;*background-color: rgb(237,237,237) !important;}&#8221;][vc_column_text css=&#8221;.vc_custom_1619796166104{padding-top: 10px !important;padding-right: 10px !important;padding-bottom: 10px !important;padding-left: 10px !important;background-color: #ededed !important;}&#8221;]<\/p>\n<h5 style=\"text-align: center;\"><strong><span style=\"color: #000000;\">Yudy Milena Rangel Duarte<br \/>\n<\/span><\/strong><\/h5>\n<h5 style=\"text-align: center;\"><strong><span style=\"color: #00375f;\">Opt\u00f3metra<\/span><\/strong><\/h5>\n<p>[\/vc_column_text][vc_btn title=&#8221;VER PERFIL&#8221; shape=&#8221;round&#8221; align=&#8221;center&#8221; css=&#8221;.vc_custom_1619796135656{padding-bottom: 20px !important;}&#8221; link=&#8221;url:https%3A%2F%2Fvirgiliogalvis.com%2Foptometras%2Fyudy-milena-rangel%2F|title:Yudy%20Milena%20Rangel%20Duarte||&#8221;][\/vc_column_inner][\/vc_row_inner][\/vc_column][\/vc_row]<\/p>\n","protected":false},"excerpt":{"rendered":"<p>[vc_row iw_layout=&#8221;wide-bg&#8221;][vc_column][vc_column_text] Nuestro centro se ha convertido en referencia nacional e internacional gracias en gran medida a la experiencia de nuestro equipo m\u00e9dico, dirigido por el Dr. Virgilio Galvis Ramirez, que coordina a prestigiosos profesionales de cada especialidad oftalmol\u00f3gica. El personal que colabora con este equipo, est\u00e1 conformado por profesionales en \u00f3ptica y optometr\u00eda, t\u00e9cnicos,&#8230;<\/p>\n","protected":false},"author":2,"featured_media":0,"parent":0,"menu_order":0,"comment_status":"closed","ping_status":"closed","template":"page-templates\/full-width-page.php","meta":{"_acf_changed":false,"inline_featured_image":false,"footnotes":""},"class_list":["post-2768","page","type-page","status-publish","hentry"],"acf":[],"_links":{"self":[{"href":"https:\/\/virgiliogalvis.com\/en\/wp-json\/wp\/v2\/pages\/2768","targetHints":{"allow":["GET"]}}],"collection":[{"href":"https:\/\/virgiliogalvis.com\/en\/wp-json\/wp\/v2\/pages"}],"about":[{"href":"https:\/\/virgiliogalvis.com\/en\/wp-json\/wp\/v2\/types\/page"}],"author":[{"embeddable":true,"href":"https:\/\/virgiliogalvis.com\/en\/wp-json\/wp\/v2\/users\/2"}],"replies":[{"embeddable":true,"href":"https:\/\/virgiliogalvis.com\/en\/wp-json\/wp\/v2\/comments?post=2768"}],"version-history":[{"count":0,"href":"https:\/\/virgiliogalvis.com\/en\/wp-json\/wp\/v2\/pages\/2768\/revisions"}],"wp:attachment":[{"href":"https:\/\/virgiliogalvis.com\/en\/wp-json\/wp\/v2\/media?parent=2768"}],"curies":[{"name":"wp","href":"https:\/\/api.w.org\/{rel}","templated":true}]}}