{"id":2747,"date":"2019-07-14T02:25:46","date_gmt":"2019-07-14T02:25:46","guid":{"rendered":"https:\/\/virgiliogalvis.com\/?page_id=2747"},"modified":"2019-07-14T02:25:46","modified_gmt":"2019-07-14T02:25:46","slug":"dr-nestor-carreno","status":"publish","type":"page","link":"https:\/\/virgiliogalvis.com\/en\/medicos-oftalmologos\/dr-nestor-carreno\/","title":{"rendered":"Dr. N\u00e9stor Carre\u00f1o"},"content":{"rendered":"<p>[vc_row iw_layout=&#8221;wide-bg&#8221;][vc_column][vc_row_inner equal_height=&#8221;yes&#8221; content_placement=&#8221;middle&#8221;][vc_column_inner width=&#8221;1\/2&#8243;][inwave_heading preview_style_1=&#8221;&#8221; title=&#8221;{Dr. N\u00e9stor Carre\u00f1o}&#8221;][vc_column_text el_class=&#8221;dg-p-doc&#8221;]<\/p>\n<h4><span style=\"color: #00375f;\">MD. Oftalm\u00f3logo<\/span><\/h4>\n<p class=\"p1\"><span class=\"s1\" style=\"color: #00375f;\">Supra especialista Cirug\u00eda Refractiva, Segmento Anterior y Uveitis<\/span><\/p>\n<p class=\"p1\"><span class=\"s1\" style=\"color: #00375f;\">L\u00edder unidad de trasplante de c\u00f3rnea FOSCAL.<\/span><\/p>\n<p>[\/vc_column_text][vc_btn title=&#8221;Solicite su cita&#8221; align=&#8221;left&#8221; link=&#8221;url:https%3A%2F%2Fvirgiliogalvis.com%2Fsolicite-su-cita%2F|title:Solicite%20su%20cita||&#8221; el_class=&#8221;popmake-3281 pum-trigger&#8221;][\/vc_column_inner][vc_column_inner width=&#8221;1\/2&#8243;][vc_single_image image=&#8221;4315&#8243; img_size=&#8221;large&#8221;][\/vc_column_inner][\/vc_row_inner][inwave_tabs layout=&#8221;layout3&#8243; preview_style3=&#8221;&#8221;][inwave_tab_container title=&#8221;ESPECIALIDADES&#8221; icon=&#8221;fa fa-home&#8221;][vc_column_text]<\/p>\n<p class=\"p1\"><span class=\"s1\">Medicina, Universidad Industrial de Santander, Bucaramanga 1999.<\/span><\/p>\n<p class=\"p1\"><span class=\"s1\">Residencia de Oftalmolog\u00eda Fundaci\u00f3n Oftalmol\u00f3gica de Santander-Cl\u00ednica Carlos Ardila Lulle 2007<\/span><\/p>\n<p class=\"p1\"><span class=\"s1\">Especialista en Cirug\u00eda Refractiva y Segmento Anterior. Centro Oftalmol\u00f3gico Virgilio Galvis. 2008<\/span><\/p>\n<p>[\/vc_column_text][\/inwave_tab_container][inwave_tab_container title=&#8221;ESTUDIOS&#8221; icon=&#8221;fa fa-user&#8221;][vc_column_text]<\/p>\n<p class=\"p1\"><span class=\"s1\">English Second Language. Selnate International School, Provo, Utah, Estados Unidos (2001).<\/span><\/p>\n<p>[\/vc_column_text][\/inwave_tab_container][inwave_tab_container title=&#8221;PUBLICACIONES&#8221; icon=&#8221;fa fa-trophy&#8221;][vc_column_text]<\/p>\n<p class=\"p1\"><span class=\"s1\">Galvis V, Tello A. Carre\u00f1o N. El Cristalino para el m\u00e9dico general , MedUNAB 2008;11:225-230<\/span><\/p>\n<p class=\"p1\"><span class=\"s1\">Galvis V, Tello A. Carre\u00f1o N. Lentes F\u00e1quicos Artisan , Highlights of Ophthalmology, DIC 2008<\/span><\/p>\n<p class=\"p1\"><span class=\"s1\">Galvis V, Tello A. Carre\u00f1o N. Irrazabal Amaris Excimer Laser System The latest development in Refractive Surgery. Highlights of Ophthalmology June 2008<\/span><\/p>\n<p>[\/vc_column_text][\/inwave_tab_container][inwave_tab_container title=&#8221;MENCIONES Y PREMIOS&#8221; icon=&#8221;fa fa-child&#8221;][vc_column_text]<\/p>\n<p class=\"p1\"><span class=\"s1\">Moci\u00f3n de reconocimiento del consejo de facultad de Salud, Escuela de Medicina Universidad Industrial de Santander, Bucaramanga, Diciembre 6 de 1996<\/span><\/p>\n<p class=\"p1\"><span class=\"s1\">4\u00b0 Puesto escalaf\u00f3n de revistas biom\u00e9dicas en Colombia. Escalaf\u00f3n de Colciencias<\/span><\/p>\n<p class=\"p1\"><span class=\"s1\">icfes M\u00c9DICAS UIS Santaf\u00e9 de Bogot\u00e1, Noviembre 7 de 1996.<\/span><\/p>\n<p class=\"p1\"><span class=\"s1\">Premio de la Asociaci\u00f3n Colombiana para el Avance de la Ciencia a la Revista M\u00c9DICAS UIS Santaf\u00e9 de Bogot\u00e1, noviembre 7 de 1996<\/span><\/p>\n<p class=\"p1\"><span class=\"s1\">Estudiante distinguido segundo semestre de 1996 Escuela de Medicina, Universidad Industrial de Santander, Bucaramanga<\/span><\/p>\n<p class=\"p1\"><span class=\"s1\">Jefatura de Residentes Oftalmolog\u00eda Fundaci\u00f3n Oftalmol\u00f3gica de Santander<span class=\"Apple-converted-space\">\u00a0 <\/span>Octubre 2006 &#8211; Junio 2007<\/span><\/p>\n<p class=\"p1\"><span class=\"s1\">Premio a la Excelencia Acad\u00e9mica POEN 2007<\/span><\/p>\n<p>[\/vc_column_text][\/inwave_tab_container][inwave_tab_container title=&#8221;HONORES Y ACTIVIDADES CIENT\u00cdFICAS&#8221;][vc_row_inner][vc_column_inner][vc_column_text]<\/p>\n<p class=\"p1\"><span class=\"s1\">Editor de la Revista M\u00c9DICAS UIS 1994-1998<\/span><\/p>\n<p class=\"p1\"><span class=\"s1\">Jefe departamento de la Editorial M\u00c9DICAS UIS 1995<\/span><\/p>\n<p class=\"p1\"><span class=\"s1\">Consejo Editorial M\u00c9DICAS UIS 1998<\/span><\/p>\n<p>[\/vc_column_text][\/vc_column_inner][\/vc_row_inner][\/inwave_tab_container][\/inwave_tabs][\/vc_column][\/vc_row]<\/p>\n","protected":false},"excerpt":{"rendered":"<p>[vc_row iw_layout=&#8221;wide-bg&#8221;][vc_column][vc_row_inner equal_height=&#8221;yes&#8221; content_placement=&#8221;middle&#8221;][vc_column_inner width=&#8221;1\/2&#8243;][inwave_heading preview_style_1=&#8221;&#8221; title=&#8221;{Dr. N\u00e9stor Carre\u00f1o}&#8221;][vc_column_text el_class=&#8221;dg-p-doc&#8221;] MD. Oftalm\u00f3logo Supra especialista Cirug\u00eda Refractiva, Segmento Anterior y Uveitis L\u00edder unidad de trasplante de c\u00f3rnea FOSCAL. [\/vc_column_text][vc_btn title=&#8221;Solicite su cita&#8221; align=&#8221;left&#8221; link=&#8221;url:https%3A%2F%2Fvirgiliogalvis.com%2Fsolicite-su-cita%2F|title:Solicite%20su%20cita||&#8221; el_class=&#8221;popmake-3281 pum-trigger&#8221;][\/vc_column_inner][vc_column_inner width=&#8221;1\/2&#8243;][vc_single_image image=&#8221;4315&#8243; img_size=&#8221;large&#8221;][\/vc_column_inner][\/vc_row_inner][inwave_tabs layout=&#8221;layout3&#8243; preview_style3=&#8221;&#8221;][inwave_tab_container title=&#8221;ESPECIALIDADES&#8221; icon=&#8221;fa fa-home&#8221;][vc_column_text] Medicina, Universidad Industrial de Santander, Bucaramanga 1999. Residencia de Oftalmolog\u00eda Fundaci\u00f3n Oftalmol\u00f3gica&#8230;<\/p>\n","protected":false},"author":2,"featured_media":0,"parent":2710,"menu_order":0,"comment_status":"closed","ping_status":"closed","template":"page-templates\/full-width-page.php","meta":{"_acf_changed":false,"inline_featured_image":false,"footnotes":""},"class_list":["post-2747","page","type-page","status-publish","hentry"],"acf":[],"_links":{"self":[{"href":"https:\/\/virgiliogalvis.com\/en\/wp-json\/wp\/v2\/pages\/2747","targetHints":{"allow":["GET"]}}],"collection":[{"href":"https:\/\/virgiliogalvis.com\/en\/wp-json\/wp\/v2\/pages"}],"about":[{"href":"https:\/\/virgiliogalvis.com\/en\/wp-json\/wp\/v2\/types\/page"}],"author":[{"embeddable":true,"href":"https:\/\/virgiliogalvis.com\/en\/wp-json\/wp\/v2\/users\/2"}],"replies":[{"embeddable":true,"href":"https:\/\/virgiliogalvis.com\/en\/wp-json\/wp\/v2\/comments?post=2747"}],"version-history":[{"count":0,"href":"https:\/\/virgiliogalvis.com\/en\/wp-json\/wp\/v2\/pages\/2747\/revisions"}],"up":[{"embeddable":true,"href":"https:\/\/virgiliogalvis.com\/en\/wp-json\/wp\/v2\/pages\/2710"}],"wp:attachment":[{"href":"https:\/\/virgiliogalvis.com\/en\/wp-json\/wp\/v2\/media?parent=2747"}],"curies":[{"name":"wp","href":"https:\/\/api.w.org\/{rel}","templated":true}]}}