{"id":2741,"date":"2019-07-14T02:09:17","date_gmt":"2019-07-14T02:09:17","guid":{"rendered":"https:\/\/virgiliogalvis.com\/?page_id=2741"},"modified":"2019-07-14T02:09:17","modified_gmt":"2019-07-14T02:09:17","slug":"dr-ruben-berrospi","status":"publish","type":"page","link":"https:\/\/virgiliogalvis.com\/en\/medicos-oftalmologos\/dr-ruben-berrospi\/","title":{"rendered":"Dr. Ruben D. Berrospi Salcedo"},"content":{"rendered":"<p>[vc_row iw_layout=&#8221;wide-bg&#8221;][vc_column][vc_row_inner equal_height=&#8221;yes&#8221; content_placement=&#8221;middle&#8221;][vc_column_inner width=&#8221;1\/2&#8243;][inwave_heading preview_style_1=&#8221;&#8221; title=&#8221;{Dr. Ruben Berrospi}&#8221;][vc_column_text el_class=&#8221;dg-p-doc&#8221;]<\/p>\n<h4><span style=\"color: #00375f;\">Director M\u00e9dico &#8211; MD. Oftalm\u00f3logo<\/span><\/h4>\n<p class=\"p1\"><span class=\"s1\" style=\"color: #00375f;\">Supra Especialista en Segmento Anterior, C\u00f3rnea, Catarata y Cirug\u00eda Refractiva<\/span><\/p>\n<p class=\"p1\"><span class=\"s1\" style=\"color: #00375f;\">Reg. Med Colombiano 9294-15<\/span><\/p>\n<p class=\"p2\"><span class=\"s1\" style=\"color: #00375f;\">Reg. Med Peruano 60089 RNE 24053<\/span><\/p>\n<p>[\/vc_column_text][vc_btn title=&#8221;Solicite su cita&#8221; align=&#8221;left&#8221; link=&#8221;url:https%3A%2F%2Fvirgiliogalvis.com%2Fsolicite-su-cita%2F|title:Solicite%20su%20cita||&#8221; el_class=&#8221;popmake-3281 pum-trigger&#8221;][\/vc_column_inner][vc_column_inner width=&#8221;1\/2&#8243;][vc_single_image image=&#8221;4472&#8243; img_size=&#8221;large&#8221;][\/vc_column_inner][\/vc_row_inner][inwave_tabs layout=&#8221;layout3&#8243; preview_style3=&#8221;&#8221;][inwave_tab_container title=&#8221;PERFIL PROFESIONAL&#8221; icon=&#8221;fa fa-glass&#8221;][vc_column_text]<\/p>\n<p class=\"p1\">Oftalm\u00f3logo con m\u00e1s de 15 a\u00f1os de experiencia en Cirug\u00eda de Segmento Anterior, C\u00f3rnea, Catarata y Refractiva en un destacado centro de referencia y alta complejidad en el Nororiente Colombiano. La pasi\u00f3n por mejorar la salud ocular y la funcionalidad de los pacientes se refleja en un enfoque integral, abarcando desde la prevenci\u00f3n hasta los tratamientos correctivos m\u00e1s avanzados. A lo largo de la carrera, tiene el honor de ocupar roles clave, como la Jefatura del Departamento de Oftalmolog\u00eda de la FOSCAL, la Direcci\u00f3n M\u00e9dica del Centro Oftalmol\u00f3gico Virgilio Galvis, la Coordinaci\u00f3n del programa de residencia en Oftalmolog\u00eda del Programa UNAB-FOSCAL, \u00a0la coordinaci\u00f3n del Programa de Trasplantes en FOSCAL, entre otros. Participa activamente en actividades acad\u00e9micas vinculadas a la especialidad, tanto en nuestros programas acad\u00e9micos como en invitaciones como conferencista a nivel nacional e internacional, adem\u00e1s de ser investigador cl\u00ednico. Cuenta con una amplia experiencia en cirug\u00eda del segmento anterior, cirug\u00edas de catarata compleja, trauma ocular, trasplante de c\u00f3rnea, cirug\u00eda refractiva, implante de lentes f\u00e1quicos, entre otros procedimientos de alta complejidad.<\/p>\n<p>[\/vc_column_text][\/inwave_tab_container][inwave_tab_container title=&#8221;ESPECIALIDADES&#8221; icon=&#8221;fa fa-home&#8221;][vc_column_text]<\/p>\n<div>Oftalmolog\u00eda General<\/div>\n<div>Cirug\u00eda\u00a0de Catarata, C\u00f3rnea y Refractiva<\/div>\n<p>[\/vc_column_text][\/inwave_tab_container][inwave_tab_container title=&#8221;ESTUDIOS&#8221; icon=&#8221;fa fa-user&#8221;][vc_column_text]<\/p>\n<div>M\u00e9dico\u00a0Cirujano de la Universidad San Mart\u00edn de Porres en Lima, Per\u00fa.<\/div>\n<div>Oftalm\u00f3logo de la Universidad Aut\u00f3noma de Bucaramanga\u00a0en convenio con FOSCAL en Bucaramanga, Colombia.<\/div>\n<div><span style=\"font-family: arial, sans-serif;\">Especialista en C\u00f3rnea, Catarata y Cirug\u00eda\u00a0Refractiva del Centro Oftalmol\u00f3gico Virgilio Galvis &#8211; FOSCAL en Bucaramanga Colombia.<\/span><\/div>\n<div><span style=\"font-family: arial, sans-serif;\">Candidato Doctorando en Ciencias de la Salud. L\u00ednea de Investigaci\u00f3n en\u00a0<\/span>Oftalmolog\u00eda y Ciencias de la Visi\u00f3n en la Universidad de Oviedo, Espa\u00f1a.<\/div>\n<div><span style=\"font-family: arial, sans-serif;\">Scholar\u00a0en Liderazgo Quir\u00fargico de la Universidad\u00a0de Harvard en Boston, Estados Unidos.<\/span><\/div>\n<div>Candidato en el Curso de Liderazgo de la Asociaci\u00f3n\u00a0Panamericana de Oftalmolog\u00eda en San Francisco, Estados Unidos.<\/div>\n<p>[\/vc_column_text][\/inwave_tab_container][inwave_tab_container title=&#8221;MENCIONES Y PREMIOS&#8221; icon=&#8221;fa fa-child&#8221;][vc_column_text]<\/p>\n<div>Jefe del Departamento de Oftalmolog\u00eda Fundaci\u00f3n\u00a0Oftalmol\u00f3gica de Santander (FOSCAL)<\/div>\n<div>Director M\u00e9dico Centro Oftalmol\u00f3gico Virgilio Galvis (COVGR)<\/div>\n<div>Coordinador Programa de Residentado en Oftalmolog\u00eda convenio UNAB<\/div>\n<div>Certificaci\u00f3n como Director M\u00e9dico en Banco de Ojos (APABO)<\/div>\n<div>Coordinador Programa Trasplantes de Tejido Ocular en FOSCAL<\/div>\n<div>Presidente Grupo Colombiano de estudios de C\u00f3rnea, Superficie ocular y Cirug\u00eda Refractiva (Periodo 2024-2026)<\/div>\n<p>[\/vc_column_text][\/inwave_tab_container][inwave_tab_container title=&#8221;HONORES Y ACTIVIDADES CIENT\u00cdFICAS&#8221;][vc_row_inner][vc_column_inner][vc_column_text]<\/p>\n<p class=\"p1\">1: Berrospi RD, Galvis V, Bhogal M, Tello A. Double-Line Reflection Pattern as a Simple Method to Determine Graft Orientation of Descemet Membrane Endothelial Keratoplasty. Cornea. 2019 Jun;38(6):768-771.<br \/>\n2: Galvis V, Tello A, Cuadros MO, Carre\u00f1o NI, Berrospi RD, Ni\u00f1o CA. Causes of Explantation of Phakic Intraocular Lenses. J Refract Surg. 2015 Aug;31(8):566-7.<br \/>\n3: Galvis V, Tello A, Carre\u00f1o NI, Berrospi RD, Ni\u00f1o CA. Small-incision lenticule extraction and\u00a0corneal collagen crosslinking in\u00a0keratoconus. J Cataract Refract Surg. 2016 Mar;42(3):506.<br \/>\n4: Galvis V, Tello A, Carre\u00f1o NI, Berrospi RD, Ni\u00f1o CA. Causal Management of Keratoconus: Controlling Inflammation. Invest Ophthalmol Vis Sci. 2016 Apr 1;57(4):2164.<br \/>\n5: Galvis V, Tello A, Berrospi RD, Cuadros MO, Blanco NA. Descemetorhexis Without Endothelial Graft in Fuchs Dystrophy. Cornea. 2016 Sep;35(9):e26-8.<br \/>\n6: Galvis V, Tello A, Carre\u00f1o NI, Berrospi RD, Ni\u00f1o CA. Risk Factors for Keratoconus: Atopy and Eye Rubbing. Cornea. 2017 Jan;36(1):e1.<br \/>\n7: Galvis V, Tello A, Carre\u00f1o NI, Berrospi RD, Ni\u00f1o CA. Wavefront-Guided LASIK and Preoperative Higher Order Aberrations. J Refract Surg. 2016 Dec 1;32(12):862.<br \/>\n8: Galvis V, Tello A, Carre\u00f1o NI, Berrospi RD, Ni\u00f1o CA, Leiva F. Keratoconus and Bowman Layer Transplantation. Cornea. 2017 Mar;36(3):e8.<br \/>\n9: Galvis V, Tello A, Carre\u00f1o NI, Berrospi RD, Ni\u00f1o CA, Cuadros MO. Endothelial loss with AcrySof Cachet angle-supported phakic lens. Arch Soc Esp Oftalmol. 2017 Sep;92(9):e53-e54.<br \/>\n10: Galvis V, Tello A, Berrospi RD, Camacho PA, Rey JJ. Re: Schwartz et\u00a0al.: Intracameral antibiotics and cataract surgery: endophthalmitis rates, costs, and stewardship (Ophthalmology 2016;123:1411-1413). Ophthalmology. 2017 Mar;124(3):e30-e31.<br \/>\n11: Galvis V, Tello A, Carre\u00f1o NI, Berrospi RD, Ni\u00f1o CA, Cuadros MO. Aphakic iris-claw intraocular lens\u00a0pseudophakic pseudo accommodation. J Cataract Refract Surg. 2017 Jan;43(1):146.<br \/>\n12: Galvis V, Berrospi RD, Arias JD, Tello A, Bernal JC. Heads up Descemet membrane endothelial keratoplasty performed using a 3D visualization system. J Surg Case Rep. 2017 Nov 28;2017(11):rjx231.<br \/>\n13: Galvis V, Tello A, Carre\u00f1o NI, Ni\u00f1o CA, Berrospi RD. Impacts of Implantable Collamer Lens V4c Placement on Angle Measurements Made by Optical Coherence Tomography: Two-Year Follow-up. Am J Ophthalmol. 2018 Feb;186:172-173.<br \/>\n14: Galvis V, Tello A, Carre\u00f1o NI, Ni\u00f1o CA, Berrospi RD. Scleral Lenses Reduce the Need for Corneal Transplants in Severe Keratoconus. Am J Ophthalmol. 2018 Jun;190:202-203.<br \/>\n15: Galvis V, Berrospi R, Tello A, Ram\u00edrez D, Villarreal D. Mycotic keratitis caused by Scedosporium apiospermum in an immunocompetent patient. Arch Soc Esp Oftalmol (Engl Ed). 2018 Dec;93(12):613-616.<br \/>\n16: Galvis V, Tello A, Carre\u00f1o NI, Berrospi RD, Ni\u00f1o CA, Rey JJ. Herpes Zoster Vaccination: An Urgent Priority. Cornea. 2018 Dec;37(12):e57-e58.<br \/>\n17: Galvis V, Tello A, Rangel CM, Carre\u00f1o NI, Berrospi RD, Ni\u00f1o CA. Iris-clip versus iris-claw intraocular lenses. J Cataract Refract Surg. 2018 Nov;44(11):1407.<br \/>\n18: Galvis V, Tello A, Carre\u00f1o NI, Berrospi RD, Ni\u00f1o CA. Potential use of thermoreversible hydrogel (poloxamer 407) to protect the corneal endothelium and the posterior capsule during phacoemulsification. J Cataract Refract Surg. 2019 Mar;45(3):389.<br \/>\n19: Galvis V, Berrospi RD, Tello A, Santaella G. Interface Fluid Syndrome (IFS) following Toxic Anterior Segment Syndrome (TASS): not related to high intraocular pressure but to endothelial failure. Saudi J Ophthalmol. 2019 Jan-Mar;33(1):88-93.<br \/>\n20: Galvis V, Tello A, Alfonso MA, Carre\u00f1o NI, Berrospi RD, Ni\u00f1o CA. Ketorolac used to control pain after photorefractive keratectomy. J Cataract Refract Surg. 2020 Jan;46(1):164-165.<br \/>\n21: Galvis V, Tello A, Carre\u00f1o NI, Berrospi RD, Ni\u00f1o CA, Serna VH, Del Real JF. Very long-term rate of posterior laser capsulotomy and corneal endothelial cell loss after phacoemulsification. J Cataract Refract Surg. 2020 Feb;46(2):327.<br \/>\n22: Galvis V, Tello A, Carre\u00f1o NI, Berrospi RD, Ni\u00f1o CA, Serna VH. Defocus curve and vergence related to viewing distance. J Cataract Refract Surg. 2020 May;46(5):803.<br \/>\n23: Galvis V, Escaf LC, Escaf LJ, Tello A, Rodr\u00edguez LD, Lapid-Gortzak R, Carre\u00f1o NI, Berrospi RD, Ni\u00f1o CA, Viberg A, Camacho PA. Visual and satisfaction results with implantation of the trifocal Panoptix\u00ae intraocular lens in cataract surgery. J Optom. 2022 Jul-Sep;15(3):219-227.<br \/>\n24: Maticorena-Quevedo J, Anduaga-Beramendi A, Beas R, Canahuire-Cairo J, Berrospi RD, Tello A. Endophthalmitis secondary to donor to host infection in posterior lamellar keratoplasties: A systematic review. Eur J Ophthalmol. 2022 Nov;32(6):3163-3173.<br \/>\n25: Gatinel D, Tello A, Ni\u00f1o CA, Translateur A, Lugo IK, Berrospi RD, Tello A, Ni\u00f1o CA, Translateur A, Lugo IK, Berrospi RD, Tello A, Ni\u00f1o CA, Berrospi RD. Comment on: Personalized Model to Predict Keratoconus Progression From Demographic, Topographic, and Genetic Data. Am J Ophthalmol. 2023 May;249:191-192.<br \/>\n26: Tello A, Galvis V, Berrospi RD, Nova DV, Martinez LC, Villamizar SJ. Comment on: Long-term efficacy and safety profiles of iris-fixated foldable anterior chamber phakic intraocular lens implantation in eyes with more than 10 years of follow-up. J Cataract Refract Surg. 2022 Dec 1;48(12):1479-1480.<br \/>\n27: Terreros JP, Tello A, Galvis V, Berrospi RD, Villamizar SJ, Serrano SE. Comments on Risk of Intraocular Lens Opacification After Endothelial Keratoplasty for Different Intraocular Lens Models: A Retrospective Single- Center Cohort Study. Cornea. 2023 Nov 21.<br \/>\n28: Tello A, Galvis V, Berrospi RD. Letter Regarding: Descemet Membrane Endothelial Keratoplasty and Interface Fluid Syndrome in Post-LASIK Corneas. Cornea. 2024 Jan 19.<\/p>\n<p>[\/vc_column_text][\/vc_column_inner][\/vc_row_inner][\/inwave_tab_container][inwave_tab_container title=&#8221;PUBLICACIONES&#8221; icon=&#8221;fa fa-trophy&#8221;][vc_column_text]<\/p>\n<div>Sociedad Colombiana de Oftalmolog\u00eda (SOCOFTAL)<\/div>\n<div>Sociedad Peruana de Oftalmolog\u00eda (SPO)<\/div>\n<div>Sociedad Panamericana de Oftalmolog\u00eda (PAAO)<\/div>\n<div>Academia Americana de Oftalmolog\u00eda (AAO)<\/div>\n<div>Grupo Colombiano de estudios de C\u00f3rnea, Superficie ocular y Cirug\u00eda Refractiva (C\u00d3RNEA\u00a0COLOMBIA)<\/div>\n<div>Asociaci\u00f3n Americana de Catarata y Cirug\u00eda\u00a0Refractiva (ASCRS)<\/div>\n<div>Sociedad Americana de C\u00f3rnea\u00a0(Cornea Society)<\/div>\n<div>Sociedad Panamericana de C\u00f3rnea\u00a0(PANCORNEA)<\/div>\n<div>Asociaci\u00f3n Latinoamericana de Cirujanos de Catarata, Segmento anterior y Refractiva (ALACCSA-R)<\/div>\n<p>[\/vc_column_text][\/inwave_tab_container][inwave_tab_container title=&#8221;SOCIEDADES M\u00c9DICAS A LAS QUE PERTENECE&#8221; icon=&#8221;fa fa-star&#8221;][vc_column_text]<\/p>\n<div>Sociedad Colombiana de Oftalmolog\u00eda (SOCOFTAL)<\/div>\n<div>Sociedad Peruana de Oftalmolog\u00eda (SPO)<\/div>\n<div>Sociedad Panamericana de Oftalmolog\u00eda (PAAO)<\/div>\n<div>Academia Americana de Oftalmolog\u00eda (AAO)<\/div>\n<div>Grupo Colombiano de estudios de C\u00f3rnea, Superficie ocular y Cirug\u00eda Refractiva (C\u00d3RNEA\u00a0COLOMBIA)<\/div>\n<div>Asociaci\u00f3n Americana de Catarata y Cirug\u00eda\u00a0Refractiva (ASCRS)<\/div>\n<div>Sociedad Americana de C\u00f3rnea\u00a0(Cornea Society)<\/div>\n<div>Sociedad Panamericana de C\u00f3rnea\u00a0(PANCORNEA)<\/div>\n<div>Asociaci\u00f3n Latinoamericana de Cirujanos de Catarata, Segmento anterior y Refractiva (ALACCSA-R)<\/div>\n<p>[\/vc_column_text][\/inwave_tab_container][\/inwave_tabs][\/vc_column][\/vc_row]<\/p>\n","protected":false},"excerpt":{"rendered":"<p>[vc_row iw_layout=&#8221;wide-bg&#8221;][vc_column][vc_row_inner equal_height=&#8221;yes&#8221; content_placement=&#8221;middle&#8221;][vc_column_inner width=&#8221;1\/2&#8243;][inwave_heading preview_style_1=&#8221;&#8221; title=&#8221;{Dr. Ruben Berrospi}&#8221;][vc_column_text el_class=&#8221;dg-p-doc&#8221;] Director M\u00e9dico &#8211; MD. Oftalm\u00f3logo Supra Especialista en Segmento Anterior, C\u00f3rnea, Catarata y Cirug\u00eda Refractiva Reg. Med Colombiano 9294-15 Reg. Med Peruano 60089 RNE 24053 [\/vc_column_text][vc_btn title=&#8221;Solicite su cita&#8221; align=&#8221;left&#8221; link=&#8221;url:https%3A%2F%2Fvirgiliogalvis.com%2Fsolicite-su-cita%2F|title:Solicite%20su%20cita||&#8221; el_class=&#8221;popmake-3281 pum-trigger&#8221;][\/vc_column_inner][vc_column_inner width=&#8221;1\/2&#8243;][vc_single_image image=&#8221;4472&#8243; img_size=&#8221;large&#8221;][\/vc_column_inner][\/vc_row_inner][inwave_tabs layout=&#8221;layout3&#8243; preview_style3=&#8221;&#8221;][inwave_tab_container title=&#8221;PERFIL PROFESIONAL&#8221; icon=&#8221;fa fa-glass&#8221;][vc_column_text] Oftalm\u00f3logo con m\u00e1s&#8230;<\/p>\n","protected":false},"author":2,"featured_media":0,"parent":2710,"menu_order":0,"comment_status":"closed","ping_status":"closed","template":"page-templates\/full-width-page.php","meta":{"_acf_changed":false,"inline_featured_image":false,"footnotes":""},"class_list":["post-2741","page","type-page","status-publish","hentry"],"acf":[],"_links":{"self":[{"href":"https:\/\/virgiliogalvis.com\/en\/wp-json\/wp\/v2\/pages\/2741","targetHints":{"allow":["GET"]}}],"collection":[{"href":"https:\/\/virgiliogalvis.com\/en\/wp-json\/wp\/v2\/pages"}],"about":[{"href":"https:\/\/virgiliogalvis.com\/en\/wp-json\/wp\/v2\/types\/page"}],"author":[{"embeddable":true,"href":"https:\/\/virgiliogalvis.com\/en\/wp-json\/wp\/v2\/users\/2"}],"replies":[{"embeddable":true,"href":"https:\/\/virgiliogalvis.com\/en\/wp-json\/wp\/v2\/comments?post=2741"}],"version-history":[{"count":0,"href":"https:\/\/virgiliogalvis.com\/en\/wp-json\/wp\/v2\/pages\/2741\/revisions"}],"up":[{"embeddable":true,"href":"https:\/\/virgiliogalvis.com\/en\/wp-json\/wp\/v2\/pages\/2710"}],"wp:attachment":[{"href":"https:\/\/virgiliogalvis.com\/en\/wp-json\/wp\/v2\/media?parent=2741"}],"curies":[{"name":"wp","href":"https:\/\/api.w.org\/{rel}","templated":true}]}}