{"id":2735,"date":"2019-07-14T01:32:55","date_gmt":"2019-07-14T01:32:55","guid":{"rendered":"https:\/\/virgiliogalvis.com\/?page_id=2735"},"modified":"2019-07-14T01:32:55","modified_gmt":"2019-07-14T01:32:55","slug":"dr-alejandro-tello","status":"publish","type":"page","link":"https:\/\/virgiliogalvis.com\/en\/medicos-oftalmologos\/dr-alejandro-tello\/","title":{"rendered":"Dr. Alejandro Tello"},"content":{"rendered":"<p>[vc_row iw_layout=&#8221;wide-bg&#8221;][vc_column][vc_row_inner equal_height=&#8221;yes&#8221; content_placement=&#8221;middle&#8221;][vc_column_inner width=&#8221;1\/2&#8243;][inwave_heading preview_style_1=&#8221;&#8221; title=&#8221;{Dr. Alejandro Tello Hernandez}&#8221;][vc_column_text el_class=&#8221;dg-p-doc&#8221;]<\/p>\n<h4><span style=\"color: #00375f;\">Director Cientifico &#8211; MD. Oftalm\u00f3logo, Phd. <\/span><\/h4>\n<p><span style=\"color: #00375f;\">Doctor en Investigaci\u00f3n en cirugia y especialidades m\u00e9dico-quirugicas lineas Ciencias de la Visi\u00f3n, Universidad de Oviedo, Espa\u00f1a.<br \/>\n<\/span><\/p>\n<p><span style=\"color: #00375f;\">Supra-especialista en Cornea y Cirug\u00eda Refractiva.<\/span>[\/vc_column_text][vc_btn title=&#8221;Solicite su cita&#8221; align=&#8221;left&#8221; link=&#8221;url:https%3A%2F%2Fvirgiliogalvis.com%2Fsolicite-su-cita%2F|title:Solicite%20su%20cita||&#8221; el_class=&#8221;popmake-3281 pum-trigger&#8221;][\/vc_column_inner][vc_column_inner width=&#8221;1\/2&#8243;][vc_single_image image=&#8221;4284&#8243; img_size=&#8221;large&#8221;][\/vc_column_inner][\/vc_row_inner][inwave_tabs layout=&#8221;layout3&#8243; preview_style3=&#8221;&#8221;][inwave_tab_container title=&#8221;ESPECIALIDADES&#8221; icon=&#8221;fa fa-home&#8221;][vc_column_text]<\/p>\n<p class=\"p1\"><span class=\"s1\">Especialista en Oftalmolog\u00eda. Fundaci\u00f3n Oftalmol\u00f3gica de Santander 1.994 \u2013 1.997<\/span><\/p>\n<p class=\"p1\"><span class=\"s1\">Supra-especialista en Segmento Anterior y Cirug\u00eda Refractiva. Fundaci\u00f3n Oftalmol\u00f3gica de Santander \/ Centro Oftalmol\u00f3gico Virgilio Galvis. 1.997-1.998<\/span><\/p>\n<p class=\"p1\"><span class=\"s1\">Doctor en Investigaci\u00f3n en Cirug\u00eda y Especialidades M\u00e9dico-quir\u00fargicas, l\u00ednea de Ciencias de la Visi\u00f3n, 2017. Universidad de Oviedo (Oviedo, Espa\u00f1a).<\/span><\/p>\n<p>[\/vc_column_text][\/inwave_tab_container][inwave_tab_container title=&#8221;ESTUDIOS&#8221; icon=&#8221;fa fa-user&#8221;][vc_column_text]<\/p>\n<p class=\"p1\"><span class=\"s1\">Curso de Gram\u00e1tica inglesa y terminolog\u00eda m\u00e9dica. Washburn University of Topeka (Kansas, USA). Agosto-Noviembre 1.989.<\/span><\/p>\n<p class=\"p1\"><span class=\"s1\">Curso Andino de Ciencias Oftalmol\u00f3gicas. Medell\u00edn, Enero-Febrero 1.996.<\/span><\/p>\n<p class=\"p1\"><span class=\"s1\">Diplomado en Investigaci\u00f3n Cl\u00ednica. Universidad Aut\u00f3noma de Bucaramanga. Julio- Noviembre 2010. Bucaramanga, Colombia.<\/span><\/p>\n<p class=\"p1\"><span class=\"s1\">Congresos, cursos cortos y pasant\u00edas (\u00faltimos 5 a\u00f1os)<\/span><\/p>\n<p class=\"p1\"><span class=\"s1\">Quinto Curso Internacional de Oftalmolog\u00eda FOSCAL\u2013 Profesor Invitado. Bucaramanga, Enero 2011.<\/span><\/p>\n<p class=\"p1\"><span class=\"s1\">Curso de Manejo del Queratocono\u2013 Profesor Invitado. Bucaramanga, Enero 2011.<\/span><\/p>\n<p class=\"p1\"><span class=\"s1\">Pasant\u00eda Augenklinik Bellevue, Doctor Detlef Uthoff y Doctor Detlef Holland, Kiel (Alemania), Junio 2011.<\/span><\/p>\n<p class=\"p1\"><span class=\"s1\">29\u00ba Congreso Panamericano de Oftalmolog\u00eda, Buenos Aires (Argentina). Julio 2011. Conferencista.<\/span><\/p>\n<p class=\"p1\"><span class=\"s1\">Curso Internacional de Queratocono, C\u00f3rnea, Cirug\u00eda de catarata y Refractiva. Colegio M\u00e9dico de Jalisco \u2013 Profesor Invitado. Guadalajara (M\u00e9xico). Agosto 2011.<\/span><\/p>\n<p class=\"p1\"><span class=\"s1\">Sexto Curso Internacional de Oftalmolog\u00eda FOSCAL\u2013 Profesor Invitado. Bucaramanga, Enero 2012. Profesor invitado.<\/span><\/p>\n<p class=\"p1\"><span class=\"s1\">XXXV Congreso Nacional e Internacional de Oftalmolog\u00eda, Sociedad Colombiana de Oftalmolog\u00eda. Cartagena, Colombia, Agosto 2012. Conferencista.<\/span><\/p>\n<p class=\"p1\"><span class=\"s1\">S\u00e9ptimo Curso Internacional de Oftalmolog\u00eda FOSCAL \u2013 Profesor Invitado. Bucaramanga, Enero 2013.<\/span><\/p>\n<p class=\"p1\"><span class=\"s1\">XIII Congreso Internacional de Oftlamolog\u00eda. Cl\u00ednica de oftalmolog\u00eda de Cali. Profesor invitado. Cali, Mayo 2013.<\/span><\/p>\n<p class=\"p1\"><span class=\"s1\">Formaci\u00f3n para el uso y apropiaci\u00f3n pedag\u00f3gica de las TIC. Universidad Aut\u00f3noma de Bucaramanga. Septiembre de 2013.<\/span><\/p>\n<p class=\"p1\"><span class=\"s1\">XXXI Congreso de la Sociedad Europea de Cirujanos de Catarata y Cirug\u00eda Refractiva (ESCRS). Octubre 2013, Amsterdam (Pa\u00edses Bajos). Ponente (Poster cient\u00edficos).<\/span><\/p>\n<p class=\"p1\"><span class=\"s1\">Octavo Curso Internacional de Oftalmologia FOSCAL. Floridablanca, Colombia, Enero 2014. Profesor.<\/span><\/p>\n<p class=\"p1\"><span class=\"s1\">IV Congreso Internacional Barranquilla Facorefractiva, Barranquilla (Colombia). Marzo de 2014. Ponente.<\/span><\/p>\n<p class=\"p1\"><span class=\"s1\">Curso: \u201cC\u00f3mo escribir para publicar en revistas indexadas de alto impacto: Claves para el \u00e9xito\u201d. Universidad Aut\u00f3moma de Bucaramanga, Floiridablanca, Colombia. Mayo de 2014.<\/span><\/p>\n<p class=\"p1\"><span class=\"s1\">Curso de Topograf\u00eda Corneal. Universidad Central del Ecuador. Quito (Ecuador). Octubre de 2014. Profesor.<\/span><\/p>\n<p class=\"p1\"><span class=\"s1\">Noveno Curso Internacional de Oftalmologia FOSCAL. Floridablanca, Colombia, Enero 2015. Profesor.<\/span><\/p>\n<p class=\"p1\"><span class=\"s1\">Sexto Congreso Anual de Oftalmolog\u00eda. Sociedad de Cirug\u00eda Ocular-Fundaci\u00f3n Oftalmol\u00f3gica Nacional. Bogota. Febrero de 2015. Conferencista.<\/span><\/p>\n<p class=\"p1\"><span class=\"s1\">Estrategias de la pr\u00e1ctica pedag\u00f3gica en el aula de clase y la interdisciplinariedad en los n\u00facleos integradores. UNAB, Bucaramanga, Abril 2015.<\/span><\/p>\n<p class=\"p1\"><span class=\"s1\">XXI Congreso Panamericano de Oftalmolog\u00eda. Bogot\u00e1, Agosto de 2015.<\/span><\/p>\n<p class=\"p1\"><span class=\"s1\">Simposio de abordaje interdisciplinario del paciente oftalmol\u00f3gico: antibi\u00f3ticos y antiinflamatorios. Foscal\/ Facultad de ciencias de la salud UNAB. Septiembre 25 de 2015.<\/span><\/p>\n<p class=\"p1\"><span class=\"s1\">X Curso Internacional de Oftalmolog\u00eda FOSCAL. Profesor. Enero de 2016.<\/span><\/p>\n<p class=\"p1\"><span class=\"s1\">Congreso Mundial de Oftalmolog\u00eda. Guadalajara, M\u00e9xico. Febrero de 2016.<\/span><\/p>\n<p class=\"p1\"><span class=\"s1\">Cumbre Internacional de Oftalmolog\u00eda 2005 Barranquilla<\/span><\/p>\n<p class=\"p1\"><span class=\"s1\">Nuevos Caminos de la oftalmolog\u00eda Laboratorios ALLERGAN 2005 Bogot\u00e1<\/span><\/p>\n<p>[\/vc_column_text][\/inwave_tab_container][inwave_tab_container title=&#8221;PUBLICACIONES&#8221; icon=&#8221;fa fa-trophy&#8221;][vc_column_text]<\/p>\n<p class=\"p1\"><span class=\"s1\">Galvis V, Tello A, Guerra A, Acu\u00f1a MF, Villarreal D. Susceptibilidad antibi\u00f3tica de bacterias obtenidas de queratitis e infecciones intraoculares en la Fundaci\u00f3n Oftalmol\u00f3gica de Santander (FOSCAL), Floridablanca, Colombia. Biom\u00e9dica. 2014;34(Supl.1).<\/span><\/p>\n<p class=\"p1\"><span class=\"s1\">Rangel CM, Galvis V, Tello A, Fierro A. Resultados Visuales de los Lentes Multifocales T\u00f3ricos en la Fundaci\u00f3n Oftalmol\u00f3gica de Santander. Rev. Sociedad Colombiana de Oftalmolog\u00eda 2014, Vol. 47 (2): 118 \u2013 126.<\/span><\/p>\n<p class=\"p1\"><span class=\"s1\">Galvis V, Tello A, S\u00e1nchez MA, Camacho PA. Cohort study of intracameral moxifloxacin in postoperative endophthalmitis prophylaxis. Ophthalmol Eye Dis. 2014 Jan 16;6:1-4. doi: 10.4137\/OED.S13102. eCollection 2014.<\/span><\/p>\n<p class=\"p1\"><span class=\"s1\">Galvis V, Tello A, Castellanos YA, Camacho PA, Prada AM, Rangel CM. Outdoor activity during class recess reduces myopia onset and progression in school children (Ophthalmology 2013;120:1080-1085). Ophthalmology. 2014 Apr;121(4):e20. doi: 10.1016\/j.ophtha.2013.11.007.<\/span><\/p>\n<p class=\"p1\"><span class=\"s1\">Galvis V, Tello A, Jaramillo LC, Paredes D, Camacho PA. Prevalence of Punctate Keratopathy of West Indians in a Colombian Referral Center and a New Name Proposed: Rice\u00b4s Keratopathy. Open Ophthalmol J. 2015 Jan 30;9:12-6.<\/span><\/p>\n<p class=\"p1\"><span class=\"s1\">Galvis V, Sherwin T, Tello A, Merayo J, Barrera R, Acera A. Keratoconus: an inflammatory disorder? Eye (Lond). 2015 May 1. [Epub ahead of print] Review.<\/span><\/p>\n<p class=\"p1\"><span class=\"s1\">Galvis V, Tello A, Barrera R, Ni\u00f1o CA. Inflammation in Keratoconus. Cornea. 2015 Jun 10.<\/span><\/p>\n<p class=\"p1\"><span class=\"s1\">Galvis V, Tello A, Ni\u00f1o CA, Parra MM. Total Corneal Astigmatism and Posterior Corneal Surface. J Refract Surg. 2015 Jun;31(6):423.<\/span><\/p>\n<p class=\"p1\"><span class=\"s1\">Galvis V, Tello A, Barrera R, Ni\u00f1o CA. Inflammation in Keratoconus. Cornea. 2015 Aug;34(8):e22-3.<\/span><\/p>\n<p class=\"p1\"><span class=\"s1\">Galvis V, Tello A, Ortiz AI. Corneal collagen crosslinking with riboflavin and ultraviolet for keratoconus: Long-term follow-up. J Cataract Refract Surg. 2015 Jun;41(6):1336-7.<\/span><\/p>\n<p class=\"p1\"><span class=\"s1\">Galvis V, Tello A, Blanco O, Parra MM. Refractive correction and myopia progression. Graefes Arch Clin Exp Ophthalmol. 2015 Jul 31. [Epub ahead of print].<\/span><\/p>\n<p class=\"p1\"><span class=\"s1\">Galvis V, Tello A, Ni\u00f1o CA, Parra MM. Total Corneal Astigmatism Measurement. Invest Ophthalmol Vis Sci. 2015 Aug 1;56(9):5269-70.<\/span><\/p>\n<p class=\"p1\"><span class=\"s1\">Galvis V, Tello A, Cuadros MO, Carre\u00f1o NI, Berrospi RD, Ni\u00f1o CA. Causes of Explantation of Phakic Intraocular Lenses. J Refract Surg. 2015 Aug;31(8):566-7.<\/span><\/p>\n<p class=\"p1\"><span class=\"s1\">Galvis V, Tello A, Ni\u00f1o CA, Parra MM. Total Corneal Astigmatism Measurement Precision. Invest Ophthalmol Vis Sci. 2015 Sep 1;56(10):5912.<\/span><\/p>\n<p class=\"p1\"><span class=\"s1\">Galvis V, Tello A, Ni\u00f1o CA, Parra M. Re: Ueno et al.: Corneal Thickness Profile and Posterior Corneal Astigmatism in Normal Corneas. Ophthalmology. 2015 Nov;122(11):e66.<\/span><\/p>\n<p class=\"p1\"><span class=\"s1\">Galvis V, Tello A, Parra MM, Leiva F. Comparison of Contrast Sensitivity and Through Focus in Small-Aperture Inlay, Accommodating Intraocular Lens, or Multifocal Intraocular Lens Subjects. Am J Ophthalmol. 2016 Jan;161:217.<\/span><\/p>\n<p class=\"p1\"><span class=\"s1\">Galvis V, Tello A, Prada AM, Rangel CM. Changing Trends in Keratoconus Management. Cornea. 2016 Mar;35(3):e6-7.<\/span><\/p>\n<p class=\"p1\"><span class=\"s1\">Galvis V, Tello A, Ni\u00f1o CA, Larrea J. Terrien Marginal Degeneration: Clinical Characteristics and Outcomes. Am J Ophthalmol. 2016 Jan 28. pii: S0002-9394(16)30020-4.<\/span><\/p>\n<p class=\"p1\"><span class=\"s1\">Galvis V, Tello A, Sacoto JI. Intraoperative Aberrometry and Intraocular Lens Power Calculation. J Refract Surg. 2016 Feb 1;32(2):138<\/span><\/p>\n<p>[\/vc_column_text][\/inwave_tab_container][inwave_tab_container title=&#8221;MENCIONES Y PREMIOS&#8221; icon=&#8221;fa fa-child&#8221;][vc_column_text]<\/p>\n<p class=\"p1\"><span class=\"s1\">President&#8217;s Honor Roll in recognition of outstanding academic achievement. Washburn University, Topeka (Estados Unidos). Noviembre 1989.<\/span><\/p>\n<p class=\"p1\"><span class=\"s1\">Finalista Festival de Videos Cient\u00edficos, con la producci\u00f3n: \u201cLASIK: Interesting cases, difficult cases, complications and their management\u201d. Productores: Galvis V, Tello A. American Society of Cataract and Refractive Surgery, San Diego (Estados Unidos), 1998.<\/span><\/p>\n<p class=\"p1\"><span class=\"s1\">Premio de la Medalla Anual a la Investigaci\u00f3n Cient\u00edfica, otorgado por Asocornea, Bogot\u00e1 (Colombia). Septiembre, 2006.<\/span><\/p>\n<p class=\"p1\"><span class=\"s1\">Finalista Festival de Videos Cient\u00edficos, con la producci\u00f3n: \u201cFerrara\u00b4s Technique for lamellar keratoplasty:Easy and Safe\u201d. Productores: Ferrara P, Galvis V, Tello A. American Society of Cataract and Refractive Surgery, San Diego (Estados Unidos), 2007.<\/span><\/p>\n<p class=\"p1\"><span class=\"s1\">Primer Puesto Trabajo Libre: \u201cSusceptibilidad Antibi\u00f3tica in Vitro de las Fluoroquinolonas en la Fundaci\u00f3n Oftalmol\u00f3gica de Santander-Cl\u00ednica Ardila Lulle (FOSCAL). Autores: Virgilio Galvis, Alejandro Tello, Carlos Wong, Donaldo Villareal. XXXIV Congreso Nacional e Internacional de Oftalmolog\u00eda 2010, Sociedad Colombiana de Oftalmolog\u00eda, Bogot\u00e1, Agosto 2010.<\/span><\/p>\n<p class=\"p1\"><span class=\"s1\">Primer Puesto Trabajo Libre, Quinto Congreso Nacional de Residentes, Agosto 2011. Galvis V, Tello A, \u00c1lvarez L, Rey JJ. PREVALENCIA DE INFECCI\u00d3N POR DEMODEX FOLLICULORUM EN PACIENTES QUE ACUDEN A CONSULTA GENERAL DE OFTALMOLOG\u00cdA. Quinto Congreso Nacional de Residentes, Paipa (Colombia). Agosto 2011.<\/span><\/p>\n<p class=\"p1\"><span class=\"s1\">Reconocimiento como Investigador Junior. Colciencias, Bogot\u00e1, Colombia. Vigencia: Abril de 2014-Abril de 2015.<\/span><\/p>\n<p class=\"p1\"><span class=\"s1\">Primer Puesto Trabajo Libre, XXXVI Congreso nacional e Internacional de Oftalmolog\u00eda \u2013 Sociedad Colombiana de Oftalmolog\u00eda , Medell\u00edn, Agosto de 2014. Virgilio Galvis, Alejandro Tello, Nestor Carre\u00f1o, Miguel Ochoa, Alvaro Iv\u00e1n Ortiz. \u201cDeterminaci\u00f3n de Eficacia y Seguridad del Entrecruzamiento Corneal (Crosslinking) a 5 a\u00f1os en pacientes con Queratocono del Centro Oftalmol\u00f3gico Virgilio Galvis\u201d.<\/span><\/p>\n<p class=\"p1\"><span class=\"s1\">Reconocimiento como Investigador Senior. Colciencias, Bogot\u00e1, Colombia. Vigencia: Abril de 2015-Abril de 2016.<\/span><\/p>\n<p>[\/vc_column_text][\/inwave_tab_container][inwave_tab_container title=&#8221;HONORES Y ACTIVIDADES CIENT\u00cdFICAS&#8221;][vc_row_inner][vc_column_inner][vc_column_text]<\/p>\n<p class=\"p1\"><span class=\"s1\">Virgilio Galvis, Arantxa Acera, Alejandro Tello, Jesus Merayo-Lloves, Rub\u00e9n Berrospi, Tatiana M. Suarez-Cortes. SF-36 as a quantitative assessment of the quality of life in patients with keratoconus and its relationship to severity of the disease. Poster cientifico presentado en la reunion de la Association for Research in Vision and Ophthalmology (ARVO), Orlando (Estados Unidos), Mayo 2014.<\/span><\/p>\n<p class=\"p1\"><span class=\"s1\">Virgilio Galvis, Alejandro Tello, Angela Marcela Rojas, Carlos Juli\u00e1n Rodriguez, Paul A. Camacho. Queratectomia Fotorrefractiva Asistida Con Alcoho Versus Queratectomia Fotorrefractiva Transepitelial. Resultados Clinicos. Trabajo Libre presentado en el XXXVI Congreso nacional e Internacional de Oftalmolog\u00eda \u2013 Sociedad Colombiana de Oftalmolog\u00eda , Medell\u00edn, Agosto de 2014.<\/span><\/p>\n<p class=\"p1\"><span class=\"s1\">Virgilio Galvis, Alejandro Tello, Nestor Carre\u00f1o, Miguel Ochoa, Alvaro Iv\u00e1n Ortiz. \u201cDeterminaci\u00f3n de Eficacia y Seguridad del Entrecruzamiento Corneal (Crosslinking) a 5 a\u00f1os en pacientes con Queratocono del Centro Oftalmol\u00f3gico Virgilio Galvis\u201d. Trabajo Libre presentado en el XXXVI Congreso Nacional e Internacional de Oftalmolog\u00eda \u2013 Sociedad Colombiana de Oftalmolog\u00eda , Medell\u00edn, Agosto de 2014.<\/span><\/p>\n<p class=\"p1\"><span class=\"s1\">Alejandro Tello. Lentes intraoculares multifocales: Qu\u00e9 dice la evidencia? Sexto Congreso Anual de Oftalmologia Fundaci\u00f3n Oftalmol\u00f3gica Nacional y Sociedad de Cirug\u00eda Ocular. Bogot\u00e1, Febrero de 2015.<\/span><\/p>\n<p class=\"p1\"><span class=\"s1\">Virgilio Galvis; Alejandro Tello; Maria Isabel Corrales. Cosmetic Iris Implants. Poster cient\u00edfico. XXI Congreso Panamericano de Oftalmolog\u00eda. Bogot\u00e1, Agosto de 2015.<\/span><\/p>\n<p class=\"p1\"><span class=\"s1\">Virgilio Galvis; Alejandro Tello; Jesus Merayo; Rodrigo Barrera; Trevor Sherwin; Arantxa Acera. Es el queratocono una enfermedad inflamatoria? Trabajo libre. XXI Congreso Panamericano de Oftalmolog\u00eda. Bogot\u00e1, Agosto de 2015.<\/span><\/p>\n<p class=\"p1\"><span class=\"s1\">\u00c1ngela Castillo; Luis Antonio Pareja; Virgilio Galvis; Alejandro Tello; Luis Carlos Jaramillo; Carlos Julian Rodriguez; Paul Anthony Camacho. Determinaci\u00f3n del poder corneal luego de cirug\u00eda refractiva con excimer laser con dos tomografos corneales. Trabajo libre. XXI Congreso Panamericano de Oftalmolog\u00eda. Bogot\u00e1, Agosto de 2015.<\/span><\/p>\n<p class=\"p1\"><span class=\"s1\">Virgilio Galvis Ramirez; Alejandro Tello Hernandez; Alvaro Ivan Ortiz Zapata; Victor Via\u00f1a Pongo; Maria Isabel Corrales; Carlos Julian Rodriguez; Miguel Ochoa Comparaci\u00f3n de tres bi\u00f3metros \u00f3pticos. Trabajo libre. XXI Congreso Panamericano de Oftalmolog\u00eda. Bogot\u00e1, Agosto de 2015.<\/span><\/p>\n<p class=\"p1\"><span class=\"s1\">Mario Leandro Revelo Alvarez; Virgilio Galvis Ramirez; Alejandro Tello Hernandez; Carlos Julian Rodriguez; Paul Camacho. Validez de la refracci\u00f3n automatizada despu\u00e9s del implante de lentes monofocales y multifocales difractivos apodizados. Trabajo libre. XXI Congreso Panamericano de Oftalmolog\u00eda. Bogot\u00e1, Agosto de 2015.<\/span><\/p>\n<p class=\"p1\"><span class=\"s1\">Virgilio Galvis; Alejandro Tello; Gabriel Frederick; Andr\u00e9s Serrano; Marlon Due\u00f1as. Comparaci\u00f3n de seis f\u00f3rmulas biom\u00e9tricas con el lente Restor. Trabajo libre. XXI Congreso Panamericano de Oftalmolog\u00eda. Bogot\u00e1, Agosto de 2015.<\/span><\/p>\n<p class=\"p1\"><span class=\"s1\">Virgilio Galvis; Alejandro Tello; Camilo Ni\u00f1o; Maria Margarita Parra.Es el efecto del astigmatismo corneal posterior en el c\u00e1lculo del lente intraocular t\u00f3rico cl\u00ednicamente significativo? XXI Congreso Panamericano de Oftalmolog\u00eda. Bogot\u00e1, Agosto de 2015.<\/span><\/p>\n<p>[\/vc_column_text][\/vc_column_inner][\/vc_row_inner][\/inwave_tab_container][inwave_tab_container title=&#8221;SOCIEDADES M\u00c9DICAS A LAS QUE PERTENECE&#8221; icon=&#8221;fa fa-star&#8221;][vc_column_text]<\/p>\n<p class=\"p1\"><span class=\"s1\">Miembro del Grupo de Investigaciones FOSCAL. C\u00f3digo COL0009439. Categor\u00eda B (Colciencias). Floridablanca, Colombia.<\/span><\/p>\n<p class=\"p2\"><span class=\"s1\">Director del Grupo de Investigaciones Cl\u00ednicas UNAB. C\u00f3digo COL0119923. Categor\u00eda B (Colciencias). Floridablanca, Colombia<\/span><\/p>\n<p>[\/vc_column_text][\/inwave_tab_container][\/inwave_tabs][\/vc_column][\/vc_row]<\/p>\n","protected":false},"excerpt":{"rendered":"<p>[vc_row iw_layout=&#8221;wide-bg&#8221;][vc_column][vc_row_inner equal_height=&#8221;yes&#8221; content_placement=&#8221;middle&#8221;][vc_column_inner width=&#8221;1\/2&#8243;][inwave_heading preview_style_1=&#8221;&#8221; title=&#8221;{Dr. Alejandro Tello Hernandez}&#8221;][vc_column_text el_class=&#8221;dg-p-doc&#8221;] Director Cientifico &#8211; MD. Oftalm\u00f3logo, Phd. Doctor en Investigaci\u00f3n en cirugia y especialidades m\u00e9dico-quirugicas lineas Ciencias de la Visi\u00f3n, Universidad de Oviedo, Espa\u00f1a. Supra-especialista en Cornea y Cirug\u00eda Refractiva.[\/vc_column_text][vc_btn title=&#8221;Solicite su cita&#8221; align=&#8221;left&#8221; link=&#8221;url:https%3A%2F%2Fvirgiliogalvis.com%2Fsolicite-su-cita%2F|title:Solicite%20su%20cita||&#8221; el_class=&#8221;popmake-3281 pum-trigger&#8221;][\/vc_column_inner][vc_column_inner width=&#8221;1\/2&#8243;][vc_single_image image=&#8221;4284&#8243; img_size=&#8221;large&#8221;][\/vc_column_inner][\/vc_row_inner][inwave_tabs layout=&#8221;layout3&#8243; preview_style3=&#8221;&#8221;][inwave_tab_container title=&#8221;ESPECIALIDADES&#8221; icon=&#8221;fa fa-home&#8221;][vc_column_text]&#8230;<\/p>\n","protected":false},"author":2,"featured_media":0,"parent":2710,"menu_order":0,"comment_status":"closed","ping_status":"closed","template":"page-templates\/full-width-page.php","meta":{"_acf_changed":false,"inline_featured_image":false,"footnotes":""},"class_list":["post-2735","page","type-page","status-publish","hentry"],"acf":[],"_links":{"self":[{"href":"https:\/\/virgiliogalvis.com\/en\/wp-json\/wp\/v2\/pages\/2735","targetHints":{"allow":["GET"]}}],"collection":[{"href":"https:\/\/virgiliogalvis.com\/en\/wp-json\/wp\/v2\/pages"}],"about":[{"href":"https:\/\/virgiliogalvis.com\/en\/wp-json\/wp\/v2\/types\/page"}],"author":[{"embeddable":true,"href":"https:\/\/virgiliogalvis.com\/en\/wp-json\/wp\/v2\/users\/2"}],"replies":[{"embeddable":true,"href":"https:\/\/virgiliogalvis.com\/en\/wp-json\/wp\/v2\/comments?post=2735"}],"version-history":[{"count":0,"href":"https:\/\/virgiliogalvis.com\/en\/wp-json\/wp\/v2\/pages\/2735\/revisions"}],"up":[{"embeddable":true,"href":"https:\/\/virgiliogalvis.com\/en\/wp-json\/wp\/v2\/pages\/2710"}],"wp:attachment":[{"href":"https:\/\/virgiliogalvis.com\/en\/wp-json\/wp\/v2\/media?parent=2735"}],"curies":[{"name":"wp","href":"https:\/\/api.w.org\/{rel}","templated":true}]}}