{"id":2694,"date":"2019-07-13T03:56:42","date_gmt":"2019-07-13T03:56:42","guid":{"rendered":"https:\/\/virgiliogalvis.com\/?page_id=2694"},"modified":"2019-07-13T03:56:42","modified_gmt":"2019-07-13T03:56:42","slug":"trasplante-de-cornea","status":"publish","type":"page","link":"https:\/\/virgiliogalvis.com\/en\/cirugias-y-procedimientos\/trasplante-de-cornea\/","title":{"rendered":"Corneal Transplant"},"content":{"rendered":"<p>[vc_row iw_layout=&#8221;wide-bg&#8221;][vc_column][vc_row_inner gap=&#8221;35&#8243;][vc_column_inner width=&#8221;1\/4&#8243; offset=&#8221;vc_hidden-md vc_hidden-sm vc_hidden-xs&#8221;][vc_wp_custommenu title=&#8221;CIRUG\u00cdAS Y PROCEDIMIENTOS&#8221; nav_menu=&#8221;45&#8243;][\/vc_column_inner][vc_column_inner width=&#8221;3\/4&#8243;][inwave_heading preview_style_1=&#8221;&#8221; title=&#8221;{Trasplante de C\u00f3rnea}&#8221;][vc_video link=&#8221;https:\/\/www.youtube.com\/watch?v=FKIYEcIDa3Q&#8221;][\/vc_column_inner][\/vc_row_inner][vc_row_inner][vc_column_inner][vc_column_text]<\/p>\n<p class=\"p1\"><span class=\"s1\">La c\u00f3rnea es el primer lente transparente del ojo, que es como una c\u00fapula en la parte m\u00e1s externa del ojo.<span class=\"Apple-converted-space\">\u00a0 <\/span>En ciertas enfermedades esta c\u00f3rnea se torna opaca y no permite la visi\u00f3n.<span class=\"Apple-converted-space\">\u00a0 <\/span>En esta situaci\u00f3n se requiere la cirug\u00eda de trasplante de c\u00f3rnea.<\/span><\/p>\n<p>[\/vc_column_text][\/vc_column_inner][\/vc_row_inner][inwave_accordions layout=&#8221;accordion2&#8243; preview_style2=&#8221;&#8221; item_active=&#8221;-1&#8243;][inwave_accordion_item title=&#8221;PROCEDIMIENTO&#8221;]<\/p>\n<p class=\"p1\"><span class=\"s1\">El trasplante de c\u00f3rnea llamado penetrante consiste en retirar los 7 u 8 mil\u00edmetros centrales de la c\u00f3rnea del paciente y reemplazarlos por la c\u00f3rnea de un donante.<\/span><\/p>\n<p class=\"p1\"><span class=\"s1\">Esta cirug\u00eda permite que la luz vuelva a entrar al ojo, y el paciente pueda ver.<\/span><\/p>\n<p class=\"p1\"><span class=\"s1\">Esta cirug\u00eda se realiza cuando la capa de la c\u00f3rnea llamada estroma est\u00e1 muy opaca y no tiene posibilidades de volver a estar transparente, o cuando est\u00e1 muy debilitado, como en caso de Queratocono muy avanzados.<\/span><\/p>\n<p class=\"p1\"><span class=\"s1\">Trasplante Corneal Endotelial<\/span><\/p>\n<p class=\"p1\"><span class=\"s1\">Esta nueva t\u00e9cnica de cirug\u00eda consiste en trasplantar \u00fanicamente las capas m\u00e1s internas de la c\u00f3rnea, de manera que la parte externa de la misma contin\u00faa siendo la del mismo paciente (No es necesario realizar la incisi\u00f3n circular en 360 grados, sino una peque\u00f1a de solo 5mm).<\/span><\/p>\n<p class=\"p1\"><span class=\"s1\">El aspecto del ojo en el postoperatorio es pr\u00e1cticamente igual al de un ojo normal, sin cirug\u00eda.<\/span><\/p>\n<p class=\"p1\"><span class=\"s1\">Es una t\u00e9cnica que requiere el uso de una serie de equipos especiales, para poder retirar las delicadas capas m\u00e1s profundas de la c\u00f3rnea, tanto del receptor como del donante, para poder luego implantarla en el interior del ojo.<\/span><\/p>\n<p class=\"p1\"><span class=\"s1\">Dentro de las principales ventajas de este tipo de trasplante est\u00e1n:<\/span><\/p>\n<ul class=\"ul1\">\n<li class=\"li1\"><span class=\"s1\">Una recuperaci\u00f3n de visual mucho m\u00e1s r\u00e1pida.<\/span><\/li>\n<li class=\"li1\"><span class=\"s1\">Una menor distorsi\u00f3n de la visi\u00f3n.<\/span><\/li>\n<li class=\"li1\"><span class=\"s1\">Mucha menor posibilidad de rechazo.<\/span><\/li>\n<\/ul>\n<p class=\"p1\"><span class=\"s1\">Esta t\u00e9cnica se puede emplear cuando la capa m\u00e1s interna de la c\u00f3rnea (el endotelio) est\u00e1 da\u00f1ado, pero el estroma (la capa cornal m\u00e1s gruesa) est\u00e1 sano. Si el estroma est\u00e1 afectado, se requiere un trasplante de c\u00f3rnea penetrante (total).<\/span><\/p>\n<p>[\/inwave_accordion_item][inwave_accordion_item title=&#8221;INDICACIONES&#8221;]<\/p>\n<p class=\"p1\"><span class=\"s1\">Es una cirug\u00eda que ha ayudado a miles de personas a recobrar su visi\u00f3n, y por ello es muy importante que todos seamos conscientes de que la donaci\u00f3n de nuestros \u00f3rganos, luego de nuestro fallecimiento, es algo que debemos expresarles a nuestros familiares, para que otros seres humanos en dificultades se puedan beneficiar de ellos, llevando una luz de esperanza a otras vidas.<\/span><\/p>\n<p class=\"p1\"><span class=\"s1\">Este tipo de trasplante total de la c\u00f3rnea requiere una incisi\u00f3n circular de espesor total, que ante un traumatismo puede llegar a abrirse y adem\u00e1s tiene ciertos riesgos asociados, como el rechazo por parte del receptor, o la inducci\u00f3n de astigmatismos que distorsionan la visi\u00f3n del paciente.<\/span><\/p>\n<p>[\/inwave_accordion_item][inwave_accordion_item title=&#8221;RECOMENDACIONES&#8221;]<\/p>\n<p class=\"p1\"><span class=\"s1\">Esta innovadora cirug\u00eda permite que la posibilidad de que estos pacientes vuelvan a recuperar su visi\u00f3n sea muy alta.<\/span><\/p>\n<p class=\"p1\"><span class=\"s1\">La experiencia y el profesionalismo del Dr. Virgilio Galvis ha permitido que ello sea una realidad en nuestra ciudad, para el beneficio de pacientes del Departamento de Santander y de todo el Oriente colombiano.<\/span><\/p>\n<p class=\"p1\"><span class=\"s1\">Mientras que en el trasplante total se requiere una incisi\u00f3n de espesor total de 360 grados en el trasplante endotelial s\u00f3lo se necesita una peque\u00f1a incisi\u00f3n superior, que hace que la recuperaci\u00f3n de ojo sea mucho m\u00e1s r\u00e1pida.<\/span><\/p>\n<p>[\/inwave_accordion_item][\/inwave_accordions][vc_row_inner][vc_column_inner][vc_btn title=&#8221;SOLICITE SU CITA&#8221; shape=&#8221;round&#8221; align=&#8221;center&#8221; el_class=&#8221;popmake-3281 pum-trigger&#8221;][\/vc_column_inner][\/vc_row_inner][\/vc_column][\/vc_row]<\/p>\n","protected":false},"excerpt":{"rendered":"<p>[vc_row iw_layout=&#8221;wide-bg&#8221;][vc_column][vc_row_inner gap=&#8221;35&#8243;][vc_column_inner width=&#8221;1\/4&#8243; offset=&#8221;vc_hidden-md vc_hidden-sm vc_hidden-xs&#8221;][vc_wp_custommenu title=&#8221;CIRUG\u00cdAS Y PROCEDIMIENTOS&#8221; nav_menu=&#8221;45&#8243;][\/vc_column_inner][vc_column_inner width=&#8221;3\/4&#8243;][inwave_heading preview_style_1=&#8221;&#8221; title=&#8221;{Trasplante de C\u00f3rnea}&#8221;][vc_video link=&#8221;https:\/\/www.youtube.com\/watch?v=FKIYEcIDa3Q&#8221;][\/vc_column_inner][\/vc_row_inner][vc_row_inner][vc_column_inner][vc_column_text] La c\u00f3rnea es el primer lente transparente del ojo, que es como una c\u00fapula en la parte m\u00e1s externa del ojo.\u00a0 En ciertas enfermedades esta c\u00f3rnea se torna opaca y no permite la visi\u00f3n.\u00a0 En esta situaci\u00f3n se&#8230;<\/p>\n","protected":false},"author":2,"featured_media":0,"parent":2659,"menu_order":0,"comment_status":"closed","ping_status":"closed","template":"page-templates\/full-width-page.php","meta":{"_acf_changed":false,"inline_featured_image":false,"footnotes":""},"class_list":["post-2694","page","type-page","status-publish","hentry"],"acf":[],"_links":{"self":[{"href":"https:\/\/virgiliogalvis.com\/en\/wp-json\/wp\/v2\/pages\/2694","targetHints":{"allow":["GET"]}}],"collection":[{"href":"https:\/\/virgiliogalvis.com\/en\/wp-json\/wp\/v2\/pages"}],"about":[{"href":"https:\/\/virgiliogalvis.com\/en\/wp-json\/wp\/v2\/types\/page"}],"author":[{"embeddable":true,"href":"https:\/\/virgiliogalvis.com\/en\/wp-json\/wp\/v2\/users\/2"}],"replies":[{"embeddable":true,"href":"https:\/\/virgiliogalvis.com\/en\/wp-json\/wp\/v2\/comments?post=2694"}],"version-history":[{"count":0,"href":"https:\/\/virgiliogalvis.com\/en\/wp-json\/wp\/v2\/pages\/2694\/revisions"}],"up":[{"embeddable":true,"href":"https:\/\/virgiliogalvis.com\/en\/wp-json\/wp\/v2\/pages\/2659"}],"wp:attachment":[{"href":"https:\/\/virgiliogalvis.com\/en\/wp-json\/wp\/v2\/media?parent=2694"}],"curies":[{"name":"wp","href":"https:\/\/api.w.org\/{rel}","templated":true}]}}