{"id":2692,"date":"2019-07-13T03:51:42","date_gmt":"2019-07-13T03:51:42","guid":{"rendered":"https:\/\/virgiliogalvis.com\/?page_id=2692"},"modified":"2019-07-13T03:51:42","modified_gmt":"2019-07-13T03:51:42","slug":"tumores-reseccion-y-biopsia","status":"publish","type":"page","link":"https:\/\/virgiliogalvis.com\/en\/cirugias-y-procedimientos\/tumores-reseccion-y-biopsia\/","title":{"rendered":"Tumors Resection and Biopsy"},"content":{"rendered":"<p>[vc_row][vc_column][vc_column_text]u[\/vc_column_text][\/vc_column][\/vc_row][vc_row gap=&#8221;35&#8243; equal_height=&#8221;yes&#8221; iw_layout=&#8221;wide-bg&#8221;][vc_column width=&#8221;1\/4&#8243; offset=&#8221;vc_hidden-md vc_hidden-sm vc_hidden-xs&#8221;][vc_wp_custommenu title=&#8221;CIRUG\u00cdAS Y PROCEDIMIENTOS&#8221; nav_menu=&#8221;45&#8243;][\/vc_column][vc_column width=&#8221;3\/4&#8243;][inwave_heading preview_style_1=&#8221;&#8221; title=&#8221;{TUMORES, RESECCI\u00d3N Y BIOPSIA}&#8221;][vc_video link=&#8221;https:\/\/www.youtube.com\/watch?v=J2znCmoRl1I&#8221;][\/vc_column][\/vc_row][vc_row iw_layout=&#8221;wide-bg&#8221;][vc_column][vc_row_inner][vc_column_inner][vc_column_text]<\/p>\n<p class=\"p1\"><span class=\"s1\">Los tumores de p\u00e1rpados soy muy comunes y son un motivo de consulta frecuente al oftalm\u00f3logo. Engloban una amplia variedad de lesiones que pueden ser benignas o malignas.<\/span><\/p>\n<p class=\"p1\"><span class=\"s1\">La mayor\u00eda son benignas, las cuales generalmente son asintom\u00e1ticos y s\u00f3lo son un problema est\u00e9tico, se ven como \u201clunares\u201d, \u201cquistes\u201d, o \u201cverrugas\u201d. En algunos casos pueden crecer, multiplicarse y afectar el borde libre del p\u00e1rpado, lo que ya se vuelve un problema funcional. Su tratamiento es sencillo, puede requerir resecci\u00f3n, cauterizaci\u00f3n o crioterapia, sin dejar una cicatriz significativamente evidente.<\/span><\/p>\n<p class=\"p1\"><span class=\"s1\">Tambi\u00e9n existen una variedad de tumores malignos que pueden afectar los p\u00e1rpados, existen varios tipos, siendo el m\u00e1s frecuente el carcinoma baso celular. <\/span><\/p>\n<p class=\"p1\"><span class=\"s1\">Suelen presentarse en personas mayores de 40 a\u00f1os. Los factores de riesgo m\u00e1s importantes son la exposici\u00f3n solar cr\u00f3nica y las pieles claras. Inicialmente, aparecen de forma repentina como n\u00f3dulos, \u201cbultos\u201d, \u201cgranos\u201d, del mismo color de la piel o m\u00e1s pigmentados, su velocidad de crecimiento es variable, generalmente crecen r\u00e1pido en cuesti\u00f3n de meses, y se empiezan a ver cambios en su color, forma o ulceraciones (\u201ccostras que no cicatrizan\u201d).<\/span><\/p>\n<p class=\"p1\"><span class=\"s1\">Muchos de \u00e9stos cambios son tan r\u00e1pidos y no perceptibles por los pacientes inicialmente, sino hasta fases avanzadas. Por esta raz\u00f3n, ante la presencia de alguna lesi\u00f3n en el p\u00e1rpado es recomendable asistir al oftalm\u00f3logo, quien har\u00e1 un examen detallado por medio de la l\u00e1mpara de hendidura para identificar los signos de malignidad y decidir tratamiento.<\/span><\/p>\n<p class=\"p1\"><span class=\"s1\">El tratamiento de los tumores malignos de p\u00e1rpados generalmente inicia con una biopsia, es decir, un procedimiento quir\u00fargico realizado bajo microscopio, donde se extrae una parte o la lesi\u00f3n completa para enviarla a estudio de patolog\u00eda y aclarar el diagn\u00f3stico.<\/span><\/p>\n<p>[\/vc_column_text][\/vc_column_inner][\/vc_row_inner][inwave_accordions layout=&#8221;accordion2&#8243; preview_style2=&#8221;&#8221; item_active=&#8221;-1&#8243;][inwave_accordion_item title=&#8221;PROCEDIMIENTO&#8221;]<\/p>\n<p class=\"p1\"><span class=\"s1\">Seg\u00fan el resultado, puede requerir una cirug\u00eda mayor para hacer la resecci\u00f3n completa de los residuos del tumor y dejar los bordes libres de tumor. Seg\u00fan el caso, los tumores palpebrales pueden conllevar la extracci\u00f3n de una parte importante del p\u00e1rpado, y a continuaci\u00f3n, el oftalm\u00f3logo subespecialistas en Cirug\u00eda Pl\u00e1stica Ocular realiza la reconstrucci\u00f3n del p\u00e1rpado afectado para restablecer la apariencia y funci\u00f3n palpebral, puede requerir el uso de colgajos o injertos tomados del otro p\u00e1rpado, de la zona periocular o a distancia como, por ejemplo, detr\u00e1s de la oreja.<\/span><\/p>\n<p class=\"p1\"><span class=\"s1\">Infortunadamente, existen casos muy avanzados donde el tumor maligno de p\u00e1rpados se <\/span><span class=\"s1\">extiende e invade la superficie del globo ocular o penetra la \u00f3rbita requiriendo cirug\u00edas m\u00e1s agresivas, y muchas veces requerir radioterapia o quimioterapia complementaria.<\/span><\/p>\n<p>[\/inwave_accordion_item][inwave_accordion_item title=&#8221;INDICACIONES&#8221;]<\/p>\n<p class=\"p1\"><span class=\"s1\">Despu\u00e9s de la cirug\u00eda que controla la enfermedad, puede haber recurrencia de las lesiones <\/span><span class=\"s1\">malignas con el tiempo en el mismo lugar o en su proximidad, por lo que se debe asistir a seguimientos peri\u00f3dicos con el especialista.<\/span><\/p>\n<p>[\/inwave_accordion_item][inwave_accordion_item title=&#8221;RECOMENDACIONES&#8221;]<\/p>\n<p class=\"p1\"><span class=\"s1\">Tras la operaci\u00f3n es importante no tocarse ni frotarse el ojo operado bajo ning\u00fan concepto, durante los dos primeros meses secarse la cara solo con toques suaves. Desde el d\u00eda siguiente a la operaci\u00f3n puede lavarse la cabeza con normalidad.<\/span><\/p>\n<p class=\"p1\"><span class=\"s1\">Transcurridos tres d\u00edas de la operaci\u00f3n se puede hacer deporte, pero si este es acu\u00e1tico deber\u00e1 esperar dos semanas y si es de contacto de dos a tres meses. De manera indefinida en caso de sufrir un golpe fuerte la l\u00e1mina corneal que se levanta durante la cirug\u00eda (flap) puede desplazarse.<\/span><\/p>\n<p class=\"p1\"><span class=\"s1\">Deber\u00e1 evitar el uso de r\u00edmel y l\u00e1piz de ojos durante las dos primeras semanas.<\/span><\/p>\n<p>[\/inwave_accordion_item][\/inwave_accordions][vc_row_inner][vc_column_inner][vc_btn title=&#8221;SOLICITE SU CITA&#8221; shape=&#8221;round&#8221; align=&#8221;center&#8221; el_class=&#8221;popmake-3281 pum-trigger&#8221;][\/vc_column_inner][\/vc_row_inner][\/vc_column][\/vc_row]<\/p>\n","protected":false},"excerpt":{"rendered":"<p>[vc_row][vc_column][vc_column_text]u[\/vc_column_text][\/vc_column][\/vc_row][vc_row gap=&#8221;35&#8243; equal_height=&#8221;yes&#8221; iw_layout=&#8221;wide-bg&#8221;][vc_column width=&#8221;1\/4&#8243; offset=&#8221;vc_hidden-md vc_hidden-sm vc_hidden-xs&#8221;][vc_wp_custommenu title=&#8221;CIRUG\u00cdAS Y PROCEDIMIENTOS&#8221; nav_menu=&#8221;45&#8243;][\/vc_column][vc_column width=&#8221;3\/4&#8243;][inwave_heading preview_style_1=&#8221;&#8221; title=&#8221;{TUMORES, RESECCI\u00d3N Y BIOPSIA}&#8221;][vc_video link=&#8221;https:\/\/www.youtube.com\/watch?v=J2znCmoRl1I&#8221;][\/vc_column][\/vc_row][vc_row iw_layout=&#8221;wide-bg&#8221;][vc_column][vc_row_inner][vc_column_inner][vc_column_text] Los tumores de p\u00e1rpados soy muy comunes y son un motivo de consulta frecuente al oftalm\u00f3logo. Engloban una amplia variedad de lesiones que pueden ser benignas o malignas. La mayor\u00eda son benignas, las cuales generalmente&#8230;<\/p>\n","protected":false},"author":2,"featured_media":0,"parent":2659,"menu_order":0,"comment_status":"closed","ping_status":"closed","template":"page-templates\/full-width-page.php","meta":{"_acf_changed":false,"inline_featured_image":false,"footnotes":""},"class_list":["post-2692","page","type-page","status-publish","hentry"],"acf":[],"_links":{"self":[{"href":"https:\/\/virgiliogalvis.com\/en\/wp-json\/wp\/v2\/pages\/2692","targetHints":{"allow":["GET"]}}],"collection":[{"href":"https:\/\/virgiliogalvis.com\/en\/wp-json\/wp\/v2\/pages"}],"about":[{"href":"https:\/\/virgiliogalvis.com\/en\/wp-json\/wp\/v2\/types\/page"}],"author":[{"embeddable":true,"href":"https:\/\/virgiliogalvis.com\/en\/wp-json\/wp\/v2\/users\/2"}],"replies":[{"embeddable":true,"href":"https:\/\/virgiliogalvis.com\/en\/wp-json\/wp\/v2\/comments?post=2692"}],"version-history":[{"count":0,"href":"https:\/\/virgiliogalvis.com\/en\/wp-json\/wp\/v2\/pages\/2692\/revisions"}],"up":[{"embeddable":true,"href":"https:\/\/virgiliogalvis.com\/en\/wp-json\/wp\/v2\/pages\/2659"}],"wp:attachment":[{"href":"https:\/\/virgiliogalvis.com\/en\/wp-json\/wp\/v2\/media?parent=2692"}],"curies":[{"name":"wp","href":"https:\/\/api.w.org\/{rel}","templated":true}]}}