{"id":2687,"date":"2019-07-13T03:46:34","date_gmt":"2019-07-13T03:46:34","guid":{"rendered":"https:\/\/virgiliogalvis.com\/?page_id=2687"},"modified":"2019-07-13T03:46:34","modified_gmt":"2019-07-13T03:46:34","slug":"spa-de-ojo-seco","status":"publish","type":"page","link":"https:\/\/virgiliogalvis.com\/en\/cirugias-y-procedimientos\/spa-de-ojo-seco\/","title":{"rendered":"Dry Eye Spa"},"content":{"rendered":"<p>[vc_row iw_layout=&#8221;wide-bg&#8221;][vc_column][vc_row_inner equal_height=&#8221;yes&#8221; gap=&#8221;35&#8243;][vc_column_inner width=&#8221;1\/4&#8243; offset=&#8221;vc_hidden-md vc_hidden-sm vc_hidden-xs&#8221;][vc_wp_custommenu title=&#8221;CIRUG\u00cdAS Y PROCEDIMIENTOS&#8221; nav_menu=&#8221;45&#8243;][\/vc_column_inner][vc_column_inner width=&#8221;3\/4&#8243;][inwave_heading preview_style_1=&#8221;&#8221; title=&#8221;{SPA DE OJO SECO}&#8221;][vc_video link=&#8221;https:\/\/youtu.be\/2Hwr0AKJLGQ&#8221;][\/vc_column_inner][\/vc_row_inner][vc_row_inner][vc_column_inner][vc_column_text]<\/p>\n<p class=\"p1\"><span class=\"s1\">El ojo seco es una enfermedad multifactorial que generalmente no es curable, pero si tratable. Se busca el control de los s\u00edntomas y la prevenci\u00f3n del da\u00f1o que la enfermedad genera sobre la superficie ocular.<\/span><\/p>\n<p class=\"p1\"><span class=\"s1\">Esta enfermedad particularmente deteriora mucho la calidad de vida que llevan los pacientes por su gravedad y de no cuidarse, a ser incapacitante.<\/span><\/p>\n<p>[\/vc_column_text][vc_empty_space][inwave_item_info style=&#8221;style1_4&#8243; preview_style4=&#8221;&#8221; title=&#8221;{Factores de Riesgo}&#8221; description=&#8221;El aire acondicionado y las fuentes de viento como ventiladores, ventanas abiertas en el carro, secadores de pelo, el ambiente interno de los aviones, predisponen a la resequedad de la superficie ocular por una mayor evaporaci\u00f3n de la l\u00e1grima.<\/p>\n<p>Igualmente, la lectura y el computador disminuyen la frecuencia del parpadeo hasta un 40%, lo cual incrementa la evaporaci\u00f3n de la l\u00e1grima y agrava los s\u00edntomas del ojo seco.<\/p>\n<p>Evitar al m\u00e1ximo los ambientes con mucha poluci\u00f3n y contaminaci\u00f3n ambiental. Si no es posible evitar estos factores mencionados le recomendamos utilizar gafas cerradas o lubricar los ojos.<\/p>\n<p>Evitar los lugares con ambientes muy secos como sauna, ambientes de calor como cocinas y fuegos y de ser posible utilizar humidificador de ambientes.<\/p>\n<p>Analizar el medio ambiente de trabajo para detectar factores que empeoren la sintomatolog\u00eda.&#8221; icon_size=&#8221;50&#8243; align=&#8221;left&#8221;][\/vc_column_inner][\/vc_row_inner][inwave_accordions layout=&#8221;accordion2&#8243; preview_style2=&#8221;&#8221; item_active=&#8221;-1&#8243;][inwave_accordion_item title=&#8221;PROCEDIMIENTO&#8221;]<\/p>\n<p class=\"p1\"><span class=\"s1\">Cuando no logramos el control de la enfermedad recurrimos a ocluir los puntos lagrimales con cirug\u00eda o de manera mec\u00e1nica con unos tapones de silicona.<\/span><\/p>\n<p>[\/inwave_accordion_item][inwave_accordion_item title=&#8221;INDICACIONES&#8221;]<\/p>\n<p class=\"p1\"><span class=\"s1\">La asistencia a los controles m\u00e9dicos sugeridos por nosotros como oftalm\u00f3logos tratantes, se hacen necesarios para seguir y guiar de manera controlada su patolog\u00eda. Es para nosotros muy importante el seguimiento de la enfermedad y verificar si estamos en el camino de la mejor\u00eda con el tratamiento instaurado o si es necesario adicionar nuevos medicamentos en el abordaje de \u00e9sta con el fin de lograr su bienestar.<\/span><\/p>\n<p>[\/inwave_accordion_item][inwave_accordion_item title=&#8221;RECOMENDACIONES&#8221;]<\/p>\n<p class=\"p1\"><span class=\"s1\">No frotarse los ojos: Hacerlo genera la descarga del organismo de citoquinas y liberaci\u00f3n de sustancias generadoras de inflamaci\u00f3n. Adem\u00e1s, frotarse, predispone a lesiones de la superficie ocular y a riesgos de infecciones. El ojo seco es m\u00e1s f\u00e1cil de infectarse.<\/span><\/p>\n<p class=\"p1\"><span class=\"s1\">Incrementar voluntariamente la frecuencia del parpadeo y en los ambientes muy secos voluntariamente limitar la apertura total de los parpados (no tener los ojos muy abiertos).<\/span><\/p>\n<p class=\"p1\"><span class=\"s1\">Evitar irritaciones oculares de cualquier tipo (falta de sue\u00f1o, viento con part\u00edculas, humo de tabaco, irritantes qu\u00edmicos vol\u00e1tiles, piscinas cloradas, etc.). Recuerde que el ojo seco es un enfermo que tiene menor resistencia a todo.<\/span><\/p>\n<p class=\"p1\"><span class=\"s1\">Uso de Gafas<\/span><\/p>\n<p class=\"p1\"><span class=\"s1\">El uso de anteojos ayuda a la conservaci\u00f3n de una mayor humedad sobre la superficie de los ojos. El espacio que hay entre sus ojos y los anteojos genera un micro ambiente que retarda un poco la evaporaci\u00f3n de la l\u00e1grima y evita que las corrientes de aire y part\u00edculas contaminantes suspendidas en el aire, lleguen a los ojos.<\/span><\/p>\n<p class=\"p1\"><span class=\"s1\">Uso De Medicamentos<\/span><\/p>\n<p class=\"p1\"><span class=\"s1\">Adem\u00e1s de las medidas que anteriormente le recomendamos, hay medicinas que ayudan al tratamiento del ojo seco:<\/span><\/p>\n<p class=\"p1\"><span class=\"s1\">L\u00e1grimas artificiales: como gotas para aplicaci\u00f3n diurna.<\/span><\/p>\n<p class=\"p1\"><span class=\"s1\">L\u00e1grimas artificiales como gel nocturno, para aplicarse en el ojo antes de irse a dormir.<\/span><\/p>\n<p>[\/inwave_accordion_item][\/inwave_accordions][vc_row_inner][vc_column_inner][vc_btn title=&#8221;SOLICITE SU CITA&#8221; shape=&#8221;round&#8221; align=&#8221;center&#8221; el_class=&#8221;popmake-3281 pum-trigger&#8221;][\/vc_column_inner][\/vc_row_inner][\/vc_column][\/vc_row]<\/p>\n","protected":false},"excerpt":{"rendered":"<p>[vc_row iw_layout=&#8221;wide-bg&#8221;][vc_column][vc_row_inner equal_height=&#8221;yes&#8221; gap=&#8221;35&#8243;][vc_column_inner width=&#8221;1\/4&#8243; offset=&#8221;vc_hidden-md vc_hidden-sm vc_hidden-xs&#8221;][vc_wp_custommenu title=&#8221;CIRUG\u00cdAS Y PROCEDIMIENTOS&#8221; nav_menu=&#8221;45&#8243;][\/vc_column_inner][vc_column_inner width=&#8221;3\/4&#8243;][inwave_heading preview_style_1=&#8221;&#8221; title=&#8221;{SPA DE OJO SECO}&#8221;][vc_video link=&#8221;https:\/\/youtu.be\/2Hwr0AKJLGQ&#8221;][\/vc_column_inner][\/vc_row_inner][vc_row_inner][vc_column_inner][vc_column_text] El ojo seco es una enfermedad multifactorial que generalmente no es curable, pero si tratable. Se busca el control de los s\u00edntomas y la prevenci\u00f3n del da\u00f1o que la enfermedad genera sobre la superficie ocular. Esta&#8230;<\/p>\n","protected":false},"author":2,"featured_media":0,"parent":2659,"menu_order":0,"comment_status":"closed","ping_status":"closed","template":"page-templates\/full-width-page.php","meta":{"_acf_changed":false,"inline_featured_image":false,"footnotes":""},"class_list":["post-2687","page","type-page","status-publish","hentry"],"acf":[],"_links":{"self":[{"href":"https:\/\/virgiliogalvis.com\/en\/wp-json\/wp\/v2\/pages\/2687","targetHints":{"allow":["GET"]}}],"collection":[{"href":"https:\/\/virgiliogalvis.com\/en\/wp-json\/wp\/v2\/pages"}],"about":[{"href":"https:\/\/virgiliogalvis.com\/en\/wp-json\/wp\/v2\/types\/page"}],"author":[{"embeddable":true,"href":"https:\/\/virgiliogalvis.com\/en\/wp-json\/wp\/v2\/users\/2"}],"replies":[{"embeddable":true,"href":"https:\/\/virgiliogalvis.com\/en\/wp-json\/wp\/v2\/comments?post=2687"}],"version-history":[{"count":0,"href":"https:\/\/virgiliogalvis.com\/en\/wp-json\/wp\/v2\/pages\/2687\/revisions"}],"up":[{"embeddable":true,"href":"https:\/\/virgiliogalvis.com\/en\/wp-json\/wp\/v2\/pages\/2659"}],"wp:attachment":[{"href":"https:\/\/virgiliogalvis.com\/en\/wp-json\/wp\/v2\/media?parent=2687"}],"curies":[{"name":"wp","href":"https:\/\/api.w.org\/{rel}","templated":true}]}}