{"id":2682,"date":"2019-07-13T03:31:35","date_gmt":"2019-07-13T03:31:35","guid":{"rendered":"https:\/\/virgiliogalvis.com\/?page_id=2682"},"modified":"2019-07-13T03:31:35","modified_gmt":"2019-07-13T03:31:35","slug":"cirugia-plastica-ocular","status":"publish","type":"page","link":"https:\/\/virgiliogalvis.com\/en\/cirugias-y-procedimientos\/cirugia-plastica-ocular\/","title":{"rendered":"Ocular Plastic Surgery"},"content":{"rendered":"<p>[vc_row iw_layout=&#8221;wide-bg&#8221;][vc_column][vc_row_inner equal_height=&#8221;yes&#8221; gap=&#8221;35&#8243;][vc_column_inner width=&#8221;1\/4&#8243; offset=&#8221;vc_hidden-md vc_hidden-sm vc_hidden-xs&#8221;][vc_wp_custommenu title=&#8221;CIRUG\u00cdAS Y PROCEDIMIENTOS&#8221; nav_menu=&#8221;45&#8243;][\/vc_column_inner][vc_column_inner width=&#8221;3\/4&#8243;][inwave_heading preview_style_1=&#8221;&#8221; title=&#8221;{Cirug\u00eda Pl\u00e1stica Ocular &#8211; OCULOPLASTIA}&#8221;][vc_video link=&#8221;https:\/\/www.youtube.com\/watch?v=-ygrgz3mH5o&#8221;][\/vc_column_inner][\/vc_row_inner][vc_row_inner][vc_column_inner][vc_column_text]<\/p>\n<p class=\"p1\"><span class=\"s1\">Es el \u00e1rea de especialidad de oftalmolog\u00eda dedicada al tratamiento de las estructuras que rodean el ojo (p\u00e1rpados, v\u00edas lagrimales y \u00f3rbita).<\/span><\/p>\n<p class=\"p1\"><span class=\"s1\">Algunas patolog\u00edas y tratamientos:<\/span><\/p>\n<p>[\/vc_column_text][\/vc_column_inner][\/vc_row_inner][vc_row_inner equal_height=&#8221;yes&#8221; content_placement=&#8221;middle&#8221;][vc_column_inner width=&#8221;1\/6&#8243; offset=&#8221;vc_hidden-sm vc_hidden-xs&#8221;][\/vc_column_inner][vc_column_inner width=&#8221;1\/3&#8243; offset=&#8221;vc_hidden-sm vc_hidden-xs&#8221;][iw_doctor_custom image=&#8221;3448&#8243; doctor_name=&#8221;BLEFAROPLASTIA&#8221; link_doctor=&#8221;\/cirugias-y-procedimientos\/cirugia-plastica-ocular\/blefaroplastia&#8221; social_links=&#8221;&#8221;][\/vc_column_inner][vc_column_inner width=&#8221;1\/3&#8243; offset=&#8221;vc_hidden-sm vc_hidden-xs&#8221;][iw_doctor_custom image=&#8221;3451&#8243; doctor_name=&#8221;PTOSIS PALPEBRAL (P\u00c1RPADO CAIDO)&#8221; link_doctor=&#8221;\/cirugias-y-procedimientos\/cirugia-plastica-ocular\/ptosis-palpebral-parpado-caido&#8221; social_links=&#8221;&#8221;][\/vc_column_inner][vc_column_inner width=&#8221;1\/6&#8243; offset=&#8221;vc_hidden-sm vc_hidden-xs&#8221;][\/vc_column_inner][\/vc_row_inner][vc_row_inner equal_height=&#8221;yes&#8221; content_placement=&#8221;middle&#8221;][vc_column_inner width=&#8221;1\/2&#8243; offset=&#8221;vc_hidden-lg vc_hidden-md&#8221;][iw_doctor_custom image=&#8221;3448&#8243; doctor_name=&#8221;BLEFAROPLASTIA&#8221; link_doctor=&#8221;\/cirugias-y-procedimientos\/cirugia-plastica-ocular\/blefaroplastia&#8221; social_links=&#8221;&#8221;][\/vc_column_inner][vc_column_inner width=&#8221;1\/2&#8243; offset=&#8221;vc_hidden-lg vc_hidden-md&#8221;][iw_doctor_custom image=&#8221;3451&#8243; doctor_name=&#8221;PTOSIS PALPEBRAL (P\u00c1RPADO CAIDO)&#8221; link_doctor=&#8221;\/cirugias-y-procedimientos\/cirugia-plastica-ocular\/ptosis-palpebral-parpado-caido&#8221; social_links=&#8221;&#8221;][\/vc_column_inner][\/vc_row_inner][\/vc_column][\/vc_row][vc_row][vc_column][vc_raw_js]JTNDc2NyaXB0JTIwdHlwZSUzRCUyMnRleHQlMkZqYXZhc2NyaXB0JTIyJTNFJTBBaXRlbXMlMjAlM0QlMjBkb2N1bWVudC5nZXRFbGVtZW50c0J5Q2xhc3NOYW1lJTI4JTIyZG9jdG9yLW5hbWUlMjIlMjklM0IlMEFmb3IlMjh2YXIlMjBpJTNEMCUzQiUyMGklM0NpdGVtcy5sZW5ndGglM0IlMjBpJTJCJTJCJTI5JTdCJTBBdmFyJTIwaW1nJTIwJTNEJTIwZG9jdW1lbnQuY3JlYXRlRWxlbWVudCUyOCUyMklNRyUyMiUyOSUzQiUwQWltZy5zcmMlMjAlM0QlMjAlMjJodHRwcyUzQSUyRiUyRnZpcmdpbGlvZ2FsdmlzLmNvbSUyRndwLWNvbnRlbnQlMkZ1cGxvYWRzJTJGMjAxOSUyRjA3JTJGSUNPTi5wbmclMjIlM0IlMEFpbWcud2lkdGglMjAlM0QlMjAlMjI0NSUyMiUzQiUyMCUwQWltZy53aWR0aCUyMCUzRCUyMCUyMjQ1JTIyJTNCJTIwJTBBaXRlbXMlNUJpJTVELmluc2VydEFkamFjZW50RWxlbWVudCUyOCUyMmJlZm9yZWJlZ2luJTIyJTJDJTIwaW1nJTI5JTNCJTIwJTBBJTdEJTIwJTNDJTJGc2NyaXB0JTNF[\/vc_raw_js][vc_row_inner][vc_column_inner][vc_btn title=&#8221;SOLICITE SU CITA&#8221; shape=&#8221;round&#8221; align=&#8221;center&#8221; el_class=&#8221;popmake-3281 pum-trigger&#8221;][\/vc_column_inner][\/vc_row_inner][\/vc_column][\/vc_row]<\/p>\n","protected":false},"excerpt":{"rendered":"<p>[vc_row iw_layout=&#8221;wide-bg&#8221;][vc_column][vc_row_inner equal_height=&#8221;yes&#8221; gap=&#8221;35&#8243;][vc_column_inner width=&#8221;1\/4&#8243; offset=&#8221;vc_hidden-md vc_hidden-sm vc_hidden-xs&#8221;][vc_wp_custommenu title=&#8221;CIRUG\u00cdAS Y PROCEDIMIENTOS&#8221; nav_menu=&#8221;45&#8243;][\/vc_column_inner][vc_column_inner width=&#8221;3\/4&#8243;][inwave_heading preview_style_1=&#8221;&#8221; title=&#8221;{Cirug\u00eda Pl\u00e1stica Ocular &#8211; OCULOPLASTIA}&#8221;][vc_video link=&#8221;https:\/\/www.youtube.com\/watch?v=-ygrgz3mH5o&#8221;][\/vc_column_inner][\/vc_row_inner][vc_row_inner][vc_column_inner][vc_column_text] Es el \u00e1rea de especialidad de oftalmolog\u00eda dedicada al tratamiento de las estructuras que rodean el ojo (p\u00e1rpados, v\u00edas lagrimales y \u00f3rbita). Algunas patolog\u00edas y tratamientos: [\/vc_column_text][\/vc_column_inner][\/vc_row_inner][vc_row_inner equal_height=&#8221;yes&#8221; content_placement=&#8221;middle&#8221;][vc_column_inner width=&#8221;1\/6&#8243; offset=&#8221;vc_hidden-sm vc_hidden-xs&#8221;][\/vc_column_inner][vc_column_inner width=&#8221;1\/3&#8243; offset=&#8221;vc_hidden-sm vc_hidden-xs&#8221;][iw_doctor_custom&#8230;<\/p>\n","protected":false},"author":2,"featured_media":0,"parent":2659,"menu_order":0,"comment_status":"closed","ping_status":"closed","template":"page-templates\/full-width-page.php","meta":{"_acf_changed":false,"inline_featured_image":false,"footnotes":""},"class_list":["post-2682","page","type-page","status-publish","hentry"],"acf":[],"_links":{"self":[{"href":"https:\/\/virgiliogalvis.com\/en\/wp-json\/wp\/v2\/pages\/2682","targetHints":{"allow":["GET"]}}],"collection":[{"href":"https:\/\/virgiliogalvis.com\/en\/wp-json\/wp\/v2\/pages"}],"about":[{"href":"https:\/\/virgiliogalvis.com\/en\/wp-json\/wp\/v2\/types\/page"}],"author":[{"embeddable":true,"href":"https:\/\/virgiliogalvis.com\/en\/wp-json\/wp\/v2\/users\/2"}],"replies":[{"embeddable":true,"href":"https:\/\/virgiliogalvis.com\/en\/wp-json\/wp\/v2\/comments?post=2682"}],"version-history":[{"count":0,"href":"https:\/\/virgiliogalvis.com\/en\/wp-json\/wp\/v2\/pages\/2682\/revisions"}],"up":[{"embeddable":true,"href":"https:\/\/virgiliogalvis.com\/en\/wp-json\/wp\/v2\/pages\/2659"}],"wp:attachment":[{"href":"https:\/\/virgiliogalvis.com\/en\/wp-json\/wp\/v2\/media?parent=2682"}],"curies":[{"name":"wp","href":"https:\/\/api.w.org\/{rel}","templated":true}]}}